{"id":342,"date":"2023-06-10T18:25:04","date_gmt":"2023-06-10T16:25:04","guid":{"rendered":"http:\/\/ioasis.eu\/?page_id=342"},"modified":"2024-01-18T17:45:12","modified_gmt":"2024-01-18T16:45:12","slug":"privacy-policy","status":"publish","type":"page","link":"https:\/\/ioasis.eu\/da\/privatlivspolitik\/","title":{"rendered":"Privatlivspolitik"},"content":{"rendered":"<div data-elementor-type=\"wp-page\" data-elementor-id=\"342\" class=\"elementor elementor-342\">\n\t\t\t\t\t\t\t<div class=\"elementor-element elementor-element-98f76c5 e-con-boxed e-flex e-con\" data-id=\"98f76c5\" data-element_type=\"container\" data-settings=\"{&quot;content_width&quot;:&quot;boxed&quot;}\">\n\t\t\t\t\t<div class=\"e-con-inner\">\n\t\t\t\t<div class=\"elementor-element elementor-element-17fc843 elementor-widget elementor-widget-heading\" data-id=\"17fc843\" data-element_type=\"widget\" data-widget_type=\"heading.default\">\n\t\t\t\t<div class=\"elementor-widget-container\">\n\t\t\t<style>\/*! elementor - v3.13.3 - 28-05-2023 *\/\n.elementor-heading-title{padding:0;margin:0;line-height:1}.elementor-widget-heading .elementor-heading-title[class*=elementor-size-]>a{color:inherit;font-size:inherit;line-height:inherit}.elementor-widget-heading .elementor-heading-title.elementor-size-small{font-size:15px}.elementor-widget-heading .elementor-heading-title.elementor-size-medium{font-size:19px}.elementor-widget-heading .elementor-heading-title.elementor-size-large{font-size:29px}.elementor-widget-heading .elementor-heading-title.elementor-size-xl{font-size:39px}.elementor-widget-heading .elementor-heading-title.elementor-size-xxl{font-size:59px}<\/style><h1 class=\"elementor-heading-title elementor-size-default\">Privatlivspolitik<\/h1>\t\t<\/div>\n\t\t\t\t<\/div>\n\t\t\t\t<div class=\"elementor-element elementor-element-7ed18c3 elementor-widget elementor-widget-text-editor\" data-id=\"7ed18c3\" data-element_type=\"widget\" data-widget_type=\"text-editor.default\">\n\t\t\t\t<div class=\"elementor-widget-container\">\n\t\t\t<style>\/*! elementor - v3.13.3 - 28-05-2023 *\/\n.elementor-widget-text-editor.elementor-drop-cap-view-stacked .elementor-drop-cap{background-color:#69727d;color:#fff}.elementor-widget-text-editor.elementor-drop-cap-view-framed .elementor-drop-cap{color:#69727d;border:3px solid;background-color:transparent}.elementor-widget-text-editor:not(.elementor-drop-cap-view-default) .elementor-drop-cap{margin-top:8px}.elementor-widget-text-editor:not(.elementor-drop-cap-view-default) .elementor-drop-cap-letter{width:1em;height:1em}.elementor-widget-text-editor .elementor-drop-cap{float:left;text-align:center;line-height:1;font-size:50px}.elementor-widget-text-editor .elementor-drop-cap-letter{display:inline-block}<\/style>\t\t\t\t<p><strong>Introduktion<\/strong><\/p><p>iOasis (\"vi\", \"os\", \"vores\") respekterer dit privatliv og er forpligtet til at beskytte dine personlige data. Denne privatlivspolitik vil informere dig om, hvordan vi h\u00e5ndterer dine personlige data, dine rettigheder til privatlivets fred, og hvordan loven beskytter dig.<\/p><p><strong>Hvilke data vi indsamler<\/strong><\/p><p>Vi kan indsamle, bruge, opbevare og overf\u00f8re forskellige typer personoplysninger om dig, herunder:<\/p><ul><li>Identitetsdata: Inkluderer fornavn, efternavn, brugernavn eller lignende identifikator.<\/li><li>Kontaktdata: Inkluderer faktureringsadresse, leveringsadresse, e-mailadresse og telefonnumre.<\/li><li>Finansielle data: Omfatter oplysninger om bankkonto og betalingskort.<\/li><li>Transaktionsdata: Omfatter oplysninger om betalinger til og fra dig og andre oplysninger om produkter, du har k\u00f8bt hos os.<\/li><\/ul><p><strong>S\u00e5dan bruger vi dine data<\/strong><\/p><p>Vi bruger kun dine persondata, n\u00e5r loven tillader det. Oftest vil vi bruge dine personlige data under f\u00f8lgende omst\u00e6ndigheder:<\/p><ul><li>At behandle og levere din ordre.<\/li><li>At administrere vores forhold til dig.<\/li><li>At administrere og beskytte vores virksomhed og vores websted.<\/li><\/ul><p><strong>Datasikkerhed<\/strong><\/p><p>Vi har indf\u00f8rt passende sikkerhedsforanstaltninger for at forhindre, at dine personlige data utilsigtet mistes, bruges eller tilg\u00e5s p\u00e5 en uautoriseret m\u00e5de, \u00e6ndres eller videregives.<\/p><p><strong>Opbevaring af data<\/strong><\/p><p>Vi opbevarer kun dine persondata, s\u00e5 l\u00e6nge det er n\u00f8dvendigt for at opfylde de form\u00e5l, vi indsamlede dem til, herunder for at opfylde eventuelle juridiske, regnskabsm\u00e6ssige eller rapporteringsm\u00e6ssige krav.<\/p><p><strong>Dine juridiske rettigheder<\/strong><\/p><p>Under visse omst\u00e6ndigheder har du rettigheder i henhold til databeskyttelseslove i forhold til dine personlige data, herunder retten til at anmode om adgang til dine personlige data, anmode om rettelse af dine personlige data, anmode om sletning af dine personlige data med mere.<\/p><p><strong>Kontakt os<\/strong><\/p><p>Hvis du har sp\u00f8rgsm\u00e5l om denne fortrolighedspolitik eller vores fortrolighedspraksis, bedes du kontakte os p\u00e5 <a href=\"mailto:shop@ioasis.eu\">shop@ioasis.eu<\/a>.<\/p><p><strong>Ansvarsfraskrivelse for ikke-tilknytning<\/strong><\/p><p>iOasis er en uafh\u00e6ngig detailenhed og er ikke tilknyttet, godkendt eller associeret med Apple Inc.<\/p><p>Alle Apple-produkter, der s\u00e6lges p\u00e5 vores hjemmeside, er 100% originale og autentiske, erhvervet gennem lovlige kanaler.<\/p><p>Alle varem\u00e6rker, herunder men ikke begr\u00e6nset til Apple's varem\u00e6rker, tilh\u00f8rer deres respektive ejere og bruges kun til identifikationsform\u00e5l.<\/p><p>Vores forretningsaktiviteter er i overensstemmelse med lokale og regionale love og bestemmelser vedr\u00f8rende salg af forbrugerelektronik.<\/p><p>Der er ingen tilknytning, sponsorering, godkendelse eller partnerskab underforst\u00e5et med Apple Inc.<\/p>\t\t\t\t\t\t<\/div>\n\t\t\t\t<\/div>\n\t\t\t\t\t<\/div>\n\t\t\t\t<\/div>\n\t\t\t\t\t\t\t<\/div>","protected":false},"excerpt":{"rendered":"<p>Privatlivspolitik Introduktion iOasis (\"vi\", \"os\", \"vores\") respekterer dit privatliv og er forpligtet til at beskytte dine personlige data. Denne privatlivspolitik informerer dig om, hvordan vi h\u00e5ndterer dine personoplysninger, dine rettigheder til privatlivets fred, og hvordan loven beskytter dig. Hvilke data vi indsamler Vi kan indsamle, bruge, opbevare og overf\u00f8re forskellige former for personlige [...]<\/p>","protected":false},"author":1,"featured_media":0,"parent":0,"menu_order":0,"comment_status":"closed","ping_status":"closed","template":"","meta":{"footnotes":""},"class_list":["post-342","page","type-page","status-publish","hentry"],"jetpack_sharing_enabled":true,"_links":{"self":[{"href":"https:\/\/ioasis.eu\/da\/wp-json\/wp\/v2\/pages\/342","targetHints":{"allow":["GET"]}}],"collection":[{"href":"https:\/\/ioasis.eu\/da\/wp-json\/wp\/v2\/pages"}],"about":[{"href":"https:\/\/ioasis.eu\/da\/wp-json\/wp\/v2\/types\/page"}],"author":[{"embeddable":true,"href":"https:\/\/ioasis.eu\/da\/wp-json\/wp\/v2\/users\/1"}],"replies":[{"embeddable":true,"href":"https:\/\/ioasis.eu\/da\/wp-json\/wp\/v2\/comments?post=342"}],"version-history":[{"count":13,"href":"https:\/\/ioasis.eu\/da\/wp-json\/wp\/v2\/pages\/342\/revisions"}],"predecessor-version":[{"id":540,"href":"https:\/\/ioasis.eu\/da\/wp-json\/wp\/v2\/pages\/342\/revisions\/540"}],"wp:attachment":[{"href":"https:\/\/ioasis.eu\/da\/wp-json\/wp\/v2\/media?parent=342"}],"curies":[{"name":"wp","href":"https:\/\/api.w.org\/{rel}","templated":true}]}}