{"id":350,"date":"2023-06-10T18:29:16","date_gmt":"2023-06-10T16:29:16","guid":{"rendered":"http:\/\/ioasis.eu\/?page_id=350"},"modified":"2024-02-06T01:29:59","modified_gmt":"2024-02-06T00:29:59","slug":"terms-and-conditions","status":"publish","type":"page","link":"https:\/\/ioasis.eu\/da\/vilkar-og-betingelser\/","title":{"rendered":"Vilk\u00e5r og betingelser"},"content":{"rendered":"<div data-elementor-type=\"wp-page\" data-elementor-id=\"350\" class=\"elementor elementor-350\">\n\t\t\t\t\t\t\t<div class=\"elementor-element elementor-element-2d035d5f e-con-boxed e-flex e-con\" data-id=\"2d035d5f\" data-element_type=\"container\" data-settings=\"{&quot;content_width&quot;:&quot;boxed&quot;}\">\n\t\t\t\t\t<div class=\"e-con-inner\">\n\t\t\t\t<div class=\"elementor-element elementor-element-2f13b706 elementor-widget elementor-widget-heading\" data-id=\"2f13b706\" data-element_type=\"widget\" data-widget_type=\"heading.default\">\n\t\t\t\t<div class=\"elementor-widget-container\">\n\t\t\t<style>\/*! elementor - v3.13.3 - 28-05-2023 *\/\n.elementor-heading-title{padding:0;margin:0;line-height:1}.elementor-widget-heading .elementor-heading-title[class*=elementor-size-]>a{color:inherit;font-size:inherit;line-height:inherit}.elementor-widget-heading .elementor-heading-title.elementor-size-small{font-size:15px}.elementor-widget-heading .elementor-heading-title.elementor-size-medium{font-size:19px}.elementor-widget-heading .elementor-heading-title.elementor-size-large{font-size:29px}.elementor-widget-heading .elementor-heading-title.elementor-size-xl{font-size:39px}.elementor-widget-heading .elementor-heading-title.elementor-size-xxl{font-size:59px}<\/style><h1 class=\"elementor-heading-title elementor-size-default\">Vilk\u00e5r og betingelser<\/h1>\t\t<\/div>\n\t\t\t\t<\/div>\n\t\t\t\t<div class=\"elementor-element elementor-element-6c040661 elementor-widget elementor-widget-text-editor\" data-id=\"6c040661\" data-element_type=\"widget\" data-widget_type=\"text-editor.default\">\n\t\t\t\t<div class=\"elementor-widget-container\">\n\t\t\t<style>\/*! elementor - v3.13.3 - 28-05-2023 *\/\n.elementor-widget-text-editor.elementor-drop-cap-view-stacked .elementor-drop-cap{background-color:#69727d;color:#fff}.elementor-widget-text-editor.elementor-drop-cap-view-framed .elementor-drop-cap{color:#69727d;border:3px solid;background-color:transparent}.elementor-widget-text-editor:not(.elementor-drop-cap-view-default) .elementor-drop-cap{margin-top:8px}.elementor-widget-text-editor:not(.elementor-drop-cap-view-default) .elementor-drop-cap-letter{width:1em;height:1em}.elementor-widget-text-editor .elementor-drop-cap{float:left;text-align:center;line-height:1;font-size:50px}.elementor-widget-text-editor .elementor-drop-cap-letter{display:inline-block}<\/style>\t\t\t\t<div class=\"min-h-[20px] text-message flex flex-col items-start gap-3 whitespace-pre-wrap break-words [.text-message+&amp;]:mt-5 overflow-x-auto\" data-message-author-role=\"assistant\" data-message-id=\"644c2756-10ae-4c58-8c65-c1dff9fb542c\"><div class=\"markdown prose w-full break-words dark:prose-invert light\"><p>Velkommen til iOasis, en f\u00f8rende destination for \u00e6gte Apple-produkter. Vores onlinebutik, der ligger i Hamborg, Tyskland, er dedikeret til at tilbyde enest\u00e5ende kundeservice. Ved at bruge vores hjemmeside og foretage k\u00f8b, er du bundet af f\u00f8lgende detaljerede vilk\u00e5r og betingelser.<\/p><h6>1. Accept af vilk\u00e5r<\/h6><p>Ved at tilg\u00e5 og bruge iOasis's hjemmeside anerkender og accepterer du at overholde disse vilk\u00e5r og betingelser. Disse vilk\u00e5r g\u00e6lder for alle bes\u00f8gende, brugere og andre, der f\u00e5r adgang til eller bruger tjenesten.<\/p><h6>2. Oplysninger om produktet<\/h6><p>iOasis s\u00e6tter en \u00e6re i at tilbyde et bredt udvalg af autentiske Apple-produkter, herunder de nyeste modeller og tilbeh\u00f8r. Vi bestr\u00e6ber os p\u00e5 at levere n\u00f8jagtige produktbeskrivelser og specifikationer. Vi forbeholder os dog ret til at foretage \u00e6ndringer, herunder \u00e6ndringer i produktspecifikationer, design og tilg\u00e6ngelighed, uden forudg\u00e5ende varsel for at sikre opdaterede oplysninger.<\/p><h6>3. Geografisk d\u00e6kning<\/h6><p>Vores tjenester og produktleverancer er tilg\u00e6ngelige i alle EU-lande. Bem\u00e6rk venligst, at leveringstider og -omkostninger kan variere afh\u00e6ngigt af din specifikke placering og de leveringsmuligheder, der er tilg\u00e6ngelige for den p\u00e5g\u00e6ldende region.<\/p><h6>4. Forsendelsesomkostninger<\/h6><ul><li>Vi tilbyder gratis forsendelse for alle ordrer over 300 euro inden for EU.<\/li><li>For ordrer under denne t\u00e6rskel beregnes og vises forsendelsesomkostningerne i indk\u00f8bskurven baseret p\u00e5 leveringsstedet.<\/li><\/ul><h6>5. Tidslinje for levering<\/h6><div class=\"min-h-[20px] text-message flex flex-col items-start gap-3 whitespace-pre-wrap break-words [.text-message+&amp;]:mt-5 overflow-x-auto\" data-message-author-role=\"assistant\" data-message-id=\"644c2756-10ae-4c58-8c65-c1dff9fb542c\"><div class=\"markdown prose w-full break-words dark:prose-invert light\"><p>a. Generel leveringspolitik:<\/p><ul><li>Vores m\u00e5l er at afsende lagervarer inden for 24 timer efter ordrebekr\u00e6ftelse.<\/li><li>Vi bruger velrenommerede kurertjenester som DHL, UPS, GLS og FedEx til at tilbyde effektiv og hurtig levering, skr\u00e6ddersyet til din placering.<\/li><li>For produkter, der importeres specifikt pr. kundeordre eller i perioder med stor eftersp\u00f8rgsel (f.eks. produktlanceringer), kan behandlingstiden forl\u00e6nges.<\/li><li>Kunderne vil modtage en e-mail med et sporingslink, s\u00e5 snart deres ordre er afsendt.<\/li><\/ul><p>b. Specifikke vilk\u00e5r for Apple Vision Pro:<\/p><ul><li>N\u00e5r vi modtager din Apple Vision Pro p\u00e5 vores lager, forpligter vi os til at sende den til kunden inden for 48 arbejdstimer og bestr\u00e6ber os p\u00e5 at fremskynde denne proces s\u00e5 meget som muligt.<\/li><\/ul><p>c. Estimering af leveringstid for Apple Vision Pro:<\/p><ul><li>P\u00e5 grund af den store eftersp\u00f8rgsel og de unikke processer i forsyningsk\u00e6den for Apple Vision Pro kan leveringstiden variere betydeligt.<\/li><li>Vi kan ikke n\u00f8jagtigt forudsige afsendelsestiden fra Apple, som kan v\u00e6re inden for en uge eller en m\u00e5ned efter, at vi har afgivet en ordre.<\/li><li>Derfor er alle leveringstider, der er angivet for Apple Vision Pro, estimater og b\u00f8r ikke betragtes som garanterede leveringsdatoer.<\/li><\/ul><p>d. Begr\u00e6nsning af ansvar for leveringsforsinkelser:<\/p><ul><li>iOasis er ikke ansvarlig for direkte, indirekte, tilf\u00e6ldige skader eller f\u00f8lgeskader for\u00e5rsaget af forsinkelser i leveringen af Apple Vision Pro eller andre produkter.<\/li><li>Denne ansvarsbegr\u00e6nsning g\u00e6lder for forsinkelser for\u00e5rsaget af vores leverand\u00f8rer, kurertjenester, toldbehandling eller andre omst\u00e6ndigheder uden for vores direkte kontrol.<\/li><\/ul><p>e. Kommunikation og gennemsigtighed:<\/p><ul><li>Vi er forpligtet til at holde vores kunder informeret om status for deres ordrer, herunder Apple Vision Pro.<\/li><li>I tilf\u00e6lde af v\u00e6sentlige forsinkelser vil der blive givet rettidige opdateringer via e-mail eller via vores hjemmeside.<\/li><li>Vores kundeserviceteam st\u00e5r til r\u00e5dighed for alle foresp\u00f8rgsler om ordrestatus og leveringstider.<\/li><\/ul><p>f. Kundens bekr\u00e6ftelse:<\/p><ul><li>Ved at k\u00f8be fra iOasis anerkender og accepterer kunderne den potentielle variation i leveringstider, is\u00e6r for produkter som Apple Vision Pro.<\/li><li>Kunder accepterer, at estimerede leveringsdatoer ikke er garanterede, og at iOasis ikke er ansvarlig for forsinkelser uden for vores kontrol.<\/li><\/ul><h6>6. Ordrebehandling og annullering<\/h6><\/div><\/div><div class=\"min-h-[20px] text-message flex flex-col items-start gap-3 whitespace-pre-wrap break-words [.text-message+&amp;]:mt-5 overflow-x-auto\" data-message-author-role=\"assistant\" data-message-id=\"537f0676-6c24-4768-9737-f707a8edac15\"><div class=\"markdown prose w-full break-words dark:prose-invert light\"><ul><li>N\u00e5r en ordre er afgivet, gennemg\u00e5r den \u00f8jeblikkelig behandling for at sikre hurtig levering. Derfor er det ikke muligt at annullere en ordre, n\u00e5r behandlingen er p\u00e5begyndt. Vi r\u00e5der kunderne til at gennemg\u00e5 deres ordrer omhyggeligt, f\u00f8r de bekr\u00e6fter dem.<\/li><li>N\u00e5r du afgiver en ordre, vil du modtage en bekr\u00e6ftelsesmail, der bekr\u00e6fter modtagelsen af din ordre.<\/li><\/ul><\/div><\/div><\/div><\/div><div class=\"min-h-[20px] text-message flex flex-col items-start gap-3 whitespace-pre-wrap break-words [.text-message+&amp;]:mt-5 overflow-x-auto\" data-message-author-role=\"assistant\" data-message-id=\"537f0676-6c24-4768-9737-f707a8edac15\"><div class=\"markdown prose w-full break-words dark:prose-invert light\"><h6>7. Politik for returnering<\/h6><ul><li>iOasis tilbyder 14 dages returret p\u00e5 de fleste produkter, forudsat at de returneres i original, u\u00e5bnet og ubeskadiget stand. Denne politik g\u00e6lder ikke for produkter, der er importeret fra lande uden for EU, herunder specialbestilte varer.<\/li><li>I tilf\u00e6lde af returnering afholdes forsendelsesomkostningerne for returnering af varen af kunden, medmindre returneringen skyldes en produktdefekt eller en fejl fra vores side.<\/li><li>For at p\u00e5begynde en returnering, bedes du <a href=\"https:\/\/ioasis.eu\/da\/kontakt-os\/\">Kontakt vores kundeserviceteam<\/a> for vejledning om processen og adressen for returnering.<\/li><\/ul><h6>8. Garanti og ansvar<\/h6><ul><li>Alle produkter, der s\u00e6lges af iOasis, leveres med producentens standardgaranti. Denne garanti d\u00e6kker defekter i materialer og udf\u00f8relse ved normal brug.<\/li><li>iOasis fral\u00e6gger sig enhver yderligere garanti, enten udtrykt eller underforst\u00e5et, herunder garantier for salgbarhed eller egnethed til et bestemt form\u00e5l.<\/li><li>Vi er ikke ansvarlige for indirekte, tilf\u00e6ldige skader eller f\u00f8lgeskader, der opst\u00e5r som f\u00f8lge af brugen af vores tjenester eller produkter, i det omfang loven tillader det.<\/li><\/ul><h6>9. Privatliv og databeskyttelse<\/h6><ul><li>Vores forpligtelse til at beskytte dit privatliv er altafg\u00f8rende. iOasis <a href=\"https:\/\/ioasis.eu\/da\/privatlivspolitik\/\">Privatlivspolitik<\/a>p\u00e5 vores hjemmeside, forklarer, hvordan vi indsamler, bruger, beskytter og h\u00e5ndterer dine personlige data.<\/li><li>Vi sikrer overholdelse af GDPR og andre relevante databeskyttelsesregler for at beskytte dine personlige oplysninger.<\/li><\/ul><h6>10. G\u00e6ldende lov og jurisdiktion<\/h6><ul><li>Disse vilk\u00e5r og betingelser reguleres af og fortolkes i henhold til tysk lovgivning.<\/li><li>Alle tvister, der opst\u00e5r som f\u00f8lge af eller i forbindelse med disse vilk\u00e5r, er underlagt den eksklusive jurisdiktion for de kompetente domstole i Hamborg, Tyskland.<\/li><\/ul><h6>11. \u00c6ndringer af vilk\u00e5r og betingelser<\/h6><ul><li>iOasis forbeholder sig ret til at \u00e6ndre, modificere eller opdatere disse vilk\u00e5r og betingelser til enhver tid uden forudg\u00e5ende varsel. \u00c6ndringer tr\u00e6der i kraft straks efter offentligg\u00f8relse p\u00e5 vores hjemmeside.<\/li><li>Det er dit ansvar regelm\u00e6ssigt at gennemg\u00e5 disse vilk\u00e5r og betingelser for at holde dig informeret om eventuelle \u00e6ndringer.<\/li><\/ul><h6>12. Kontakt og kundeservice<\/h6><ul><li>Hvis du har sp\u00f8rgsm\u00e5l, brug for support eller hj\u00e6lp, st\u00e5r vores kundeserviceteam klar til at hj\u00e6lpe. Vi beder dig <a href=\"https:\/\/ioasis.eu\/da\/kontakt-os\/\">kontakt os via vores hjemmeside<\/a> for hurtig og hj\u00e6lpsom service.<\/li><\/ul><h6>13. Priser, betaling og moms<\/h6><ul><li>Alle produktpriser hos iOasis vises tydeligt i euro (\u20ac) og inkluderer den lovpligtige moms for produkter k\u00f8bt inden for EU.<\/li><li>For produkter, der importeres fra lande uden for EU, s\u00e5som visse specialudgaver, er moms muligvis ikke inkluderet og vil v\u00e6re kundens ansvar ved levering.<\/li><li>Forsendelsesomkostninger er ekstra, og deres beregning er baseret p\u00e5 leveringsstedet og ordrest\u00f8rrelsen.<\/li><li>Vi accepterer betalinger med st\u00f8rre kredit- og debetkort som Visa og MasterCard, hvilket sikrer sikre og bekvemme transaktioner.<\/li><\/ul><h6>14. S\u00e6rlige betingelser for Apple Vision Pro-headset<\/h6><ul><li>Import og forsendelse: Apple Vision Pro er en specialbestilling, der importeres fra USA.<\/li><li>Told og momsafgifter: Kunder er ansvarlige for alle g\u00e6ldende told- og momsafgifter, der kan opst\u00e5 ved levering af produktet.<\/li><li>Politik for returnering: Da Apple Vision Pro-headsettet er en importvare, er det undtaget fra vores standardreturneringspolitik og kan ikke returneres.<\/li><\/ul><h6>15. Mislykkede leverancer<\/h6><p>I tilf\u00e6lde af en mislykket levering er iOasis forpligtet til at tage f\u00f8lgende skridt for at sikre, at din ordre n\u00e5r frem til dig:<\/p><ul><li>Bekr\u00e6ftelse af adresse: Efter et mislykket leveringsfors\u00f8g vil vi f\u00f8rst verificere den leveringsadresse, du har oplyst ved bestillingen. Det er afg\u00f8rende, at de angivne adresseoplysninger er n\u00f8jagtige og fuldst\u00e6ndige for at undg\u00e5 leveringsproblemer.<\/li><li>Koordinering med fragtfirmaet: Vi vil arbejde t\u00e6t sammen med fragtfirmaet for at organisere et nyt leveringsfors\u00f8g. Denne proces involverer koordinering med kurertjenesterne for at finde den bedst mulige l\u00f8sning til genlevering.<\/li><li>Gebyrer for returnering og opbevaring: Under omst\u00e6ndigheder, hvor omleveringsfors\u00f8get er mislykket eller umuligt, og produktet returneres til os, forbeholder vi os retten til at opkr\u00e6ve dig for returforsendelse og opbevaringsgebyrer. Opbevaringsgebyrerne bestemmes ud fra varens pris og anvendes som f\u00f8lger:<ul><li>Genstande til en pris under 1.000 euro: Et opbevaringsgebyr p\u00e5 20 euro pr. dag.<\/li><li>Genstande til en pris mellem 1.000 euro og 2.000 euro: Et opbevaringsgebyr p\u00e5 50 euro pr. dag.<\/li><li>Genstande til en pris mellem 2.000 euro og 3.000 euro: Et opbevaringsgebyr p\u00e5 80 euro pr. dag.<\/li><li>Genstande til en pris mellem 3.000 euro og 5.000 euro: Et opbevaringsgebyr p\u00e5 100 euro pr. dag.<\/li><\/ul><\/li><\/ul><p>Disse gebyrer p\u00e5l\u00f8ber for at d\u00e6kke de omkostninger, der er forbundet med opbevaring, sikkerhed og h\u00e5ndtering af ikke-leverede produkter. Vi anbefaler, at du sikrer dig, at leveringsadressen er korrekt, og at du er tilg\u00e6ngelig til at modtage leveringen som planlagt for at undg\u00e5 disse ekstra gebyrer.<\/p><p>Vi opfordrer vores kunder til at v\u00e6re let tilg\u00e6ngelige eller til at tr\u00e6ffe de n\u00f8dvendige foranstaltninger for at modtage deres ordrer p\u00e5 de forventede leveringsdatoer. Dit samarbejde i denne henseende hj\u00e6lper os med at levere effektive og rettidige leveringstjenester.<\/p><h6><strong>16. Apple Vision Pro-specifikke vilk\u00e5r<\/strong><\/h6><p>a. Ansvarsfraskrivelse for receptpligtige linser:<\/p><ul><li>Apple Vision Pro s\u00e6lges i \u00f8jeblikket uden styrkeglas.<\/li><li>Kunder, der har brug for receptpligtige linser, skal v\u00e6re opm\u00e6rksomme p\u00e5, at der kr\u00e6ves ekstra linser for optimal brug.<\/li><li>Korrektionslinser, der er kompatible med Apple Vision Pro, vil kunne k\u00f8bes separat i vores butik p\u00e5 et senere tidspunkt. Vi giver vores kunder besked, n\u00e5r de bliver tilg\u00e6ngelige.<\/li><\/ul><p>b. Information om st\u00f8rrelse p\u00e5 lette forseglinger og pandeb\u00e5nd:<\/p><ul><li>P\u00e5 nuv\u00e6rende tidspunkt er det ikke muligt at v\u00e6lge specifikke st\u00f8rrelser til Light Seals og Head Bands p\u00e5 Apple Vision Pro.<\/li><li>Derfor kan der v\u00e6re tilf\u00e6lde, hvor pasformen af disse komponenter ikke er ideel for alle brugere.<\/li><li>Individuelle Light Seals og Head Bands i flere st\u00f8rrelser kan k\u00f8bes separat i vores butik, hvilket giver mulighed for en mere tilpasset og behagelig pasform.<\/li><\/ul><p>c. Kundens bekr\u00e6ftelse:<\/p><ul><li>Ved k\u00f8b af Apple Vision Pro fra iOasis anerkender kunden ovenst\u00e5ende betingelser vedr\u00f8rende linser med styrke og st\u00f8rrelsen p\u00e5 Light Seals og Head Bands.<\/li><li>Vi r\u00e5der kunderne til at overveje disse faktorer, f\u00f8r de tr\u00e6ffer en k\u00f8bsbeslutning.<\/li><\/ul><h6><strong>17. <\/strong>Depositum og afbestillingsregler ved forudbestilling<\/h6><p>For visse meget efterspurgte produkter, der kan forudbestilles, kan iOasis kr\u00e6ve et depositum p\u00e5 tidspunktet for forudbestillingen. F\u00f8lgende betingelser g\u00e6lder for depositum ved forudbestilling:<\/p><p>a. Annullering og refundering: Kunder har ret til at annullere deres forudbestilling og anmode om fuld refusion af depositummet inden for 7 dage efter afgivelse af forudbestillingen.<\/p><p>b. Ikke-refunderbart depositum: Hvis en kunde beslutter sig for at annullere sin forudbestilling efter 7-dages perioden, bliver depositummet ikke refunderet. Kunden vil dog ikke blive faktureret for det resterende bel\u00f8b af ordren.<\/p><p>c. Behandlingsfase: N\u00e5r en forudbestilling er g\u00e5et ind i behandlingsfasen, hvilket indikerer, at forberedelse til afsendelse eller tilpasning er begyndt, kan depositummet under ingen omst\u00e6ndigheder refunderes.<\/p><p>Ved at placere en forudbestilling og betale et depositum hos iOasis, anerkender og accepterer kunderne disse vilk\u00e5r. Denne politik sikrer gennemsigtighed og retf\u00e6rdighed i h\u00e5ndteringen af meget efterspurgte produkter, s\u00e5 kunderne kan sikre sig deres \u00f8nskede varer, samtidig med at de forst\u00e5r de forpligtelser, der er forbundet med at forudbestille.<\/p><h6><strong>18. <\/strong>Konfliktl\u00f8sning og juridiske sanktioner<\/h6><p>Ved at bruge tjenesterne i vores onlinebutik accepterer kunden disse vilk\u00e5r og betingelser, som blandt andet inkluderer bestemmelser om l\u00f8sning af eventuelle tvister og sanktioner for handlinger, der er uforenelige med aftalens vilk\u00e5r. Vores virksomhed l\u00e6gger stor v\u00e6gt p\u00e5 \u00e6rlighed og gennemsigtighed i transaktioner, og derfor indf\u00f8rer vi mekanismer, der har til form\u00e5l at sikre maksimal beskyttelse mod u\u00e6rlige handlinger.<\/p><p>Voldgift<\/p><p>a. Voldgift: I tilf\u00e6lde af en tvist, der opst\u00e5r som f\u00f8lge af udf\u00f8relsen af aftaler indg\u00e5et mellem vores virksomhed og en kunde, der er en virksomhed, er parterne enige om at fors\u00f8ge at l\u00f8se sagen i mindelighed. Hvis en s\u00e5dan l\u00f8sning ikke er mulig, vil tvister blive afgjort gennem voldgift.<\/p><p>b. Voldgiftsprocedure: Voldgift vil blive udf\u00f8rt af en uafh\u00e6ngig voldgiftsmand, der udpeges efter aftale mellem begge parter i tvisten. I mangel af en aftale om valg af voldgiftsmand, vil de blive udpeget af det relevante handelskammer eller en anden anerkendt voldgiftsinstitution. Begge parter forpligter sig til at respektere og udf\u00f8re voldgiftsdommerens endelige dom.<\/p><p>c. Overholdelse af loven: Denne klausul er formuleret i overensstemmelse med de g\u00e6ldende principper i EU-lovgivningen, herunder direktiv 2013\/11\/EU om alternativ tvistbil\u00e6ggelse i forbindelse med tvister p\u00e5 forbrugeromr\u00e5det (ADR), som tilskynder til brug af udenretslige tvistbil\u00e6ggelsesmetoder, og under hensyntagen til bestemmelserne i den civile retsplejelov vedr\u00f8rende voldgift.<\/p><p>d. Kunden, der er en virksomhed, accepterer, at eventuelle tvister, der opst\u00e5r som f\u00f8lge af udf\u00f8relsen af ordren, modtagne produkter eller betalinger, l\u00f8ses gennem voldgift i overensstemmelse med de g\u00e6ldende EU-regler.<br \/>e. Voldgift vil blive udf\u00f8rt af en uafh\u00e6ngig voldgiftsmand udpeget af vores virksomhed, hvor begge parter forpligter sig til at respektere hans endelige dom.<\/p><p>Sanktioner for chargeback-krav<br \/>a. Kunden accepterer, at i tilf\u00e6lde af indgivelse af et chargeback-krav, vil vores virksomhed tage alle passende skridt til at l\u00f8se situationen i overensstemmelse med g\u00e6ldende lovbestemmelser, herunder at kontakte kunden og den finansielle institution for at afklare omst\u00e6ndighederne.<br \/>b. Hvis det fastsl\u00e5s, at et chargeback-krav blev fremsat uden berettiget grund og udg\u00f8r en overtr\u00e6delse af aftalevilk\u00e5rene, forbeholder vi os retten til at tage passende juridiske skridt for at s\u00f8ge kompensation for de p\u00e5f\u00f8rte tab, altid p\u00e5 en m\u00e5de, der er i overensstemmelse med g\u00e6ldende lov, og efter at have udt\u00f8mt muligheden for en mindelig l\u00f8sning.<\/p><p>Kompensation og sanktioner<br \/>a. I tilf\u00e6lde af kundens overtr\u00e6delse af aftalevilk\u00e5rene, herunder uberettiget indgivelse af et chargeback-krav, vil vores virksomhed s\u00f8ge fuld kompensation for alle skader som f\u00f8lge af s\u00e5danne handlinger i overensstemmelse med g\u00e6ldende lovgivning.<br \/>b. Derudover kan vores virksomhed i ekstreme situationer s\u00f8ge at p\u00e5l\u00e6gge maksimale juridiske sanktioner, herunder f\u00e6ngsel, hvis kundens handling kvalificerer sig som en kriminel handling.<\/p><p>Afsluttende bestemmelser<br \/>a. Disse bestemmelser har til form\u00e5l at beskytte b\u00e5de kunder og vores virksomhed mod u\u00e6rlige handlinger og g\u00e6lder for alle transaktioner, der foretages i vores onlinebutik.<br \/>b. Alle handlinger, der foretages af vores virksomhed for at s\u00f8ge erstatning eller sanktioner, vil blive udf\u00f8rt med de h\u00f8jeste etiske standarder og i overensstemmelse med g\u00e6ldende lov.<br \/>c. Vi opfordrer til at kontakte vores kundeservice i tilf\u00e6lde af tvivl eller problemer i forbindelse med udf\u00f8relsen af en ordre. Vores prioritet er at l\u00f8se alle problemer p\u00e5 en m\u00e5de, der er tilfredsstillende for begge parter, altid med respekt for g\u00e6ldende lovbestemmelser.<\/p><h6><strong>19. Adskillelighed<\/strong><\/h6><p>a. Hvis en kompetent myndighed eller domstol finder, at en bestemmelse i disse vilk\u00e5r og betingelser er ugyldig, ikke kan h\u00e5ndh\u00e6ves eller ikke er i overensstemmelse med g\u00e6ldende lovgivning, vil det ikke p\u00e5virke gyldigheden og h\u00e5ndh\u00e6velsen af de resterende bestemmelser i vilk\u00e5rene og betingelserne.<br \/>b. I tilf\u00e6lde af at en bestemmelse i disse vilk\u00e5r og betingelser er ugyldig, ikke kan h\u00e5ndh\u00e6ves eller ikke er i overensstemmelse med loven, er parterne enige om straks at tage skridt til at erstatte en s\u00e5dan bestemmelse med en ny, gyldig og h\u00e5ndh\u00e6velig bestemmelse, der i videst muligt omfang afspejler parternes oprindelige hensigter og de \u00f8konomiske m\u00e5l, de havde til hensigt at opn\u00e5 med den vedtagne bestemmelse.<br \/>c. Hver bestemmelse i disse vilk\u00e5r og betingelser betragtes som separat og uafh\u00e6ngig af de andre, og dens ugyldighed eller manglende h\u00e5ndh\u00e6velse p\u00e5virker ikke gyldigheden eller h\u00e5ndh\u00e6velsen af andre bestemmelser i disse vilk\u00e5r og betingelser.<\/p><h6><strong>20. Opdateringer og \u00e6ndringer<\/strong>:<\/h6><ul><li>iOasis forbeholder sig ret til at opdatere og \u00e6ndre disse specifikke vilk\u00e5r og betingelser i forbindelse med Apple Vision Pro og andre produkter uden forudg\u00e5ende varsel.<\/li><\/ul><\/div><\/div>\t\t\t\t\t\t<\/div>\n\t\t\t\t<\/div>\n\t\t\t\t\t<\/div>\n\t\t\t\t<\/div>\n\t\t\t\t\t\t\t<\/div>","protected":false},"excerpt":{"rendered":"<p>Vilk\u00e5r og betingelser Velkommen til iOasis, en f\u00f8rende destination for \u00e6gte Apple-produkter. Vores onlinebutik, der ligger i Hamborg, Tyskland, er dedikeret til at tilbyde enest\u00e5ende kundeservice. Ved at bruge vores hjemmeside og foretage k\u00f8b er du bundet af f\u00f8lgende detaljerede vilk\u00e5r og betingelser. 1. Accept af vilk\u00e5r Ved at f\u00e5 adgang til og bruge iOasis [...]<\/p>","protected":false},"author":1,"featured_media":0,"parent":0,"menu_order":0,"comment_status":"closed","ping_status":"closed","template":"","meta":{"footnotes":""},"class_list":["post-350","page","type-page","status-publish","hentry"],"jetpack_sharing_enabled":true,"_links":{"self":[{"href":"https:\/\/ioasis.eu\/da\/wp-json\/wp\/v2\/pages\/350","targetHints":{"allow":["GET"]}}],"collection":[{"href":"https:\/\/ioasis.eu\/da\/wp-json\/wp\/v2\/pages"}],"about":[{"href":"https:\/\/ioasis.eu\/da\/wp-json\/wp\/v2\/types\/page"}],"author":[{"embeddable":true,"href":"https:\/\/ioasis.eu\/da\/wp-json\/wp\/v2\/users\/1"}],"replies":[{"embeddable":true,"href":"https:\/\/ioasis.eu\/da\/wp-json\/wp\/v2\/comments?post=350"}],"version-history":[{"count":34,"href":"https:\/\/ioasis.eu\/da\/wp-json\/wp\/v2\/pages\/350\/revisions"}],"predecessor-version":[{"id":1219,"href":"https:\/\/ioasis.eu\/da\/wp-json\/wp\/v2\/pages\/350\/revisions\/1219"}],"wp:attachment":[{"href":"https:\/\/ioasis.eu\/da\/wp-json\/wp\/v2\/media?parent=350"}],"curies":[{"name":"wp","href":"https:\/\/api.w.org\/{rel}","templated":true}]}}