{"id":423,"date":"2023-06-11T01:21:47","date_gmt":"2023-06-10T23:21:47","guid":{"rendered":"https:\/\/ioasis.eu\/?page_id=423"},"modified":"2023-06-11T01:29:19","modified_gmt":"2023-06-10T23:29:19","slug":"apple-vision-pro-a-revolutionary-leap-in-spatial-computing","status":"publish","type":"page","link":"https:\/\/ioasis.eu\/da\/blog\/apple-vision-pro-et-revolutionerende-spring-inden-for-spatial-computing\/","title":{"rendered":"Apple Vision Pro: Et revolutionerende spring i rumlig databehandling"},"content":{"rendered":"<div data-elementor-type=\"wp-page\" data-elementor-id=\"423\" class=\"elementor elementor-423\">\n\t\t\t\t\t\t\t<div class=\"elementor-element elementor-element-ed8a82d e-con-boxed e-flex e-con\" data-id=\"ed8a82d\" data-element_type=\"container\" data-settings=\"{&quot;content_width&quot;:&quot;boxed&quot;}\">\n\t\t\t\t\t<div class=\"e-con-inner\">\n\t\t\t\t<div class=\"elementor-element elementor-element-12c54b24 elementor-widget elementor-widget-heading\" data-id=\"12c54b24\" data-element_type=\"widget\" data-widget_type=\"heading.default\">\n\t\t\t\t<div class=\"elementor-widget-container\">\n\t\t\t<style>\/*! elementor - v3.13.3 - 28-05-2023 *\/\n.elementor-heading-title{padding:0;margin:0;line-height:1}.elementor-widget-heading .elementor-heading-title[class*=elementor-size-]>a{color:inherit;font-size:inherit;line-height:inherit}.elementor-widget-heading .elementor-heading-title.elementor-size-small{font-size:15px}.elementor-widget-heading .elementor-heading-title.elementor-size-medium{font-size:19px}.elementor-widget-heading .elementor-heading-title.elementor-size-large{font-size:29px}.elementor-widget-heading .elementor-heading-title.elementor-size-xl{font-size:39px}.elementor-widget-heading .elementor-heading-title.elementor-size-xxl{font-size:59px}<\/style><h1 class=\"elementor-heading-title elementor-size-default\">Apple Vision Pro: Et revolutionerende spring i rumlig databehandling<\/h1>\t\t<\/div>\n\t\t\t\t<\/div>\n\t\t\t\t\t<\/div>\n\t\t\t\t<\/div>\n\t\t<div class=\"elementor-element elementor-element-3aacda91 e-con-boxed e-flex e-con\" data-id=\"3aacda91\" data-element_type=\"container\" data-settings=\"{&quot;content_width&quot;:&quot;boxed&quot;}\">\n\t\t\t\t\t<div class=\"e-con-inner\">\n\t\t\t\t<div class=\"elementor-element elementor-element-25fe96a elementor-widget elementor-widget-text-editor\" data-id=\"25fe96a\" data-element_type=\"widget\" data-widget_type=\"text-editor.default\">\n\t\t\t\t<div class=\"elementor-widget-container\">\n\t\t\t<style>\/*! elementor - v3.13.3 - 28-05-2023 *\/\n.elementor-widget-text-editor.elementor-drop-cap-view-stacked .elementor-drop-cap{background-color:#69727d;color:#fff}.elementor-widget-text-editor.elementor-drop-cap-view-framed .elementor-drop-cap{color:#69727d;border:3px solid;background-color:transparent}.elementor-widget-text-editor:not(.elementor-drop-cap-view-default) .elementor-drop-cap{margin-top:8px}.elementor-widget-text-editor:not(.elementor-drop-cap-view-default) .elementor-drop-cap-letter{width:1em;height:1em}.elementor-widget-text-editor .elementor-drop-cap{float:left;text-align:center;line-height:1;font-size:50px}.elementor-widget-text-editor .elementor-drop-cap-letter{display:inline-block}<\/style>\t\t\t\t<p>Apple har altid v\u00e6ret p\u00e5 forkant med den teknologiske innovation, og deres nyeste produkt, Apple Vision Pro, er ingen undtagelse. Denne banebrydende enhed er klar til at redefinere den m\u00e5de, vi interagerer med digitalt indhold p\u00e5, og tilbyder en problemfri blanding af den digitale og fysiske verden. I dette blogindl\u00e6g g\u00e5r vi i dybden med funktionerne og mulighederne i Apple Vision Pro og unders\u00f8ger, hvorfor den er en game-changer inden for spatial computing.<\/p><h6>Rumlig databehandling omdefineret<\/h6><p>Apple Vision Pro markerer begyndelsen p\u00e5 en ny \u00e6ra inden for spatial computing. Den giver brugerne mulighed for at navigere i den digitale verden ved blot at bruge deres \u00f8jne, h\u00e6nder og stemme. Dette intuitive interaktionssystem forandrer den m\u00e5de, vi g\u00f8r ting p\u00e5, og g\u00f8r det muligt for os at engagere os i digitalt indhold p\u00e5 m\u00e5der, der aldrig f\u00f8r har v\u00e6ret mulige.<\/p><h2>\u00a0<\/h2><h6>Fordybende underholdningsoplevelse<\/h6><p>Apple Vision Pro er ikke bare et v\u00e6rkt\u00f8j, det er et kraftcenter for underholdning. Den kan forvandle ethvert rum til din personlige biograf, udvide dine film, serier og spil til den perfekte st\u00f8rrelse og samtidig f\u00e5 dig til at f\u00f8le, at du er en del af handlingen med Spatial Audio. Med flere pixels end et 4K-tv til hvert \u00f8je kan du nyde fantastisk indhold, uanset hvor du er.<\/p><h6>\u00a0<\/h6><h6>Indfangning af minder i 3D<\/h6><p>Vision Pro er Apple's f\u00f8rste enhed med et 3D-kamera. Det giver dig mulighed for at optage rumlige fotos og videoer i 3D og derefter genopleve de elskede \u00f8jeblikke med fordybende Spatial Audio. Dit eksisterende bibliotek af fotos og videoer vil se utroligt ud i en bem\u00e6rkelsesv\u00e6rdig skala, og panoramaer vil omslutte dig, s\u00e5 du f\u00f8ler, at du st\u00e5r lige der, hvor du tog dem.<\/p><h6>\u00a0<\/h6><h6>Forbindelse i det samme rum<\/h6><p>Vision Pro forbedrer dine muligheder for at samarbejde og oprette forbindelse, uanset hvor du er. FaceTime-videofliser er i naturlig st\u00f8rrelse, og n\u00e5r nye personer slutter sig til, udvides opkaldet simpelthen i dit rum. I FaceTime kan du ogs\u00e5 bruge apps til at samarbejde med kolleger om de samme dokumenter p\u00e5 samme tid.<\/p><h6>\u00a0<\/h6><h6>Elegant design og avanceret teknologi<\/h6><p>Apple Vision Pro er resultatet af \u00e5rtiers erfaring med at designe h\u00f8jtydende, mobile og b\u00e6rbare enheder. Den integrerer utrolig avanceret teknologi i en elegant, kompakt form, hvilket resulterer i en fantastisk oplevelse, hver gang du tager den p\u00e5. Enheden best\u00e5r af et enkelt stykke tredimensionelt lamineret glas, der flyder ind i en ramme af aluminiumslegering og b\u00f8jer sig rundt om dit ansigt.<\/p><h6>\u00a0<\/h6><h6>Str\u00f8mforsyning til Vision Pro<\/h6><p>Vision Pro er drevet af et unikt dual-chip-design. Den kraftfulde M2-chip k\u00f8rer samtidig visionOS, udf\u00f8rer avancerede computer vision-algoritmer og leverer fantastisk grafik, alt sammen med utrolig effektivitet. Den helt nye R1-chip er specifikt dedikeret til at behandle input fra kameraer, sensorer og mikrofoner og streame billeder til sk\u00e6rmene inden for 12 millisekunder, s\u00e5 du f\u00e5r et n\u00e6sten forsinkelsesfrit billede af verden i realtid.<\/p><h6>\u00a0<\/h6><h6>Privatliv og sikkerhed<\/h6><p>Ligesom alle Apple-produkter og -tjenester er Vision Pro designet til at beskytte dit privatliv og give dig kontrol over dine data. Den bygger p\u00e5 fundamentet af eksisterende Apple privatlivs- og sikkerhedsfunktioner med nye teknologier som Optic ID, et sikkert autentificeringssystem, der bruger det unikke ved din iris.<\/p><h6>\u00a0<\/h6><h6>Konklusion<\/h6><p>Apple Vision Pro er mere end bare en enhed; det er et revolutionerende spring inden for spatial computing. Den tilbyder en fordybende, intuitiv og interaktiv oplevelse, der s\u00f8ml\u00f8st blander digitalt indhold med dit fysiske rum. Uanset om du er p\u00e5 udkig efter en ny m\u00e5de at arbejde, lege eller v\u00e6re sammen p\u00e5, vil Apple Vision Pro forandre dit digitale liv.<\/p><p>Med sine banebrydende funktioner og muligheder er det ikke underligt, at Apple Vision Pro er klar til at blive den n\u00e6ste store ting i teknologiens verden. S\u00e5 er du klar til at tr\u00e6de ind i fremtiden med Apple Vision Pro?<\/p><p><a href=\"https:\/\/ioasis.eu\/da\/blog\/\"><span style=\"text-decoration: underline;\">Tilbage<\/span><\/a><\/p>\t\t\t\t\t\t<\/div>\n\t\t\t\t<\/div>\n\t\t\t\t\t<\/div>\n\t\t\t\t<\/div>\n\t\t\t\t\t\t\t<\/div>","protected":false},"excerpt":{"rendered":"<p>Apple har altid v\u00e6ret p\u00e5 forkant med den teknologiske innovation, og deres nyeste produkt, Apple Vision Pro, er ingen undtagelse. Denne banebrydende enhed er klar til at redefinere den m\u00e5de, vi interagerer med digitalt indhold p\u00e5, og tilbyder en problemfri blanding af den digitale og fysiske verden. I dette blogindl\u00e6g g\u00e5r vi i dybden med funktionerne og mulighederne i Apple Vision Pro og unders\u00f8ger, hvorfor den er en game-changer inden for spatial computing.<\/p>","protected":false},"author":1,"featured_media":225,"parent":415,"menu_order":0,"comment_status":"closed","ping_status":"closed","template":"","meta":{"footnotes":""},"class_list":["post-423","page","type-page","status-publish","has-post-thumbnail","hentry"],"jetpack_sharing_enabled":true,"_links":{"self":[{"href":"https:\/\/ioasis.eu\/da\/wp-json\/wp\/v2\/pages\/423","targetHints":{"allow":["GET"]}}],"collection":[{"href":"https:\/\/ioasis.eu\/da\/wp-json\/wp\/v2\/pages"}],"about":[{"href":"https:\/\/ioasis.eu\/da\/wp-json\/wp\/v2\/types\/page"}],"author":[{"embeddable":true,"href":"https:\/\/ioasis.eu\/da\/wp-json\/wp\/v2\/users\/1"}],"replies":[{"embeddable":true,"href":"https:\/\/ioasis.eu\/da\/wp-json\/wp\/v2\/comments?post=423"}],"version-history":[{"count":4,"href":"https:\/\/ioasis.eu\/da\/wp-json\/wp\/v2\/pages\/423\/revisions"}],"predecessor-version":[{"id":427,"href":"https:\/\/ioasis.eu\/da\/wp-json\/wp\/v2\/pages\/423\/revisions\/427"}],"up":[{"embeddable":true,"href":"https:\/\/ioasis.eu\/da\/wp-json\/wp\/v2\/pages\/415"}],"wp:featuredmedia":[{"embeddable":true,"href":"https:\/\/ioasis.eu\/da\/wp-json\/wp\/v2\/media\/225"}],"wp:attachment":[{"href":"https:\/\/ioasis.eu\/da\/wp-json\/wp\/v2\/media?parent=423"}],"curies":[{"name":"wp","href":"https:\/\/api.w.org\/{rel}","templated":true}]}}