{"id":428,"date":"2023-06-11T12:24:25","date_gmt":"2023-06-11T10:24:25","guid":{"rendered":"https:\/\/ioasis.eu\/?page_id=428"},"modified":"2023-06-11T12:30:38","modified_gmt":"2023-06-11T10:30:38","slug":"about-us","status":"publish","type":"page","link":"https:\/\/ioasis.eu\/da\/om-os\/","title":{"rendered":"Om os"},"content":{"rendered":"<div data-elementor-type=\"wp-page\" data-elementor-id=\"428\" class=\"elementor elementor-428\">\n\t\t\t\t\t\t\t<div class=\"elementor-element elementor-element-1b91b5a9 e-con-boxed e-flex e-con\" data-id=\"1b91b5a9\" data-element_type=\"container\" data-settings=\"{&quot;background_background&quot;:&quot;classic&quot;,&quot;content_width&quot;:&quot;boxed&quot;}\">\n\t\t\t\t\t<div class=\"e-con-inner\">\n\t\t\t\t\t<\/div>\n\t\t\t\t<\/div>\n\t\t<div class=\"elementor-element elementor-element-af282b4 e-con-boxed e-flex e-con\" data-id=\"af282b4\" data-element_type=\"container\" data-settings=\"{&quot;background_background&quot;:&quot;classic&quot;,&quot;content_width&quot;:&quot;boxed&quot;}\">\n\t\t\t\t\t<div class=\"e-con-inner\">\n\t\t\t\t<div class=\"elementor-element elementor-element-2ee83fa elementor-widget elementor-widget-heading\" data-id=\"2ee83fa\" data-element_type=\"widget\" data-widget_type=\"heading.default\">\n\t\t\t\t<div class=\"elementor-widget-container\">\n\t\t\t<style>\/*! elementor - v3.13.3 - 28-05-2023 *\/\n.elementor-heading-title{padding:0;margin:0;line-height:1}.elementor-widget-heading .elementor-heading-title[class*=elementor-size-]>a{color:inherit;font-size:inherit;line-height:inherit}.elementor-widget-heading .elementor-heading-title.elementor-size-small{font-size:15px}.elementor-widget-heading .elementor-heading-title.elementor-size-medium{font-size:19px}.elementor-widget-heading .elementor-heading-title.elementor-size-large{font-size:29px}.elementor-widget-heading .elementor-heading-title.elementor-size-xl{font-size:39px}.elementor-widget-heading .elementor-heading-title.elementor-size-xxl{font-size:59px}<\/style><h1 class=\"elementor-heading-title elementor-size-default\">Om os<\/h1>\t\t<\/div>\n\t\t\t\t<\/div>\n\t\t\t\t\t<\/div>\n\t\t\t\t<\/div>\n\t\t<div class=\"elementor-element elementor-element-7b79ea19 e-con-boxed e-flex e-con\" data-id=\"7b79ea19\" data-element_type=\"container\" data-settings=\"{&quot;content_width&quot;:&quot;boxed&quot;}\">\n\t\t\t\t\t<div class=\"e-con-inner\">\n\t\t\t\t<div class=\"elementor-element elementor-element-5f8cc052 elementor-widget elementor-widget-text-editor\" data-id=\"5f8cc052\" data-element_type=\"widget\" data-widget_type=\"text-editor.default\">\n\t\t\t\t<div class=\"elementor-widget-container\">\n\t\t\t<style>\/*! elementor - v3.13.3 - 28-05-2023 *\/\n.elementor-widget-text-editor.elementor-drop-cap-view-stacked .elementor-drop-cap{background-color:#69727d;color:#fff}.elementor-widget-text-editor.elementor-drop-cap-view-framed .elementor-drop-cap{color:#69727d;border:3px solid;background-color:transparent}.elementor-widget-text-editor:not(.elementor-drop-cap-view-default) .elementor-drop-cap{margin-top:8px}.elementor-widget-text-editor:not(.elementor-drop-cap-view-default) .elementor-drop-cap-letter{width:1em;height:1em}.elementor-widget-text-editor .elementor-drop-cap{float:left;text-align:center;line-height:1;font-size:50px}.elementor-widget-text-editor .elementor-drop-cap-letter{display:inline-block}<\/style>\t\t\t\t<p>Velkommen til iOasis, din f\u00f8rende destination for de nyeste og bedste Apple-produkter. Vi er mere end bare en forhandler; vi er et f\u00e6llesskab af Apple-entusiaster, der er forpligtet til at give dig den mest innovative teknologi, s\u00e5 snart den rammer markedet.<\/p><p>iOasis blev grundlagt i 2007 i Hamborg, Tyskland, og udsprang af en dyb passion for Apple's banebrydende produkter og et \u00f8nske om at g\u00f8re dem tilg\u00e6ngelige for alle, overalt. Vores grundl\u00e6gger, en mange\u00e5rig Apple-aficionado, s\u00e5 et hul i markedet for en dedikeret, kundefokuseret Apple-forhandler i Europa. Med en vision om at bygge bro over dette hul blev iOasis lanceret.<\/p><p>I \u00e5renes l\u00f8b er vi vokset fra en lille startup til et betroet navn i Apple-f\u00e6llesskabet. Vores engagement i kundeservice, kombineret med vores evne til at levere Apple-produkter f\u00f8r deres lokale lancering, har adskilt os fra konkurrenterne. Vi har tidligere med succes fremskyndet tilg\u00e6ngeligheden af Apple-produkter, herunder den originale iPhone, iPad og Apple Watch, og vi gl\u00e6der os til at g\u00f8re det samme med den revolutionerende Apple Vision Pro.<\/p><p>Hos iOasis tror vi p\u00e5 teknologiens transformerende kraft. Vi ser, hvordan Apple-produkter \u00e6ndrer den m\u00e5de, folk arbejder, l\u00e6rer, skaber og forbinder p\u00e5. Vores mission er at bringe disse banebrydende produkter til dig, s\u00e5 snart de er tilg\u00e6ngelige, s\u00e5 du kan begynde at opleve fremtiden i dag.<\/p><p>Men vi handler ikke kun om at s\u00e6lge produkter. Det handler om at skabe en problemfri kundeoplevelse. Fra det \u00f8jeblik, du forudbestiller din Apple Vision Pro, til den ankommer til din hovedd\u00f8r, er vi med dig hele vejen. Vores dedikerede team af Apple-eksperter er altid klar til at hj\u00e6lpe med eventuelle sp\u00f8rgsm\u00e5l eller problemer, du m\u00e5tte st\u00f8de p\u00e5.<\/p><p>Det handler ogs\u00e5 om at opbygge et f\u00e6llesskab. Vi elsker at v\u00e6re i kontakt med vores kunder og h\u00f8re deres historier. Uanset om du er en tech-entusiast, en kreativ professionel eller en, der bare elsker Apple-produkter, inviterer vi dig til at deltage i vores f\u00e6llesskab og dele dine erfaringer.<\/p><p>Tak, fordi du valgte iOasis. Vi gl\u00e6der os til at begive os ud p\u00e5 denne teknologiske rejse sammen med dig.<\/p>\t\t\t\t\t\t<\/div>\n\t\t\t\t<\/div>\n\t\t\t\t\t<\/div>\n\t\t\t\t<\/div>\n\t\t<div class=\"elementor-element elementor-element-298bdba9 e-con-boxed e-flex e-con\" data-id=\"298bdba9\" data-element_type=\"container\" data-settings=\"{&quot;content_width&quot;:&quot;boxed&quot;}\">\n\t\t\t\t\t<div class=\"e-con-inner\">\n\t\t\t\t<div class=\"elementor-element elementor-element-3ffab340 elementor-widget elementor-widget-spacer\" data-id=\"3ffab340\" data-element_type=\"widget\" data-widget_type=\"spacer.default\">\n\t\t\t\t<div class=\"elementor-widget-container\">\n\t\t\t<style>\/*! elementor - v3.13.3 - 28-05-2023 *\/\n.elementor-column .elementor-spacer-inner{height:var(--spacer-size)}.e-con{--container-widget-width:100%}.e-con-inner>.elementor-widget-spacer,.e-con>.elementor-widget-spacer{width:var(--container-widget-width,var(--spacer-size));--align-self:var(--container-widget-align-self,initial);--flex-shrink:0}.e-con-inner>.elementor-widget-spacer>.elementor-widget-container,.e-con-inner>.elementor-widget-spacer>.elementor-widget-container>.elementor-spacer,.e-con>.elementor-widget-spacer>.elementor-widget-container,.e-con>.elementor-widget-spacer>.elementor-widget-container>.elementor-spacer{height:100%}.e-con-inner>.elementor-widget-spacer>.elementor-widget-container>.elementor-spacer>.elementor-spacer-inner,.e-con>.elementor-widget-spacer>.elementor-widget-container>.elementor-spacer>.elementor-spacer-inner{height:var(--container-widget-height,var(--spacer-size))}<\/style>\t\t<div class=\"elementor-spacer\">\n\t\t\t<div class=\"elementor-spacer-inner\"><\/div>\n\t\t<\/div>\n\t\t\t\t<\/div>\n\t\t\t\t<\/div>\n\t\t\t\t\t<\/div>\n\t\t\t\t<\/div>\n\t\t\t\t\t\t\t<\/div>","protected":false},"excerpt":{"rendered":"<p>Velkommen til iOasis, din f\u00f8rende destination for de nyeste og bedste Apple-produkter. Vi er mere end bare en forhandler; vi er et f\u00e6llesskab af Apple-entusiaster, der er forpligtet til at give dig den mest innovative teknologi, s\u00e5 snart den rammer markedet.<\/p>","protected":false},"author":1,"featured_media":442,"parent":0,"menu_order":0,"comment_status":"closed","ping_status":"closed","template":"","meta":{"footnotes":""},"class_list":["post-428","page","type-page","status-publish","has-post-thumbnail","hentry"],"jetpack_sharing_enabled":true,"_links":{"self":[{"href":"https:\/\/ioasis.eu\/da\/wp-json\/wp\/v2\/pages\/428","targetHints":{"allow":["GET"]}}],"collection":[{"href":"https:\/\/ioasis.eu\/da\/wp-json\/wp\/v2\/pages"}],"about":[{"href":"https:\/\/ioasis.eu\/da\/wp-json\/wp\/v2\/types\/page"}],"author":[{"embeddable":true,"href":"https:\/\/ioasis.eu\/da\/wp-json\/wp\/v2\/users\/1"}],"replies":[{"embeddable":true,"href":"https:\/\/ioasis.eu\/da\/wp-json\/wp\/v2\/comments?post=428"}],"version-history":[{"count":4,"href":"https:\/\/ioasis.eu\/da\/wp-json\/wp\/v2\/pages\/428\/revisions"}],"predecessor-version":[{"id":445,"href":"https:\/\/ioasis.eu\/da\/wp-json\/wp\/v2\/pages\/428\/revisions\/445"}],"wp:featuredmedia":[{"embeddable":true,"href":"https:\/\/ioasis.eu\/da\/wp-json\/wp\/v2\/media\/442"}],"wp:attachment":[{"href":"https:\/\/ioasis.eu\/da\/wp-json\/wp\/v2\/media?parent=428"}],"curies":[{"name":"wp","href":"https:\/\/api.w.org\/{rel}","templated":true}]}}