{"id":433,"date":"2023-06-11T12:11:27","date_gmt":"2023-06-11T10:11:27","guid":{"rendered":"https:\/\/ioasis.eu\/?page_id=433"},"modified":"2023-06-11T12:16:07","modified_gmt":"2023-06-11T10:16:07","slug":"apple-vision-pro-transforming-the-world-one-view-at-a-time","status":"publish","type":"page","link":"https:\/\/ioasis.eu\/da\/blog\/apple-vision-pro-forvandler-verden-et-syn-ad-gangen\/","title":{"rendered":"Apple Vision Pro: Forvandling af verden \u00e9t syn ad gangen"},"content":{"rendered":"<div data-elementor-type=\"wp-page\" data-elementor-id=\"433\" class=\"elementor elementor-433\">\n\t\t\t\t\t\t\t<div class=\"elementor-element elementor-element-31d2be9 e-con-boxed e-flex e-con\" data-id=\"31d2be9\" data-element_type=\"container\" data-settings=\"{&quot;content_width&quot;:&quot;boxed&quot;}\">\n\t\t\t\t\t<div class=\"e-con-inner\">\n\t\t\t\t<div class=\"elementor-element elementor-element-184e767b elementor-widget elementor-widget-heading\" data-id=\"184e767b\" data-element_type=\"widget\" data-widget_type=\"heading.default\">\n\t\t\t\t<div class=\"elementor-widget-container\">\n\t\t\t<style>\/*! elementor - v3.13.3 - 28-05-2023 *\/\n.elementor-heading-title{padding:0;margin:0;line-height:1}.elementor-widget-heading .elementor-heading-title[class*=elementor-size-]>a{color:inherit;font-size:inherit;line-height:inherit}.elementor-widget-heading .elementor-heading-title.elementor-size-small{font-size:15px}.elementor-widget-heading .elementor-heading-title.elementor-size-medium{font-size:19px}.elementor-widget-heading .elementor-heading-title.elementor-size-large{font-size:29px}.elementor-widget-heading .elementor-heading-title.elementor-size-xl{font-size:39px}.elementor-widget-heading .elementor-heading-title.elementor-size-xxl{font-size:59px}<\/style><h1 class=\"elementor-heading-title elementor-size-default\">Apple Vision Pro: Forvandling af verden \u00e9t syn ad gangen<\/h1>\t\t<\/div>\n\t\t\t\t<\/div>\n\t\t\t\t\t<\/div>\n\t\t\t\t<\/div>\n\t\t<div class=\"elementor-element elementor-element-56c124cc e-con-boxed e-flex e-con\" data-id=\"56c124cc\" data-element_type=\"container\" data-settings=\"{&quot;content_width&quot;:&quot;boxed&quot;}\">\n\t\t\t\t\t<div class=\"e-con-inner\">\n\t\t\t\t<div class=\"elementor-element elementor-element-96bf314 elementor-widget elementor-widget-text-editor\" data-id=\"96bf314\" data-element_type=\"widget\" data-widget_type=\"text-editor.default\">\n\t\t\t\t<div class=\"elementor-widget-container\">\n\t\t\t<style>\/*! elementor - v3.13.3 - 28-05-2023 *\/\n.elementor-widget-text-editor.elementor-drop-cap-view-stacked .elementor-drop-cap{background-color:#69727d;color:#fff}.elementor-widget-text-editor.elementor-drop-cap-view-framed .elementor-drop-cap{color:#69727d;border:3px solid;background-color:transparent}.elementor-widget-text-editor:not(.elementor-drop-cap-view-default) .elementor-drop-cap{margin-top:8px}.elementor-widget-text-editor:not(.elementor-drop-cap-view-default) .elementor-drop-cap-letter{width:1em;height:1em}.elementor-widget-text-editor .elementor-drop-cap{float:left;text-align:center;line-height:1;font-size:50px}.elementor-widget-text-editor .elementor-drop-cap-letter{display:inline-block}<\/style>\t\t\t\t<p>I den evigt udviklende teknologiske verden har Apple konsekvent v\u00e6ret en pioner, der har skubbet til gr\u00e6nserne for, hvad der er muligt, og omdefineret vores interaktion med digitalt indhold. Den seneste tilf\u00f8jelse til deres innovative sortiment, Apple Vision Pro, er klar til at revolutionere det teknologiske landskab endnu en gang. I dette blogindl\u00e6g kan du l\u00e6se om, hvordan Apple Vision Pro er klar til at forandre verden, og hvordan du kan blive blandt de f\u00f8rste til at opleve denne banebrydende enhed.<\/p><p>\u00a0<\/p><h6>En ny \u00e6ra af rumlig databehandling<\/h6><p>Apple Vision Pro markerer begyndelsen p\u00e5 en ny \u00e6ra inden for spatial computing. Denne enhed blander problemfrit digitalt indhold med dit fysiske rum, s\u00e5 du kan navigere i den digitale verden ved hj\u00e6lp af dine \u00f8jne, h\u00e6nder og stemme. Dette intuitive interaktionssystem vil revolutionere vores omgang med digitalt indhold og give os mulighed for at g\u00f8re ting p\u00e5 m\u00e5der, der aldrig f\u00f8r har v\u00e6ret mulige.<\/p><p>\u00a0<\/p><p><strong>Forvandling af underholdning<\/strong><\/p><p>Apple Vision Pro er ikke bare et v\u00e6rkt\u00f8j, det er et underholdningskraftv\u00e6rk. Den kan forvandle ethvert rum til din personlige biograf, udvide dine film, serier og spil til den perfekte st\u00f8rrelse og samtidig f\u00e5 dig til at f\u00f8le, at du er en del af handlingen med Spatial Audio. Med flere pixels end et 4K-tv til hvert \u00f8je kan du nyde fantastisk indhold, uanset hvor du er. Denne fordybende underholdningsoplevelse er klar til at omdefinere, hvordan vi forbruger digitalt indhold.<\/p><p>\u00a0<\/p><h6>At indfange og genopleve minder<\/h6><p>Vision Pro er Apple's f\u00f8rste enhed med et 3D-kamera. Det giver dig mulighed for at optage rumlige fotos og videoer i 3D og derefter genopleve de dyrebare \u00f8jeblikke med fordybende rumlig lyd. Dit eksisterende bibliotek af fotos og videoer vil se utrolige ud i en bem\u00e6rkelsesv\u00e6rdig skala, og panoramaer vil omslutte dig og f\u00e5 dig til at f\u00f8le, at du st\u00e5r lige der, hvor du tog dem. Dette vil forandre den m\u00e5de, vi fanger og genoplever vores minder p\u00e5.<\/p><p>\u00a0<\/p><h6>Forbedring af samarbejde og forbindelse<\/h6><p>Vision Pro forbedrer din evne til at samarbejde og skabe kontakt, uanset hvor du er. FaceTime-videofliser er i naturlig st\u00f8rrelse, og n\u00e5r nye personer slutter sig til, udvides opkaldet ganske enkelt i dit rum. I FaceTime kan du ogs\u00e5 bruge apps til at samarbejde med kolleger om de samme dokumenter p\u00e5 samme tid. Det kommer til at revolutionere fjernarbejde og digitalt samarbejde.<\/p><p>\u00a0<\/p><h6>Et spring i design og teknologi<\/h6><p>Apple Vision Pro er resultatet af \u00e5rtiers erfaring med at designe h\u00f8jtydende, mobile og b\u00e6rbare enheder. Den integrerer utrolig avanceret teknologi i en elegant, kompakt form, hvilket resulterer i en fantastisk oplevelse, hver gang du tager den p\u00e5. Enheden har et enkelt stykke tredimensionelt formet lamineret glas, der flyder ind i en ramme af aluminiumslegering og b\u00f8jer sig rundt om dit ansigt. Dette spring i design og teknologi vil omdefinere standarderne for b\u00e6rbar teknologi.<\/p><p>\u00a0<\/p><h6>Konklusion<\/h6><p>Apple Vision Pro er mere end bare en enhed; det er en revolution inden for spatial computing. Den tilbyder en fordybende, intuitiv og interaktiv oplevelse, der problemfrit blander digitalt indhold med dit fysiske rum. Uanset om du s\u00f8ger en ny m\u00e5de at arbejde, lege eller v\u00e6re i kontakt med andre p\u00e5, vil Apple Vision Pro forvandle dit digitale liv.<\/p><p>Med sine banebrydende funktioner og muligheder er Apple Vision Pro klar til at forandre verden. Det handler ikke kun om, hvad enheden kan g\u00f8re; det handler om, hvad den s\u00e6tter os i stand til at g\u00f8re. Det handler om, hvordan den \u00e6ndrer vores interaktion med digitalt indhold, hvordan den forbedrer vores evne til at forbinde og samarbejde, og hvordan den omdefinerer vores underholdningsoplevelser.<\/p><p>\u00a0<\/p><h6>Forudbestil nu<\/h6><p>Fremtiden er her, og den er <a href=\"https:\/\/ioasis.eu\/da\/vare\/apple-vision-pro\/\">tilg\u00e6ngelig for forudbestilling<\/a>. Apple Vision Pro begynder at blive sendt ud i Europa samtidig med lanceringen i USA, udelukkende gennem iOasis. G\u00e5 ikke glip af at v\u00e6re blandt de f\u00f8rste til at opleve denne revolutionerende enhed. Forudbestil din Apple Vision Pro i dag, og tr\u00e6d ind i fremtiden med Apple.<\/p><p>\u00a0<\/p><p><a href=\"https:\/\/ioasis.eu\/da\/blog\/\"><span style=\"text-decoration: underline;\">Tilbage<\/span><\/a><\/p>\t\t\t\t\t\t<\/div>\n\t\t\t\t<\/div>\n\t\t\t\t\t<\/div>\n\t\t\t\t<\/div>\n\t\t\t\t\t\t\t<\/div>","protected":false},"excerpt":{"rendered":"<p>I den stadigt udviklende teknologiske verden har Apple konsekvent v\u00e6ret en pioner, der har skubbet til gr\u00e6nserne for, hvad der er muligt, og omdefineret vores interaktion med digitalt indhold. Den seneste tilf\u00f8jelse til deres innovative sortiment, Apple Vision Pro, er klar til at revolutionere det teknologiske landskab endnu en gang.<\/p>","protected":false},"author":1,"featured_media":435,"parent":415,"menu_order":0,"comment_status":"closed","ping_status":"closed","template":"","meta":{"footnotes":""},"class_list":["post-433","page","type-page","status-publish","has-post-thumbnail","hentry"],"jetpack_sharing_enabled":true,"_links":{"self":[{"href":"https:\/\/ioasis.eu\/da\/wp-json\/wp\/v2\/pages\/433","targetHints":{"allow":["GET"]}}],"collection":[{"href":"https:\/\/ioasis.eu\/da\/wp-json\/wp\/v2\/pages"}],"about":[{"href":"https:\/\/ioasis.eu\/da\/wp-json\/wp\/v2\/types\/page"}],"author":[{"embeddable":true,"href":"https:\/\/ioasis.eu\/da\/wp-json\/wp\/v2\/users\/1"}],"replies":[{"embeddable":true,"href":"https:\/\/ioasis.eu\/da\/wp-json\/wp\/v2\/comments?post=433"}],"version-history":[{"count":4,"href":"https:\/\/ioasis.eu\/da\/wp-json\/wp\/v2\/pages\/433\/revisions"}],"predecessor-version":[{"id":438,"href":"https:\/\/ioasis.eu\/da\/wp-json\/wp\/v2\/pages\/433\/revisions\/438"}],"up":[{"embeddable":true,"href":"https:\/\/ioasis.eu\/da\/wp-json\/wp\/v2\/pages\/415"}],"wp:featuredmedia":[{"embeddable":true,"href":"https:\/\/ioasis.eu\/da\/wp-json\/wp\/v2\/media\/435"}],"wp:attachment":[{"href":"https:\/\/ioasis.eu\/da\/wp-json\/wp\/v2\/media?parent=433"}],"curies":[{"name":"wp","href":"https:\/\/api.w.org\/{rel}","templated":true}]}}