{"id":473,"date":"2024-01-08T22:36:36","date_gmt":"2024-01-08T21:36:36","guid":{"rendered":"https:\/\/ioasis.eu\/?page_id=473"},"modified":"2024-01-08T22:39:38","modified_gmt":"2024-01-08T21:39:38","slug":"apple-vision-pro-now-available-in-europe-with-ioasis","status":"publish","type":"page","link":"https:\/\/ioasis.eu\/da\/blog\/apple-vision-pro-nu-tilgaengelig-i-europa-med-ioasis\/","title":{"rendered":"Apple Vision Pro: Fremtiden for rumlig databehandling kommer til Europa med iOasis"},"content":{"rendered":"<div data-elementor-type=\"wp-page\" data-elementor-id=\"473\" class=\"elementor elementor-473\">\n\t\t\t\t\t\t\t<div class=\"elementor-element elementor-element-26544050 e-con-boxed e-flex e-con\" data-id=\"26544050\" data-element_type=\"container\" data-settings=\"{&quot;content_width&quot;:&quot;boxed&quot;}\">\n\t\t\t\t\t<div class=\"e-con-inner\">\n\t\t\t\t<div class=\"elementor-element elementor-element-1f4eafaf elementor-widget elementor-widget-heading\" data-id=\"1f4eafaf\" data-element_type=\"widget\" data-widget_type=\"heading.default\">\n\t\t\t\t<div class=\"elementor-widget-container\">\n\t\t\t<style>\/*! elementor - v3.13.3 - 28-05-2023 *\/\n.elementor-heading-title{padding:0;margin:0;line-height:1}.elementor-widget-heading .elementor-heading-title[class*=elementor-size-]>a{color:inherit;font-size:inherit;line-height:inherit}.elementor-widget-heading .elementor-heading-title.elementor-size-small{font-size:15px}.elementor-widget-heading .elementor-heading-title.elementor-size-medium{font-size:19px}.elementor-widget-heading .elementor-heading-title.elementor-size-large{font-size:29px}.elementor-widget-heading .elementor-heading-title.elementor-size-xl{font-size:39px}.elementor-widget-heading .elementor-heading-title.elementor-size-xxl{font-size:59px}<\/style><h1 class=\"elementor-heading-title elementor-size-default\">Apple Vision Pro: Fremtiden for rumlig databehandling kommer til Europa med iOasis<\/h1>\t\t<\/div>\n\t\t\t\t<\/div>\n\t\t\t\t\t<\/div>\n\t\t\t\t<\/div>\n\t\t<div class=\"elementor-element elementor-element-4d86fff7 e-con-boxed e-flex e-con\" data-id=\"4d86fff7\" data-element_type=\"container\" data-settings=\"{&quot;content_width&quot;:&quot;boxed&quot;}\">\n\t\t\t\t\t<div class=\"e-con-inner\">\n\t\t\t\t<div class=\"elementor-element elementor-element-d12e1c9 elementor-widget elementor-widget-text-editor\" data-id=\"d12e1c9\" data-element_type=\"widget\" data-widget_type=\"text-editor.default\">\n\t\t\t\t<div class=\"elementor-widget-container\">\n\t\t\t<style>\/*! elementor - v3.13.3 - 28-05-2023 *\/\n.elementor-widget-text-editor.elementor-drop-cap-view-stacked .elementor-drop-cap{background-color:#69727d;color:#fff}.elementor-widget-text-editor.elementor-drop-cap-view-framed .elementor-drop-cap{color:#69727d;border:3px solid;background-color:transparent}.elementor-widget-text-editor:not(.elementor-drop-cap-view-default) .elementor-drop-cap{margin-top:8px}.elementor-widget-text-editor:not(.elementor-drop-cap-view-default) .elementor-drop-cap-letter{width:1em;height:1em}.elementor-widget-text-editor .elementor-drop-cap{float:left;text-align:center;line-height:1;font-size:50px}.elementor-widget-text-editor .elementor-drop-cap-letter{display:inline-block}<\/style>\t\t\t\t<p>8. januar 2024<\/p>\t\t\t\t\t\t<\/div>\n\t\t\t\t<\/div>\n\t\t\t\t<div class=\"elementor-element elementor-element-7563d79 elementor-widget elementor-widget-heading\" data-id=\"7563d79\" data-element_type=\"widget\" data-widget_type=\"heading.default\">\n\t\t\t\t<div class=\"elementor-widget-container\">\n\t\t\t<h2 class=\"elementor-heading-title elementor-size-default\">En ny \u00e6ra begynder den 2. februar 2024<\/h2>\t\t<\/div>\n\t\t\t\t<\/div>\n\t\t\t\t<div class=\"elementor-element elementor-element-fe7f68d elementor-widget elementor-widget-text-editor\" data-id=\"fe7f68d\" data-element_type=\"widget\" data-widget_type=\"text-editor.default\">\n\t\t\t\t<div class=\"elementor-widget-container\">\n\t\t\t\t\t\t\t<p>I en sp\u00e6ndende udvikling for tech-entusiaster og professionelle i hele Europa har Apple annonceret den kommende tilg\u00e6ngelighed af sin banebrydende Apple Vision Pro fra den 2. februar 2024. Som eksklusiv forhandler i Europa er iOasis Premier Reseller begejstret for at kunne tilbyde denne revolutionerende rumlige computer til vores kunder.<\/p><h3 style=\"caret-color: #000000; color: #1d1d1f; white-space: pre-wrap; border: 0px solid #d9d9e3; font-size: 1.25em; font-weight: 600; margin: 1rem 0px 0.5rem; line-height: 1.6; font-family: S\u00f6hne, ui-sans-serif, system-ui, -apple-system, 'Segoe UI', Roboto, Ubuntu, Cantarell, 'Noto Sans', sans-serif, 'Helvetica Neue', Arial, 'Apple Color Emoji', 'Segoe UI Emoji', 'Segoe UI Symbol', 'Noto Color Emoji';\">Hvad er Apple Vision Pro?<\/h3><p style=\"white-space: pre-wrap; border: 0px solid #d9d9e3; margin-right: 0px; margin-bottom: 1.25em; margin-left: 0px; caret-color: #d1d5db; color: ##1d1d1f; font-family: S\u00f6hne, ui-sans-serif, system-ui, -apple-system, 'Segoe UI', Roboto, Ubuntu, Cantarell, 'Noto Sans', sans-serif, 'Helvetica Neue', Arial, 'Apple Color Emoji', 'Segoe UI Emoji', 'Segoe UI Symbol', 'Noto Color Emoji';\">Apple Vision Pro er mere end bare en ny gadget; det er en fuldst\u00e6ndig omdefinering af, hvordan vi interagerer med digitalt indhold. Vision Pro smelter den fysiske og den digitale verden sammen og giver en fordybende oplevelse, der forandrer hverdagens opgaver, underholdning og kommunikation. Med sine avancerede rumlige computerfunktioner, der drives af visionOS, kan brugerne styre enheden ved hj\u00e6lp af deres \u00f8jne, h\u00e6nder og stemme, hvilket f\u00e5r interaktioner til at f\u00f8les mere naturlige og intuitive end nogensinde f\u00f8r.<\/p><h3 style=\"caret-color: #000000; color: #1d1d1f; white-space: pre-wrap; border: 0px solid #d9d9e3; font-size: 1.25em; font-weight: 600; margin: 1rem 0px 0.5rem; line-height: 1.6; font-family: S\u00f6hne, ui-sans-serif, system-ui, -apple-system, 'Segoe UI', Roboto, Ubuntu, Cantarell, 'Noto Sans', sans-serif, 'Helvetica Neue', Arial, 'Apple Color Emoji', 'Segoe UI Emoji', 'Segoe UI Symbol', 'Noto Color Emoji';\">N\u00f8glefunktioner i Apple Vision Pro<\/h3><ul><li><strong>Revolutionerende styresystem<\/strong>: Bygget p\u00e5 det robuste fundament af macOS, iOS og iPadOS introducerer visionOS en ny dimension til brugergr\u00e6nseflader og inputsystemer.<\/li><li><strong>Intuitiv navigation<\/strong>: \u00d8jen-, h\u00e5nd- og stemmestyring g\u00f8r navigationen s\u00f8ml\u00f8s og magisk.<\/li><li><strong>Dynamiske milj\u00f8er<\/strong>: Brugerne kan fordybe sig i fantastiske landskaber eller endda m\u00e5nens overflade, hvilket forbedrer fokus og reducerer distraktioner.<\/li><li><strong>Ekstraordin\u00e6rt arbejdsomr\u00e5de<\/strong>: Den tredimensionelle gr\u00e6nseflade giver mulighed for et uendeligt l\u00e6rred, perfekt til multitasking og samarbejde.<\/li><li><strong>Kompatibilitet og nye apps<\/strong>: Over 1 million velkendte iOS- og iPadOS-apps er tilg\u00e6ngelige sammen med nye rumlige computeroplevelser.<\/li><li><strong>Ultimativ underholdning og spil<\/strong>: Sk\u00e6rme med h\u00f8j opl\u00f8sning, 3D-titler og nye spiloplevelser omdefinerer hjemmeunderholdning.<\/li><li><strong>Rumlig hukommelse og FaceTime<\/strong>: Genoplev minder p\u00e5 en ny m\u00e5de, og nyd FaceTime-opkald i naturlig st\u00f8rrelse.<\/li><li><strong>Banebrydende design<\/strong>: Et modul\u00e6rt system med en behagelig, personlig pasform.<\/li><li><strong>Uovertruffen innovation<\/strong>: H\u00f8jtydende eyetracking og avanceret sk\u00e6rmteknologi giver en uovertruffen oplevelse.<\/li><li><strong>Privatliv og sikkerhed<\/strong>: Med Optic ID til sikker, privat brug.<\/li><li><strong>Tilg\u00e6ngelighedsfunktioner<\/strong>: Inkluderende design med flere inputmuligheder for alle brugere.<\/li><li><strong>Milj\u00f8m\u00e6ssig forpligtelse<\/strong>: Milj\u00f8venligt design i overensstemmelse med Apple's b\u00e6redygtighedsm\u00e5l.<\/li><\/ul><h3 style=\"caret-color: #000000; color: #1d1d1f; white-space: pre-wrap; border: 0px solid #d9d9e3; font-size: 1.25em; font-weight: 600; margin: 1rem 0px 0.5rem; line-height: 1.6; font-family: S\u00f6hne, ui-sans-serif, system-ui, -apple-system, 'Segoe UI', Roboto, Ubuntu, Cantarell, 'Noto Sans', sans-serif, 'Helvetica Neue', Arial, 'Apple Color Emoji', 'Segoe UI Emoji', 'Segoe UI Symbol', 'Noto Color Emoji';\">Priser og tilg\u00e6ngelighed<\/h3><h3 style=\"caret-color: #000000; color: #1d1d1f; white-space: pre-wrap; border: 0px solid #d9d9e3; font-size: 1.25em; font-weight: 600; margin: 1rem 0px 0.5rem; line-height: 1.6; font-family: S\u00f6hne, ui-sans-serif, system-ui, -apple-system, 'Segoe UI', Roboto, Ubuntu, Cantarell, 'Noto Sans', sans-serif, 'Helvetica Neue', Arial, 'Apple Color Emoji', 'Segoe UI Emoji', 'Segoe UI Symbol', 'Noto Color Emoji';\"><span style=\"font-family: Roboto, sans-serif; font-weight: 400; text-align: var(--text-align); font-size: 1rem;\">Eksklusivt gennem iOasis Premier Reseller s\u00e6lges Apple Vision Pro til 4.499 euro med 256 GB lagerplads. Forudbestillinger er begyndt med et depositum p\u00e5 100 euro, og forsendelsen starter den 2. februar.<\/span><\/h3><div><h3 style=\"caret-color: #000000; color: #1d1d1f; white-space: pre-wrap; border: 0px solid #d9d9e3; font-size: 1.25em; font-weight: 600; margin: 1rem 0px 0.5rem; line-height: 1.6; font-family: S\u00f6hne, ui-sans-serif, system-ui, -apple-system, 'Segoe UI', Roboto, Ubuntu, Cantarell, 'Noto Sans', sans-serif, 'Helvetica Neue', Arial, 'Apple Color Emoji', 'Segoe UI Emoji', 'Segoe UI Symbol', 'Noto Color Emoji';\">Hvorfor v\u00e6lge iOasis?<\/h3><\/div><p>Som en betroet partner er iOasis Premier Reseller forpligtet til at give vores kunder ikke bare revolutionerende produkter, men ogs\u00e5 enest\u00e5ende service og support. Vores team er klar til at hj\u00e6lpe dig med at udforske det fulde potentiale i Apple Vision Pro og integrere denne banebrydende teknologi i dit liv.<\/p><h3 style=\"caret-color: #000000; color: #1d1d1f; white-space: pre-wrap; border: 0px solid #d9d9e3; font-size: 1.25em; font-weight: 600; margin: 1rem 0px 0.5rem; line-height: 1.6; font-family: S\u00f6hne, ui-sans-serif, system-ui, -apple-system, 'Segoe UI', Roboto, Ubuntu, Cantarell, 'Noto Sans', sans-serif, 'Helvetica Neue', Arial, 'Apple Color Emoji', 'Segoe UI Emoji', 'Segoe UI Symbol', 'Noto Color Emoji';\">Fremtiden er her<\/h3><p>V\u00e6r med til at byde en ny \u00e6ra af computere velkommen med Apple Vision Pro. Bes\u00f8g iOasis Premier Reseller for at opleve fremtiden p\u00e5 f\u00f8rste h\u00e5nd.<\/p><h3 style=\"caret-color: #000000; color: #1d1d1f; white-space: pre-wrap; border: 0px solid #d9d9e3; font-size: 1.25em; font-weight: 600; margin: 1rem 0px 0.5rem; line-height: 1.6; font-family: S\u00f6hne, ui-sans-serif, system-ui, -apple-system, 'Segoe UI', Roboto, Ubuntu, Cantarell, 'Noto Sans', sans-serif, 'Helvetica Neue', Arial, 'Apple Color Emoji', 'Segoe UI Emoji', 'Segoe UI Symbol', 'Noto Color Emoji';\">Om Apple<\/h3><p>Som f\u00f8rende inden for innovation forts\u00e6tter Apple med at revolutionere personlig teknologi siden introduktionen af Macintosh i 1984. Med sit udvalg af produkter og tjenester er Apple dedikeret til at skabe det bedste p\u00e5 jorden og efterlade verden bedre, end den blev fundet.<\/p><p><span style=\"text-decoration: underline;\"><a href=\"https:\/\/ioasis.eu\/da\/blog\/\">Tilbage<\/a><\/span><\/p>\t\t\t\t\t\t<\/div>\n\t\t\t\t<\/div>\n\t\t\t\t\t<\/div>\n\t\t\t\t<\/div>\n\t\t\t\t\t\t\t<\/div>","protected":false},"excerpt":{"rendered":"<p>Som eneforhandler af Apple Vision Pro i Europa er iOasis Premier Reseller begejstret for at kunne tilbyde vores kunder denne revolutionerende rumcomputer.<\/p>","protected":false},"author":1,"featured_media":221,"parent":415,"menu_order":0,"comment_status":"closed","ping_status":"closed","template":"","meta":{"footnotes":""},"class_list":["post-473","page","type-page","status-publish","has-post-thumbnail","hentry"],"jetpack_sharing_enabled":true,"_links":{"self":[{"href":"https:\/\/ioasis.eu\/da\/wp-json\/wp\/v2\/pages\/473","targetHints":{"allow":["GET"]}}],"collection":[{"href":"https:\/\/ioasis.eu\/da\/wp-json\/wp\/v2\/pages"}],"about":[{"href":"https:\/\/ioasis.eu\/da\/wp-json\/wp\/v2\/types\/page"}],"author":[{"embeddable":true,"href":"https:\/\/ioasis.eu\/da\/wp-json\/wp\/v2\/users\/1"}],"replies":[{"embeddable":true,"href":"https:\/\/ioasis.eu\/da\/wp-json\/wp\/v2\/comments?post=473"}],"version-history":[{"count":5,"href":"https:\/\/ioasis.eu\/da\/wp-json\/wp\/v2\/pages\/473\/revisions"}],"predecessor-version":[{"id":481,"href":"https:\/\/ioasis.eu\/da\/wp-json\/wp\/v2\/pages\/473\/revisions\/481"}],"up":[{"embeddable":true,"href":"https:\/\/ioasis.eu\/da\/wp-json\/wp\/v2\/pages\/415"}],"wp:featuredmedia":[{"embeddable":true,"href":"https:\/\/ioasis.eu\/da\/wp-json\/wp\/v2\/media\/221"}],"wp:attachment":[{"href":"https:\/\/ioasis.eu\/da\/wp-json\/wp\/v2\/media?parent=473"}],"curies":[{"name":"wp","href":"https:\/\/api.w.org\/{rel}","templated":true}]}}