{"id":715,"date":"2024-01-22T13:54:49","date_gmt":"2024-01-22T12:54:49","guid":{"rendered":"https:\/\/ioasis.eu\/?page_id=715"},"modified":"2024-01-22T13:57:08","modified_gmt":"2024-01-22T12:57:08","slug":"discover-visionos-revolutionizing-your-apple-vision-pro-experience","status":"publish","type":"page","link":"https:\/\/ioasis.eu\/da\/blog\/opdag-visionos-der-revolutionerer-din-apple-vision-pro-oplevelse\/","title":{"rendered":"Oplev VisionOS: Revolutionering af din Apple Vision Pro-oplevelse"},"content":{"rendered":"<div data-elementor-type=\"wp-page\" data-elementor-id=\"715\" class=\"elementor elementor-715\">\n\t\t\t\t\t\t\t<div class=\"elementor-element elementor-element-4ce6fdf1 e-con-boxed e-flex e-con\" data-id=\"4ce6fdf1\" data-element_type=\"container\" data-settings=\"{&quot;content_width&quot;:&quot;boxed&quot;}\">\n\t\t\t\t\t<div class=\"e-con-inner\">\n\t\t\t\t<div class=\"elementor-element elementor-element-77815985 elementor-widget elementor-widget-heading\" data-id=\"77815985\" data-element_type=\"widget\" data-widget_type=\"heading.default\">\n\t\t\t\t<div class=\"elementor-widget-container\">\n\t\t\t<style>\/*! elementor - v3.13.3 - 28-05-2023 *\/\n.elementor-heading-title{padding:0;margin:0;line-height:1}.elementor-widget-heading .elementor-heading-title[class*=elementor-size-]>a{color:inherit;font-size:inherit;line-height:inherit}.elementor-widget-heading .elementor-heading-title.elementor-size-small{font-size:15px}.elementor-widget-heading .elementor-heading-title.elementor-size-medium{font-size:19px}.elementor-widget-heading .elementor-heading-title.elementor-size-large{font-size:29px}.elementor-widget-heading .elementor-heading-title.elementor-size-xl{font-size:39px}.elementor-widget-heading .elementor-heading-title.elementor-size-xxl{font-size:59px}<\/style><h1 class=\"elementor-heading-title elementor-size-default\">\nOplev VisionOS: Revolutionering af din Apple Vision Pro-oplevelse<\/h1>\t\t<\/div>\n\t\t\t\t<\/div>\n\t\t\t\t<div class=\"elementor-element elementor-element-2c8475f elementor-skin-carousel elementor-arrows-yes elementor-pagination-type-bullets elementor-pagination-position-outside elementor-widget elementor-widget-media-carousel\" data-id=\"2c8475f\" data-element_type=\"widget\" data-settings=\"{&quot;skin&quot;:&quot;carousel&quot;,&quot;effect&quot;:&quot;slide&quot;,&quot;show_arrows&quot;:&quot;yes&quot;,&quot;pagination&quot;:&quot;bullets&quot;,&quot;speed&quot;:500,&quot;autoplay&quot;:&quot;yes&quot;,&quot;autoplay_speed&quot;:5000,&quot;loop&quot;:&quot;yes&quot;,&quot;pause_on_hover&quot;:&quot;yes&quot;,&quot;pause_on_interaction&quot;:&quot;yes&quot;,&quot;space_between&quot;:{&quot;unit&quot;:&quot;px&quot;,&quot;size&quot;:10,&quot;sizes&quot;:[]},&quot;space_between_tablet&quot;:{&quot;unit&quot;:&quot;px&quot;,&quot;size&quot;:10,&quot;sizes&quot;:[]},&quot;space_between_mobile&quot;:{&quot;unit&quot;:&quot;px&quot;,&quot;size&quot;:10,&quot;sizes&quot;:[]}}\" data-widget_type=\"media-carousel.default\">\n\t\t\t\t<div class=\"elementor-widget-container\">\n\t\t\t<link rel=\"stylesheet\" href=\"https:\/\/ioasis.eu\/wp-content\/plugins\/elementor-pro\/assets\/css\/widget-carousel.min.css\">\t\t<div class=\"elementor-swiper\">\n\t\t\t<div class=\"elementor-main-swiper swiper\">\n\t\t\t\t<div class=\"swiper-wrapper\">\n\t\t\t\t\t\t\t\t\t\t\t<div class=\"swiper-slide\">\n\t\t\t\t\t\t\t\t\t<div class=\"elementor-carousel-image\" role=\"img\" aria-label=\"Apple Vision Pro Europa - VisionOS - hej\" style=\"background-image: url(&#039;https:\/\/ioasis.eu\/wp-content\/uploads\/2024\/01\/Apple-Vision-Pro-Europe-VisionOS-2.jpg&#039;)\">\n\n\t\t\t\n\t\t\t\t\t<\/div>\n\t\t\t\t\t\t\t\t<\/div>\n\t\t\t\t\t\t\t\t\t\t\t<div class=\"swiper-slide\">\n\t\t\t\t\t\t\t\t\t<div class=\"elementor-carousel-image\" role=\"img\" aria-label=\"Oplev VisionOS - Apple Vision Pro i Europa\" style=\"background-image: url(&#039;https:\/\/ioasis.eu\/wp-content\/uploads\/2024\/01\/session3_2x.jpg&#039;)\">\n\n\t\t\t\n\t\t\t\t\t<\/div>\n\t\t\t\t\t\t\t\t<\/div>\n\t\t\t\t\t\t\t\t\t\t\t<div class=\"swiper-slide\">\n\t\t\t\t\t\t\t\t\t<div class=\"elementor-carousel-image\" role=\"img\" aria-label=\"Apple Vision Pro Europa - VisionOS kontrolcenter\" style=\"background-image: url(&#039;https:\/\/ioasis.eu\/wp-content\/uploads\/2024\/01\/Apple-Vision-Pro-Europe-VisionOS-4.jpg&#039;)\">\n\n\t\t\t\n\t\t\t\t\t<\/div>\n\t\t\t\t\t\t\t\t<\/div>\n\t\t\t\t\t\t\t\t\t\t\t<div class=\"swiper-slide\">\n\t\t\t\t\t\t\t\t\t<div class=\"elementor-carousel-image\" role=\"img\" aria-label=\"Apple Vision Pro Europa - VisionOS rumlig demo\" style=\"background-image: url(&#039;https:\/\/ioasis.eu\/wp-content\/uploads\/2024\/01\/Apple-Vision-Pro-Europe-VisionOS-3.jpg&#039;)\">\n\n\t\t\t\n\t\t\t\t\t<\/div>\n\t\t\t\t\t\t\t\t<\/div>\n\t\t\t\t\t\t\t\t\t\t\t<div class=\"swiper-slide\">\n\t\t\t\t\t\t\t\t\t<div class=\"elementor-carousel-image\" role=\"img\" aria-label=\"Apple Vision Pro Europa - VisionOS knib for at zoome\" style=\"background-image: url(&#039;https:\/\/ioasis.eu\/wp-content\/uploads\/2024\/01\/Apple-Vision-Pro-Europe-VisionOS-5.jpg&#039;)\">\n\n\t\t\t\n\t\t\t\t\t<\/div>\n\t\t\t\t\t\t\t\t<\/div>\n\t\t\t\t\t\t\t\t\t<\/div>\n\t\t\t\t\t\t\t\t\t\t\t\t\t\t\t<div class=\"swiper-pagination\"><\/div>\n\t\t\t\t\t\t\t\t\t\t\t\t\t\t\t\t<div class=\"elementor-swiper-button elementor-swiper-button-prev\" role=\"button\" tabindex=\"0\">\n\t\t\t\t\t\t\t<i aria-hidden=\"true\" class=\"eicon-chevron-left\"><\/i>\t\t\t\t\t\t\t<span class=\"elementor-screen-only\">Tidligere<\/span>\n\t\t\t\t\t\t<\/div>\n\t\t\t\t\t\t<div class=\"elementor-swiper-button elementor-swiper-button-next\" role=\"button\" tabindex=\"0\">\n\t\t\t\t\t\t\t<i aria-hidden=\"true\" class=\"eicon-chevron-right\"><\/i>\t\t\t\t\t\t\t<span class=\"elementor-screen-only\">N\u00e6ste<\/span>\n\t\t\t\t\t\t<\/div>\n\t\t\t\t\t\t\t\t\t\t\t\t<\/div>\n\t\t<\/div>\n\t\t\t\t<\/div>\n\t\t\t\t<\/div>\n\t\t\t\t\t<\/div>\n\t\t\t\t<\/div>\n\t\t<div class=\"elementor-element elementor-element-5e683ed1 e-con-boxed e-flex e-con\" data-id=\"5e683ed1\" data-element_type=\"container\" data-settings=\"{&quot;content_width&quot;:&quot;boxed&quot;}\">\n\t\t\t\t\t<div class=\"e-con-inner\">\n\t\t\t\t<div class=\"elementor-element elementor-element-5a81c8c4 elementor-widget elementor-widget-text-editor\" data-id=\"5a81c8c4\" data-element_type=\"widget\" data-widget_type=\"text-editor.default\">\n\t\t\t\t<div class=\"elementor-widget-container\">\n\t\t\t<style>\/*! elementor - v3.13.3 - 28-05-2023 *\/\n.elementor-widget-text-editor.elementor-drop-cap-view-stacked .elementor-drop-cap{background-color:#69727d;color:#fff}.elementor-widget-text-editor.elementor-drop-cap-view-framed .elementor-drop-cap{color:#69727d;border:3px solid;background-color:transparent}.elementor-widget-text-editor:not(.elementor-drop-cap-view-default) .elementor-drop-cap{margin-top:8px}.elementor-widget-text-editor:not(.elementor-drop-cap-view-default) .elementor-drop-cap-letter{width:1em;height:1em}.elementor-widget-text-editor .elementor-drop-cap{float:left;text-align:center;line-height:1;font-size:50px}.elementor-widget-text-editor .elementor-drop-cap-letter{display:inline-block}<\/style>\t\t\t\t<p>Velkommen til en verden af VisionOS, det banebrydende operativsystem, der driver Apple Vision Pro. Som fremtidige ejere eller entusiaster af denne innovative enhed tr\u00e6der du ind i en verden, hvor den digitale og den fysiske verden smelter sammen uden problemer. VisionOS er mere end bare et operativsystem; det er en port til oplevelser og interaktioner, der omdefinerer vores virkelighedsopfattelse. Lad os dykke ned i, hvad der g\u00f8r VisionOS til en game-changer for almindelige brugere.<\/p><h2>Hvad er VisionOS?<\/h2><p>VisionOS er motoren bag Apple Vision Pro's rumlige computerfunktioner. Den er designet til at \u00e6ndre den m\u00e5de, vi interagerer med digitalt indhold p\u00e5, s\u00e5 det smelter sammen med vores fysiske omgivelser. Forestil dig apps og spil, der ikke bare sidder p\u00e5 en sk\u00e6rm, men er en del af din stue, dit kontor eller dine udend\u00f8rsarealer. Det er det magiske ved VisionOS - at skabe et \"uendeligt l\u00e6rred\", hvor gr\u00e6nserne mellem den digitale og den fysiske verden udviskes.<\/p><h3>En ny dimension af interaktivitet<\/h3><p>Med VisionOS er dine interaktioner ikke begr\u00e6nset til traditionelle 2D-gr\u00e6nseflader. I stedet interagerer du med apps og indhold i et 3D-rum omkring dig. Det betyder, at vinduer og applikationer kan se ud, som om de sv\u00e6ver i dit rum, eller du kan g\u00e5 rundt om et digitalt objekt for at se det fra forskellige vinkler. Niveauet af fordybelse og interaktion er uden sidestykke.<\/p><h3>Fuld plads: Den ultimative fordybende oplevelse<\/h3><p>En af de mest sp\u00e6ndende funktioner i VisionOS er \"Full Space\"-oplevelsen. N\u00e5r en app bruger Full Space, kan den overtage hele dit milj\u00f8 og forvandle det til en helt anden verden. Uanset om det er et spil, der transporterer dig til en fantasiverden, eller en uddannelsesapp, der tager dig med p\u00e5 en virtuel rundtur i gamle byer, g\u00f8r Full Space disse oplevelser altomfattende og utroligt virkelige.<\/p><h2>Brugeroplevelsen p\u00e5 VisionOS<\/h2><p>Som bruger af Apple Vision Pro tilbyder VisionOS en brugervenlig og intuitiv gr\u00e6nseflade. Den er bygget til at sikre, at uanset om du spiller spil, bruger produktivitetsapps eller udforsker nyt uddannelsesindhold, s\u00e5 er oplevelsen problemfri og fordybende.<\/p><h3>Intuitive interaktioner<\/h3><p>Interaktion med VisionOS f\u00f8les naturlig og intuitiv. Uanset om du \u00e6ndrer st\u00f8rrelsen p\u00e5 vinduer i dit f\u00e6lles rum, udforsker 3D-objekter eller navigerer gennem fordybende milj\u00f8er, er VisionOS designet til at v\u00e6re brugervenlig. Du beh\u00f8ver ikke at v\u00e6re teknisk ekspert for at navigere og nyde vidunderet ved spatial computing.<\/p><h3>Tilg\u00e6ngelighed og inklusion<\/h3><p>VisionOS er udviklet med tilg\u00e6ngelighed i centrum. Det sikrer, at alle, uanset deres fysiske evner, kan f\u00e5 adgang til de vidundere, der ligger i rumlig databehandling. Denne forpligtelse til inklusion betyder, at flere mennesker kan nyde, interagere med og drage fordel af de fordybende oplevelser, som VisionOS tilbyder.<\/p><h2>Klar til fremtiden<\/h2><p>Da vi st\u00e5r p\u00e5 randen af denne nye \u00e6ra af teknologi, er VisionOS din billet til en verden, hvor digitale oplevelser ikke l\u00e6ngere er begr\u00e6nset til sk\u00e6rme. Det er en sp\u00e6ndende tid at v\u00e6re en del af denne teknologiske revolution, og Apple Vision Pro, der drives af VisionOS, er p\u00e5 forkant.<\/p><h2>Konklusion<\/h2><p>VisionOS p\u00e5 Apple Vision Pro er ikke bare et teknologisk fremskridt; det er en ny m\u00e5de at opleve verden omkring os p\u00e5. Det lover at skabe et skift i, hvordan vi interagerer med digitalt indhold, s\u00e5 det bliver mere fordybende, intuitivt og tilg\u00e6ngeligt. N\u00e5r vi bev\u00e6ger os fremad, er mulighederne uendelige, og vi kan ikke vente med at se, hvordan VisionOS fortsat vil udvikle sig og revolutionere vores digitale oplevelser.<\/p><p>Hold \u00f8je med flere opdateringer og indblik i Apple Vision Pro og VisionOS. Fremtiden er her, og den er mere sp\u00e6ndende end nogensinde!<\/p><p>&#8212;<\/p><p>Uanset om du er teknologientusiast, gamer, underviser eller bare nysgerrig p\u00e5 teknologiens fremtid, er VisionOS noget, du skal gl\u00e6de dig til. Hold \u00f8je med denne side for at f\u00e5 flere oplysninger, n\u00e5r vi forts\u00e6tter med at udforske de utrolige muligheder i Apple Vision Pro og VisionOS.<\/p><p><a href=\"https:\/\/ioasis.eu\/da\/blog\/\"><span style=\"text-decoration: underline;\">Tilbage<\/span><\/a><\/p>\t\t\t\t\t\t<\/div>\n\t\t\t\t<\/div>\n\t\t\t\t\t<\/div>\n\t\t\t\t<\/div>\n\t\t\t\t\t\t\t<\/div>","protected":false},"excerpt":{"rendered":"<p>Velkommen til en verden af VisionOS, det banebrydende operativsystem, der driver Apple Vision Pro. Som fremtidige ejere eller entusiaster af denne innovative enhed tr\u00e6der du ind i en verden, hvor den digitale og den fysiske verden smelter sammen uden problemer.<\/p>","protected":false},"author":1,"featured_media":724,"parent":415,"menu_order":0,"comment_status":"closed","ping_status":"closed","template":"","meta":{"footnotes":""},"class_list":["post-715","page","type-page","status-publish","has-post-thumbnail","hentry"],"jetpack_sharing_enabled":true,"_links":{"self":[{"href":"https:\/\/ioasis.eu\/da\/wp-json\/wp\/v2\/pages\/715","targetHints":{"allow":["GET"]}}],"collection":[{"href":"https:\/\/ioasis.eu\/da\/wp-json\/wp\/v2\/pages"}],"about":[{"href":"https:\/\/ioasis.eu\/da\/wp-json\/wp\/v2\/types\/page"}],"author":[{"embeddable":true,"href":"https:\/\/ioasis.eu\/da\/wp-json\/wp\/v2\/users\/1"}],"replies":[{"embeddable":true,"href":"https:\/\/ioasis.eu\/da\/wp-json\/wp\/v2\/comments?post=715"}],"version-history":[{"count":13,"href":"https:\/\/ioasis.eu\/da\/wp-json\/wp\/v2\/pages\/715\/revisions"}],"predecessor-version":[{"id":734,"href":"https:\/\/ioasis.eu\/da\/wp-json\/wp\/v2\/pages\/715\/revisions\/734"}],"up":[{"embeddable":true,"href":"https:\/\/ioasis.eu\/da\/wp-json\/wp\/v2\/pages\/415"}],"wp:featuredmedia":[{"embeddable":true,"href":"https:\/\/ioasis.eu\/da\/wp-json\/wp\/v2\/media\/724"}],"wp:attachment":[{"href":"https:\/\/ioasis.eu\/da\/wp-json\/wp\/v2\/media?parent=715"}],"curies":[{"name":"wp","href":"https:\/\/api.w.org\/{rel}","templated":true}]}}