{"id":735,"date":"2024-01-22T14:09:22","date_gmt":"2024-01-22T13:09:22","guid":{"rendered":"https:\/\/ioasis.eu\/?page_id=735"},"modified":"2024-01-22T14:13:24","modified_gmt":"2024-01-22T13:13:24","slug":"apps-available-at-launch-on-apple-vision-pro","status":"publish","type":"page","link":"https:\/\/ioasis.eu\/da\/blog\/apps-tilgaengelige-ved-lanceringen-pa-apple-vision-pro\/","title":{"rendered":"Apps tilg\u00e6ngelige ved lancering p\u00e5 Apple Vision Pro"},"content":{"rendered":"<div data-elementor-type=\"wp-page\" data-elementor-id=\"735\" class=\"elementor elementor-735\">\n\t\t\t\t\t\t\t<div class=\"elementor-element elementor-element-6985dd02 e-con-boxed e-flex e-con\" data-id=\"6985dd02\" data-element_type=\"container\" data-settings=\"{&quot;content_width&quot;:&quot;boxed&quot;}\">\n\t\t\t\t\t<div class=\"e-con-inner\">\n\t\t\t\t<div class=\"elementor-element elementor-element-7a8b5baa elementor-widget elementor-widget-heading\" data-id=\"7a8b5baa\" data-element_type=\"widget\" data-widget_type=\"heading.default\">\n\t\t\t\t<div class=\"elementor-widget-container\">\n\t\t\t<style>\/*! elementor - v3.13.3 - 28-05-2023 *\/\n.elementor-heading-title{padding:0;margin:0;line-height:1}.elementor-widget-heading .elementor-heading-title[class*=elementor-size-]>a{color:inherit;font-size:inherit;line-height:inherit}.elementor-widget-heading .elementor-heading-title.elementor-size-small{font-size:15px}.elementor-widget-heading .elementor-heading-title.elementor-size-medium{font-size:19px}.elementor-widget-heading .elementor-heading-title.elementor-size-large{font-size:29px}.elementor-widget-heading .elementor-heading-title.elementor-size-xl{font-size:39px}.elementor-widget-heading .elementor-heading-title.elementor-size-xxl{font-size:59px}<\/style><h1 class=\"elementor-heading-title elementor-size-default\">\nApps tilg\u00e6ngelige ved lancering p\u00e5 Apple Vision Pro<\/h1>\t\t<\/div>\n\t\t\t\t<\/div>\n\t\t\t\t<div class=\"elementor-element elementor-element-3def60d8 elementor-skin-carousel elementor-arrows-yes elementor-pagination-type-bullets elementor-pagination-position-outside elementor-widget elementor-widget-media-carousel\" data-id=\"3def60d8\" data-element_type=\"widget\" data-settings=\"{&quot;skin&quot;:&quot;carousel&quot;,&quot;effect&quot;:&quot;slide&quot;,&quot;show_arrows&quot;:&quot;yes&quot;,&quot;pagination&quot;:&quot;bullets&quot;,&quot;speed&quot;:500,&quot;autoplay&quot;:&quot;yes&quot;,&quot;autoplay_speed&quot;:5000,&quot;loop&quot;:&quot;yes&quot;,&quot;pause_on_hover&quot;:&quot;yes&quot;,&quot;pause_on_interaction&quot;:&quot;yes&quot;,&quot;space_between&quot;:{&quot;unit&quot;:&quot;px&quot;,&quot;size&quot;:10,&quot;sizes&quot;:[]},&quot;space_between_tablet&quot;:{&quot;unit&quot;:&quot;px&quot;,&quot;size&quot;:10,&quot;sizes&quot;:[]},&quot;space_between_mobile&quot;:{&quot;unit&quot;:&quot;px&quot;,&quot;size&quot;:10,&quot;sizes&quot;:[]}}\" data-widget_type=\"media-carousel.default\">\n\t\t\t\t<div class=\"elementor-widget-container\">\n\t\t\t<link rel=\"stylesheet\" href=\"https:\/\/ioasis.eu\/wp-content\/plugins\/elementor-pro\/assets\/css\/widget-carousel.min.css\">\t\t<div class=\"elementor-swiper\">\n\t\t\t<div class=\"elementor-main-swiper swiper\">\n\t\t\t\t<div class=\"swiper-wrapper\">\n\t\t\t\t\t\t\t\t\t\t\t<div class=\"swiper-slide\">\n\t\t\t\t\t\t\t\t\t<div class=\"elementor-carousel-image\" role=\"img\" aria-label=\"Apple-Vision-Pro-Europe-entertainment-App-Store-Environments-Mount-Hood_big.jpg.large_2x\" style=\"background-image: url(&#039;https:\/\/ioasis.eu\/wp-content\/uploads\/2024\/01\/Apple-Vision-Pro-Europe-entertainment-App-Store-Environments-Mount-Hood_big.jpg.large_2x.jpg&#039;)\">\n\n\t\t\t\n\t\t\t\t\t<\/div>\n\t\t\t\t\t\t\t\t<\/div>\n\t\t\t\t\t\t\t\t\t\t\t<div class=\"swiper-slide\">\n\t\t\t\t\t\t\t\t\t<div class=\"elementor-carousel-image\" role=\"img\" aria-label=\"Apple-Vision-Pro-Europe-entertainment-Apple-Immersive-Video-Adventure_big.jpg.large_2x\" style=\"background-image: url(&#039;https:\/\/ioasis.eu\/wp-content\/uploads\/2024\/01\/Apple-Vision-Pro-Europe-entertainment-Apple-Immersive-Video-Adventure_big.jpg.large_2x.jpg&#039;)\">\n\n\t\t\t\n\t\t\t\t\t<\/div>\n\t\t\t\t\t\t\t\t<\/div>\n\t\t\t\t\t\t\t\t\t\t\t<div class=\"swiper-slide\">\n\t\t\t\t\t\t\t\t\t<div class=\"elementor-carousel-image\" role=\"img\" aria-label=\"Apple-Vision-Pro-Europe-entertainment-3D-movies-Dune_big.jpg.large_2x\" style=\"background-image: url(&#039;https:\/\/ioasis.eu\/wp-content\/uploads\/2024\/01\/Apple-Vision-Pro-Europe-entertainment-3D-movies-Dune_big.jpg.large_2x.jpg&#039;)\">\n\n\t\t\t\n\t\t\t\t\t<\/div>\n\t\t\t\t\t\t\t\t<\/div>\n\t\t\t\t\t\t\t\t\t\t\t<div class=\"swiper-slide\">\n\t\t\t\t\t\t\t\t\t<div class=\"elementor-carousel-image\" role=\"img\" aria-label=\"Apple-Vision-Pro-Europe-entertainment-Disney-Plus_big.jpg.large_2x\" style=\"background-image: url(&#039;https:\/\/ioasis.eu\/wp-content\/uploads\/2024\/01\/Apple-Vision-Pro-Europe-entertainment-Disney-Plus_big.jpg.large_2x.jpg&#039;)\">\n\n\t\t\t\n\t\t\t\t\t<\/div>\n\t\t\t\t\t\t\t\t<\/div>\n\t\t\t\t\t\t\t\t\t\t\t<div class=\"swiper-slide\">\n\t\t\t\t\t\t\t\t\t<div class=\"elementor-carousel-image\" role=\"img\" aria-label=\"Apple-Vision-Pro-Europe-entertainment-Apple-TV-Plus-The-Morning-Show_big.jpg.large_2x\" style=\"background-image: url(&#039;https:\/\/ioasis.eu\/wp-content\/uploads\/2024\/01\/Apple-Vision-Pro-Europe-entertainment-Apple-TV-Plus-The-Morning-Show_big.jpg.large_2x.jpg&#039;)\">\n\n\t\t\t\n\t\t\t\t\t<\/div>\n\t\t\t\t\t\t\t\t<\/div>\n\t\t\t\t\t\t\t\t\t\t\t<div class=\"swiper-slide\">\n\t\t\t\t\t\t\t\t\t<div class=\"elementor-carousel-image\" role=\"img\" aria-label=\"Apple-Vision-Pro-Europe-entertainment-MLS-Season-Pass_big.jpg.large_2x\" style=\"background-image: url(&#039;https:\/\/ioasis.eu\/wp-content\/uploads\/2024\/01\/Apple-Vision-Pro-Europe-entertainment-MLS-Season-Pass_big.jpg.large_2x.jpg&#039;)\">\n\n\t\t\t\n\t\t\t\t\t<\/div>\n\t\t\t\t\t\t\t\t<\/div>\n\t\t\t\t\t\t\t\t\t<\/div>\n\t\t\t\t\t\t\t\t\t\t\t\t\t\t\t<div class=\"swiper-pagination\"><\/div>\n\t\t\t\t\t\t\t\t\t\t\t\t\t\t\t\t<div class=\"elementor-swiper-button elementor-swiper-button-prev\" role=\"button\" tabindex=\"0\">\n\t\t\t\t\t\t\t<i aria-hidden=\"true\" class=\"eicon-chevron-left\"><\/i>\t\t\t\t\t\t\t<span class=\"elementor-screen-only\">Tidligere<\/span>\n\t\t\t\t\t\t<\/div>\n\t\t\t\t\t\t<div class=\"elementor-swiper-button elementor-swiper-button-next\" role=\"button\" tabindex=\"0\">\n\t\t\t\t\t\t\t<i aria-hidden=\"true\" class=\"eicon-chevron-right\"><\/i>\t\t\t\t\t\t\t<span class=\"elementor-screen-only\">N\u00e6ste<\/span>\n\t\t\t\t\t\t<\/div>\n\t\t\t\t\t\t\t\t\t\t\t\t<\/div>\n\t\t<\/div>\n\t\t\t\t<\/div>\n\t\t\t\t<\/div>\n\t\t\t\t\t<\/div>\n\t\t\t\t<\/div>\n\t\t<div class=\"elementor-element elementor-element-79660a15 e-con-boxed e-flex e-con\" data-id=\"79660a15\" data-element_type=\"container\" data-settings=\"{&quot;content_width&quot;:&quot;boxed&quot;}\">\n\t\t\t\t\t<div class=\"e-con-inner\">\n\t\t\t\t<div class=\"elementor-element elementor-element-13c8bc7d elementor-widget elementor-widget-text-editor\" data-id=\"13c8bc7d\" data-element_type=\"widget\" data-widget_type=\"text-editor.default\">\n\t\t\t\t<div class=\"elementor-widget-container\">\n\t\t\t<style>\/*! elementor - v3.13.3 - 28-05-2023 *\/\n.elementor-widget-text-editor.elementor-drop-cap-view-stacked .elementor-drop-cap{background-color:#69727d;color:#fff}.elementor-widget-text-editor.elementor-drop-cap-view-framed .elementor-drop-cap{color:#69727d;border:3px solid;background-color:transparent}.elementor-widget-text-editor:not(.elementor-drop-cap-view-default) .elementor-drop-cap{margin-top:8px}.elementor-widget-text-editor:not(.elementor-drop-cap-view-default) .elementor-drop-cap-letter{width:1em;height:1em}.elementor-widget-text-editor .elementor-drop-cap{float:left;text-align:center;line-height:1;font-size:50px}.elementor-widget-text-editor .elementor-drop-cap-letter{display:inline-block}<\/style>\t\t\t\t<p>N\u00e5r vi tr\u00e6der ind i Apple Vision Pro-\u00e6raen, \u00e5bner der sig en ny horisont af apps og underholdningsoplevelser. Dette revolutionerende mixed reality-headset, drevet af VisionOS, er klar til at \u00e6ndre vores interaktion med den digitale verden. I dette blogindl\u00e6g vil vi udforske det mangfoldige udvalg af apps og oplevelser, der vil v\u00e6re tilg\u00e6ngelige ved lanceringen af Apple Vision Pro.<\/p><h2>Fordybende underholdningsoplevelser<\/h2><h3>Apple Fordybende video<\/h3><p>Apple Vision Pro introducerer et nyt underholdningsformat kaldet Apple Immersive Video. Dette format indeholder 180-graders 3D 8K-optagelser med Spatial Audio, der transporterer seerne ind i hjertet af historier og oplevelser. Ved lanceringen kan brugerne nyde et kurateret udvalg af fordybende film og serier p\u00e5 Apple TV-appen, s\u00e5som Alicia Keys: Rehearsal Room, Adventure, Wild Life og Prehistoric Planet Immersive.<\/p><h3>Disney+ i 3D<\/h3><p>Disney+ vil tilbyde hele sit katalog i fantastisk 3D p\u00e5 Apple Vision Pro. Brugerne kan fordybe sig i Disney-inspirerede milj\u00f8er, herunder Disney+ Theater, Scare Floor fra Pixars Monsters Inc, Marvels Avengers Tower og cockpittet i Luke Skywalkers landspeeder fra Star Wars. Disse milj\u00f8er vil indeholde animationer, lyde og p\u00e5ske\u00e6g for at forbedre seeroplevelsen.<\/p><h3>G\u00e5 p\u00e5 opdagelse i dinosaurerne<\/h3><p>Apple Vision Pro leveres med appen Encounter Dinosaurs, som giver brugerne mulighed for at interagere med gigantiske, tredimensionelle dinosaurer. Denne app, som er inspireret af Jon Favreaus Prehistoric Planet, bringer disse \u00e6ldgamle v\u00e6sner til live i brugerens eget rum.<\/p><h2>3D-film og teateroplevelser<\/h2><p>Apple Vision Pro-brugere f\u00e5r adgang til over 150 3D-film fra de bedste studier, herunder de seneste hits som Avatar: The Way of Water, Dune og Spider-Man: Into the Spider-Verse. Disse film vil kunne lejes eller k\u00f8bes fra Apple TV-appen, og brugerne kan se dem med bem\u00e6rkelsesv\u00e6rdig dybde og klarhed ved hj\u00e6lp af Dolby Vision og Multiview High Efficiency Coding (MV-HEVC).<\/p><h2>Apple Arkade og App Store<\/h2><p>Den helt nye App Store p\u00e5 Apple Vision Pro vil indeholde mere end 1 million apps og over 250 spil p\u00e5 Apple Arcade, som tilbyder et omfattende udvalg af interaktiv underholdning og rumlige oplevelser, der er bygget til VisionOS. Brugerne kan forvente en verden af underholdning, der er skr\u00e6ddersyet til de rumlige computerfunktioner p\u00e5 Apple Vision Pro.<\/p><h2>Konklusion<\/h2><p>Lanceringen af Apple Vision Pro er ikke bare en milep\u00e6l inden for hardwareinnovation; det er et spring ind i en fremtid, hvor underholdning og apps er mere medrivende, interaktive og virkelighedstro end nogensinde f\u00f8r. Fra film, der omgiver dig, til dinosaurer, der vandrer rundt i din stue - Apple Vision Pro er klar til at omdefinere vores underholdningsoplevelse. N\u00e5r vi n\u00e6rmer os lanceringsdatoen, er sp\u00e6ndingen til at tage og f\u00f8le p\u00e5, og mulighederne synes uendelige.<\/p><p>Hold \u00f8je med flere opdateringer om Apple Vision Pro og den sp\u00e6ndende verden af apps og oplevelser, den bringer med sig. Fremtiden for fordybende underholdning er lige rundt om hj\u00f8rnet, og den er lysere end nogensinde!<\/p><p>&#8212;<\/p><p>Du kan f\u00e5 flere oplysninger om lanceringsapps og oplevelser p\u00e5 Apple Vision Pro ved at bes\u00f8ge Apple-webstedet eller f\u00f8lge tech news for at f\u00e5 de seneste opdateringer og anmeldelser.<\/p><p>\u00a0<\/p><p><a href=\"https:\/\/ioasis.eu\/da\/blog\/\"><span style=\"text-decoration: underline;\">Tilbage<\/span><\/a><\/p>\t\t\t\t\t\t<\/div>\n\t\t\t\t<\/div>\n\t\t\t\t\t<\/div>\n\t\t\t\t<\/div>\n\t\t\t\t\t\t\t<\/div>","protected":false},"excerpt":{"rendered":"<p>N\u00e5r vi tr\u00e6der ind i Apple Vision Pro-\u00e6raen, udfolder der sig en ny horisont af apps og underholdningsoplevelser. I dette blogindl\u00e6g vil vi udforske det mangfoldige udvalg af apps og oplevelser, der vil v\u00e6re tilg\u00e6ngelige ved lanceringen af Apple Vision Pro.<\/p>","protected":false},"author":1,"featured_media":737,"parent":415,"menu_order":0,"comment_status":"closed","ping_status":"closed","template":"","meta":{"footnotes":""},"class_list":["post-735","page","type-page","status-publish","has-post-thumbnail","hentry"],"jetpack_sharing_enabled":true,"_links":{"self":[{"href":"https:\/\/ioasis.eu\/da\/wp-json\/wp\/v2\/pages\/735","targetHints":{"allow":["GET"]}}],"collection":[{"href":"https:\/\/ioasis.eu\/da\/wp-json\/wp\/v2\/pages"}],"about":[{"href":"https:\/\/ioasis.eu\/da\/wp-json\/wp\/v2\/types\/page"}],"author":[{"embeddable":true,"href":"https:\/\/ioasis.eu\/da\/wp-json\/wp\/v2\/users\/1"}],"replies":[{"embeddable":true,"href":"https:\/\/ioasis.eu\/da\/wp-json\/wp\/v2\/comments?post=735"}],"version-history":[{"count":4,"href":"https:\/\/ioasis.eu\/da\/wp-json\/wp\/v2\/pages\/735\/revisions"}],"predecessor-version":[{"id":745,"href":"https:\/\/ioasis.eu\/da\/wp-json\/wp\/v2\/pages\/735\/revisions\/745"}],"up":[{"embeddable":true,"href":"https:\/\/ioasis.eu\/da\/wp-json\/wp\/v2\/pages\/415"}],"wp:featuredmedia":[{"embeddable":true,"href":"https:\/\/ioasis.eu\/da\/wp-json\/wp\/v2\/media\/737"}],"wp:attachment":[{"href":"https:\/\/ioasis.eu\/da\/wp-json\/wp\/v2\/media?parent=735"}],"curies":[{"name":"wp","href":"https:\/\/api.w.org\/{rel}","templated":true}]}}