{"id":47,"date":"2023-06-09T13:57:59","date_gmt":"2023-06-09T11:57:59","guid":{"rendered":"http:\/\/ioasis.eu\/?post_type=product&#038;p=47"},"modified":"2024-03-25T09:48:36","modified_gmt":"2024-03-25T08:48:36","slug":"apple-vision-pro","status":"publish","type":"product","link":"https:\/\/ioasis.eu\/da\/vare\/apple-vision-pro\/","title":{"rendered":"Apple Vision Pro"},"content":{"rendered":"<h4><strong>Oversigt<\/strong><\/h4>\n<p>Velkommen til en \u00e6ra af spatial computing med Apple Vision Pro. Denne revolutionerende enhed blander s\u00f8ml\u00f8st digitalt indhold med dit fysiske rum, s\u00e5 du kan navigere ved blot at bruge dine \u00f8jne, h\u00e6nder og stemme. Apple Vision Pro forandrer, hvordan du bruger de apps, du elsker, og g\u00f8r dine dr\u00f8mmes arbejdsplads til virkelighed - alt imens du er til stede i verden omkring dig. Det er en hidtil uset oplevelse, som du er n\u00f8dt til at se for at tro p\u00e5.<\/p>\n<h3><\/h3>\n<p>&nbsp;<\/p>\n<h4><strong>H\u00f8jdepunkter<\/strong><\/h4>\n<p><strong>Rumlig databehandling<\/strong>: Apple Vision Pro introducerer en ny \u00e6ra inden for spatial computing, hvor digitalt indhold smelter sammen med dit fysiske rum. Du kan navigere ved hj\u00e6lp af dine \u00f8jne, h\u00e6nder og stemme, s\u00e5 du kan g\u00f8re ting, du elsker, p\u00e5 m\u00e5der, der aldrig f\u00f8r har v\u00e6ret mulige.<\/p>\n<p><strong>Apps:<\/strong> Dine apps bor i dit rum. Med Vision Pro har du et uendeligt l\u00e6rred, der forvandler den m\u00e5de, du bruger dine yndlingsapps p\u00e5. Du kan arrangere apps hvor som helst og skalere dem til den perfekte st\u00f8rrelse og skabe dit dr\u00f8mmearbejdsomr\u00e5de, mens du er til stede i verden omkring dig.<\/p>\n<p><strong>Underholdning:<\/strong> Vision Pro kan forvandle ethvert rum til din personlige biograf. Udvid dine film, serier og spil op til den perfekte st\u00f8rrelse, mens du f\u00f8ler, at du er en del af handlingen med Spatial Audio. Og med flere pixels end et 4K-tv til hvert \u00f8je kan du nyde fantastisk indhold, uanset hvor du er.<\/p>\n<p><strong>Fotos og videoer:<\/strong> Vision Pro er Apple's f\u00f8rste 3D-kamera. Du kan tage magiske rumlige fotos og rumlige videoer i 3D og derefter genopleve de elskede \u00f8jeblikke som aldrig f\u00f8r med fordybende Spatial Audio. Dit eksisterende bibliotek af fotos og videoer ser utroligt ud i en bem\u00e6rkelsesv\u00e6rdig skala.<\/p>\n<p><strong>Forbindelse:<\/strong> Vision Pro g\u00f8r det nemt at samarbejde og oprette forbindelse, uanset hvor du er. FaceTime-videofliser er i naturlig st\u00f8rrelse, og n\u00e5r nye personer slutter sig til, udvides opkaldet simpelthen i dit rum. I FaceTime kan du ogs\u00e5 bruge apps til at samarbejde med kolleger om de samme dokumenter p\u00e5 samme tid.<\/p>\n<p><strong>Design:<\/strong> Apple Vision Pro er resultatet af \u00e5rtiers erfaring med at designe h\u00f8jtydende, mobile og b\u00e6rbare enheder. Den integrerer utrolig avanceret teknologi i en elegant, kompakt form, hvilket resulterer i en fantastisk oplevelse, hver gang du tager den p\u00e5.<\/p>\n<p><strong>VisionOS:<\/strong> visionOS er bygget p\u00e5 fundamentet af macOS, iOS og iPadOS og muligg\u00f8r kraftfulde rumlige oplevelser. Styr Vision Pro med dine \u00f8jne, h\u00e6nder og stemme - interaktionerne f\u00f8les intuitive og magiske.<\/p>\n<p><strong>Teknologi:<\/strong> Rumlige oplevelser p\u00e5 Vision Pro er kun mulige med den banebrydende Apple-teknologi. Sk\u00e6rme p\u00e5 st\u00f8rrelse med et frim\u00e6rke leverer flere pixels end et 4K-tv til hvert \u00f8je. Utrolige fremskridt inden for rumlig lyd. Et revolutionerende dual-chip-design med specialudviklet Apple-silicium. Et sofistikeret udvalg af kameraer og sensorer.<\/p>\n<p><strong>Privatliv og sikkerhed:<\/strong> Ligesom alle Apple-produkter og -tjenester er Vision Pro designet til at beskytte dit privatliv og give dig kontrol over dine data. Det bygger p\u00e5 fundamentet af eksisterende Apple privatlivs- og sikkerhedsfunktioner med nye teknologier som Optic ID, et sikkert autentificeringssystem, der bruger det unikke ved din iris.<\/p>","protected":false},"excerpt":{"rendered":"<p>Apple Vision Pro er en revolutionerende rumlig computerenhed, der problemfrit blander digitalt indhold med dit fysiske rum. Den giver en fordybende underholdningsoplevelse, et 3D-kamera til rumlige fotos og videoer og g\u00f8r det lettere at skabe meningsfulde forbindelser via FaceTime-videofliser i naturlig st\u00f8rrelse. Dens design integrerer avanceret teknologi i en kompakt form, og den drives af et unikt dual-chip-design, der giver fantastisk grafik og realtidsvisninger.<\/p>","protected":false},"featured_media":221,"template":"","meta":[],"product_cat":[31],"product_tag":[18,27,25,29,17,26,28,19],"class_list":["post-47","product","type-product","status-publish","has-post-thumbnail","hentry","product_cat-apple-vision-pro","product_tag-apple","product_tag-apple-ar","product_tag-apple-headset","product_tag-apple-vision","product_tag-apple-vision-pro","product_tag-apple-vr","product_tag-vision","product_tag-vision-pro"],"jetpack_sharing_enabled":true,"_links":{"self":[{"href":"https:\/\/ioasis.eu\/da\/wp-json\/wp\/v2\/product\/47","targetHints":{"allow":["GET"]}}],"collection":[{"href":"https:\/\/ioasis.eu\/da\/wp-json\/wp\/v2\/product"}],"about":[{"href":"https:\/\/ioasis.eu\/da\/wp-json\/wp\/v2\/types\/product"}],"wp:featuredmedia":[{"embeddable":true,"href":"https:\/\/ioasis.eu\/da\/wp-json\/wp\/v2\/media\/221"}],"wp:attachment":[{"href":"https:\/\/ioasis.eu\/da\/wp-json\/wp\/v2\/media?parent=47"}],"wp:term":[{"taxonomy":"product_cat","embeddable":true,"href":"https:\/\/ioasis.eu\/da\/wp-json\/wp\/v2\/product_cat?post=47"},{"taxonomy":"product_tag","embeddable":true,"href":"https:\/\/ioasis.eu\/da\/wp-json\/wp\/v2\/product_tag?post=47"}],"curies":[{"name":"wp","href":"https:\/\/api.w.org\/{rel}","templated":true}]}}