{"id":923,"date":"2024-02-03T01:20:32","date_gmt":"2024-02-03T00:20:32","guid":{"rendered":"https:\/\/ioasis.eu\/?post_type=product&#038;p=923"},"modified":"2024-02-03T01:20:33","modified_gmt":"2024-02-03T00:20:33","slug":"belkin-battery-holder-for-apple-vision-pro","status":"publish","type":"product","link":"https:\/\/ioasis.eu\/da\/vare\/belkin-batteriholder-til-apple-vision-pro\/","title":{"rendered":"Belkin Batteriholder til Apple Vision Pro"},"content":{"rendered":"<p>Batteriholderen er designet til at holde dit Apple Vision Pro-batteri sikkert og giver mulighed for en praktisk og alsidig h\u00e5ndfri oplevelse. Batteriholderen giver en hurtig og nem m\u00e5de at fastg\u00f8re batteriet til et b\u00e6lte eller bukser, mens stroppen p\u00e5 tv\u00e6rs af kroppen giver dem, der ikke har adgang til en clips, en god m\u00e5de at v\u00e6re h\u00e5ndfri p\u00e5, mens de oplever Apple Vision Pro.<\/p>\n<p>&nbsp;<\/p>\n<h3 class=\"rc-pdsection-title\" data-autom=\"sectionTitle\">H\u00f8jdepunkter<\/h3>\n<div class=\"para-list\">\n<p>Rem p\u00e5 tv\u00e6rs af kroppen til alsidig brug<\/p>\n<\/div>\n<div class=\"para-list as-pdp-lastparalist\">\n<p>Kabelclips til praktisk h\u00e5ndtering af kabler<\/p>\n<\/div>\n<p>&nbsp;<\/p>\n<div class=\"rc-pdsection-sidepanel column large-3 small-12\">\n<h3 class=\"rc-pdsection-title\" data-autom=\"sectionTitle\">Hvad er der i kassen?<\/h3>\n<\/div>\n<div class=\"rc-pdsection-mainpanel column large-9 small-12\">\n<div>\n<ul class=\"bulleted\">\n<li>Batteriholder til Apple Vision Pro<\/li>\n<li>Rem p\u00e5 tv\u00e6rs af kroppen<\/li>\n<li>Kabelclips<\/li>\n<li>Hurtig installationsvejledning<\/li>\n<\/ul>\n<\/div>\n<\/div>","protected":false},"excerpt":{"rendered":"<p>Batteriholderen er designet til at holde dit Apple Vision Pro-batteri sikkert og giver mulighed for en praktisk og alsidig h\u00e5ndfri oplevelse. Batteriholderen giver en hurtig og nem m\u00e5de at fastg\u00f8re batteriet til et b\u00e6lte eller bukser, mens stroppen p\u00e5 tv\u00e6rs af kroppen giver dem, der ikke har adgang til en clips, en god m\u00e5de at v\u00e6re h\u00e5ndfri p\u00e5, mens de oplever Apple Vision Pro.<\/p>","protected":false},"featured_media":926,"template":"","meta":[],"product_cat":[43,31],"product_tag":[45,44],"class_list":["post-923","product","type-product","status-publish","has-post-thumbnail","hentry","product_cat-accessories","product_cat-apple-vision-pro","product_tag-battery-holder-for-apple-vision-pro","product_tag-belkin-battery-holder-for-apple-vision-pro"],"jetpack_sharing_enabled":true,"_links":{"self":[{"href":"https:\/\/ioasis.eu\/da\/wp-json\/wp\/v2\/product\/923","targetHints":{"allow":["GET"]}}],"collection":[{"href":"https:\/\/ioasis.eu\/da\/wp-json\/wp\/v2\/product"}],"about":[{"href":"https:\/\/ioasis.eu\/da\/wp-json\/wp\/v2\/types\/product"}],"wp:featuredmedia":[{"embeddable":true,"href":"https:\/\/ioasis.eu\/da\/wp-json\/wp\/v2\/media\/926"}],"wp:attachment":[{"href":"https:\/\/ioasis.eu\/da\/wp-json\/wp\/v2\/media?parent=923"}],"wp:term":[{"taxonomy":"product_cat","embeddable":true,"href":"https:\/\/ioasis.eu\/da\/wp-json\/wp\/v2\/product_cat?post=923"},{"taxonomy":"product_tag","embeddable":true,"href":"https:\/\/ioasis.eu\/da\/wp-json\/wp\/v2\/product_tag?post=923"}],"curies":[{"name":"wp","href":"https:\/\/api.w.org\/{rel}","templated":true}]}}