{"id":942,"date":"2024-02-03T02:06:25","date_gmt":"2024-02-03T01:06:25","guid":{"rendered":"https:\/\/ioasis.eu\/?post_type=product&#038;p=942"},"modified":"2024-02-03T02:06:26","modified_gmt":"2024-02-03T01:06:26","slug":"apple-vision-pro-solo-knit-band","status":"publish","type":"product","link":"https:\/\/ioasis.eu\/da\/vare\/apple-vision-pro-solo-strikband\/","title":{"rendered":"Apple Vision Pro Solo Knit B\u00e5nd"},"content":{"rendered":"<p>Solo Knit-b\u00e5ndet er designet til Apple Vision Pro og er 3D-strikket i \u00e9t stykke for at skabe en unik ribstruktur, der giver st\u00f8dd\u00e6mpning, \u00e5ndbarhed og stretch. Den har en lettilg\u00e6ngelig Fit Dial, s\u00e5 du kan justere Apple Vision Pro til dit hoved og foretage mikrojusteringer under brug. Solo Knit-b\u00e5ndet fastg\u00f8res til audiostropperne med en enkel og sikker mekanisme, og udl\u00f8serfligene g\u00f8r, at du kan tage det af efter behov.<\/p>\n<p>&nbsp;<\/p>\n<div class=\"rc-pdsection-sidepanel column large-3 small-12\">\n<h3 class=\"rc-pdsection-title\" data-autom=\"sectionTitle\">Hvad er der i kassen?<\/h3>\n<\/div>\n<div class=\"rc-pdsection-mainpanel column large-9 small-12\">\n<div class=\"para-list as-pdp-lastparalist\">\n<p>Apple Vision Pro Solo Knit B\u00e5nd<\/p>\n<\/div>\n<\/div>","protected":false},"excerpt":{"rendered":"<p>Solo Knit-b\u00e5ndet er designet til Apple Vision Pro og er 3D-strikket i \u00e9t stykke for at skabe en unik ribstruktur, der giver st\u00f8dd\u00e6mpning, \u00e5ndbarhed og stretch.<\/p>","protected":false},"featured_media":945,"template":"","meta":[],"product_cat":[43,31],"product_tag":[59,62,63,61,60],"class_list":["post-942","product","type-product","status-publish","has-post-thumbnail","hentry","product_cat-accessories","product_cat-apple-vision-pro","product_tag-apple-vision-pro-solo-knit-band","product_tag-band","product_tag-headband","product_tag-knit-band","product_tag-solo-knit-band"],"jetpack_sharing_enabled":true,"_links":{"self":[{"href":"https:\/\/ioasis.eu\/da\/wp-json\/wp\/v2\/product\/942","targetHints":{"allow":["GET"]}}],"collection":[{"href":"https:\/\/ioasis.eu\/da\/wp-json\/wp\/v2\/product"}],"about":[{"href":"https:\/\/ioasis.eu\/da\/wp-json\/wp\/v2\/types\/product"}],"wp:featuredmedia":[{"embeddable":true,"href":"https:\/\/ioasis.eu\/da\/wp-json\/wp\/v2\/media\/945"}],"wp:attachment":[{"href":"https:\/\/ioasis.eu\/da\/wp-json\/wp\/v2\/media?parent=942"}],"wp:term":[{"taxonomy":"product_cat","embeddable":true,"href":"https:\/\/ioasis.eu\/da\/wp-json\/wp\/v2\/product_cat?post=942"},{"taxonomy":"product_tag","embeddable":true,"href":"https:\/\/ioasis.eu\/da\/wp-json\/wp\/v2\/product_tag?post=942"}],"curies":[{"name":"wp","href":"https:\/\/api.w.org\/{rel}","templated":true}]}}