{"id":342,"date":"2023-06-10T18:25:04","date_gmt":"2023-06-10T16:25:04","guid":{"rendered":"http:\/\/ioasis.eu\/?page_id=342"},"modified":"2024-01-18T17:45:12","modified_gmt":"2024-01-18T16:45:12","slug":"privacy-policy","status":"publish","type":"page","link":"https:\/\/ioasis.eu\/de\/datenschutzbestimmungen\/","title":{"rendered":"Datenschutzbestimmungen"},"content":{"rendered":"<div data-elementor-type=\"wp-page\" data-elementor-id=\"342\" class=\"elementor elementor-342\">\n\t\t\t\t\t\t\t<div class=\"elementor-element elementor-element-98f76c5 e-con-boxed e-flex e-con\" data-id=\"98f76c5\" data-element_type=\"container\" data-settings=\"{&quot;content_width&quot;:&quot;boxed&quot;}\">\n\t\t\t\t\t<div class=\"e-con-inner\">\n\t\t\t\t<div class=\"elementor-element elementor-element-17fc843 elementor-widget elementor-widget-heading\" data-id=\"17fc843\" data-element_type=\"widget\" data-widget_type=\"heading.default\">\n\t\t\t\t<div class=\"elementor-widget-container\">\n\t\t\t<style>\/*! elementor - v3.13.3 - 28-05-2023 *\/\n.elementor-heading-title{padding:0;margin:0;line-height:1}.elementor-widget-heading .elementor-heading-title[class*=elementor-size-]>a{color:inherit;font-size:inherit;line-height:inherit}.elementor-widget-heading .elementor-heading-title.elementor-size-small{font-size:15px}.elementor-widget-heading .elementor-heading-title.elementor-size-medium{font-size:19px}.elementor-widget-heading .elementor-heading-title.elementor-size-large{font-size:29px}.elementor-widget-heading .elementor-heading-title.elementor-size-xl{font-size:39px}.elementor-widget-heading .elementor-heading-title.elementor-size-xxl{font-size:59px}<\/style><h1 class=\"elementor-heading-title elementor-size-default\">Datenschutzbestimmungen<\/h1>\t\t<\/div>\n\t\t\t\t<\/div>\n\t\t\t\t<div class=\"elementor-element elementor-element-7ed18c3 elementor-widget elementor-widget-text-editor\" data-id=\"7ed18c3\" data-element_type=\"widget\" data-widget_type=\"text-editor.default\">\n\t\t\t\t<div class=\"elementor-widget-container\">\n\t\t\t<style>\/*! elementor - v3.13.3 - 28-05-2023 *\/\n.elementor-widget-text-editor.elementor-drop-cap-view-stacked .elementor-drop-cap{background-color:#69727d;color:#fff}.elementor-widget-text-editor.elementor-drop-cap-view-framed .elementor-drop-cap{color:#69727d;border:3px solid;background-color:transparent}.elementor-widget-text-editor:not(.elementor-drop-cap-view-default) .elementor-drop-cap{margin-top:8px}.elementor-widget-text-editor:not(.elementor-drop-cap-view-default) .elementor-drop-cap-letter{width:1em;height:1em}.elementor-widget-text-editor .elementor-drop-cap{float:left;text-align:center;line-height:1;font-size:50px}.elementor-widget-text-editor .elementor-drop-cap-letter{display:inline-block}<\/style>\t\t\t\t<p><strong>Einf\u00fchrung<\/strong><\/p><p>iOasis (\"wir\", \"uns\", \"unser\") respektiert Ihre Privatsph\u00e4re und verpflichtet sich, Ihre pers\u00f6nlichen Daten zu sch\u00fctzen. Diese Datenschutzerkl\u00e4rung informiert Sie dar\u00fcber, wie wir mit Ihren personenbezogenen Daten umgehen, welche Rechte Sie haben und wie das Gesetz Sie sch\u00fctzt.<\/p><p><strong>Welche Daten wir sammeln<\/strong><\/p><p>Wir k\u00f6nnen verschiedene Arten von personenbezogenen Daten \u00fcber Sie erheben, verwenden, speichern und weitergeben, einschlie\u00dflich:<\/p><ul><li>Identit\u00e4tsdaten: Dazu geh\u00f6ren Vorname, Nachname, Benutzername oder eine \u00e4hnliche Kennung.<\/li><li>Kontaktinformationen: Dazu geh\u00f6ren Rechnungsadresse, Lieferadresse, E-Mail-Adresse und Telefonnummern.<\/li><li>Finanzielle Daten: Dazu geh\u00f6ren Bankkonto- und Zahlungskartendaten.<\/li><li>Transaktionsdaten: Dazu geh\u00f6ren Details \u00fcber Zahlungen an und von Ihnen und andere Details \u00fcber Produkte, die Sie bei uns gekauft haben.<\/li><\/ul><p><strong>Wie wir Ihre Daten verwenden<\/strong><\/p><p>Wir werden Ihre personenbezogenen Daten nur dann verwenden, wenn das Gesetz es uns erlaubt. In den meisten F\u00e4llen werden wir Ihre personenbezogenen Daten in den folgenden F\u00e4llen verwenden:<\/p><ul><li>Um Ihre Bestellung zu bearbeiten und auszuliefern.<\/li><li>Um unsere Beziehung zu Ihnen zu verwalten.<\/li><li>Zur Verwaltung und zum Schutz unseres Unternehmens und unserer Website.<\/li><\/ul><p><strong>Datensicherheit<\/strong><\/p><p>Wir haben angemessene Sicherheitsma\u00dfnahmen ergriffen, um zu verhindern, dass Ihre pers\u00f6nlichen Daten versehentlich verloren gehen, verwendet oder auf unbefugte Weise aufgerufen, ver\u00e4ndert oder offengelegt werden.<\/p><p><strong>Aufbewahrung von Daten<\/strong><\/p><p>Wir werden Ihre personenbezogenen Daten nur so lange aufbewahren, wie es f\u00fcr die Erf\u00fcllung der Zwecke, f\u00fcr die wir sie gesammelt haben, erforderlich ist, einschlie\u00dflich der Erf\u00fcllung von gesetzlichen, buchhalterischen oder Berichterstattungsanforderungen.<\/p><p><strong>Ihre gesetzlichen Rechte<\/strong><\/p><p>Unter bestimmten Umst\u00e4nden haben Sie nach den Datenschutzgesetzen Rechte in Bezug auf Ihre personenbezogenen Daten, einschlie\u00dflich des Rechts, Zugang zu Ihren personenbezogenen Daten zu verlangen, die Berichtigung Ihrer personenbezogenen Daten zu verlangen, die L\u00f6schung Ihrer personenbezogenen Daten zu verlangen und vieles mehr.<\/p><p><strong>Kontakt<\/strong><\/p><p>Wenn Sie Fragen zu dieser Datenschutzerkl\u00e4rung oder unseren Datenschutzpraktiken haben, kontaktieren Sie uns bitte unter <a href=\"mailto:shop@ioasis.eu\">shop@ioasis.eu<\/a>.<\/p><p><strong>Haftungsausschluss f\u00fcr Nicht-Zugeh\u00f6rigkeit<\/strong><\/p><p>iOasis ist ein unabh\u00e4ngiges Einzelhandelsunternehmen und ist nicht mit Apple Inc. verbunden, gebilligt oder assoziiert.<\/p><p>Alle Apple Produkte, die auf unserer Website verkauft werden, sind 100% original und authentisch, erworben \u00fcber legale Kan\u00e4le.<\/p><p>Alle Warenzeichen, einschlie\u00dflich, aber nicht beschr\u00e4nkt auf die Warenzeichen von Apple, sind Eigentum ihrer jeweiligen Inhaber und werden nur zu Identifikationszwecken verwendet.<\/p><p>Unsere Gesch\u00e4ftst\u00e4tigkeit steht im Einklang mit den lokalen und regionalen Gesetzen und Vorschriften f\u00fcr den Verkauf von Unterhaltungselektronik.<\/p><p>Es gibt keine Zugeh\u00f6rigkeit, kein Sponsoring, keine Bef\u00fcrwortung oder Partnerschaft mit Apple Inc.<\/p>\t\t\t\t\t\t<\/div>\n\t\t\t\t<\/div>\n\t\t\t\t\t<\/div>\n\t\t\t\t<\/div>\n\t\t\t\t\t\t\t<\/div>","protected":false},"excerpt":{"rendered":"<p>Einf\u00fchrung in die Datenschutzpolitik iOasis (\"wir\", \"uns\", \"unser\") respektiert Ihre Privatsph\u00e4re und verpflichtet sich, Ihre pers\u00f6nlichen Daten zu sch\u00fctzen. Diese Datenschutzrichtlinie informiert Sie dar\u00fcber, wie wir mit Ihren pers\u00f6nlichen Daten umgehen, welche Rechte Sie haben und wie das Gesetz Sie sch\u00fctzt. Welche Daten wir sammeln Wir k\u00f6nnen verschiedene Arten von personenbezogenen Daten sammeln, verwenden, speichern und weitergeben [...]<\/p>","protected":false},"author":1,"featured_media":0,"parent":0,"menu_order":0,"comment_status":"closed","ping_status":"closed","template":"","meta":{"footnotes":""},"class_list":["post-342","page","type-page","status-publish","hentry"],"jetpack_sharing_enabled":true,"_links":{"self":[{"href":"https:\/\/ioasis.eu\/de\/wp-json\/wp\/v2\/pages\/342","targetHints":{"allow":["GET"]}}],"collection":[{"href":"https:\/\/ioasis.eu\/de\/wp-json\/wp\/v2\/pages"}],"about":[{"href":"https:\/\/ioasis.eu\/de\/wp-json\/wp\/v2\/types\/page"}],"author":[{"embeddable":true,"href":"https:\/\/ioasis.eu\/de\/wp-json\/wp\/v2\/users\/1"}],"replies":[{"embeddable":true,"href":"https:\/\/ioasis.eu\/de\/wp-json\/wp\/v2\/comments?post=342"}],"version-history":[{"count":13,"href":"https:\/\/ioasis.eu\/de\/wp-json\/wp\/v2\/pages\/342\/revisions"}],"predecessor-version":[{"id":540,"href":"https:\/\/ioasis.eu\/de\/wp-json\/wp\/v2\/pages\/342\/revisions\/540"}],"wp:attachment":[{"href":"https:\/\/ioasis.eu\/de\/wp-json\/wp\/v2\/media?parent=342"}],"curies":[{"name":"wp","href":"https:\/\/api.w.org\/{rel}","templated":true}]}}