{"id":423,"date":"2023-06-11T01:21:47","date_gmt":"2023-06-10T23:21:47","guid":{"rendered":"https:\/\/ioasis.eu\/?page_id=423"},"modified":"2023-06-11T01:29:19","modified_gmt":"2023-06-10T23:29:19","slug":"apple-vision-pro-a-revolutionary-leap-in-spatial-computing","status":"publish","type":"page","link":"https:\/\/ioasis.eu\/de\/blog\/apple-vision-pro-ein-revolutionarer-sprung-in-der-raumlichen-datenverarbeitung\/","title":{"rendered":"Apple Vision Pro: Ein revolution\u00e4rer Sprung im r\u00e4umlichen Rechnen"},"content":{"rendered":"<div data-elementor-type=\"wp-page\" data-elementor-id=\"423\" class=\"elementor elementor-423\">\n\t\t\t\t\t\t\t<div class=\"elementor-element elementor-element-ed8a82d e-con-boxed e-flex e-con\" data-id=\"ed8a82d\" data-element_type=\"container\" data-settings=\"{&quot;content_width&quot;:&quot;boxed&quot;}\">\n\t\t\t\t\t<div class=\"e-con-inner\">\n\t\t\t\t<div class=\"elementor-element elementor-element-12c54b24 elementor-widget elementor-widget-heading\" data-id=\"12c54b24\" data-element_type=\"widget\" data-widget_type=\"heading.default\">\n\t\t\t\t<div class=\"elementor-widget-container\">\n\t\t\t<style>\/*! elementor - v3.13.3 - 28-05-2023 *\/\n.elementor-heading-title{padding:0;margin:0;line-height:1}.elementor-widget-heading .elementor-heading-title[class*=elementor-size-]>a{color:inherit;font-size:inherit;line-height:inherit}.elementor-widget-heading .elementor-heading-title.elementor-size-small{font-size:15px}.elementor-widget-heading .elementor-heading-title.elementor-size-medium{font-size:19px}.elementor-widget-heading .elementor-heading-title.elementor-size-large{font-size:29px}.elementor-widget-heading .elementor-heading-title.elementor-size-xl{font-size:39px}.elementor-widget-heading .elementor-heading-title.elementor-size-xxl{font-size:59px}<\/style><h1 class=\"elementor-heading-title elementor-size-default\">Apple Vision Pro: Ein revolution\u00e4rer Sprung im r\u00e4umlichen Rechnen<\/h1>\t\t<\/div>\n\t\t\t\t<\/div>\n\t\t\t\t\t<\/div>\n\t\t\t\t<\/div>\n\t\t<div class=\"elementor-element elementor-element-3aacda91 e-con-boxed e-flex e-con\" data-id=\"3aacda91\" data-element_type=\"container\" data-settings=\"{&quot;content_width&quot;:&quot;boxed&quot;}\">\n\t\t\t\t\t<div class=\"e-con-inner\">\n\t\t\t\t<div class=\"elementor-element elementor-element-25fe96a elementor-widget elementor-widget-text-editor\" data-id=\"25fe96a\" data-element_type=\"widget\" data-widget_type=\"text-editor.default\">\n\t\t\t\t<div class=\"elementor-widget-container\">\n\t\t\t<style>\/*! elementor - v3.13.3 - 28-05-2023 *\/\n.elementor-widget-text-editor.elementor-drop-cap-view-stacked .elementor-drop-cap{background-color:#69727d;color:#fff}.elementor-widget-text-editor.elementor-drop-cap-view-framed .elementor-drop-cap{color:#69727d;border:3px solid;background-color:transparent}.elementor-widget-text-editor:not(.elementor-drop-cap-view-default) .elementor-drop-cap{margin-top:8px}.elementor-widget-text-editor:not(.elementor-drop-cap-view-default) .elementor-drop-cap-letter{width:1em;height:1em}.elementor-widget-text-editor .elementor-drop-cap{float:left;text-align:center;line-height:1;font-size:50px}.elementor-widget-text-editor .elementor-drop-cap-letter{display:inline-block}<\/style>\t\t\t\t<p>Apple steht seit jeher an der Spitze der technologischen Innovation, und ihr neuestes Produkt, das Apple Vision Pro, bildet da keine Ausnahme. Dieses bahnbrechende Ger\u00e4t wird die Art und Weise, wie wir mit digitalen Inhalten interagieren, neu definieren und bietet eine nahtlose Verschmelzung der digitalen und physischen Welt. In diesem Blog-Beitrag gehen wir n\u00e4her auf die Funktionen und M\u00f6glichkeiten des Apple Vision Pro ein und zeigen auf, warum es die Welt des Spatial Computing grundlegend ver\u00e4ndern wird.<\/p><h6>Spatial Computing neu definiert<\/h6><p>Das Apple Vision Pro l\u00e4utet eine neue \u00c4ra der r\u00e4umlichen Datenverarbeitung ein. Es erm\u00f6glicht den Nutzern die Navigation in der digitalen Welt, indem sie einfach ihre Augen, H\u00e4nde und ihre Stimme benutzen. Dieses intuitive Interaktionssystem ver\u00e4ndert die Art und Weise, wie wir Dinge tun, und erm\u00f6glicht es uns, mit digitalen Inhalten auf eine Weise zu interagieren, die nie zuvor m\u00f6glich war.<\/p><h2>\u00a0<\/h2><h6>Immersives Unterhaltungserlebnis<\/h6><p>Das Apple Vision Pro ist nicht nur ein Ger\u00e4t, sondern ein Kraftpaket der Unterhaltung. Er kann jeden Raum in Ihr pers\u00f6nliches Kino verwandeln, indem er Ihre Filme, Shows und Spiele auf die perfekte Gr\u00f6\u00dfe vergr\u00f6\u00dfert und Ihnen mit Spatial Audio das Gef\u00fchl gibt, Teil der Action zu sein. Mit mehr Pixeln als ein 4K-Fernseher f\u00fcr jedes Auge k\u00f6nnen Sie atemberaubende Inhalte genie\u00dfen, wo immer Sie sind.<\/p><h6>\u00a0<\/h6><h6>Erinnerungen in 3D festhalten<\/h6><p>Das Vision Pro ist das erste Ger\u00e4t von Apple mit einer 3D-Kamera. Damit k\u00f6nnen Sie r\u00e4umliche Fotos und Videos in 3D aufnehmen und die sch\u00f6nsten Momente mit immersivem Spatial Audio wieder erleben. Ihre vorhandene Foto- und Videobibliothek sieht in einem bemerkenswerten Ma\u00dfstab unglaublich gut aus, und Panoramabilder umschlie\u00dfen Sie, sodass Sie das Gef\u00fchl haben, genau dort zu stehen, wo Sie sie aufgenommen haben.<\/p><h6>\u00a0<\/h6><h6>Verbinden im selben Raum<\/h6><p>Mit dem Vision Pro k\u00f6nnen Sie \u00fcberall zusammenarbeiten und sich verbinden. FaceTime-Videokacheln sind lebensgro\u00df, und wenn neue Personen hinzukommen, erweitert sich das Gespr\u00e4ch einfach in Ihrem Raum. Innerhalb von FaceTime k\u00f6nnen Sie auch Apps verwenden, um mit Kollegen gleichzeitig an denselben Dokumenten zu arbeiten.<\/p><h6>\u00a0<\/h6><h6>Elegantes Design und fortschrittliche Technologie<\/h6><p>Das Apple Vision Pro ist das Ergebnis jahrzehntelanger Erfahrung in der Entwicklung leistungsstarker, mobiler und tragbarer Ger\u00e4te. Es integriert unglaublich fortschrittliche Technologie in eine elegante, kompakte Form, die jedes Mal, wenn Sie es anlegen, zu einem erstaunlichen Erlebnis wird. Das Ger\u00e4t besteht aus einem einzigen St\u00fcck dreidimensional geformten Verbundglases, das in einen Rahmen aus einer Aluminiumlegierung \u00fcbergeht und sich so um Ihr Gesicht w\u00f6lbt.<\/p><h6>\u00a0<\/h6><h6>Stromversorgung des Vision Pro<\/h6><p>Das Vision Pro wird von einem einzigartigen Dual-Chip-Design angetrieben. Der leistungsstarke M2-Chip f\u00fchrt gleichzeitig das visionOS aus, f\u00fchrt fortschrittliche Computer-Vision-Algorithmen aus und liefert atemberaubende Grafiken - und das alles mit unglaublicher Effizienz. Der brandneue R1-Chip ist speziell f\u00fcr die Verarbeitung der Eingaben von den Kameras, Sensoren und Mikrofonen zust\u00e4ndig und \u00fcbertr\u00e4gt die Bilder innerhalb von 12 Millisekunden auf die Displays - f\u00fcr eine nahezu verz\u00f6gerungsfreie Echtzeitansicht der Welt.<\/p><h6>\u00a0<\/h6><h6>Datenschutz und Sicherheit<\/h6><p>Wie alle Apple-Produkte und -Dienste wurde auch das Vision Pro entwickelt, um Ihre Privatsph\u00e4re zu sch\u00fctzen und Ihnen die Kontrolle \u00fcber Ihre Daten zu geben. Es baut auf der Grundlage der bestehenden Datenschutz- und Sicherheitsfunktionen des Apple auf und bietet neue Technologien wie Optic ID, ein sicheres Authentifizierungssystem, das die Einzigartigkeit Ihrer Iris nutzt.<\/p><h6>\u00a0<\/h6><h6>Schlussfolgerung<\/h6><p>Das Apple Vision Pro ist mehr als nur ein Ger\u00e4t; es ist ein revolution\u00e4rer Sprung in der r\u00e4umlichen Datenverarbeitung. Es bietet ein immersives, intuitives und interaktives Erlebnis, das digitale Inhalte nahtlos mit Ihrem physischen Raum verbindet. Ganz gleich, ob Sie nach einer neuen Art zu arbeiten, zu spielen oder sich zu vernetzen suchen, das Apple Vision Pro wird Ihr digitales Leben ver\u00e4ndern.<\/p><p>Mit seinen bahnbrechenden Funktionen und M\u00f6glichkeiten ist es kein Wunder, dass das Apple Vision Pro das n\u00e4chste gro\u00dfe Ding in der Welt der Technologie sein wird. Sind Sie also bereit, mit dem Apple Vision Pro in die Zukunft zu gehen?<\/p><p><a href=\"https:\/\/ioasis.eu\/de\/blog\/\"><span style=\"text-decoration: underline;\">Zur\u00fcck<\/span><\/a><\/p>\t\t\t\t\t\t<\/div>\n\t\t\t\t<\/div>\n\t\t\t\t\t<\/div>\n\t\t\t\t<\/div>\n\t\t\t\t\t\t\t<\/div>","protected":false},"excerpt":{"rendered":"<p>Apple steht seit jeher an der Spitze der technologischen Innovation, und ihr neuestes Produkt, das Apple Vision Pro, bildet da keine Ausnahme. Dieses bahnbrechende Ger\u00e4t wird die Art und Weise, wie wir mit digitalen Inhalten interagieren, neu definieren und bietet eine nahtlose Verschmelzung der digitalen und physischen Welt. In diesem Blog-Beitrag gehen wir n\u00e4her auf die Funktionen und M\u00f6glichkeiten des Apple Vision Pro ein und zeigen auf, warum es die Welt des Spatial Computing grundlegend ver\u00e4ndern wird.<\/p>","protected":false},"author":1,"featured_media":225,"parent":415,"menu_order":0,"comment_status":"closed","ping_status":"closed","template":"","meta":{"footnotes":""},"class_list":["post-423","page","type-page","status-publish","has-post-thumbnail","hentry"],"jetpack_sharing_enabled":true,"_links":{"self":[{"href":"https:\/\/ioasis.eu\/de\/wp-json\/wp\/v2\/pages\/423","targetHints":{"allow":["GET"]}}],"collection":[{"href":"https:\/\/ioasis.eu\/de\/wp-json\/wp\/v2\/pages"}],"about":[{"href":"https:\/\/ioasis.eu\/de\/wp-json\/wp\/v2\/types\/page"}],"author":[{"embeddable":true,"href":"https:\/\/ioasis.eu\/de\/wp-json\/wp\/v2\/users\/1"}],"replies":[{"embeddable":true,"href":"https:\/\/ioasis.eu\/de\/wp-json\/wp\/v2\/comments?post=423"}],"version-history":[{"count":4,"href":"https:\/\/ioasis.eu\/de\/wp-json\/wp\/v2\/pages\/423\/revisions"}],"predecessor-version":[{"id":427,"href":"https:\/\/ioasis.eu\/de\/wp-json\/wp\/v2\/pages\/423\/revisions\/427"}],"up":[{"embeddable":true,"href":"https:\/\/ioasis.eu\/de\/wp-json\/wp\/v2\/pages\/415"}],"wp:featuredmedia":[{"embeddable":true,"href":"https:\/\/ioasis.eu\/de\/wp-json\/wp\/v2\/media\/225"}],"wp:attachment":[{"href":"https:\/\/ioasis.eu\/de\/wp-json\/wp\/v2\/media?parent=423"}],"curies":[{"name":"wp","href":"https:\/\/api.w.org\/{rel}","templated":true}]}}