{"id":428,"date":"2023-06-11T12:24:25","date_gmt":"2023-06-11T10:24:25","guid":{"rendered":"https:\/\/ioasis.eu\/?page_id=428"},"modified":"2023-06-11T12:30:38","modified_gmt":"2023-06-11T10:30:38","slug":"about-us","status":"publish","type":"page","link":"https:\/\/ioasis.eu\/de\/uber-uns\/","title":{"rendered":"\u00dcber uns"},"content":{"rendered":"<div data-elementor-type=\"wp-page\" data-elementor-id=\"428\" class=\"elementor elementor-428\">\n\t\t\t\t\t\t\t<div class=\"elementor-element elementor-element-1b91b5a9 e-con-boxed e-flex e-con\" data-id=\"1b91b5a9\" data-element_type=\"container\" data-settings=\"{&quot;background_background&quot;:&quot;classic&quot;,&quot;content_width&quot;:&quot;boxed&quot;}\">\n\t\t\t\t\t<div class=\"e-con-inner\">\n\t\t\t\t\t<\/div>\n\t\t\t\t<\/div>\n\t\t<div class=\"elementor-element elementor-element-af282b4 e-con-boxed e-flex e-con\" data-id=\"af282b4\" data-element_type=\"container\" data-settings=\"{&quot;background_background&quot;:&quot;classic&quot;,&quot;content_width&quot;:&quot;boxed&quot;}\">\n\t\t\t\t\t<div class=\"e-con-inner\">\n\t\t\t\t<div class=\"elementor-element elementor-element-2ee83fa elementor-widget elementor-widget-heading\" data-id=\"2ee83fa\" data-element_type=\"widget\" data-widget_type=\"heading.default\">\n\t\t\t\t<div class=\"elementor-widget-container\">\n\t\t\t<style>\/*! elementor - v3.13.3 - 28-05-2023 *\/\n.elementor-heading-title{padding:0;margin:0;line-height:1}.elementor-widget-heading .elementor-heading-title[class*=elementor-size-]>a{color:inherit;font-size:inherit;line-height:inherit}.elementor-widget-heading .elementor-heading-title.elementor-size-small{font-size:15px}.elementor-widget-heading .elementor-heading-title.elementor-size-medium{font-size:19px}.elementor-widget-heading .elementor-heading-title.elementor-size-large{font-size:29px}.elementor-widget-heading .elementor-heading-title.elementor-size-xl{font-size:39px}.elementor-widget-heading .elementor-heading-title.elementor-size-xxl{font-size:59px}<\/style><h1 class=\"elementor-heading-title elementor-size-default\">\u00dcber uns<\/h1>\t\t<\/div>\n\t\t\t\t<\/div>\n\t\t\t\t\t<\/div>\n\t\t\t\t<\/div>\n\t\t<div class=\"elementor-element elementor-element-7b79ea19 e-con-boxed e-flex e-con\" data-id=\"7b79ea19\" data-element_type=\"container\" data-settings=\"{&quot;content_width&quot;:&quot;boxed&quot;}\">\n\t\t\t\t\t<div class=\"e-con-inner\">\n\t\t\t\t<div class=\"elementor-element elementor-element-5f8cc052 elementor-widget elementor-widget-text-editor\" data-id=\"5f8cc052\" data-element_type=\"widget\" data-widget_type=\"text-editor.default\">\n\t\t\t\t<div class=\"elementor-widget-container\">\n\t\t\t<style>\/*! elementor - v3.13.3 - 28-05-2023 *\/\n.elementor-widget-text-editor.elementor-drop-cap-view-stacked .elementor-drop-cap{background-color:#69727d;color:#fff}.elementor-widget-text-editor.elementor-drop-cap-view-framed .elementor-drop-cap{color:#69727d;border:3px solid;background-color:transparent}.elementor-widget-text-editor:not(.elementor-drop-cap-view-default) .elementor-drop-cap{margin-top:8px}.elementor-widget-text-editor:not(.elementor-drop-cap-view-default) .elementor-drop-cap-letter{width:1em;height:1em}.elementor-widget-text-editor .elementor-drop-cap{float:left;text-align:center;line-height:1;font-size:50px}.elementor-widget-text-editor .elementor-drop-cap-letter{display:inline-block}<\/style>\t\t\t\t<p>Willkommen bei iOasis, Ihrer ersten Adresse f\u00fcr die neuesten und besten Apple-Produkte. Wir sind mehr als nur ein Wiederverk\u00e4ufer; wir sind eine Gemeinschaft von Apple-Enthusiasten, die sich daf\u00fcr einsetzen, Ihnen die innovativste Technologie zu bieten, sobald sie auf den Markt kommt.<\/p><p>iOasis wurde 2007 in Hamburg gegr\u00fcndet und entstand aus einer tiefen Leidenschaft f\u00fcr die bahnbrechenden Produkte von Apple und dem Wunsch, diese f\u00fcr jeden und \u00fcberall zug\u00e4nglich zu machen. Unser Gr\u00fcnder, ein langj\u00e4hriger Apple-Liebhaber, sah eine Marktl\u00fccke f\u00fcr einen engagierten, kundenorientierten Apple-Wiederverk\u00e4ufer in Europa. Mit der Vision, diese L\u00fccke zu schlie\u00dfen, wurde iOasis ins Leben gerufen.<\/p><p>Im Laufe der Jahre haben wir uns von einem kleinen Startup zu einem vertrauensw\u00fcrdigen Namen in der Apple-Community entwickelt. Unser Engagement f\u00fcr den Kundenservice und unsere F\u00e4higkeit, Apple-Produkte vor ihrer lokalen Markteinf\u00fchrung zu liefern, haben uns von der Konkurrenz abgehoben. Wir haben die Verf\u00fcgbarkeit von Apple-Produkten in der Vergangenheit erfolgreich beschleunigt, darunter das Original-iPhone, das iPad und die Apple-Uhr, und wir freuen uns darauf, das Gleiche mit dem revolution\u00e4ren Apple Vision Pro zu tun.<\/p><p>Bei iOasis glauben wir an die transformative Kraft der Technologie. Wir sehen, wie Apple-Produkte die Art und Weise ver\u00e4ndern, wie Menschen arbeiten, lernen, schaffen und sich vernetzen. Unser Ziel ist es, Ihnen diese bahnbrechenden Produkte zu pr\u00e4sentieren, sobald sie verf\u00fcgbar sind, damit Sie die Zukunft schon heute erleben k\u00f6nnen.<\/p><p>Aber es geht uns nicht nur um den Verkauf von Produkten. Uns geht es darum, ein nahtloses Kundenerlebnis zu schaffen. Von dem Moment, in dem Sie Ihr Apple Vision Pro vorbestellen, bis zu dem Moment, in dem es bei Ihnen eintrifft, begleiten wir Sie bei jedem Schritt auf dem Weg. Unser engagiertes Team von Apple-Experten ist immer bereit, Ihnen bei Fragen oder Problemen zu helfen.<\/p><p>Es geht uns auch darum, eine Gemeinschaft aufzubauen. Wir lieben es, mit unseren Kunden in Kontakt zu treten und ihre Geschichten zu h\u00f6ren. Egal, ob Sie ein Technik-Enthusiast, ein Kreativprofi oder einfach ein Liebhaber von Apple-Produkten sind, wir laden Sie ein, unserer Community beizutreten und Ihre Erfahrungen zu teilen.<\/p><p>Vielen Dank, dass Sie sich f\u00fcr iOasis entschieden haben. Wir freuen uns darauf, diese technologische Reise mit Ihnen anzutreten.<\/p>\t\t\t\t\t\t<\/div>\n\t\t\t\t<\/div>\n\t\t\t\t\t<\/div>\n\t\t\t\t<\/div>\n\t\t<div class=\"elementor-element elementor-element-298bdba9 e-con-boxed e-flex e-con\" data-id=\"298bdba9\" data-element_type=\"container\" data-settings=\"{&quot;content_width&quot;:&quot;boxed&quot;}\">\n\t\t\t\t\t<div class=\"e-con-inner\">\n\t\t\t\t<div class=\"elementor-element elementor-element-3ffab340 elementor-widget elementor-widget-spacer\" data-id=\"3ffab340\" data-element_type=\"widget\" data-widget_type=\"spacer.default\">\n\t\t\t\t<div class=\"elementor-widget-container\">\n\t\t\t<style>\/*! elementor - v3.13.3 - 28-05-2023 *\/\n.elementor-column .elementor-spacer-inner{height:var(--spacer-size)}.e-con{--container-widget-width:100%}.e-con-inner>.elementor-widget-spacer,.e-con>.elementor-widget-spacer{width:var(--container-widget-width,var(--spacer-size));--align-self:var(--container-widget-align-self,initial);--flex-shrink:0}.e-con-inner>.elementor-widget-spacer>.elementor-widget-container,.e-con-inner>.elementor-widget-spacer>.elementor-widget-container>.elementor-spacer,.e-con>.elementor-widget-spacer>.elementor-widget-container,.e-con>.elementor-widget-spacer>.elementor-widget-container>.elementor-spacer{height:100%}.e-con-inner>.elementor-widget-spacer>.elementor-widget-container>.elementor-spacer>.elementor-spacer-inner,.e-con>.elementor-widget-spacer>.elementor-widget-container>.elementor-spacer>.elementor-spacer-inner{height:var(--container-widget-height,var(--spacer-size))}<\/style>\t\t<div class=\"elementor-spacer\">\n\t\t\t<div class=\"elementor-spacer-inner\"><\/div>\n\t\t<\/div>\n\t\t\t\t<\/div>\n\t\t\t\t<\/div>\n\t\t\t\t\t<\/div>\n\t\t\t\t<\/div>\n\t\t\t\t\t\t\t<\/div>","protected":false},"excerpt":{"rendered":"<p>Willkommen bei iOasis, Ihrer ersten Adresse f\u00fcr die neuesten und besten Apple-Produkte. Wir sind mehr als nur ein Wiederverk\u00e4ufer; wir sind eine Gemeinschaft von Apple-Enthusiasten, die sich daf\u00fcr einsetzen, Ihnen die innovativste Technologie zu bieten, sobald sie auf den Markt kommt.<\/p>","protected":false},"author":1,"featured_media":442,"parent":0,"menu_order":0,"comment_status":"closed","ping_status":"closed","template":"","meta":{"footnotes":""},"class_list":["post-428","page","type-page","status-publish","has-post-thumbnail","hentry"],"jetpack_sharing_enabled":true,"_links":{"self":[{"href":"https:\/\/ioasis.eu\/de\/wp-json\/wp\/v2\/pages\/428","targetHints":{"allow":["GET"]}}],"collection":[{"href":"https:\/\/ioasis.eu\/de\/wp-json\/wp\/v2\/pages"}],"about":[{"href":"https:\/\/ioasis.eu\/de\/wp-json\/wp\/v2\/types\/page"}],"author":[{"embeddable":true,"href":"https:\/\/ioasis.eu\/de\/wp-json\/wp\/v2\/users\/1"}],"replies":[{"embeddable":true,"href":"https:\/\/ioasis.eu\/de\/wp-json\/wp\/v2\/comments?post=428"}],"version-history":[{"count":4,"href":"https:\/\/ioasis.eu\/de\/wp-json\/wp\/v2\/pages\/428\/revisions"}],"predecessor-version":[{"id":445,"href":"https:\/\/ioasis.eu\/de\/wp-json\/wp\/v2\/pages\/428\/revisions\/445"}],"wp:featuredmedia":[{"embeddable":true,"href":"https:\/\/ioasis.eu\/de\/wp-json\/wp\/v2\/media\/442"}],"wp:attachment":[{"href":"https:\/\/ioasis.eu\/de\/wp-json\/wp\/v2\/media?parent=428"}],"curies":[{"name":"wp","href":"https:\/\/api.w.org\/{rel}","templated":true}]}}