{"id":433,"date":"2023-06-11T12:11:27","date_gmt":"2023-06-11T10:11:27","guid":{"rendered":"https:\/\/ioasis.eu\/?page_id=433"},"modified":"2023-06-11T12:16:07","modified_gmt":"2023-06-11T10:16:07","slug":"apple-vision-pro-transforming-the-world-one-view-at-a-time","status":"publish","type":"page","link":"https:\/\/ioasis.eu\/de\/blog\/apple-vision-pro-verandert-die-welt-eine-ansicht-nach-der-anderen\/","title":{"rendered":"Apple Vision Pro: Die Welt ver\u00e4ndern - ein Blick nach dem anderen"},"content":{"rendered":"<div data-elementor-type=\"wp-page\" data-elementor-id=\"433\" class=\"elementor elementor-433\">\n\t\t\t\t\t\t\t<div class=\"elementor-element elementor-element-31d2be9 e-con-boxed e-flex e-con\" data-id=\"31d2be9\" data-element_type=\"container\" data-settings=\"{&quot;content_width&quot;:&quot;boxed&quot;}\">\n\t\t\t\t\t<div class=\"e-con-inner\">\n\t\t\t\t<div class=\"elementor-element elementor-element-184e767b elementor-widget elementor-widget-heading\" data-id=\"184e767b\" data-element_type=\"widget\" data-widget_type=\"heading.default\">\n\t\t\t\t<div class=\"elementor-widget-container\">\n\t\t\t<style>\/*! elementor - v3.13.3 - 28-05-2023 *\/\n.elementor-heading-title{padding:0;margin:0;line-height:1}.elementor-widget-heading .elementor-heading-title[class*=elementor-size-]>a{color:inherit;font-size:inherit;line-height:inherit}.elementor-widget-heading .elementor-heading-title.elementor-size-small{font-size:15px}.elementor-widget-heading .elementor-heading-title.elementor-size-medium{font-size:19px}.elementor-widget-heading .elementor-heading-title.elementor-size-large{font-size:29px}.elementor-widget-heading .elementor-heading-title.elementor-size-xl{font-size:39px}.elementor-widget-heading .elementor-heading-title.elementor-size-xxl{font-size:59px}<\/style><h1 class=\"elementor-heading-title elementor-size-default\">Apple Vision Pro: Die Welt ver\u00e4ndern - ein Blick nach dem anderen<\/h1>\t\t<\/div>\n\t\t\t\t<\/div>\n\t\t\t\t\t<\/div>\n\t\t\t\t<\/div>\n\t\t<div class=\"elementor-element elementor-element-56c124cc e-con-boxed e-flex e-con\" data-id=\"56c124cc\" data-element_type=\"container\" data-settings=\"{&quot;content_width&quot;:&quot;boxed&quot;}\">\n\t\t\t\t\t<div class=\"e-con-inner\">\n\t\t\t\t<div class=\"elementor-element elementor-element-96bf314 elementor-widget elementor-widget-text-editor\" data-id=\"96bf314\" data-element_type=\"widget\" data-widget_type=\"text-editor.default\">\n\t\t\t\t<div class=\"elementor-widget-container\">\n\t\t\t<style>\/*! elementor - v3.13.3 - 28-05-2023 *\/\n.elementor-widget-text-editor.elementor-drop-cap-view-stacked .elementor-drop-cap{background-color:#69727d;color:#fff}.elementor-widget-text-editor.elementor-drop-cap-view-framed .elementor-drop-cap{color:#69727d;border:3px solid;background-color:transparent}.elementor-widget-text-editor:not(.elementor-drop-cap-view-default) .elementor-drop-cap{margin-top:8px}.elementor-widget-text-editor:not(.elementor-drop-cap-view-default) .elementor-drop-cap-letter{width:1em;height:1em}.elementor-widget-text-editor .elementor-drop-cap{float:left;text-align:center;line-height:1;font-size:50px}.elementor-widget-text-editor .elementor-drop-cap-letter{display:inline-block}<\/style>\t\t\t\t<p>In der sich st\u00e4ndig weiterentwickelnden Welt der Technologie hat Apple immer wieder Pionierarbeit geleistet, die Grenzen des M\u00f6glichen verschoben und unsere Interaktion mit digitalen Inhalten neu definiert. Die neueste Erg\u00e4nzung der innovativen Produktpalette, das Apple Vision Pro, wird die Technologielandschaft einmal mehr revolutionieren. In diesem Blogbeitrag erfahren Sie, wie das Apple Vision Pro die Welt ver\u00e4ndern wird und wie Sie zu den ersten geh\u00f6ren k\u00f6nnen, die dieses bahnbrechende Ger\u00e4t erleben.<\/p><p>\u00a0<\/p><h6>Eine neue \u00c4ra der r\u00e4umlichen Datenverarbeitung<\/h6><p>Das Apple Vision Pro l\u00e4utet eine neue \u00c4ra des r\u00e4umlichen Computings ein. Dieses Ger\u00e4t verbindet digitale Inhalte nahtlos mit dem physischen Raum und erm\u00f6glicht es Ihnen, mit Ihren Augen, H\u00e4nden und Ihrer Stimme durch die digitale Welt zu navigieren. Dieses intuitive Interaktionssystem wird die Art und Weise, wie wir mit digitalen Inhalten umgehen, revolutionieren und es uns erm\u00f6glichen, Dinge zu tun, die nie zuvor m\u00f6glich waren.<\/p><p>\u00a0<\/p><p><strong>Unterhaltung im Wandel<\/strong><\/p><p>Das Apple Vision Pro ist nicht nur ein Ger\u00e4t, sondern ein Kraftpaket der Unterhaltung. Er kann jeden Raum in Ihr pers\u00f6nliches Kino verwandeln, indem er Ihre Filme, Shows und Spiele auf die perfekte Gr\u00f6\u00dfe vergr\u00f6\u00dfert und Ihnen mit Spatial Audio das Gef\u00fchl gibt, Teil der Action zu sein. Mit mehr Pixeln als ein 4K-Fernseher f\u00fcr jedes Auge k\u00f6nnen Sie atemberaubende Inhalte genie\u00dfen, egal wo Sie sind. Dieses immersive Unterhaltungserlebnis wird die Art und Weise, wie wir digitale Inhalte konsumieren, neu definieren.<\/p><p>\u00a0<\/p><h6>Erinnerungen festhalten und aufleben lassen<\/h6><p>Das Vision Pro ist das erste Ger\u00e4t von Apple mit einer 3D-Kamera. Damit k\u00f6nnen Sie r\u00e4umliche Fotos und Videos in 3D aufnehmen und die sch\u00f6nsten Momente mit immersivem Spatial Audio wieder erleben. Ihre vorhandene Foto- und Videosammlung wird in einem bemerkenswerten Ma\u00dfstab dargestellt, und Panoramabilder werden sich um Sie herum erstrecken, so dass Sie das Gef\u00fchl haben, genau dort zu stehen, wo Sie sie aufgenommen haben. Dies wird die Art und Weise, wie wir unsere Erinnerungen festhalten und wiedererleben, ver\u00e4ndern.<\/p><p>\u00a0<\/p><h6>Verbesserung der Zusammenarbeit und Verbindung<\/h6><p>Mit dem Vision Pro k\u00f6nnen Sie \u00fcberall zusammenarbeiten und sich verbinden. FaceTime-Videokacheln sind lebensgro\u00df, und wenn neue Personen hinzukommen, erweitert sich das Gespr\u00e4ch einfach in Ihrem Raum. Innerhalb von FaceTime k\u00f6nnen Sie auch Apps verwenden, um mit Kollegen gleichzeitig an denselben Dokumenten zu arbeiten. Dies wird die Fernarbeit und die digitale Zusammenarbeit revolutionieren.<\/p><p>\u00a0<\/p><h6>Ein Sprung in Design und Technologie<\/h6><p>Das Apple Vision Pro ist das Ergebnis jahrzehntelanger Erfahrung in der Entwicklung leistungsstarker, mobiler und tragbarer Ger\u00e4te. Es integriert unglaublich fortschrittliche Technologie in eine elegante, kompakte Form, die jedes Mal, wenn Sie es anlegen, zu einem erstaunlichen Erlebnis wird. Das Ger\u00e4t besteht aus einem einzigen St\u00fcck dreidimensional geformtem Verbundglas, das in einen Rahmen aus einer Aluminiumlegierung \u00fcbergeht und sich so um Ihr Gesicht w\u00f6lbt. Dieser Sprung in Design und Technologie wird die Standards f\u00fcr Wearable Tech neu definieren.<\/p><p>\u00a0<\/p><h6>Schlussfolgerung<\/h6><p>Das Apple Vision Pro ist mehr als nur ein Ger\u00e4t; es ist eine Revolution im Bereich des Spatial Computing. Es bietet ein immersives, intuitives und interaktives Erlebnis, das digitale Inhalte nahtlos mit Ihrem physischen Raum verschmilzt. Ganz gleich, ob Sie nach einer neuen Art zu arbeiten, zu spielen oder sich zu vernetzen suchen, das Apple Vision Pro wird Ihr digitales Leben ver\u00e4ndern.<\/p><p>Mit seinen bahnbrechenden Funktionen und M\u00f6glichkeiten ist das Apple Vision Pro bereit, die Welt zu ver\u00e4ndern. Es geht nicht nur darum, was das Ger\u00e4t kann; es geht darum, was es uns erm\u00f6glicht zu tun. Es geht darum, wie es unsere Interaktion mit digitalen Inhalten ver\u00e4ndert, wie es unsere M\u00f6glichkeiten zur Vernetzung und Zusammenarbeit verbessert und wie es unsere Unterhaltungserlebnisse neu definiert.<\/p><p>\u00a0<\/p><h6>Jetzt vorbestellen<\/h6><p>Die Zukunft ist da, und sie ist <a href=\"https:\/\/ioasis.eu\/de\/produkt\/apple-vision-pro\/\">zur Vorbestellung verf\u00fcgbar<\/a>. Das Apple Vision Pro wird in Europa zur gleichen Zeit wie in den USA exklusiv \u00fcber iOasis ausgeliefert. Verpassen Sie es nicht, zu den Ersten zu geh\u00f6ren, die dieses revolution\u00e4re Ger\u00e4t erleben. Bestellen Sie Ihr Apple Vision Pro noch heute vor und treten Sie mit dem Apple in die Zukunft ein.<\/p><p>\u00a0<\/p><p><a href=\"https:\/\/ioasis.eu\/de\/blog\/\"><span style=\"text-decoration: underline;\">Zur\u00fcck<\/span><\/a><\/p>\t\t\t\t\t\t<\/div>\n\t\t\t\t<\/div>\n\t\t\t\t\t<\/div>\n\t\t\t\t<\/div>\n\t\t\t\t\t\t\t<\/div>","protected":false},"excerpt":{"rendered":"<p>In der sich st\u00e4ndig weiterentwickelnden Welt der Technologie hat Apple immer wieder Pionierarbeit geleistet, die Grenzen des M\u00f6glichen verschoben und unsere Interaktion mit digitalen Inhalten neu definiert. Die neueste Erg\u00e4nzung der innovativen Produktpalette, das Apple Vision Pro, wird die Technologielandschaft einmal mehr revolutionieren.<\/p>","protected":false},"author":1,"featured_media":435,"parent":415,"menu_order":0,"comment_status":"closed","ping_status":"closed","template":"","meta":{"footnotes":""},"class_list":["post-433","page","type-page","status-publish","has-post-thumbnail","hentry"],"jetpack_sharing_enabled":true,"_links":{"self":[{"href":"https:\/\/ioasis.eu\/de\/wp-json\/wp\/v2\/pages\/433","targetHints":{"allow":["GET"]}}],"collection":[{"href":"https:\/\/ioasis.eu\/de\/wp-json\/wp\/v2\/pages"}],"about":[{"href":"https:\/\/ioasis.eu\/de\/wp-json\/wp\/v2\/types\/page"}],"author":[{"embeddable":true,"href":"https:\/\/ioasis.eu\/de\/wp-json\/wp\/v2\/users\/1"}],"replies":[{"embeddable":true,"href":"https:\/\/ioasis.eu\/de\/wp-json\/wp\/v2\/comments?post=433"}],"version-history":[{"count":4,"href":"https:\/\/ioasis.eu\/de\/wp-json\/wp\/v2\/pages\/433\/revisions"}],"predecessor-version":[{"id":438,"href":"https:\/\/ioasis.eu\/de\/wp-json\/wp\/v2\/pages\/433\/revisions\/438"}],"up":[{"embeddable":true,"href":"https:\/\/ioasis.eu\/de\/wp-json\/wp\/v2\/pages\/415"}],"wp:featuredmedia":[{"embeddable":true,"href":"https:\/\/ioasis.eu\/de\/wp-json\/wp\/v2\/media\/435"}],"wp:attachment":[{"href":"https:\/\/ioasis.eu\/de\/wp-json\/wp\/v2\/media?parent=433"}],"curies":[{"name":"wp","href":"https:\/\/api.w.org\/{rel}","templated":true}]}}