{"id":473,"date":"2024-01-08T22:36:36","date_gmt":"2024-01-08T21:36:36","guid":{"rendered":"https:\/\/ioasis.eu\/?page_id=473"},"modified":"2024-01-08T22:39:38","modified_gmt":"2024-01-08T21:39:38","slug":"apple-vision-pro-now-available-in-europe-with-ioasis","status":"publish","type":"page","link":"https:\/\/ioasis.eu\/de\/blog\/apple-vision-pro-jetzt-in-europa-mit-ioasis-erhaltlich\/","title":{"rendered":"Apple Vision Pro: Die Zukunft der r\u00e4umlichen Datenverarbeitung kommt mit iOasis nach Europa"},"content":{"rendered":"<div data-elementor-type=\"wp-page\" data-elementor-id=\"473\" class=\"elementor elementor-473\">\n\t\t\t\t\t\t\t<div class=\"elementor-element elementor-element-26544050 e-con-boxed e-flex e-con\" data-id=\"26544050\" data-element_type=\"container\" data-settings=\"{&quot;content_width&quot;:&quot;boxed&quot;}\">\n\t\t\t\t\t<div class=\"e-con-inner\">\n\t\t\t\t<div class=\"elementor-element elementor-element-1f4eafaf elementor-widget elementor-widget-heading\" data-id=\"1f4eafaf\" data-element_type=\"widget\" data-widget_type=\"heading.default\">\n\t\t\t\t<div class=\"elementor-widget-container\">\n\t\t\t<style>\/*! elementor - v3.13.3 - 28-05-2023 *\/\n.elementor-heading-title{padding:0;margin:0;line-height:1}.elementor-widget-heading .elementor-heading-title[class*=elementor-size-]>a{color:inherit;font-size:inherit;line-height:inherit}.elementor-widget-heading .elementor-heading-title.elementor-size-small{font-size:15px}.elementor-widget-heading .elementor-heading-title.elementor-size-medium{font-size:19px}.elementor-widget-heading .elementor-heading-title.elementor-size-large{font-size:29px}.elementor-widget-heading .elementor-heading-title.elementor-size-xl{font-size:39px}.elementor-widget-heading .elementor-heading-title.elementor-size-xxl{font-size:59px}<\/style><h1 class=\"elementor-heading-title elementor-size-default\">Apple Vision Pro: Die Zukunft der r\u00e4umlichen Datenverarbeitung kommt mit iOasis nach Europa<\/h1>\t\t<\/div>\n\t\t\t\t<\/div>\n\t\t\t\t\t<\/div>\n\t\t\t\t<\/div>\n\t\t<div class=\"elementor-element elementor-element-4d86fff7 e-con-boxed e-flex e-con\" data-id=\"4d86fff7\" data-element_type=\"container\" data-settings=\"{&quot;content_width&quot;:&quot;boxed&quot;}\">\n\t\t\t\t\t<div class=\"e-con-inner\">\n\t\t\t\t<div class=\"elementor-element elementor-element-d12e1c9 elementor-widget elementor-widget-text-editor\" data-id=\"d12e1c9\" data-element_type=\"widget\" data-widget_type=\"text-editor.default\">\n\t\t\t\t<div class=\"elementor-widget-container\">\n\t\t\t<style>\/*! elementor - v3.13.3 - 28-05-2023 *\/\n.elementor-widget-text-editor.elementor-drop-cap-view-stacked .elementor-drop-cap{background-color:#69727d;color:#fff}.elementor-widget-text-editor.elementor-drop-cap-view-framed .elementor-drop-cap{color:#69727d;border:3px solid;background-color:transparent}.elementor-widget-text-editor:not(.elementor-drop-cap-view-default) .elementor-drop-cap{margin-top:8px}.elementor-widget-text-editor:not(.elementor-drop-cap-view-default) .elementor-drop-cap-letter{width:1em;height:1em}.elementor-widget-text-editor .elementor-drop-cap{float:left;text-align:center;line-height:1;font-size:50px}.elementor-widget-text-editor .elementor-drop-cap-letter{display:inline-block}<\/style>\t\t\t\t<p>8. Januar 2024<\/p>\t\t\t\t\t\t<\/div>\n\t\t\t\t<\/div>\n\t\t\t\t<div class=\"elementor-element elementor-element-7563d79 elementor-widget elementor-widget-heading\" data-id=\"7563d79\" data-element_type=\"widget\" data-widget_type=\"heading.default\">\n\t\t\t\t<div class=\"elementor-widget-container\">\n\t\t\t<h2 class=\"elementor-heading-title elementor-size-default\">Am 2. Februar 2024 beginnt eine neue \u00c4ra<\/h2>\t\t<\/div>\n\t\t\t\t<\/div>\n\t\t\t\t<div class=\"elementor-element elementor-element-fe7f68d elementor-widget elementor-widget-text-editor\" data-id=\"fe7f68d\" data-element_type=\"widget\" data-widget_type=\"text-editor.default\">\n\t\t\t\t<div class=\"elementor-widget-container\">\n\t\t\t\t\t\t\t<p>In einer aufregenden Entwicklung f\u00fcr Technikbegeisterte und Fachleute in ganz Europa hat Apple die bevorstehende Verf\u00fcgbarkeit seines bahnbrechenden Apple Vision Pro ab dem 2. Februar 2024 angek\u00fcndigt. Als exklusiver Wiederverk\u00e4ufer in Europa freut sich iOasis Premier Reseller, seinen Kunden diesen revolution\u00e4ren Raumcomputer anbieten zu k\u00f6nnen.<\/p><h3 style=\"caret-color: #000000; color: #1d1d1f; white-space: pre-wrap; border: 0px solid #d9d9e3; font-size: 1.25em; font-weight: 600; margin: 1rem 0px 0.5rem; line-height: 1.6; font-family: S\u00f6hne, ui-sans-serif, system-ui, -apple-system, 'Segoe UI', Roboto, Ubuntu, Cantarell, 'Noto Sans', sans-serif, 'Helvetica Neue', Arial, 'Apple Color Emoji', 'Segoe UI Emoji', 'Segoe UI Symbol', 'Noto Color Emoji';\">Was ist Apple Vision Pro?<\/h3><p style=\"white-space: pre-wrap; border: 0px solid #d9d9e3; margin-right: 0px; margin-bottom: 1.25em; margin-left: 0px; caret-color: #d1d5db; color: ##1d1d1f; font-family: S\u00f6hne, ui-sans-serif, system-ui, -apple-system, 'Segoe UI', Roboto, Ubuntu, Cantarell, 'Noto Sans', sans-serif, 'Helvetica Neue', Arial, 'Apple Color Emoji', 'Segoe UI Emoji', 'Segoe UI Symbol', 'Noto Color Emoji';\">Apple Vision Pro ist mehr als nur ein neues Gadget; es definiert die Art und Weise, wie wir mit digitalen Inhalten interagieren, v\u00f6llig neu. Durch die Verschmelzung von physischer und digitaler Welt bietet das Vision Pro eine immersive Erfahrung, die allt\u00e4gliche Aufgaben, Unterhaltung und Kommunikation ver\u00e4ndert. Mit seinen fortschrittlichen Spatial-Computing-F\u00e4higkeiten, die von visionOS unterst\u00fctzt werden, k\u00f6nnen Benutzer das Ger\u00e4t mit ihren Augen, H\u00e4nden und ihrer Stimme steuern, wodurch sich Interaktionen nat\u00fcrlicher und intuitiver anf\u00fchlen als je zuvor.<\/p><h3 style=\"caret-color: #000000; color: #1d1d1f; white-space: pre-wrap; border: 0px solid #d9d9e3; font-size: 1.25em; font-weight: 600; margin: 1rem 0px 0.5rem; line-height: 1.6; font-family: S\u00f6hne, ui-sans-serif, system-ui, -apple-system, 'Segoe UI', Roboto, Ubuntu, Cantarell, 'Noto Sans', sans-serif, 'Helvetica Neue', Arial, 'Apple Color Emoji', 'Segoe UI Emoji', 'Segoe UI Symbol', 'Noto Color Emoji';\">Hauptmerkmale von Apple Vision Pro<\/h3><ul><li><strong>Revolution\u00e4res Betriebssystem<\/strong>: Aufbauend auf der robusten Grundlage von macOS, iOS und iPadOS, f\u00fchrt visionOS eine neue Dimension von Benutzeroberfl\u00e4chen und Eingabesystemen ein.<\/li><li><strong>Intuitive Navigation<\/strong>: Augen-, Hand- und Sprachsteuerung machen die Navigation nahtlos und magisch.<\/li><li><strong>Dynamische Umgebungen<\/strong>: Die Nutzer k\u00f6nnen in atemberaubende Landschaften oder sogar auf die Mondoberfl\u00e4che eintauchen und sich so besser konzentrieren und weniger ablenken lassen.<\/li><li><strong>Au\u00dfergew\u00f6hnlicher Arbeitsraum<\/strong>: Die dreidimensionale Oberfl\u00e4che erm\u00f6glicht eine unendliche Leinwand, die sich perfekt f\u00fcr Multitasking und Zusammenarbeit eignet.<\/li><li><strong>Kompatibilit\u00e4t und neue Anwendungen<\/strong>: Mehr als 1 Million vertraute iOS- und iPadOS-Apps sowie neue Spatial-Computing-Erlebnisse sind verf\u00fcgbar.<\/li><li><strong>Ultimative Unterhaltung und Spiele<\/strong>: Hochaufl\u00f6sende Displays, 3D-Titel und neue Spielerlebnisse definieren das Home Entertainment neu.<\/li><li><strong>R\u00e4umliches Ged\u00e4chtnis und FaceTime<\/strong>: Erleben Sie Erinnerungen auf eine neue Art und Weise und genie\u00dfen Sie FaceTime-Anrufe in Lebensgr\u00f6\u00dfe.<\/li><li><strong>Bahnbrechendes Design<\/strong>: Ein modulares System mit komfortabler, individueller Passform.<\/li><li><strong>Unerreichte Innovation<\/strong>: Leistungsstarkes Eye-Tracking und fortschrittliche Display-Technologie f\u00fcr ein unvergleichliches Erlebnis.<\/li><li><strong>Datenschutz und Sicherheit<\/strong>: Ausgestattet mit Optic ID f\u00fcr eine sichere, private Nutzung.<\/li><li><strong>Zug\u00e4nglichkeitsmerkmale<\/strong>: Inklusives Design mit vielf\u00e4ltigen Eingabem\u00f6glichkeiten f\u00fcr alle Nutzer.<\/li><li><strong>Engagement f\u00fcr die Umwelt<\/strong>: Umweltfreundliches Design im Einklang mit den Nachhaltigkeitszielen von Apple.<\/li><\/ul><h3 style=\"caret-color: #000000; color: #1d1d1f; white-space: pre-wrap; border: 0px solid #d9d9e3; font-size: 1.25em; font-weight: 600; margin: 1rem 0px 0.5rem; line-height: 1.6; font-family: S\u00f6hne, ui-sans-serif, system-ui, -apple-system, 'Segoe UI', Roboto, Ubuntu, Cantarell, 'Noto Sans', sans-serif, 'Helvetica Neue', Arial, 'Apple Color Emoji', 'Segoe UI Emoji', 'Segoe UI Symbol', 'Noto Color Emoji';\">Preisgestaltung und Verf\u00fcgbarkeit<\/h3><h3 style=\"caret-color: #000000; color: #1d1d1f; white-space: pre-wrap; border: 0px solid #d9d9e3; font-size: 1.25em; font-weight: 600; margin: 1rem 0px 0.5rem; line-height: 1.6; font-family: S\u00f6hne, ui-sans-serif, system-ui, -apple-system, 'Segoe UI', Roboto, Ubuntu, Cantarell, 'Noto Sans', sans-serif, 'Helvetica Neue', Arial, 'Apple Color Emoji', 'Segoe UI Emoji', 'Segoe UI Symbol', 'Noto Color Emoji';\"><span style=\"font-family: Roboto, sans-serif; font-weight: 400; text-align: var(--text-align); font-size: 1rem;\">Exklusiv bei iOasis Premier Reseller wird das Apple Vision Pro zum Preis von 4.499 Euro mit 256 GB Speicher erh\u00e4ltlich sein. Vorbestellungen haben mit einer Anzahlung von 100 Euro begonnen, und der Versand beginnt am 2. Februar.<\/span><\/h3><div><h3 style=\"caret-color: #000000; color: #1d1d1f; white-space: pre-wrap; border: 0px solid #d9d9e3; font-size: 1.25em; font-weight: 600; margin: 1rem 0px 0.5rem; line-height: 1.6; font-family: S\u00f6hne, ui-sans-serif, system-ui, -apple-system, 'Segoe UI', Roboto, Ubuntu, Cantarell, 'Noto Sans', sans-serif, 'Helvetica Neue', Arial, 'Apple Color Emoji', 'Segoe UI Emoji', 'Segoe UI Symbol', 'Noto Color Emoji';\">Warum iOasis w\u00e4hlen?<\/h3><\/div><p>Als vertrauensw\u00fcrdiger Partner verpflichtet sich iOasis Premier Reseller dazu, seinen Kunden nicht nur revolution\u00e4re Produkte, sondern auch au\u00dfergew\u00f6hnlichen Service und Support zu bieten. Unser Team ist bereit, Sie dabei zu unterst\u00fctzen, das volle Potenzial von Apple Vision Pro zu erkunden und diese Spitzentechnologie in Ihr Leben zu integrieren.<\/p><h3 style=\"caret-color: #000000; color: #1d1d1f; white-space: pre-wrap; border: 0px solid #d9d9e3; font-size: 1.25em; font-weight: 600; margin: 1rem 0px 0.5rem; line-height: 1.6; font-family: S\u00f6hne, ui-sans-serif, system-ui, -apple-system, 'Segoe UI', Roboto, Ubuntu, Cantarell, 'Noto Sans', sans-serif, 'Helvetica Neue', Arial, 'Apple Color Emoji', 'Segoe UI Emoji', 'Segoe UI Symbol', 'Noto Color Emoji';\">Die Zukunft ist hier<\/h3><p>Begr\u00fc\u00dfen Sie mit uns eine neue \u00c4ra der Datenverarbeitung mit Apple Vision Pro. Besuchen Sie iOasis Premier Reseller und erleben Sie die Zukunft aus erster Hand.<\/p><h3 style=\"caret-color: #000000; color: #1d1d1f; white-space: pre-wrap; border: 0px solid #d9d9e3; font-size: 1.25em; font-weight: 600; margin: 1rem 0px 0.5rem; line-height: 1.6; font-family: S\u00f6hne, ui-sans-serif, system-ui, -apple-system, 'Segoe UI', Roboto, Ubuntu, Cantarell, 'Noto Sans', sans-serif, 'Helvetica Neue', Arial, 'Apple Color Emoji', 'Segoe UI Emoji', 'Segoe UI Symbol', 'Noto Color Emoji';\">\u00dcber Apple<\/h3><p>Als Innovationsf\u00fchrer revolutioniert Apple seit der Einf\u00fchrung des Macintosh im Jahr 1984 die pers\u00f6nliche Technologie. Mit seinem Angebot an Produkten und Dienstleistungen hat sich Apple dem Ziel verschrieben, das Beste auf der Welt zu schaffen und die Welt besser zu hinterlassen, als sie sie vorgefunden hat.<\/p><p><span style=\"text-decoration: underline;\"><a href=\"https:\/\/ioasis.eu\/de\/blog\/\">Zur\u00fcck<\/a><\/span><\/p>\t\t\t\t\t\t<\/div>\n\t\t\t\t<\/div>\n\t\t\t\t\t<\/div>\n\t\t\t\t<\/div>\n\t\t\t\t\t\t\t<\/div>","protected":false},"excerpt":{"rendered":"<p>Als exklusiver Wiederverk\u00e4ufer von Apple Vision Pro in Europa freut sich iOasis Premier Reseller, seinen Kunden diesen revolution\u00e4ren Raumcomputer anbieten zu k\u00f6nnen.<\/p>","protected":false},"author":1,"featured_media":221,"parent":415,"menu_order":0,"comment_status":"closed","ping_status":"closed","template":"","meta":{"footnotes":""},"class_list":["post-473","page","type-page","status-publish","has-post-thumbnail","hentry"],"jetpack_sharing_enabled":true,"_links":{"self":[{"href":"https:\/\/ioasis.eu\/de\/wp-json\/wp\/v2\/pages\/473","targetHints":{"allow":["GET"]}}],"collection":[{"href":"https:\/\/ioasis.eu\/de\/wp-json\/wp\/v2\/pages"}],"about":[{"href":"https:\/\/ioasis.eu\/de\/wp-json\/wp\/v2\/types\/page"}],"author":[{"embeddable":true,"href":"https:\/\/ioasis.eu\/de\/wp-json\/wp\/v2\/users\/1"}],"replies":[{"embeddable":true,"href":"https:\/\/ioasis.eu\/de\/wp-json\/wp\/v2\/comments?post=473"}],"version-history":[{"count":5,"href":"https:\/\/ioasis.eu\/de\/wp-json\/wp\/v2\/pages\/473\/revisions"}],"predecessor-version":[{"id":481,"href":"https:\/\/ioasis.eu\/de\/wp-json\/wp\/v2\/pages\/473\/revisions\/481"}],"up":[{"embeddable":true,"href":"https:\/\/ioasis.eu\/de\/wp-json\/wp\/v2\/pages\/415"}],"wp:featuredmedia":[{"embeddable":true,"href":"https:\/\/ioasis.eu\/de\/wp-json\/wp\/v2\/media\/221"}],"wp:attachment":[{"href":"https:\/\/ioasis.eu\/de\/wp-json\/wp\/v2\/media?parent=473"}],"curies":[{"name":"wp","href":"https:\/\/api.w.org\/{rel}","templated":true}]}}