{"id":715,"date":"2024-01-22T13:54:49","date_gmt":"2024-01-22T12:54:49","guid":{"rendered":"https:\/\/ioasis.eu\/?page_id=715"},"modified":"2024-01-22T13:57:08","modified_gmt":"2024-01-22T12:57:08","slug":"discover-visionos-revolutionizing-your-apple-vision-pro-experience","status":"publish","type":"page","link":"https:\/\/ioasis.eu\/de\/blog\/entdecken-sie-visionos-das-ihr-apple-vision-pro-erlebnis-revolutioniert\/","title":{"rendered":"Entdecken Sie VisionOS: Revolutionieren Sie Ihr Apple Vision Pro-Erlebnis"},"content":{"rendered":"<div data-elementor-type=\"wp-page\" data-elementor-id=\"715\" class=\"elementor elementor-715\">\n\t\t\t\t\t\t\t<div class=\"elementor-element elementor-element-4ce6fdf1 e-con-boxed e-flex e-con\" data-id=\"4ce6fdf1\" data-element_type=\"container\" data-settings=\"{&quot;content_width&quot;:&quot;boxed&quot;}\">\n\t\t\t\t\t<div class=\"e-con-inner\">\n\t\t\t\t<div class=\"elementor-element elementor-element-77815985 elementor-widget elementor-widget-heading\" data-id=\"77815985\" data-element_type=\"widget\" data-widget_type=\"heading.default\">\n\t\t\t\t<div class=\"elementor-widget-container\">\n\t\t\t<style>\/*! elementor - v3.13.3 - 28-05-2023 *\/\n.elementor-heading-title{padding:0;margin:0;line-height:1}.elementor-widget-heading .elementor-heading-title[class*=elementor-size-]>a{color:inherit;font-size:inherit;line-height:inherit}.elementor-widget-heading .elementor-heading-title.elementor-size-small{font-size:15px}.elementor-widget-heading .elementor-heading-title.elementor-size-medium{font-size:19px}.elementor-widget-heading .elementor-heading-title.elementor-size-large{font-size:29px}.elementor-widget-heading .elementor-heading-title.elementor-size-xl{font-size:39px}.elementor-widget-heading .elementor-heading-title.elementor-size-xxl{font-size:59px}<\/style><h1 class=\"elementor-heading-title elementor-size-default\">\nEntdecken Sie VisionOS: Revolutionieren Sie Ihr Apple Vision Pro-Erlebnis<\/h1>\t\t<\/div>\n\t\t\t\t<\/div>\n\t\t\t\t<div class=\"elementor-element elementor-element-2c8475f elementor-skin-carousel elementor-arrows-yes elementor-pagination-type-bullets elementor-pagination-position-outside elementor-widget elementor-widget-media-carousel\" data-id=\"2c8475f\" data-element_type=\"widget\" data-settings=\"{&quot;skin&quot;:&quot;carousel&quot;,&quot;effect&quot;:&quot;slide&quot;,&quot;show_arrows&quot;:&quot;yes&quot;,&quot;pagination&quot;:&quot;bullets&quot;,&quot;speed&quot;:500,&quot;autoplay&quot;:&quot;yes&quot;,&quot;autoplay_speed&quot;:5000,&quot;loop&quot;:&quot;yes&quot;,&quot;pause_on_hover&quot;:&quot;yes&quot;,&quot;pause_on_interaction&quot;:&quot;yes&quot;,&quot;space_between&quot;:{&quot;unit&quot;:&quot;px&quot;,&quot;size&quot;:10,&quot;sizes&quot;:[]},&quot;space_between_tablet&quot;:{&quot;unit&quot;:&quot;px&quot;,&quot;size&quot;:10,&quot;sizes&quot;:[]},&quot;space_between_mobile&quot;:{&quot;unit&quot;:&quot;px&quot;,&quot;size&quot;:10,&quot;sizes&quot;:[]}}\" data-widget_type=\"media-carousel.default\">\n\t\t\t\t<div class=\"elementor-widget-container\">\n\t\t\t<link rel=\"stylesheet\" href=\"https:\/\/ioasis.eu\/wp-content\/plugins\/elementor-pro\/assets\/css\/widget-carousel.min.css\">\t\t<div class=\"elementor-swiper\">\n\t\t\t<div class=\"elementor-main-swiper swiper\">\n\t\t\t\t<div class=\"swiper-wrapper\">\n\t\t\t\t\t\t\t\t\t\t\t<div class=\"swiper-slide\">\n\t\t\t\t\t\t\t\t\t<div class=\"elementor-carousel-image\" role=\"img\" aria-label=\"Apple Vision Pro Europa - VisionOS - hallo\" style=\"background-image: url(&#039;https:\/\/ioasis.eu\/wp-content\/uploads\/2024\/01\/Apple-Vision-Pro-Europe-VisionOS-2.jpg&#039;)\">\n\n\t\t\t\n\t\t\t\t\t<\/div>\n\t\t\t\t\t\t\t\t<\/div>\n\t\t\t\t\t\t\t\t\t\t\t<div class=\"swiper-slide\">\n\t\t\t\t\t\t\t\t\t<div class=\"elementor-carousel-image\" role=\"img\" aria-label=\"Entdecken Sie VisionOS - Apple Vision Pro in Europa\" style=\"background-image: url(&#039;https:\/\/ioasis.eu\/wp-content\/uploads\/2024\/01\/session3_2x.jpg&#039;)\">\n\n\t\t\t\n\t\t\t\t\t<\/div>\n\t\t\t\t\t\t\t\t<\/div>\n\t\t\t\t\t\t\t\t\t\t\t<div class=\"swiper-slide\">\n\t\t\t\t\t\t\t\t\t<div class=\"elementor-carousel-image\" role=\"img\" aria-label=\"Apple Vision Pro Europa - VisionOS Kontrollzentrum\" style=\"background-image: url(&#039;https:\/\/ioasis.eu\/wp-content\/uploads\/2024\/01\/Apple-Vision-Pro-Europe-VisionOS-4.jpg&#039;)\">\n\n\t\t\t\n\t\t\t\t\t<\/div>\n\t\t\t\t\t\t\t\t<\/div>\n\t\t\t\t\t\t\t\t\t\t\t<div class=\"swiper-slide\">\n\t\t\t\t\t\t\t\t\t<div class=\"elementor-carousel-image\" role=\"img\" aria-label=\"Apple Vision Pro Europa - VisionOS Raumfahrt-Demo\" style=\"background-image: url(&#039;https:\/\/ioasis.eu\/wp-content\/uploads\/2024\/01\/Apple-Vision-Pro-Europe-VisionOS-3.jpg&#039;)\">\n\n\t\t\t\n\t\t\t\t\t<\/div>\n\t\t\t\t\t\t\t\t<\/div>\n\t\t\t\t\t\t\t\t\t\t\t<div class=\"swiper-slide\">\n\t\t\t\t\t\t\t\t\t<div class=\"elementor-carousel-image\" role=\"img\" aria-label=\"Apple Vision Pro Europa - VisionOS zum Vergr\u00f6\u00dfern zusammenkneifen\" style=\"background-image: url(&#039;https:\/\/ioasis.eu\/wp-content\/uploads\/2024\/01\/Apple-Vision-Pro-Europe-VisionOS-5.jpg&#039;)\">\n\n\t\t\t\n\t\t\t\t\t<\/div>\n\t\t\t\t\t\t\t\t<\/div>\n\t\t\t\t\t\t\t\t\t<\/div>\n\t\t\t\t\t\t\t\t\t\t\t\t\t\t\t<div class=\"swiper-pagination\"><\/div>\n\t\t\t\t\t\t\t\t\t\t\t\t\t\t\t\t<div class=\"elementor-swiper-button elementor-swiper-button-prev\" role=\"button\" tabindex=\"0\">\n\t\t\t\t\t\t\t<i aria-hidden=\"true\" class=\"eicon-chevron-left\"><\/i>\t\t\t\t\t\t\t<span class=\"elementor-screen-only\">Vorherige<\/span>\n\t\t\t\t\t\t<\/div>\n\t\t\t\t\t\t<div class=\"elementor-swiper-button elementor-swiper-button-next\" role=\"button\" tabindex=\"0\">\n\t\t\t\t\t\t\t<i aria-hidden=\"true\" class=\"eicon-chevron-right\"><\/i>\t\t\t\t\t\t\t<span class=\"elementor-screen-only\">Weiter<\/span>\n\t\t\t\t\t\t<\/div>\n\t\t\t\t\t\t\t\t\t\t\t\t<\/div>\n\t\t<\/div>\n\t\t\t\t<\/div>\n\t\t\t\t<\/div>\n\t\t\t\t\t<\/div>\n\t\t\t\t<\/div>\n\t\t<div class=\"elementor-element elementor-element-5e683ed1 e-con-boxed e-flex e-con\" data-id=\"5e683ed1\" data-element_type=\"container\" data-settings=\"{&quot;content_width&quot;:&quot;boxed&quot;}\">\n\t\t\t\t\t<div class=\"e-con-inner\">\n\t\t\t\t<div class=\"elementor-element elementor-element-5a81c8c4 elementor-widget elementor-widget-text-editor\" data-id=\"5a81c8c4\" data-element_type=\"widget\" data-widget_type=\"text-editor.default\">\n\t\t\t\t<div class=\"elementor-widget-container\">\n\t\t\t<style>\/*! elementor - v3.13.3 - 28-05-2023 *\/\n.elementor-widget-text-editor.elementor-drop-cap-view-stacked .elementor-drop-cap{background-color:#69727d;color:#fff}.elementor-widget-text-editor.elementor-drop-cap-view-framed .elementor-drop-cap{color:#69727d;border:3px solid;background-color:transparent}.elementor-widget-text-editor:not(.elementor-drop-cap-view-default) .elementor-drop-cap{margin-top:8px}.elementor-widget-text-editor:not(.elementor-drop-cap-view-default) .elementor-drop-cap-letter{width:1em;height:1em}.elementor-widget-text-editor .elementor-drop-cap{float:left;text-align:center;line-height:1;font-size:50px}.elementor-widget-text-editor .elementor-drop-cap-letter{display:inline-block}<\/style>\t\t\t\t<p>Willkommen in der Welt von VisionOS, dem bahnbrechenden Betriebssystem, das das Apple Vision Pro antreibt. Als zuk\u00fcnftige Besitzer oder Liebhaber dieses innovativen Ger\u00e4ts betreten Sie ein Reich, in dem die digitale und die physische Welt nahtlos miteinander verschmelzen. VisionOS ist mehr als nur ein Betriebssystem; es ist ein Tor zu Erfahrungen und Interaktionen, die unsere Wahrnehmung der Realit\u00e4t neu definieren. Erfahren Sie mehr dar\u00fcber, was VisionOS f\u00fcr normale Benutzer zu einem Wendepunkt macht.<\/p><h2>Was ist VisionOS?<\/h2><p>VisionOS ist der Motor hinter den r\u00e4umlichen Datenverarbeitungsfunktionen von Apple Vision Pro. Es wurde entwickelt, um die Art und Weise, wie wir mit digitalen Inhalten interagieren, zu ver\u00e4ndern und sie mit unserer physischen Umgebung zu verschmelzen. Stellen Sie sich Apps und Spiele vor, die nicht nur auf einem Bildschirm angezeigt werden, sondern Teil Ihres Wohnzimmers, B\u00fcros oder Au\u00dfenbereichs sind. Das ist die Magie von VisionOS - die Schaffung einer \"unendlichen Leinwand\", in der die Grenzen zwischen der digitalen und der physischen Welt verschwimmen.<\/p><h3>Eine neue Dimension der Interaktivit\u00e4t<\/h3><p>Mit VisionOS beschr\u00e4nken sich Ihre Interaktionen nicht auf herk\u00f6mmliche 2D-Oberfl\u00e4chen. Stattdessen interagieren Sie mit Anwendungen und Inhalten in einem 3D-Raum um Sie herum. Das bedeutet, dass Fenster und Anwendungen so erscheinen k\u00f6nnen, als w\u00fcrden sie in Ihrem Raum schweben, oder Sie k\u00f6nnen um ein digitales Objekt herumgehen, um es aus verschiedenen Blickwinkeln zu betrachten. Der Grad der Immersion und Interaktion ist unvergleichlich.<\/p><h3>Voller Raum: Das ultimative immersive Erlebnis<\/h3><p>Eine der aufregendsten Funktionen von VisionOS ist das \"Full Space\"-Erlebnis. Wenn eine App Full Space nutzt, kann sie Ihre gesamte Umgebung \u00fcbernehmen und in eine v\u00f6llig andere Welt verwandeln. Egal, ob es sich um ein Spiel handelt, das Sie in ein Fantasiereich entf\u00fchrt, oder um eine Bildungs-App, die Sie auf eine virtuelle Tour durch antike St\u00e4dte mitnimmt, Full Space macht diese Erfahrungen allumfassend und unglaublich real.<\/p><h2>Die Benutzererfahrung auf VisionOS<\/h2><p>Als Benutzer des Apple Vision Pro bietet das VisionOS eine benutzerfreundliche und intuitive Schnittstelle. Sie wurde entwickelt, um sicherzustellen, dass Sie nahtlos in das Erlebnis eintauchen k\u00f6nnen, ganz gleich, ob Sie Spiele spielen, Produktivit\u00e4ts-Apps verwenden oder neue Bildungsinhalte erkunden.<\/p><h3>Intuitive Interaktionen<\/h3><p>Die Interaktion mit VisionOS f\u00fchlt sich nat\u00fcrlich und intuitiv an. Ob Sie die Gr\u00f6\u00dfe von Fenstern in Ihrem gemeinsamen Raum \u00e4ndern, 3D-Objekte erkunden oder durch immersive Umgebungen navigieren, VisionOS ist benutzerfreundlich gestaltet. Sie m\u00fcssen kein Technikexperte sein, um zu navigieren und die Wunder des Spatial Computing zu genie\u00dfen.<\/p><h3>Zug\u00e4nglichkeit und Inklusion<\/h3><p>Bei der Entwicklung von VisionOS stand die Barrierefreiheit im Mittelpunkt. Es stellt sicher, dass die Wunder des Spatial Computing f\u00fcr jeden zug\u00e4nglich sind, unabh\u00e4ngig von seinen k\u00f6rperlichen F\u00e4higkeiten. Dieses Engagement f\u00fcr Inklusion bedeutet, dass mehr Menschen die immersiven Erfahrungen, die VisionOS bietet, genie\u00dfen, mit ihnen interagieren und von ihnen profitieren k\u00f6nnen.<\/p><h2>Bereit f\u00fcr die Zukunft<\/h2><p>Wir stehen an der Schwelle zu einer neuen \u00c4ra der Technologie. VisionOS ist Ihre Eintrittskarte in eine Welt, in der digitale Erlebnisse nicht mehr auf Bildschirme beschr\u00e4nkt sind. Es ist eine aufregende Zeit, Teil dieser technologischen Revolution zu sein, und das Apple Vision Pro, angetrieben von VisionOS, steht an vorderster Front.<\/p><h2>Schlussfolgerung<\/h2><p>VisionOS auf dem Apple Vision Pro ist nicht nur ein technologischer Fortschritt, sondern eine neue Art, die Welt um uns herum zu erleben. Sie verspricht, die Art und Weise, wie wir mit digitalen Inhalten interagieren, zu ver\u00e4ndern, indem sie sie immersiver, intuitiver und zug\u00e4nglicher macht. Die M\u00f6glichkeiten sind endlos, und wir k\u00f6nnen es kaum erwarten, zu sehen, wie VisionOS sich weiterentwickelt und unsere digitalen Erfahrungen revolutioniert.<\/p><p>Bleiben Sie dran f\u00fcr weitere Updates und Einblicke in das Apple Vision Pro und VisionOS. Die Zukunft ist da, und sie ist aufregender als je zuvor!<\/p><p>&#8212;<\/p><p>Egal, ob Sie ein Technikbegeisterter, ein Gamer, ein P\u00e4dagoge oder einfach nur neugierig auf die Zukunft der Technologie sind, das VisionOS ist etwas, das Sie begeistern wird. Behalten Sie diesen Bereich im Auge, um weitere Informationen zu erhalten, w\u00e4hrend wir die unglaublichen M\u00f6glichkeiten des Apple Vision Pro und VisionOS weiter erforschen.<\/p><p><a href=\"https:\/\/ioasis.eu\/de\/blog\/\"><span style=\"text-decoration: underline;\">Zur\u00fcck<\/span><\/a><\/p>\t\t\t\t\t\t<\/div>\n\t\t\t\t<\/div>\n\t\t\t\t\t<\/div>\n\t\t\t\t<\/div>\n\t\t\t\t\t\t\t<\/div>","protected":false},"excerpt":{"rendered":"<p>Willkommen in der Welt von VisionOS, dem bahnbrechenden Betriebssystem, das das Apple Vision Pro antreibt. Als k\u00fcnftige Besitzer oder Liebhaber dieses innovativen Ger\u00e4ts betreten Sie eine Welt, in der die digitale und die physische Welt nahtlos miteinander verschmelzen.<\/p>","protected":false},"author":1,"featured_media":724,"parent":415,"menu_order":0,"comment_status":"closed","ping_status":"closed","template":"","meta":{"footnotes":""},"class_list":["post-715","page","type-page","status-publish","has-post-thumbnail","hentry"],"jetpack_sharing_enabled":true,"_links":{"self":[{"href":"https:\/\/ioasis.eu\/de\/wp-json\/wp\/v2\/pages\/715","targetHints":{"allow":["GET"]}}],"collection":[{"href":"https:\/\/ioasis.eu\/de\/wp-json\/wp\/v2\/pages"}],"about":[{"href":"https:\/\/ioasis.eu\/de\/wp-json\/wp\/v2\/types\/page"}],"author":[{"embeddable":true,"href":"https:\/\/ioasis.eu\/de\/wp-json\/wp\/v2\/users\/1"}],"replies":[{"embeddable":true,"href":"https:\/\/ioasis.eu\/de\/wp-json\/wp\/v2\/comments?post=715"}],"version-history":[{"count":13,"href":"https:\/\/ioasis.eu\/de\/wp-json\/wp\/v2\/pages\/715\/revisions"}],"predecessor-version":[{"id":734,"href":"https:\/\/ioasis.eu\/de\/wp-json\/wp\/v2\/pages\/715\/revisions\/734"}],"up":[{"embeddable":true,"href":"https:\/\/ioasis.eu\/de\/wp-json\/wp\/v2\/pages\/415"}],"wp:featuredmedia":[{"embeddable":true,"href":"https:\/\/ioasis.eu\/de\/wp-json\/wp\/v2\/media\/724"}],"wp:attachment":[{"href":"https:\/\/ioasis.eu\/de\/wp-json\/wp\/v2\/media?parent=715"}],"curies":[{"name":"wp","href":"https:\/\/api.w.org\/{rel}","templated":true}]}}