{"id":735,"date":"2024-01-22T14:09:22","date_gmt":"2024-01-22T13:09:22","guid":{"rendered":"https:\/\/ioasis.eu\/?page_id=735"},"modified":"2024-01-22T14:13:24","modified_gmt":"2024-01-22T13:13:24","slug":"apps-available-at-launch-on-apple-vision-pro","status":"publish","type":"page","link":"https:\/\/ioasis.eu\/de\/blog\/applikationen-zum-start-auf-apple-vision-pro-verfugbar\/","title":{"rendered":"Zum Start verf\u00fcgbare Anwendungen auf Apple Vision Pro"},"content":{"rendered":"<div data-elementor-type=\"wp-page\" data-elementor-id=\"735\" class=\"elementor elementor-735\">\n\t\t\t\t\t\t\t<div class=\"elementor-element elementor-element-6985dd02 e-con-boxed e-flex e-con\" data-id=\"6985dd02\" data-element_type=\"container\" data-settings=\"{&quot;content_width&quot;:&quot;boxed&quot;}\">\n\t\t\t\t\t<div class=\"e-con-inner\">\n\t\t\t\t<div class=\"elementor-element elementor-element-7a8b5baa elementor-widget elementor-widget-heading\" data-id=\"7a8b5baa\" data-element_type=\"widget\" data-widget_type=\"heading.default\">\n\t\t\t\t<div class=\"elementor-widget-container\">\n\t\t\t<style>\/*! elementor - v3.13.3 - 28-05-2023 *\/\n.elementor-heading-title{padding:0;margin:0;line-height:1}.elementor-widget-heading .elementor-heading-title[class*=elementor-size-]>a{color:inherit;font-size:inherit;line-height:inherit}.elementor-widget-heading .elementor-heading-title.elementor-size-small{font-size:15px}.elementor-widget-heading .elementor-heading-title.elementor-size-medium{font-size:19px}.elementor-widget-heading .elementor-heading-title.elementor-size-large{font-size:29px}.elementor-widget-heading .elementor-heading-title.elementor-size-xl{font-size:39px}.elementor-widget-heading .elementor-heading-title.elementor-size-xxl{font-size:59px}<\/style><h1 class=\"elementor-heading-title elementor-size-default\">\nZum Start verf\u00fcgbare Anwendungen auf Apple Vision Pro<\/h1>\t\t<\/div>\n\t\t\t\t<\/div>\n\t\t\t\t<div class=\"elementor-element elementor-element-3def60d8 elementor-skin-carousel elementor-arrows-yes elementor-pagination-type-bullets elementor-pagination-position-outside elementor-widget elementor-widget-media-carousel\" data-id=\"3def60d8\" data-element_type=\"widget\" data-settings=\"{&quot;skin&quot;:&quot;carousel&quot;,&quot;effect&quot;:&quot;slide&quot;,&quot;show_arrows&quot;:&quot;yes&quot;,&quot;pagination&quot;:&quot;bullets&quot;,&quot;speed&quot;:500,&quot;autoplay&quot;:&quot;yes&quot;,&quot;autoplay_speed&quot;:5000,&quot;loop&quot;:&quot;yes&quot;,&quot;pause_on_hover&quot;:&quot;yes&quot;,&quot;pause_on_interaction&quot;:&quot;yes&quot;,&quot;space_between&quot;:{&quot;unit&quot;:&quot;px&quot;,&quot;size&quot;:10,&quot;sizes&quot;:[]},&quot;space_between_tablet&quot;:{&quot;unit&quot;:&quot;px&quot;,&quot;size&quot;:10,&quot;sizes&quot;:[]},&quot;space_between_mobile&quot;:{&quot;unit&quot;:&quot;px&quot;,&quot;size&quot;:10,&quot;sizes&quot;:[]}}\" data-widget_type=\"media-carousel.default\">\n\t\t\t\t<div class=\"elementor-widget-container\">\n\t\t\t<link rel=\"stylesheet\" href=\"https:\/\/ioasis.eu\/wp-content\/plugins\/elementor-pro\/assets\/css\/widget-carousel.min.css\">\t\t<div class=\"elementor-swiper\">\n\t\t\t<div class=\"elementor-main-swiper swiper\">\n\t\t\t\t<div class=\"swiper-wrapper\">\n\t\t\t\t\t\t\t\t\t\t\t<div class=\"swiper-slide\">\n\t\t\t\t\t\t\t\t\t<div class=\"elementor-carousel-image\" role=\"img\" aria-label=\"Apple-Vision-Pro-Europe-entertainment-App-Store-Umgebungen-Montagehaube_gro\u00df.jpg.large_2x\" style=\"background-image: url(&#039;https:\/\/ioasis.eu\/wp-content\/uploads\/2024\/01\/Apple-Vision-Pro-Europe-entertainment-App-Store-Environments-Mount-Hood_big.jpg.large_2x.jpg&#039;)\">\n\n\t\t\t\n\t\t\t\t\t<\/div>\n\t\t\t\t\t\t\t\t<\/div>\n\t\t\t\t\t\t\t\t\t\t\t<div class=\"swiper-slide\">\n\t\t\t\t\t\t\t\t\t<div class=\"elementor-carousel-image\" role=\"img\" aria-label=\"Apple-Vision-Pro-Europa-Unterhaltung-Apple-Immersiv-Video-Abenteuer_gro\u00df.jpg.large_2x\" style=\"background-image: url(&#039;https:\/\/ioasis.eu\/wp-content\/uploads\/2024\/01\/Apple-Vision-Pro-Europe-entertainment-Apple-Immersive-Video-Adventure_big.jpg.large_2x.jpg&#039;)\">\n\n\t\t\t\n\t\t\t\t\t<\/div>\n\t\t\t\t\t\t\t\t<\/div>\n\t\t\t\t\t\t\t\t\t\t\t<div class=\"swiper-slide\">\n\t\t\t\t\t\t\t\t\t<div class=\"elementor-carousel-image\" role=\"img\" aria-label=\"Apple-Vision-Pro-Europa-Unterhaltung-3D-Filme-Dune_big.jpg.large_2x\" style=\"background-image: url(&#039;https:\/\/ioasis.eu\/wp-content\/uploads\/2024\/01\/Apple-Vision-Pro-Europe-entertainment-3D-movies-Dune_big.jpg.large_2x.jpg&#039;)\">\n\n\t\t\t\n\t\t\t\t\t<\/div>\n\t\t\t\t\t\t\t\t<\/div>\n\t\t\t\t\t\t\t\t\t\t\t<div class=\"swiper-slide\">\n\t\t\t\t\t\t\t\t\t<div class=\"elementor-carousel-image\" role=\"img\" aria-label=\"Apple-Vision-Pro-Europa-Unterhaltung-Disney-Plus_big.jpg.large_2x\" style=\"background-image: url(&#039;https:\/\/ioasis.eu\/wp-content\/uploads\/2024\/01\/Apple-Vision-Pro-Europe-entertainment-Disney-Plus_big.jpg.large_2x.jpg&#039;)\">\n\n\t\t\t\n\t\t\t\t\t<\/div>\n\t\t\t\t\t\t\t\t<\/div>\n\t\t\t\t\t\t\t\t\t\t\t<div class=\"swiper-slide\">\n\t\t\t\t\t\t\t\t\t<div class=\"elementor-carousel-image\" role=\"img\" aria-label=\"Apple-Vision-Pro-Europa-Unterhaltung-Apple-TV-Plus-Die-Morgenshow_gro\u00df.jpg.large_2x\" style=\"background-image: url(&#039;https:\/\/ioasis.eu\/wp-content\/uploads\/2024\/01\/Apple-Vision-Pro-Europe-entertainment-Apple-TV-Plus-The-Morning-Show_big.jpg.large_2x.jpg&#039;)\">\n\n\t\t\t\n\t\t\t\t\t<\/div>\n\t\t\t\t\t\t\t\t<\/div>\n\t\t\t\t\t\t\t\t\t\t\t<div class=\"swiper-slide\">\n\t\t\t\t\t\t\t\t\t<div class=\"elementor-carousel-image\" role=\"img\" aria-label=\"Apple-Vision-Pro-Europa-Unterhaltung-MLS-Saisonpass_big.jpg.large_2x\" style=\"background-image: url(&#039;https:\/\/ioasis.eu\/wp-content\/uploads\/2024\/01\/Apple-Vision-Pro-Europe-entertainment-MLS-Season-Pass_big.jpg.large_2x.jpg&#039;)\">\n\n\t\t\t\n\t\t\t\t\t<\/div>\n\t\t\t\t\t\t\t\t<\/div>\n\t\t\t\t\t\t\t\t\t<\/div>\n\t\t\t\t\t\t\t\t\t\t\t\t\t\t\t<div class=\"swiper-pagination\"><\/div>\n\t\t\t\t\t\t\t\t\t\t\t\t\t\t\t\t<div class=\"elementor-swiper-button elementor-swiper-button-prev\" role=\"button\" tabindex=\"0\">\n\t\t\t\t\t\t\t<i aria-hidden=\"true\" class=\"eicon-chevron-left\"><\/i>\t\t\t\t\t\t\t<span class=\"elementor-screen-only\">Vorherige<\/span>\n\t\t\t\t\t\t<\/div>\n\t\t\t\t\t\t<div class=\"elementor-swiper-button elementor-swiper-button-next\" role=\"button\" tabindex=\"0\">\n\t\t\t\t\t\t\t<i aria-hidden=\"true\" class=\"eicon-chevron-right\"><\/i>\t\t\t\t\t\t\t<span class=\"elementor-screen-only\">Weiter<\/span>\n\t\t\t\t\t\t<\/div>\n\t\t\t\t\t\t\t\t\t\t\t\t<\/div>\n\t\t<\/div>\n\t\t\t\t<\/div>\n\t\t\t\t<\/div>\n\t\t\t\t\t<\/div>\n\t\t\t\t<\/div>\n\t\t<div class=\"elementor-element elementor-element-79660a15 e-con-boxed e-flex e-con\" data-id=\"79660a15\" data-element_type=\"container\" data-settings=\"{&quot;content_width&quot;:&quot;boxed&quot;}\">\n\t\t\t\t\t<div class=\"e-con-inner\">\n\t\t\t\t<div class=\"elementor-element elementor-element-13c8bc7d elementor-widget elementor-widget-text-editor\" data-id=\"13c8bc7d\" data-element_type=\"widget\" data-widget_type=\"text-editor.default\">\n\t\t\t\t<div class=\"elementor-widget-container\">\n\t\t\t<style>\/*! elementor - v3.13.3 - 28-05-2023 *\/\n.elementor-widget-text-editor.elementor-drop-cap-view-stacked .elementor-drop-cap{background-color:#69727d;color:#fff}.elementor-widget-text-editor.elementor-drop-cap-view-framed .elementor-drop-cap{color:#69727d;border:3px solid;background-color:transparent}.elementor-widget-text-editor:not(.elementor-drop-cap-view-default) .elementor-drop-cap{margin-top:8px}.elementor-widget-text-editor:not(.elementor-drop-cap-view-default) .elementor-drop-cap-letter{width:1em;height:1em}.elementor-widget-text-editor .elementor-drop-cap{float:left;text-align:center;line-height:1;font-size:50px}.elementor-widget-text-editor .elementor-drop-cap-letter{display:inline-block}<\/style>\t\t\t\t<p>Mit dem Eintritt in die \u00c4ra des Apple Vision Pro entfaltet sich ein neuer Horizont von Apps und Unterhaltungserlebnissen. Dieses revolution\u00e4re Mixed-Reality-Headset, das von VisionOS angetrieben wird, wird unsere Interaktion mit der digitalen Welt ver\u00e4ndern. In diesem Blog-Beitrag werden wir das vielf\u00e4ltige Angebot an Apps und Erlebnissen erkunden, die zum Start des Apple Vision Pro verf\u00fcgbar sein werden.<\/p><h2>Immersive Unterhaltungserlebnisse<\/h2><h3>Apple Immersives Video<\/h3><p>Apple Vision Pro f\u00fchrt ein neues Unterhaltungsformat namens Apple Immersive Video ein. Dieses Format bietet 180-Grad-3D-8K-Aufnahmen mit Spatial Audio, die den Zuschauer in das Herz von Geschichten und Erlebnissen versetzen. Zum Start k\u00f6nnen Nutzer eine kuratierte Auswahl an immersiven Filmen und Serien auf der Apple TV-App genie\u00dfen, wie z.B. Alicia Keys: Rehearsal Room, Adventure, Wild Life und Prehistoric Planet Immersive.<\/p><h3>Disney+ in 3D<\/h3><p>Disney+ wird seinen gesamten Katalog in atemberaubendem 3D auf Apple Vision Pro anbieten. Nutzer k\u00f6nnen in von Disney inspirierte Umgebungen eintauchen, darunter das Disney+ Theater, der Scare Floor aus Pixars Monsters Inc., Marvels Avengers Tower und das Cockpit von Luke Skywalkers Landspeeder aus Star Wars. Diese Umgebungen werden mit Animationen, Ger\u00e4uschen und Easter Eggs ausgestattet sein, um das Seherlebnis zu verbessern.<\/p><h3>Begegnung mit Dinosauriern<\/h3><p>Das Apple Vision Pro wird mit der App \"Encounter Dinosaurs\" ausgeliefert, die es dem Benutzer erm\u00f6glicht, mit riesigen, dreidimensionalen Dinosauriern zu interagieren. Diese App, inspiriert von Jon Favreaus \"Prehistoric Planet\", erweckt diese urzeitlichen Kreaturen in den eigenen vier W\u00e4nden zum Leben.<\/p><h2>3D-Filme und Kinoerlebnisse<\/h2><p>Apple Vision Pro-Nutzer haben Zugriff auf \u00fcber 150 3D-Filme von Top-Studios, darunter aktuelle Hits wie Avatar: Der Weg des Wassers, Dune und Spider-Man: Into the Spider-Verse. Diese Filme k\u00f6nnen \u00fcber die Apple TV-App ausgeliehen oder gekauft werden. Die Nutzer k\u00f6nnen sie mit Dolby Vision und Multiview High Efficiency Coding (MV-HEVC) in bemerkenswerter Tiefe und Klarheit ansehen.<\/p><h2>Apple Spielhalle und App Store<\/h2><p>Der brandneue App Store auf dem Apple Vision Pro bietet mehr als 1 Million Apps und \u00fcber 250 Spiele auf dem Apple Arcade, die eine breite Palette an interaktiver Unterhaltung und r\u00e4umlichen Erlebnissen bieten, die f\u00fcr das VisionOS entwickelt wurden. Die Nutzer k\u00f6nnen eine Welt der Unterhaltung erwarten, die auf die r\u00e4umlichen Computerf\u00e4higkeiten des Apple Vision Pro zugeschnitten ist.<\/p><h2>Schlussfolgerung<\/h2><p>Die Markteinf\u00fchrung des Apple Vision Pro ist nicht nur ein Meilenstein in der Hardware-Innovation, sondern auch ein Sprung in eine Zukunft, in der Unterhaltung und Apps immersiver, interaktiver und lebensechter sind als je zuvor. Von Filmen, die Sie umgeben, bis hin zu Dinosauriern, die durch Ihr Wohnzimmer streifen - das Apple Vision Pro wird unser Unterhaltungserlebnis neu definieren. Je n\u00e4her der Starttermin r\u00fcckt, desto gr\u00f6\u00dfer ist die Spannung und desto endloser scheinen die M\u00f6glichkeiten.<\/p><p>Bleiben Sie dran f\u00fcr weitere Updates \u00fcber Apple Vision Pro und die aufregende Welt der Apps und Erfahrungen, die es mit sich bringt. Die Zukunft der immersiven Unterhaltung steht vor der T\u00fcr, und sie ist heller denn je!<\/p><p>&#8212;<\/p><p>Weitere Informationen \u00fcber die neuen Anwendungen und Erlebnisse auf Apple Vision Pro finden Sie auf der Apple-Website oder in den Tech-News, wo Sie die neuesten Updates und Bewertungen finden.<\/p><p>\u00a0<\/p><p><a href=\"https:\/\/ioasis.eu\/de\/blog\/\"><span style=\"text-decoration: underline;\">Zur\u00fcck<\/span><\/a><\/p>\t\t\t\t\t\t<\/div>\n\t\t\t\t<\/div>\n\t\t\t\t\t<\/div>\n\t\t\t\t<\/div>\n\t\t\t\t\t\t\t<\/div>","protected":false},"excerpt":{"rendered":"<p>Mit dem Eintritt in die \u00c4ra des Apple Vision Pro entfaltet sich ein neuer Horizont an Apps und Unterhaltungsangeboten. In diesem Blogbeitrag werden wir das vielf\u00e4ltige Angebot an Apps und Erlebnissen erkunden, die zum Start des Apple Vision Pro verf\u00fcgbar sein werden.<\/p>","protected":false},"author":1,"featured_media":737,"parent":415,"menu_order":0,"comment_status":"closed","ping_status":"closed","template":"","meta":{"footnotes":""},"class_list":["post-735","page","type-page","status-publish","has-post-thumbnail","hentry"],"jetpack_sharing_enabled":true,"_links":{"self":[{"href":"https:\/\/ioasis.eu\/de\/wp-json\/wp\/v2\/pages\/735","targetHints":{"allow":["GET"]}}],"collection":[{"href":"https:\/\/ioasis.eu\/de\/wp-json\/wp\/v2\/pages"}],"about":[{"href":"https:\/\/ioasis.eu\/de\/wp-json\/wp\/v2\/types\/page"}],"author":[{"embeddable":true,"href":"https:\/\/ioasis.eu\/de\/wp-json\/wp\/v2\/users\/1"}],"replies":[{"embeddable":true,"href":"https:\/\/ioasis.eu\/de\/wp-json\/wp\/v2\/comments?post=735"}],"version-history":[{"count":4,"href":"https:\/\/ioasis.eu\/de\/wp-json\/wp\/v2\/pages\/735\/revisions"}],"predecessor-version":[{"id":745,"href":"https:\/\/ioasis.eu\/de\/wp-json\/wp\/v2\/pages\/735\/revisions\/745"}],"up":[{"embeddable":true,"href":"https:\/\/ioasis.eu\/de\/wp-json\/wp\/v2\/pages\/415"}],"wp:featuredmedia":[{"embeddable":true,"href":"https:\/\/ioasis.eu\/de\/wp-json\/wp\/v2\/media\/737"}],"wp:attachment":[{"href":"https:\/\/ioasis.eu\/de\/wp-json\/wp\/v2\/media?parent=735"}],"curies":[{"name":"wp","href":"https:\/\/api.w.org\/{rel}","templated":true}]}}