{"id":47,"date":"2023-06-09T13:57:59","date_gmt":"2023-06-09T11:57:59","guid":{"rendered":"http:\/\/ioasis.eu\/?post_type=product&#038;p=47"},"modified":"2024-03-25T09:48:36","modified_gmt":"2024-03-25T08:48:36","slug":"apple-vision-pro","status":"publish","type":"product","link":"https:\/\/ioasis.eu\/de\/produkt\/apple-vision-pro\/","title":{"rendered":"Apple Vision Pro"},"content":{"rendered":"<h4><strong>\u00dcbersicht<\/strong><\/h4>\n<p>Willkommen in der \u00c4ra des Spatial Computing mit dem Apple Vision Pro. Dieses revolution\u00e4re Ger\u00e4t verschmilzt digitale Inhalte nahtlos mit Ihrem physischen Raum und erm\u00f6glicht es Ihnen, einfach mit Ihren Augen, H\u00e4nden und Ihrer Stimme zu navigieren. Das Apple Vision Pro ver\u00e4ndert die Art und Weise, wie Sie die von Ihnen geliebten Apps nutzen, und l\u00e4sst den Arbeitsplatz Ihrer Tr\u00e4ume Wirklichkeit werden - und das alles, w\u00e4hrend Sie in der Welt um Sie herum pr\u00e4sent bleiben. Ein noch nie dagewesenes Erlebnis, das Sie sehen m\u00fcssen, um es zu glauben.<\/p>\n<h3><\/h3>\n<p>&nbsp;<\/p>\n<h4><strong>H\u00f6hepunkte<\/strong><\/h4>\n<p><strong>Spatial Computing<\/strong>: Apple Vision Pro f\u00fchrt eine neue \u00c4ra des r\u00e4umlichen Computings ein, in der digitale Inhalte mit Ihrem physischen Raum verschmelzen. Sie k\u00f6nnen mit Ihren Augen, H\u00e4nden und Ihrer Stimme navigieren und so Dinge tun, die Sie lieben, wie es nie zuvor m\u00f6glich war.<\/p>\n<p><strong>Apps:<\/strong> Ihre Apps leben in Ihrem Raum. Mit Vision Pro steht Ihnen eine unendliche Leinwand zur Verf\u00fcgung, die die Nutzung Ihrer Lieblingsanwendungen ver\u00e4ndert. Sie k\u00f6nnen Apps \u00fcberall anordnen und auf die perfekte Gr\u00f6\u00dfe skalieren. So schaffen Sie Ihren Traumarbeitsplatz und bleiben gleichzeitig in der Welt um Sie herum pr\u00e4sent.<\/p>\n<p><strong>Unterhaltung:<\/strong> Das Vision Pro kann jeden Raum in Ihr pers\u00f6nliches Kino verwandeln. Erweitern Sie Ihre Filme, Sendungen und Spiele auf die perfekte Gr\u00f6\u00dfe und f\u00fchlen Sie sich dank Spatial Audio wie ein Teil des Geschehens. Und mit mehr Pixeln als ein 4K-Fernseher f\u00fcr jedes Auge k\u00f6nnen Sie atemberaubende Inhalte genie\u00dfen, wo immer Sie sind.<\/p>\n<p><strong>Fotos und Videos:<\/strong> Vision Pro ist die erste 3D-Kamera von Apple. Sie k\u00f6nnen magische r\u00e4umliche Fotos und r\u00e4umliche Videos in 3D aufnehmen und dann diese wertvollen Momente wie nie zuvor mit immersivem Spatial Audio wiedererleben. Ihre vorhandene Foto- und Videosammlung sieht in einem bemerkenswerten Ma\u00dfstab unglaublich aus.<\/p>\n<p><strong>Verbindung:<\/strong> Vision Pro macht es einfach, zusammenzuarbeiten und sich zu verbinden, wo immer Sie sind. FaceTime-Videokacheln sind lebensgro\u00df, und wenn neue Personen hinzukommen, erweitert sich das Gespr\u00e4ch einfach in Ihrem Raum. Innerhalb von FaceTime k\u00f6nnen Sie auch Apps verwenden, um mit Kollegen gleichzeitig an denselben Dokumenten zu arbeiten.<\/p>\n<p><strong>Entwurf:<\/strong> Das Apple Vision Pro ist das Ergebnis jahrzehntelanger Erfahrung in der Entwicklung leistungsstarker, mobiler und tragbarer Ger\u00e4te. Es integriert unglaublich fortschrittliche Technologie in eine elegante, kompakte Form, die jedes Mal, wenn Sie es anlegen, zu einem erstaunlichen Erlebnis wird.<\/p>\n<p><strong>VisionOS:<\/strong> visionOS basiert auf der Grundlage von macOS, iOS und iPadOS und erm\u00f6glicht leistungsstarke r\u00e4umliche Erfahrungen. Steuern Sie Vision Pro mit Ihren Augen, H\u00e4nden und Ihrer Stimme - Interaktionen f\u00fchlen sich intuitiv und magisch an.<\/p>\n<p><strong>Technologie:<\/strong> R\u00e4umliche Erlebnisse auf Vision Pro sind nur durch die bahnbrechende Apple-Technologie m\u00f6glich. Displays von der Gr\u00f6\u00dfe einer Briefmarke liefern mehr Pixel als ein 4K-Fernseher an jedes Auge. Unglaubliche Fortschritte bei Spatial Audio. Ein revolution\u00e4res Dual-Chip-Design mit ma\u00dfgeschneidertem Apple-Silizium. Eine hochentwickelte Reihe von Kameras und Sensoren.<\/p>\n<p><strong>Datenschutz und Sicherheit:<\/strong> Wie alle Apple-Produkte und -Dienste wurde auch Vision Pro entwickelt, um Ihre Privatsph\u00e4re zu sch\u00fctzen und Ihnen die Kontrolle \u00fcber Ihre Daten zu geben. Es baut auf der Grundlage der bestehenden Datenschutz- und Sicherheitsfunktionen von Apple mit neuen Technologien wie Optic ID auf, einem sicheren Authentifizierungssystem, das die Einzigartigkeit Ihrer Iris nutzt.<\/p>","protected":false},"excerpt":{"rendered":"<p>Das Apple Vision Pro ist ein revolution\u00e4res Spatial-Computing-Ger\u00e4t, das digitale Inhalte nahtlos mit Ihrem physischen Raum verbindet. Es bietet ein beeindruckendes Unterhaltungserlebnis, eine 3D-Kamera f\u00fcr r\u00e4umliche Fotos und Videos und erm\u00f6glicht sinnvolle Verbindungen durch FaceTime-Videokacheln in Lebensgr\u00f6\u00dfe. Sein Design integriert fortschrittliche Technologie in eine kompakte Form und wird von einem einzigartigen Dual-Chip-Design f\u00fcr atemberaubende Grafiken und Echtzeit-Ansichten angetrieben.<\/p>","protected":false},"featured_media":221,"template":"","meta":[],"product_cat":[31],"product_tag":[18,27,25,29,17,26,28,19],"class_list":["post-47","product","type-product","status-publish","has-post-thumbnail","hentry","product_cat-apple-vision-pro","product_tag-apple","product_tag-apple-ar","product_tag-apple-headset","product_tag-apple-vision","product_tag-apple-vision-pro","product_tag-apple-vr","product_tag-vision","product_tag-vision-pro"],"jetpack_sharing_enabled":true,"_links":{"self":[{"href":"https:\/\/ioasis.eu\/de\/wp-json\/wp\/v2\/product\/47","targetHints":{"allow":["GET"]}}],"collection":[{"href":"https:\/\/ioasis.eu\/de\/wp-json\/wp\/v2\/product"}],"about":[{"href":"https:\/\/ioasis.eu\/de\/wp-json\/wp\/v2\/types\/product"}],"wp:featuredmedia":[{"embeddable":true,"href":"https:\/\/ioasis.eu\/de\/wp-json\/wp\/v2\/media\/221"}],"wp:attachment":[{"href":"https:\/\/ioasis.eu\/de\/wp-json\/wp\/v2\/media?parent=47"}],"wp:term":[{"taxonomy":"product_cat","embeddable":true,"href":"https:\/\/ioasis.eu\/de\/wp-json\/wp\/v2\/product_cat?post=47"},{"taxonomy":"product_tag","embeddable":true,"href":"https:\/\/ioasis.eu\/de\/wp-json\/wp\/v2\/product_tag?post=47"}],"curies":[{"name":"wp","href":"https:\/\/api.w.org\/{rel}","templated":true}]}}