{"id":923,"date":"2024-02-03T01:20:32","date_gmt":"2024-02-03T00:20:32","guid":{"rendered":"https:\/\/ioasis.eu\/?post_type=product&#038;p=923"},"modified":"2024-02-03T01:20:33","modified_gmt":"2024-02-03T00:20:33","slug":"belkin-battery-holder-for-apple-vision-pro","status":"publish","type":"product","link":"https:\/\/ioasis.eu\/de\/produkt\/belkin-batteriehalter-fur-apple-vision-pro\/","title":{"rendered":"Belkin Batteriehalterung f\u00fcr Apple Vision Pro"},"content":{"rendered":"<p>Der Batteriehalter wurde entwickelt, um Ihre Apple Vision Pro-Batterie sicher und gesch\u00fctzt aufzubewahren und erm\u00f6glicht ein bequemes und vielseitiges Freisprecherlebnis. Der Batteriehalter bietet eine schnelle und einfache M\u00f6glichkeit, die Batterie an einem G\u00fcrtel oder einer Hose zu befestigen, w\u00e4hrend der Kreuz-K\u00f6rperriemen denjenigen, die keinen Zugang zu einem Clip haben, eine gro\u00dfartige M\u00f6glichkeit bietet, die H\u00e4nde frei zu haben, w\u00e4hrend sie Apple Vision Pro erleben.<\/p>\n<p>&nbsp;<\/p>\n<h3 class=\"rc-pdsection-title\" data-autom=\"sectionTitle\">H\u00f6hepunkte<\/h3>\n<div class=\"para-list\">\n<p>Crossbody-Riemen f\u00fcr vielseitige Trageoptionen<\/p>\n<\/div>\n<div class=\"para-list as-pdp-lastparalist\">\n<p>Kabelclip f\u00fcr bequemes Kabelmanagement<\/p>\n<\/div>\n<p>&nbsp;<\/p>\n<div class=\"rc-pdsection-sidepanel column large-3 small-12\">\n<h3 class=\"rc-pdsection-title\" data-autom=\"sectionTitle\">Was ist in der Box?<\/h3>\n<\/div>\n<div class=\"rc-pdsection-mainpanel column large-9 small-12\">\n<div>\n<ul class=\"bulleted\">\n<li>Batteriehalterung f\u00fcr Apple Vision Pro<\/li>\n<li>Riemen am K\u00f6rper<\/li>\n<li>Kabelschelle<\/li>\n<li>Kurzanleitung zur Installation<\/li>\n<\/ul>\n<\/div>\n<\/div>","protected":false},"excerpt":{"rendered":"<p>Der Batteriehalter wurde entwickelt, um Ihre Apple Vision Pro-Batterie sicher und gesch\u00fctzt aufzubewahren und erm\u00f6glicht ein bequemes und vielseitiges Freisprecherlebnis. Der Batteriehalter bietet eine schnelle und einfache M\u00f6glichkeit, die Batterie an einem G\u00fcrtel oder einer Hose zu befestigen, w\u00e4hrend der Kreuz-K\u00f6rperriemen denjenigen, die keinen Zugang zu einem Clip haben, eine gro\u00dfartige M\u00f6glichkeit bietet, die H\u00e4nde frei zu haben, w\u00e4hrend sie Apple Vision Pro erleben.<\/p>","protected":false},"featured_media":926,"template":"","meta":[],"product_cat":[43,31],"product_tag":[45,44],"class_list":["post-923","product","type-product","status-publish","has-post-thumbnail","hentry","product_cat-accessories","product_cat-apple-vision-pro","product_tag-battery-holder-for-apple-vision-pro","product_tag-belkin-battery-holder-for-apple-vision-pro"],"jetpack_sharing_enabled":true,"_links":{"self":[{"href":"https:\/\/ioasis.eu\/de\/wp-json\/wp\/v2\/product\/923","targetHints":{"allow":["GET"]}}],"collection":[{"href":"https:\/\/ioasis.eu\/de\/wp-json\/wp\/v2\/product"}],"about":[{"href":"https:\/\/ioasis.eu\/de\/wp-json\/wp\/v2\/types\/product"}],"wp:featuredmedia":[{"embeddable":true,"href":"https:\/\/ioasis.eu\/de\/wp-json\/wp\/v2\/media\/926"}],"wp:attachment":[{"href":"https:\/\/ioasis.eu\/de\/wp-json\/wp\/v2\/media?parent=923"}],"wp:term":[{"taxonomy":"product_cat","embeddable":true,"href":"https:\/\/ioasis.eu\/de\/wp-json\/wp\/v2\/product_cat?post=923"},{"taxonomy":"product_tag","embeddable":true,"href":"https:\/\/ioasis.eu\/de\/wp-json\/wp\/v2\/product_tag?post=923"}],"curies":[{"name":"wp","href":"https:\/\/api.w.org\/{rel}","templated":true}]}}