{"id":942,"date":"2024-02-03T02:06:25","date_gmt":"2024-02-03T01:06:25","guid":{"rendered":"https:\/\/ioasis.eu\/?post_type=product&#038;p=942"},"modified":"2024-02-03T02:06:26","modified_gmt":"2024-02-03T01:06:26","slug":"apple-vision-pro-solo-knit-band","status":"publish","type":"product","link":"https:\/\/ioasis.eu\/de\/produkt\/apple-vision-pro-solo-strickband\/","title":{"rendered":"Apple Vision Pro Solo Knit Band"},"content":{"rendered":"<p>Das f\u00fcr Apple Vision Pro entwickelte Solo Knit-Band ist in einem St\u00fcck 3D-gestrickt, um eine einzigartige Rippenstruktur zu schaffen, die f\u00fcr Polsterung, Atmungsaktivit\u00e4t und Dehnbarkeit sorgt. Das Solo Knit-Band ist mit einem leicht zug\u00e4nglichen Einstellrad ausgestattet, mit dem Sie das Apple Vision Pro an Ihren Kopf anpassen k\u00f6nnen, und erm\u00f6glicht Mikroeinstellungen w\u00e4hrend des Gebrauchs. Das Solo Knit-Band wird mit einem einfachen und sicheren Mechanismus an den Audiob\u00e4ndern befestigt und kann bei Bedarf mit Hilfe von Laschen abgenommen werden.<\/p>\n<p>&nbsp;<\/p>\n<div class=\"rc-pdsection-sidepanel column large-3 small-12\">\n<h3 class=\"rc-pdsection-title\" data-autom=\"sectionTitle\">Was ist in der Box?<\/h3>\n<\/div>\n<div class=\"rc-pdsection-mainpanel column large-9 small-12\">\n<div class=\"para-list as-pdp-lastparalist\">\n<p>Apple Vision Pro Solo Knit Band<\/p>\n<\/div>\n<\/div>","protected":false},"excerpt":{"rendered":"<p>Das f\u00fcr Apple Vision Pro entwickelte Solo Knit-Band wird in einem St\u00fcck 3D-gestrickt, um eine einzigartige Rippenstruktur zu schaffen, die f\u00fcr Polsterung, Atmungsaktivit\u00e4t und Dehnbarkeit sorgt.<\/p>","protected":false},"featured_media":945,"template":"","meta":[],"product_cat":[43,31],"product_tag":[59,62,63,61,60],"class_list":["post-942","product","type-product","status-publish","has-post-thumbnail","hentry","product_cat-accessories","product_cat-apple-vision-pro","product_tag-apple-vision-pro-solo-knit-band","product_tag-band","product_tag-headband","product_tag-knit-band","product_tag-solo-knit-band"],"jetpack_sharing_enabled":true,"_links":{"self":[{"href":"https:\/\/ioasis.eu\/de\/wp-json\/wp\/v2\/product\/942","targetHints":{"allow":["GET"]}}],"collection":[{"href":"https:\/\/ioasis.eu\/de\/wp-json\/wp\/v2\/product"}],"about":[{"href":"https:\/\/ioasis.eu\/de\/wp-json\/wp\/v2\/types\/product"}],"wp:featuredmedia":[{"embeddable":true,"href":"https:\/\/ioasis.eu\/de\/wp-json\/wp\/v2\/media\/945"}],"wp:attachment":[{"href":"https:\/\/ioasis.eu\/de\/wp-json\/wp\/v2\/media?parent=942"}],"wp:term":[{"taxonomy":"product_cat","embeddable":true,"href":"https:\/\/ioasis.eu\/de\/wp-json\/wp\/v2\/product_cat?post=942"},{"taxonomy":"product_tag","embeddable":true,"href":"https:\/\/ioasis.eu\/de\/wp-json\/wp\/v2\/product_tag?post=942"}],"curies":[{"name":"wp","href":"https:\/\/api.w.org\/{rel}","templated":true}]}}