{"id":342,"date":"2023-06-10T18:25:04","date_gmt":"2023-06-10T16:25:04","guid":{"rendered":"http:\/\/ioasis.eu\/?page_id=342"},"modified":"2024-01-18T17:45:12","modified_gmt":"2024-01-18T16:45:12","slug":"privacy-policy","status":"publish","type":"page","link":"https:\/\/ioasis.eu\/es\/politica-de-privacidad\/","title":{"rendered":"Pol\u00edtica de privacidad"},"content":{"rendered":"<div data-elementor-type=\"wp-page\" data-elementor-id=\"342\" class=\"elementor elementor-342\">\n\t\t\t\t\t\t\t<div class=\"elementor-element elementor-element-98f76c5 e-con-boxed e-flex e-con\" data-id=\"98f76c5\" data-element_type=\"container\" data-settings=\"{&quot;content_width&quot;:&quot;boxed&quot;}\">\n\t\t\t\t\t<div class=\"e-con-inner\">\n\t\t\t\t<div class=\"elementor-element elementor-element-17fc843 elementor-widget elementor-widget-heading\" data-id=\"17fc843\" data-element_type=\"widget\" data-widget_type=\"heading.default\">\n\t\t\t\t<div class=\"elementor-widget-container\">\n\t\t\t<style>\/*! elementor - v3.13.3 - 28-05-2023 *\/\n.elementor-heading-title{padding:0;margin:0;line-height:1}.elementor-widget-heading .elementor-heading-title[class*=elementor-size-]>a{color:inherit;font-size:inherit;line-height:inherit}.elementor-widget-heading .elementor-heading-title.elementor-size-small{font-size:15px}.elementor-widget-heading .elementor-heading-title.elementor-size-medium{font-size:19px}.elementor-widget-heading .elementor-heading-title.elementor-size-large{font-size:29px}.elementor-widget-heading .elementor-heading-title.elementor-size-xl{font-size:39px}.elementor-widget-heading .elementor-heading-title.elementor-size-xxl{font-size:59px}<\/style><h1 class=\"elementor-heading-title elementor-size-default\">Pol\u00edtica de privacidad<\/h1>\t\t<\/div>\n\t\t\t\t<\/div>\n\t\t\t\t<div class=\"elementor-element elementor-element-7ed18c3 elementor-widget elementor-widget-text-editor\" data-id=\"7ed18c3\" data-element_type=\"widget\" data-widget_type=\"text-editor.default\">\n\t\t\t\t<div class=\"elementor-widget-container\">\n\t\t\t<style>\/*! elementor - v3.13.3 - 28-05-2023 *\/\n.elementor-widget-text-editor.elementor-drop-cap-view-stacked .elementor-drop-cap{background-color:#69727d;color:#fff}.elementor-widget-text-editor.elementor-drop-cap-view-framed .elementor-drop-cap{color:#69727d;border:3px solid;background-color:transparent}.elementor-widget-text-editor:not(.elementor-drop-cap-view-default) .elementor-drop-cap{margin-top:8px}.elementor-widget-text-editor:not(.elementor-drop-cap-view-default) .elementor-drop-cap-letter{width:1em;height:1em}.elementor-widget-text-editor .elementor-drop-cap{float:left;text-align:center;line-height:1;font-size:50px}.elementor-widget-text-editor .elementor-drop-cap-letter{display:inline-block}<\/style>\t\t\t\t<p><strong>Introducci\u00f3n<\/strong><\/p><p>iOasis (\"nosotros\", \"nos\", \"nuestro\") respeta su privacidad y se compromete a proteger sus datos personales. Esta pol\u00edtica de privacidad le informar\u00e1 sobre c\u00f3mo tratamos sus datos personales, sus derechos de privacidad y c\u00f3mo le protege la ley.<\/p><p><strong>Qu\u00e9 datos recopilamos<\/strong><\/p><p>Podemos recopilar, utilizar, almacenar y transferir diferentes tipos de datos personales sobre usted, entre los que se incluyen:<\/p><ul><li>Datos de identidad: Incluye nombre, apellidos, nombre de usuario o identificador similar.<\/li><li>Datos de contacto: Incluye direcci\u00f3n de facturaci\u00f3n, direcci\u00f3n de entrega, direcci\u00f3n de correo electr\u00f3nico y n\u00fameros de tel\u00e9fono.<\/li><li>Datos financieros: Incluye datos de cuentas bancarias y tarjetas de pago.<\/li><li>Datos de transacciones: Incluye detalles sobre pagos a y de usted y otros detalles de productos que nos ha comprado.<\/li><\/ul><p><strong>C\u00f3mo utilizamos sus datos<\/strong><\/p><p>S\u00f3lo utilizaremos sus datos personales cuando la ley nos lo permita. Lo m\u00e1s habitual es que utilicemos sus datos personales en las siguientes circunstancias:<\/p><ul><li>Para procesar y entregar su pedido.<\/li><li>Para gestionar nuestra relaci\u00f3n con usted.<\/li><li>Para administrar y proteger nuestro negocio y nuestro sitio.<\/li><\/ul><p><strong>Seguridad de los datos<\/strong><\/p><p>Hemos adoptado las medidas de seguridad adecuadas para evitar que sus datos personales se pierdan accidentalmente, se utilicen o se acceda a ellos de forma no autorizada, se alteren o se divulguen.<\/p><p><strong>Conservaci\u00f3n de datos<\/strong><\/p><p>S\u00f3lo conservaremos sus datos personales durante el tiempo necesario para cumplir los fines para los que los recopilamos, incluido el cumplimiento de cualquier requisito legal, contable o de informaci\u00f3n.<\/p><p><strong>Sus derechos legales<\/strong><\/p><p>En determinadas circunstancias, usted tiene derechos en virtud de la legislaci\u00f3n de protecci\u00f3n de datos en relaci\u00f3n con sus datos personales, incluido el derecho a solicitar el acceso a sus datos personales, solicitar la correcci\u00f3n de sus datos personales, solicitar la supresi\u00f3n de sus datos personales, etc.<\/p><p><strong>Contacte con nosotros<\/strong><\/p><p>Si tiene alguna pregunta sobre esta pol\u00edtica de privacidad o nuestras pr\u00e1cticas de privacidad, p\u00f3ngase en contacto con nosotros en <a href=\"mailto:shop@ioasis.eu\">shop@ioasis.eu<\/a>.<\/p><p><strong>Cl\u00e1usula de no afiliaci\u00f3n<\/strong><\/p><p>iOasis es una entidad minorista independiente y no est\u00e1 afiliada, respaldada ni asociada con Apple Inc.<\/p><p>Todos los productos Apple vendidos en nuestro sitio web son 100% originales y aut\u00e9nticos, adquiridos a trav\u00e9s de canales legales.<\/p><p>Todas las marcas comerciales, incluidas, entre otras, las marcas comerciales de Apple, son propiedad de sus respectivos due\u00f1os y se utilizan \u00fanicamente con fines de identificaci\u00f3n.<\/p><p>Nuestras operaciones comerciales cumplen las leyes y normativas locales y regionales relativas a la venta de electr\u00f3nica de consumo.<\/p><p>No hay ninguna afiliaci\u00f3n, patrocinio, respaldo o asociaci\u00f3n impl\u00edcita con Apple Inc.<\/p>\t\t\t\t\t\t<\/div>\n\t\t\t\t<\/div>\n\t\t\t\t\t<\/div>\n\t\t\t\t<\/div>\n\t\t\t\t\t\t\t<\/div>","protected":false},"excerpt":{"rendered":"<p>Pol\u00edtica de privacidad Introducci\u00f3n iOasis (\"nosotros\", \"nos\", \"nuestro\") respeta su privacidad y se compromete a proteger sus datos personales. Esta pol\u00edtica de privacidad le informar\u00e1 sobre c\u00f3mo tratamos sus datos personales, sus derechos de privacidad y c\u00f3mo le protege la ley. Qu\u00e9 datos recogemos Podemos recoger, utilizar, almacenar y transferir diferentes tipos de datos personales [...].<\/p>","protected":false},"author":1,"featured_media":0,"parent":0,"menu_order":0,"comment_status":"closed","ping_status":"closed","template":"","meta":{"footnotes":""},"class_list":["post-342","page","type-page","status-publish","hentry"],"jetpack_sharing_enabled":true,"_links":{"self":[{"href":"https:\/\/ioasis.eu\/es\/wp-json\/wp\/v2\/pages\/342","targetHints":{"allow":["GET"]}}],"collection":[{"href":"https:\/\/ioasis.eu\/es\/wp-json\/wp\/v2\/pages"}],"about":[{"href":"https:\/\/ioasis.eu\/es\/wp-json\/wp\/v2\/types\/page"}],"author":[{"embeddable":true,"href":"https:\/\/ioasis.eu\/es\/wp-json\/wp\/v2\/users\/1"}],"replies":[{"embeddable":true,"href":"https:\/\/ioasis.eu\/es\/wp-json\/wp\/v2\/comments?post=342"}],"version-history":[{"count":13,"href":"https:\/\/ioasis.eu\/es\/wp-json\/wp\/v2\/pages\/342\/revisions"}],"predecessor-version":[{"id":540,"href":"https:\/\/ioasis.eu\/es\/wp-json\/wp\/v2\/pages\/342\/revisions\/540"}],"wp:attachment":[{"href":"https:\/\/ioasis.eu\/es\/wp-json\/wp\/v2\/media?parent=342"}],"curies":[{"name":"wp","href":"https:\/\/api.w.org\/{rel}","templated":true}]}}