{"id":423,"date":"2023-06-11T01:21:47","date_gmt":"2023-06-10T23:21:47","guid":{"rendered":"https:\/\/ioasis.eu\/?page_id=423"},"modified":"2023-06-11T01:29:19","modified_gmt":"2023-06-10T23:29:19","slug":"apple-vision-pro-a-revolutionary-leap-in-spatial-computing","status":"publish","type":"page","link":"https:\/\/ioasis.eu\/es\/blog\/apple-vision-pro-un-salto-revolucionario-en-la-informatica-espacial\/","title":{"rendered":"Apple Vision Pro: un salto revolucionario en computaci\u00f3n espacial"},"content":{"rendered":"<div data-elementor-type=\"wp-page\" data-elementor-id=\"423\" class=\"elementor elementor-423\">\n\t\t\t\t\t\t\t<div class=\"elementor-element elementor-element-ed8a82d e-con-boxed e-flex e-con\" data-id=\"ed8a82d\" data-element_type=\"container\" data-settings=\"{&quot;content_width&quot;:&quot;boxed&quot;}\">\n\t\t\t\t\t<div class=\"e-con-inner\">\n\t\t\t\t<div class=\"elementor-element elementor-element-12c54b24 elementor-widget elementor-widget-heading\" data-id=\"12c54b24\" data-element_type=\"widget\" data-widget_type=\"heading.default\">\n\t\t\t\t<div class=\"elementor-widget-container\">\n\t\t\t<style>\/*! elementor - v3.13.3 - 28-05-2023 *\/\n.elementor-heading-title{padding:0;margin:0;line-height:1}.elementor-widget-heading .elementor-heading-title[class*=elementor-size-]>a{color:inherit;font-size:inherit;line-height:inherit}.elementor-widget-heading .elementor-heading-title.elementor-size-small{font-size:15px}.elementor-widget-heading .elementor-heading-title.elementor-size-medium{font-size:19px}.elementor-widget-heading .elementor-heading-title.elementor-size-large{font-size:29px}.elementor-widget-heading .elementor-heading-title.elementor-size-xl{font-size:39px}.elementor-widget-heading .elementor-heading-title.elementor-size-xxl{font-size:59px}<\/style><h1 class=\"elementor-heading-title elementor-size-default\">Apple Vision Pro: un salto revolucionario en computaci\u00f3n espacial<\/h1>\t\t<\/div>\n\t\t\t\t<\/div>\n\t\t\t\t\t<\/div>\n\t\t\t\t<\/div>\n\t\t<div class=\"elementor-element elementor-element-3aacda91 e-con-boxed e-flex e-con\" data-id=\"3aacda91\" data-element_type=\"container\" data-settings=\"{&quot;content_width&quot;:&quot;boxed&quot;}\">\n\t\t\t\t\t<div class=\"e-con-inner\">\n\t\t\t\t<div class=\"elementor-element elementor-element-25fe96a elementor-widget elementor-widget-text-editor\" data-id=\"25fe96a\" data-element_type=\"widget\" data-widget_type=\"text-editor.default\">\n\t\t\t\t<div class=\"elementor-widget-container\">\n\t\t\t<style>\/*! elementor - v3.13.3 - 28-05-2023 *\/\n.elementor-widget-text-editor.elementor-drop-cap-view-stacked .elementor-drop-cap{background-color:#69727d;color:#fff}.elementor-widget-text-editor.elementor-drop-cap-view-framed .elementor-drop-cap{color:#69727d;border:3px solid;background-color:transparent}.elementor-widget-text-editor:not(.elementor-drop-cap-view-default) .elementor-drop-cap{margin-top:8px}.elementor-widget-text-editor:not(.elementor-drop-cap-view-default) .elementor-drop-cap-letter{width:1em;height:1em}.elementor-widget-text-editor .elementor-drop-cap{float:left;text-align:center;line-height:1;font-size:50px}.elementor-widget-text-editor .elementor-drop-cap-letter{display:inline-block}<\/style>\t\t\t\t<p>Apple siempre ha estado a la vanguardia de la innovaci\u00f3n tecnol\u00f3gica, y su \u00faltimo producto, el Apple Vision Pro, no es una excepci\u00f3n. Este innovador dispositivo est\u00e1 llamado a redefinir la forma en que interactuamos con los contenidos digitales, ofreciendo una combinaci\u00f3n perfecta de los mundos digital y f\u00edsico. En esta entrada de blog, nos adentramos en las caracter\u00edsticas y capacidades del Apple Vision Pro, explorando por qu\u00e9 es un cambio de juego en el \u00e1mbito de la computaci\u00f3n espacial.<\/p><h6>La inform\u00e1tica espacial redefinida<\/h6><p>El Apple Vision Pro marca el inicio de una nueva era en la inform\u00e1tica espacial. Permite a los usuarios navegar por el mundo digital utilizando simplemente los ojos, las manos y la voz. Este intuitivo sistema de interacci\u00f3n transforma nuestra forma de hacer las cosas, permiti\u00e9ndonos interactuar con los contenidos digitales de una manera nunca antes vista.<\/p><h2>\u00a0<\/h2><h6>Experiencia de entretenimiento envolvente<\/h6><p>El Apple Vision Pro no es s\u00f3lo una herramienta, es un centro neur\u00e1lgico del entretenimiento. Puede transformar cualquier habitaci\u00f3n en tu cine personal, ampliando tus pel\u00edculas, programas y juegos al tama\u00f1o perfecto mientras te hace sentir parte de la acci\u00f3n con Spatial Audio. Con m\u00e1s p\u00edxeles que un televisor 4K para cada ojo, podr\u00e1s disfrutar de contenidos asombrosos est\u00e9s donde est\u00e9s.<\/p><h6>\u00a0<\/h6><h6>Capturar recuerdos en 3D<\/h6><p>El Vision Pro es el primer dispositivo de Apple con c\u00e1mara 3D. Esto le permite capturar fotos y v\u00eddeos espaciales en 3D y, a continuaci\u00f3n, revivir esos momentos entra\u00f1ables con Audio Espacial envolvente. Tu biblioteca de fotos y v\u00eddeos se ver\u00e1 incre\u00edble a una escala extraordinaria, y las panor\u00e1micas te envolver\u00e1n, haci\u00e9ndote sentir como si estuvieras justo donde las tomaste.<\/p><h6>\u00a0<\/h6><h6>Conectarse en el mismo espacio<\/h6><p>El Vision Pro mejora tu capacidad de colaborar y conectarte est\u00e9s donde est\u00e9s. Los mosaicos de v\u00eddeo de FaceTime son de tama\u00f1o real y, a medida que se unen nuevas personas, la llamada simplemente se expande en tu sala. Dentro de FaceTime, tambi\u00e9n puedes utilizar aplicaciones para colaborar con colegas en los mismos documentos simult\u00e1neamente.<\/p><h6>\u00a0<\/h6><h6>Dise\u00f1o elegante y tecnolog\u00eda avanzada<\/h6><p>El Apple Vision Pro es el resultado de d\u00e9cadas de experiencia en el dise\u00f1o de dispositivos m\u00f3viles y wearables de alto rendimiento. Integra una tecnolog\u00eda incre\u00edblemente avanzada en una forma elegante y compacta, lo que se traduce en una experiencia asombrosa cada vez que te lo pones. El dispositivo cuenta con una pieza \u00fanica de cristal laminado tridimensional que fluye dentro de un marco de aleaci\u00f3n de aluminio, curv\u00e1ndose para envolver su cara.<\/p><h6>\u00a0<\/h6><h6>Alimentaci\u00f3n del Vision Pro<\/h6><p>El Vision Pro cuenta con un exclusivo dise\u00f1o de doble chip. El potente chip M2 ejecuta simult\u00e1neamente el visionOS, ejecuta algoritmos avanzados de visi\u00f3n por ordenador y ofrece gr\u00e1ficos asombrosos, todo ello con una eficiencia incre\u00edble. El nuevo chip R1 se dedica espec\u00edficamente a procesar las entradas de las c\u00e1maras, los sensores y los micr\u00f3fonos, transmitiendo im\u00e1genes a las pantallas en 12 milisegundos para ofrecer una visi\u00f3n del mundo pr\u00e1cticamente sin retrasos y en tiempo real.<\/p><h6>\u00a0<\/h6><h6>Privacidad y seguridad<\/h6><p>Como todos los productos y servicios Apple, el Vision Pro se ha dise\u00f1ado para ayudarle a proteger su intimidad y mantener el control de sus datos. Se basa en las funciones de privacidad y seguridad del Apple con nuevas tecnolog\u00edas como Optic ID, un sistema de autenticaci\u00f3n seguro que utiliza la singularidad de su iris.<\/p><h6>\u00a0<\/h6><h6>Conclusi\u00f3n<\/h6><p>El Apple Vision Pro es m\u00e1s que un dispositivo: es un salto revolucionario en la inform\u00e1tica espacial. Ofrece una experiencia envolvente, intuitiva e interactiva que combina a la perfecci\u00f3n el contenido digital con el espacio f\u00edsico. Si busca una nueva forma de trabajar, jugar o conectarse, el Apple Vision Pro est\u00e1 listo para transformar su vida digital.<\/p><p>Con sus caracter\u00edsticas y funciones revolucionarias, no es de extra\u00f1ar que el Apple Vision Pro est\u00e9 llamado a ser el pr\u00f3ximo gran avance en el mundo de la tecnolog\u00eda. Entonces, \u00bfest\u00e1s listo para entrar en el futuro con Apple Vision Pro?<\/p><p><a href=\"https:\/\/ioasis.eu\/es\/blog\/\"><span style=\"text-decoration: underline;\">Volver<\/span><\/a><\/p>\t\t\t\t\t\t<\/div>\n\t\t\t\t<\/div>\n\t\t\t\t\t<\/div>\n\t\t\t\t<\/div>\n\t\t\t\t\t\t\t<\/div>","protected":false},"excerpt":{"rendered":"<p>Apple siempre ha estado a la vanguardia de la innovaci\u00f3n tecnol\u00f3gica, y su \u00faltimo producto, el Apple Vision Pro, no es una excepci\u00f3n. Este innovador dispositivo est\u00e1 llamado a redefinir la forma en que interactuamos con los contenidos digitales, ofreciendo una combinaci\u00f3n perfecta de los mundos digital y f\u00edsico. En esta entrada de blog, nos adentramos en las caracter\u00edsticas y capacidades del Apple Vision Pro, explorando por qu\u00e9 es un cambio de juego en el \u00e1mbito de la computaci\u00f3n espacial.<\/p>","protected":false},"author":1,"featured_media":225,"parent":415,"menu_order":0,"comment_status":"closed","ping_status":"closed","template":"","meta":{"footnotes":""},"class_list":["post-423","page","type-page","status-publish","has-post-thumbnail","hentry"],"jetpack_sharing_enabled":true,"_links":{"self":[{"href":"https:\/\/ioasis.eu\/es\/wp-json\/wp\/v2\/pages\/423","targetHints":{"allow":["GET"]}}],"collection":[{"href":"https:\/\/ioasis.eu\/es\/wp-json\/wp\/v2\/pages"}],"about":[{"href":"https:\/\/ioasis.eu\/es\/wp-json\/wp\/v2\/types\/page"}],"author":[{"embeddable":true,"href":"https:\/\/ioasis.eu\/es\/wp-json\/wp\/v2\/users\/1"}],"replies":[{"embeddable":true,"href":"https:\/\/ioasis.eu\/es\/wp-json\/wp\/v2\/comments?post=423"}],"version-history":[{"count":4,"href":"https:\/\/ioasis.eu\/es\/wp-json\/wp\/v2\/pages\/423\/revisions"}],"predecessor-version":[{"id":427,"href":"https:\/\/ioasis.eu\/es\/wp-json\/wp\/v2\/pages\/423\/revisions\/427"}],"up":[{"embeddable":true,"href":"https:\/\/ioasis.eu\/es\/wp-json\/wp\/v2\/pages\/415"}],"wp:featuredmedia":[{"embeddable":true,"href":"https:\/\/ioasis.eu\/es\/wp-json\/wp\/v2\/media\/225"}],"wp:attachment":[{"href":"https:\/\/ioasis.eu\/es\/wp-json\/wp\/v2\/media?parent=423"}],"curies":[{"name":"wp","href":"https:\/\/api.w.org\/{rel}","templated":true}]}}