{"id":433,"date":"2023-06-11T12:11:27","date_gmt":"2023-06-11T10:11:27","guid":{"rendered":"https:\/\/ioasis.eu\/?page_id=433"},"modified":"2023-06-11T12:16:07","modified_gmt":"2023-06-11T10:16:07","slug":"apple-vision-pro-transforming-the-world-one-view-at-a-time","status":"publish","type":"page","link":"https:\/\/ioasis.eu\/es\/blog\/apple-vision-pro-transformando-el-mundo-vista-a-vista\/","title":{"rendered":"Apple Vision Pro: Transformar el mundo vista a vista"},"content":{"rendered":"<div data-elementor-type=\"wp-page\" data-elementor-id=\"433\" class=\"elementor elementor-433\">\n\t\t\t\t\t\t\t<div class=\"elementor-element elementor-element-31d2be9 e-con-boxed e-flex e-con\" data-id=\"31d2be9\" data-element_type=\"container\" data-settings=\"{&quot;content_width&quot;:&quot;boxed&quot;}\">\n\t\t\t\t\t<div class=\"e-con-inner\">\n\t\t\t\t<div class=\"elementor-element elementor-element-184e767b elementor-widget elementor-widget-heading\" data-id=\"184e767b\" data-element_type=\"widget\" data-widget_type=\"heading.default\">\n\t\t\t\t<div class=\"elementor-widget-container\">\n\t\t\t<style>\/*! elementor - v3.13.3 - 28-05-2023 *\/\n.elementor-heading-title{padding:0;margin:0;line-height:1}.elementor-widget-heading .elementor-heading-title[class*=elementor-size-]>a{color:inherit;font-size:inherit;line-height:inherit}.elementor-widget-heading .elementor-heading-title.elementor-size-small{font-size:15px}.elementor-widget-heading .elementor-heading-title.elementor-size-medium{font-size:19px}.elementor-widget-heading .elementor-heading-title.elementor-size-large{font-size:29px}.elementor-widget-heading .elementor-heading-title.elementor-size-xl{font-size:39px}.elementor-widget-heading .elementor-heading-title.elementor-size-xxl{font-size:59px}<\/style><h1 class=\"elementor-heading-title elementor-size-default\">Apple Vision Pro: Transformar el mundo vista a vista<\/h1>\t\t<\/div>\n\t\t\t\t<\/div>\n\t\t\t\t\t<\/div>\n\t\t\t\t<\/div>\n\t\t<div class=\"elementor-element elementor-element-56c124cc e-con-boxed e-flex e-con\" data-id=\"56c124cc\" data-element_type=\"container\" data-settings=\"{&quot;content_width&quot;:&quot;boxed&quot;}\">\n\t\t\t\t\t<div class=\"e-con-inner\">\n\t\t\t\t<div class=\"elementor-element elementor-element-96bf314 elementor-widget elementor-widget-text-editor\" data-id=\"96bf314\" data-element_type=\"widget\" data-widget_type=\"text-editor.default\">\n\t\t\t\t<div class=\"elementor-widget-container\">\n\t\t\t<style>\/*! elementor - v3.13.3 - 28-05-2023 *\/\n.elementor-widget-text-editor.elementor-drop-cap-view-stacked .elementor-drop-cap{background-color:#69727d;color:#fff}.elementor-widget-text-editor.elementor-drop-cap-view-framed .elementor-drop-cap{color:#69727d;border:3px solid;background-color:transparent}.elementor-widget-text-editor:not(.elementor-drop-cap-view-default) .elementor-drop-cap{margin-top:8px}.elementor-widget-text-editor:not(.elementor-drop-cap-view-default) .elementor-drop-cap-letter{width:1em;height:1em}.elementor-widget-text-editor .elementor-drop-cap{float:left;text-align:center;line-height:1;font-size:50px}.elementor-widget-text-editor .elementor-drop-cap-letter{display:inline-block}<\/style>\t\t\t\t<p>En el siempre cambiante mundo de la tecnolog\u00eda, Apple siempre ha sido pionero, superando los l\u00edmites de lo posible y redefiniendo nuestra interacci\u00f3n con los contenidos digitales. La \u00faltima incorporaci\u00f3n a su innovadora gama, el Apple Vision Pro, est\u00e1 llamada a revolucionar el panorama tecnol\u00f3gico una vez m\u00e1s. En esta entrada del blog te explicamos c\u00f3mo el Apple Vision Pro est\u00e1 a punto de transformar el mundo y c\u00f3mo puedes ser de los primeros en probar este dispositivo revolucionario.<\/p><p>\u00a0<\/p><h6>Una nueva era de inform\u00e1tica espacial<\/h6><p>El Apple Vision Pro marca el advenimiento de una nueva era en la inform\u00e1tica espacial. Este dispositivo combina a la perfecci\u00f3n el contenido digital con el espacio f\u00edsico, permiti\u00e9ndole navegar por el mundo digital con los ojos, las manos y la voz. Este intuitivo sistema de interacci\u00f3n est\u00e1 llamado a revolucionar la forma en que nos relacionamos con los contenidos digitales, permiti\u00e9ndonos hacer cosas de maneras nunca antes posibles.<\/p><p>\u00a0<\/p><p><strong>Transformar el entretenimiento<\/strong><\/p><p>El Apple Vision Pro no es s\u00f3lo una herramienta, es un centro neur\u00e1lgico del entretenimiento. Puede transformar cualquier habitaci\u00f3n en tu cine personal, ampliando tus pel\u00edculas, programas y juegos al tama\u00f1o perfecto mientras te hace sentir parte de la acci\u00f3n con Spatial Audio. Con m\u00e1s p\u00edxeles que un televisor 4K para cada ojo, podr\u00e1s disfrutar de contenidos asombrosos est\u00e9s donde est\u00e9s. Esta experiencia de entretenimiento envolvente est\u00e1 llamada a redefinir nuestra forma de consumir contenidos digitales.<\/p><p>\u00a0<\/p><h6>Capturar y revivir recuerdos<\/h6><p>El Vision Pro es el primer dispositivo de Apple con c\u00e1mara 3D. Esto le permite capturar fotos y v\u00eddeos espaciales en 3D y, a continuaci\u00f3n, revivir esos momentos entra\u00f1ables con Audio Espacial envolvente. Tu biblioteca de fotos y v\u00eddeos se ver\u00e1 incre\u00edble a una escala extraordinaria, y las panor\u00e1micas te envolver\u00e1n, haci\u00e9ndote sentir como si estuvieras justo donde las tomaste. Esto va a transformar la forma en que capturamos y revivimos nuestros recuerdos.<\/p><p>\u00a0<\/p><h6>Mejorar la colaboraci\u00f3n y la conexi\u00f3n<\/h6><p>El Vision Pro mejora tu capacidad de colaborar y conectarte est\u00e9s donde est\u00e9s. Los mosaicos de v\u00eddeo de FaceTime son de tama\u00f1o real y, a medida que se unen nuevas personas, la llamada simplemente se expande en tu sala. Dentro de FaceTime, tambi\u00e9n puede utilizar aplicaciones para colaborar con colegas en los mismos documentos simult\u00e1neamente. Esto est\u00e1 llamado a revolucionar el trabajo a distancia y la colaboraci\u00f3n digital.<\/p><p>\u00a0<\/p><h6>Un salto en dise\u00f1o y tecnolog\u00eda<\/h6><p>El Apple Vision Pro es el resultado de d\u00e9cadas de experiencia en el dise\u00f1o de dispositivos m\u00f3viles y wearables de alto rendimiento. Integra una tecnolog\u00eda incre\u00edblemente avanzada en una forma elegante y compacta, lo que se traduce en una experiencia asombrosa cada vez que te lo pones. El dispositivo cuenta con una pieza \u00fanica de cristal laminado tridimensional que fluye dentro de un marco de aleaci\u00f3n de aluminio, curv\u00e1ndose para envolver su cara. Este salto en dise\u00f1o y tecnolog\u00eda est\u00e1 llamado a redefinir los est\u00e1ndares de la tecnolog\u00eda port\u00e1til.<\/p><p>\u00a0<\/p><h6>Conclusi\u00f3n<\/h6><p>El Apple Vision Pro es m\u00e1s que un dispositivo: es una revoluci\u00f3n en inform\u00e1tica espacial. Ofrece una experiencia envolvente, intuitiva e interactiva que combina a la perfecci\u00f3n el contenido digital con el espacio f\u00edsico. Si busca una nueva forma de trabajar, jugar o conectarse, el Apple Vision Pro est\u00e1 listo para transformar su vida digital.<\/p><p>Con sus caracter\u00edsticas y funciones revolucionarias, el Apple Vision Pro est\u00e1 llamado a transformar el mundo. No se trata s\u00f3lo de lo que el dispositivo puede hacer, sino de lo que nos permite hacer. Se trata de c\u00f3mo cambia nuestra interacci\u00f3n con los contenidos digitales, c\u00f3mo mejora nuestra capacidad de conexi\u00f3n y colaboraci\u00f3n y c\u00f3mo redefine nuestras experiencias de entretenimiento.<\/p><p>\u00a0<\/p><h6>Comprar ahora<\/h6><p>El futuro est\u00e1 aqu\u00ed, y es <a href=\"https:\/\/ioasis.eu\/es\/producto\/apple-vision-pro\/\">disponible para pedidos anticipados<\/a>. El Apple Vision Pro empezar\u00e1 a comercializarse en Europa al mismo tiempo que en EE.UU., exclusivamente a trav\u00e9s de iOasis. No se pierda la oportunidad de ser uno de los primeros en disfrutar de este revolucionario dispositivo. Reserva hoy tu Apple Vision Pro y ad\u00e9ntrate en el futuro con Apple.<\/p><p>\u00a0<\/p><p><a href=\"https:\/\/ioasis.eu\/es\/blog\/\"><span style=\"text-decoration: underline;\">Volver<\/span><\/a><\/p>\t\t\t\t\t\t<\/div>\n\t\t\t\t<\/div>\n\t\t\t\t\t<\/div>\n\t\t\t\t<\/div>\n\t\t\t\t\t\t\t<\/div>","protected":false},"excerpt":{"rendered":"<p>En el siempre cambiante mundo de la tecnolog\u00eda, Apple siempre ha sido pionero, superando los l\u00edmites de lo posible y redefiniendo nuestra interacci\u00f3n con los contenidos digitales. La \u00faltima incorporaci\u00f3n a su innovadora gama, el Apple Vision Pro, est\u00e1 llamada a revolucionar el panorama tecnol\u00f3gico una vez m\u00e1s.<\/p>","protected":false},"author":1,"featured_media":435,"parent":415,"menu_order":0,"comment_status":"closed","ping_status":"closed","template":"","meta":{"footnotes":""},"class_list":["post-433","page","type-page","status-publish","has-post-thumbnail","hentry"],"jetpack_sharing_enabled":true,"_links":{"self":[{"href":"https:\/\/ioasis.eu\/es\/wp-json\/wp\/v2\/pages\/433","targetHints":{"allow":["GET"]}}],"collection":[{"href":"https:\/\/ioasis.eu\/es\/wp-json\/wp\/v2\/pages"}],"about":[{"href":"https:\/\/ioasis.eu\/es\/wp-json\/wp\/v2\/types\/page"}],"author":[{"embeddable":true,"href":"https:\/\/ioasis.eu\/es\/wp-json\/wp\/v2\/users\/1"}],"replies":[{"embeddable":true,"href":"https:\/\/ioasis.eu\/es\/wp-json\/wp\/v2\/comments?post=433"}],"version-history":[{"count":4,"href":"https:\/\/ioasis.eu\/es\/wp-json\/wp\/v2\/pages\/433\/revisions"}],"predecessor-version":[{"id":438,"href":"https:\/\/ioasis.eu\/es\/wp-json\/wp\/v2\/pages\/433\/revisions\/438"}],"up":[{"embeddable":true,"href":"https:\/\/ioasis.eu\/es\/wp-json\/wp\/v2\/pages\/415"}],"wp:featuredmedia":[{"embeddable":true,"href":"https:\/\/ioasis.eu\/es\/wp-json\/wp\/v2\/media\/435"}],"wp:attachment":[{"href":"https:\/\/ioasis.eu\/es\/wp-json\/wp\/v2\/media?parent=433"}],"curies":[{"name":"wp","href":"https:\/\/api.w.org\/{rel}","templated":true}]}}