{"id":473,"date":"2024-01-08T22:36:36","date_gmt":"2024-01-08T21:36:36","guid":{"rendered":"https:\/\/ioasis.eu\/?page_id=473"},"modified":"2024-01-08T22:39:38","modified_gmt":"2024-01-08T21:39:38","slug":"apple-vision-pro-now-available-in-europe-with-ioasis","status":"publish","type":"page","link":"https:\/\/ioasis.eu\/es\/blog\/apple-vision-pro-ya-esta-disponible-en-europa-con-ioasis\/","title":{"rendered":"Apple Vision Pro: el futuro de la inform\u00e1tica espacial llega a Europa con iOasis"},"content":{"rendered":"<div data-elementor-type=\"wp-page\" data-elementor-id=\"473\" class=\"elementor elementor-473\">\n\t\t\t\t\t\t\t<div class=\"elementor-element elementor-element-26544050 e-con-boxed e-flex e-con\" data-id=\"26544050\" data-element_type=\"container\" data-settings=\"{&quot;content_width&quot;:&quot;boxed&quot;}\">\n\t\t\t\t\t<div class=\"e-con-inner\">\n\t\t\t\t<div class=\"elementor-element elementor-element-1f4eafaf elementor-widget elementor-widget-heading\" data-id=\"1f4eafaf\" data-element_type=\"widget\" data-widget_type=\"heading.default\">\n\t\t\t\t<div class=\"elementor-widget-container\">\n\t\t\t<style>\/*! elementor - v3.13.3 - 28-05-2023 *\/\n.elementor-heading-title{padding:0;margin:0;line-height:1}.elementor-widget-heading .elementor-heading-title[class*=elementor-size-]>a{color:inherit;font-size:inherit;line-height:inherit}.elementor-widget-heading .elementor-heading-title.elementor-size-small{font-size:15px}.elementor-widget-heading .elementor-heading-title.elementor-size-medium{font-size:19px}.elementor-widget-heading .elementor-heading-title.elementor-size-large{font-size:29px}.elementor-widget-heading .elementor-heading-title.elementor-size-xl{font-size:39px}.elementor-widget-heading .elementor-heading-title.elementor-size-xxl{font-size:59px}<\/style><h1 class=\"elementor-heading-title elementor-size-default\">Apple Vision Pro: el futuro de la inform\u00e1tica espacial llega a Europa con iOasis<\/h1>\t\t<\/div>\n\t\t\t\t<\/div>\n\t\t\t\t\t<\/div>\n\t\t\t\t<\/div>\n\t\t<div class=\"elementor-element elementor-element-4d86fff7 e-con-boxed e-flex e-con\" data-id=\"4d86fff7\" data-element_type=\"container\" data-settings=\"{&quot;content_width&quot;:&quot;boxed&quot;}\">\n\t\t\t\t\t<div class=\"e-con-inner\">\n\t\t\t\t<div class=\"elementor-element elementor-element-d12e1c9 elementor-widget elementor-widget-text-editor\" data-id=\"d12e1c9\" data-element_type=\"widget\" data-widget_type=\"text-editor.default\">\n\t\t\t\t<div class=\"elementor-widget-container\">\n\t\t\t<style>\/*! elementor - v3.13.3 - 28-05-2023 *\/\n.elementor-widget-text-editor.elementor-drop-cap-view-stacked .elementor-drop-cap{background-color:#69727d;color:#fff}.elementor-widget-text-editor.elementor-drop-cap-view-framed .elementor-drop-cap{color:#69727d;border:3px solid;background-color:transparent}.elementor-widget-text-editor:not(.elementor-drop-cap-view-default) .elementor-drop-cap{margin-top:8px}.elementor-widget-text-editor:not(.elementor-drop-cap-view-default) .elementor-drop-cap-letter{width:1em;height:1em}.elementor-widget-text-editor .elementor-drop-cap{float:left;text-align:center;line-height:1;font-size:50px}.elementor-widget-text-editor .elementor-drop-cap-letter{display:inline-block}<\/style>\t\t\t\t<p>8 de enero de 2024<\/p>\t\t\t\t\t\t<\/div>\n\t\t\t\t<\/div>\n\t\t\t\t<div class=\"elementor-element elementor-element-7563d79 elementor-widget elementor-widget-heading\" data-id=\"7563d79\" data-element_type=\"widget\" data-widget_type=\"heading.default\">\n\t\t\t\t<div class=\"elementor-widget-container\">\n\t\t\t<h2 class=\"elementor-heading-title elementor-size-default\">Una nueva era comienza el 2 de febrero de 2024<\/h2>\t\t<\/div>\n\t\t\t\t<\/div>\n\t\t\t\t<div class=\"elementor-element elementor-element-fe7f68d elementor-widget elementor-widget-text-editor\" data-id=\"fe7f68d\" data-element_type=\"widget\" data-widget_type=\"text-editor.default\">\n\t\t\t\t<div class=\"elementor-widget-container\">\n\t\t\t\t\t\t\t<p>En un emocionante avance para los entusiastas y profesionales de la tecnolog\u00eda de toda Europa, Apple ha anunciado la pr\u00f3xima disponibilidad de su innovador Apple Vision Pro, a partir del 2 de febrero de 2024. Como distribuidor exclusivo en Europa, iOasis Premier Reseller est\u00e1 encantado de ofrecer este revolucionario ordenador espacial a nuestros clientes.<\/p><h3 style=\"caret-color: #000000; color: #1d1d1f; white-space: pre-wrap; border: 0px solid #d9d9e3; font-size: 1.25em; font-weight: 600; margin: 1rem 0px 0.5rem; line-height: 1.6; font-family: S\u00f6hne, ui-sans-serif, system-ui, -apple-system, 'Segoe UI', Roboto, Ubuntu, Cantarell, 'Noto Sans', sans-serif, 'Helvetica Neue', Arial, 'Apple Color Emoji', 'Segoe UI Emoji', 'Segoe UI Symbol', 'Noto Color Emoji';\">\u00bfQu\u00e9 es Apple Vision Pro?<\/h3><p style=\"white-space: pre-wrap; border: 0px solid #d9d9e3; margin-right: 0px; margin-bottom: 1.25em; margin-left: 0px; caret-color: #d1d5db; color: ##1d1d1f; font-family: S\u00f6hne, ui-sans-serif, system-ui, -apple-system, 'Segoe UI', Roboto, Ubuntu, Cantarell, 'Noto Sans', sans-serif, 'Helvetica Neue', Arial, 'Apple Color Emoji', 'Segoe UI Emoji', 'Segoe UI Symbol', 'Noto Color Emoji';\">Apple Vision Pro es algo m\u00e1s que un nuevo gadget; es una redefinici\u00f3n completa de c\u00f3mo interactuamos con los contenidos digitales. Fusionando los mundos f\u00edsico y digital, Vision Pro ofrece una experiencia inmersiva que transforma las tareas cotidianas, el entretenimiento y la comunicaci\u00f3n. Gracias a sus avanzadas capacidades de computaci\u00f3n espacial, impulsadas por visionOS, los usuarios pueden controlar el dispositivo con los ojos, las manos y la voz, haciendo que las interacciones resulten m\u00e1s naturales e intuitivas que nunca.<\/p><h3 style=\"caret-color: #000000; color: #1d1d1f; white-space: pre-wrap; border: 0px solid #d9d9e3; font-size: 1.25em; font-weight: 600; margin: 1rem 0px 0.5rem; line-height: 1.6; font-family: S\u00f6hne, ui-sans-serif, system-ui, -apple-system, 'Segoe UI', Roboto, Ubuntu, Cantarell, 'Noto Sans', sans-serif, 'Helvetica Neue', Arial, 'Apple Color Emoji', 'Segoe UI Emoji', 'Segoe UI Symbol', 'Noto Color Emoji';\">Caracter\u00edsticas principales de Apple Vision Pro<\/h3><ul><li><strong>Sistema operativo revolucionario<\/strong>: Construido sobre la s\u00f3lida base de macOS, iOS y iPadOS, visionOS introduce una nueva dimensi\u00f3n a las interfaces de usuario y sistemas de entrada.<\/li><li><strong>Navegaci\u00f3n intuitiva<\/strong>: Los controles oculares, manuales y de voz hacen que la navegaci\u00f3n sea fluida y m\u00e1gica.<\/li><li><strong>Entornos din\u00e1micos<\/strong>: Los usuarios pueden sumergirse en impresionantes paisajes o incluso en la superficie lunar, lo que mejora la concentraci\u00f3n y reduce las distracciones.<\/li><li><strong>Un espacio de trabajo extraordinario<\/strong>: La interfaz tridimensional permite un lienzo infinito, perfecto para la multitarea y la colaboraci\u00f3n.<\/li><li><strong>Compatibilidad y nuevas aplicaciones<\/strong>: M\u00e1s de 1 mill\u00f3n de apps iOS y iPadOS conocidas, junto con nuevas experiencias de computaci\u00f3n espacial, est\u00e1n disponibles.<\/li><li><strong>Lo \u00faltimo en entretenimiento y juegos<\/strong>: Pantallas de alta resoluci\u00f3n, t\u00edtulos en 3D y nuevas experiencias de juego redefinen el entretenimiento dom\u00e9stico.<\/li><li><strong>Memorias espaciales y FaceTime<\/strong>: Revive recuerdos de una forma nueva y disfruta de llamadas FaceTime a tama\u00f1o real.<\/li><li><strong>Dise\u00f1o innovador<\/strong>: Un sistema modular con un ajuste c\u00f3modo y personalizado.<\/li><li><strong>Innovaci\u00f3n sin igual<\/strong>: Seguimiento ocular de alto rendimiento y tecnolog\u00eda de visualizaci\u00f3n avanzada para una experiencia inigualable.<\/li><li><strong>Privacidad y seguridad<\/strong>: Con Optic ID para un uso seguro y privado.<\/li><li><strong>Accesibilidad<\/strong>: Dise\u00f1o inclusivo con m\u00faltiples opciones de entrada para todos los usuarios.<\/li><li><strong>Compromiso medioambiental<\/strong>: Dise\u00f1o ecol\u00f3gico en l\u00ednea con los objetivos de sostenibilidad de Apple.<\/li><\/ul><h3 style=\"caret-color: #000000; color: #1d1d1f; white-space: pre-wrap; border: 0px solid #d9d9e3; font-size: 1.25em; font-weight: 600; margin: 1rem 0px 0.5rem; line-height: 1.6; font-family: S\u00f6hne, ui-sans-serif, system-ui, -apple-system, 'Segoe UI', Roboto, Ubuntu, Cantarell, 'Noto Sans', sans-serif, 'Helvetica Neue', Arial, 'Apple Color Emoji', 'Segoe UI Emoji', 'Segoe UI Symbol', 'Noto Color Emoji';\">Precios y disponibilidad<\/h3><h3 style=\"caret-color: #000000; color: #1d1d1f; white-space: pre-wrap; border: 0px solid #d9d9e3; font-size: 1.25em; font-weight: 600; margin: 1rem 0px 0.5rem; line-height: 1.6; font-family: S\u00f6hne, ui-sans-serif, system-ui, -apple-system, 'Segoe UI', Roboto, Ubuntu, Cantarell, 'Noto Sans', sans-serif, 'Helvetica Neue', Arial, 'Apple Color Emoji', 'Segoe UI Emoji', 'Segoe UI Symbol', 'Noto Color Emoji';\"><span style=\"font-family: Roboto, sans-serif; font-weight: 400; text-align: var(--text-align); font-size: 1rem;\">En exclusiva a trav\u00e9s de iOasis Premier Reseller, el Apple Vision Pro se vender\u00e1 a 4.499 euros con 256 GB de almacenamiento. Los pedidos anticipados han comenzado con un dep\u00f3sito de 100 euros, y el env\u00edo empieza el 2 de febrero.<\/span><\/h3><div><h3 style=\"caret-color: #000000; color: #1d1d1f; white-space: pre-wrap; border: 0px solid #d9d9e3; font-size: 1.25em; font-weight: 600; margin: 1rem 0px 0.5rem; line-height: 1.6; font-family: S\u00f6hne, ui-sans-serif, system-ui, -apple-system, 'Segoe UI', Roboto, Ubuntu, Cantarell, 'Noto Sans', sans-serif, 'Helvetica Neue', Arial, 'Apple Color Emoji', 'Segoe UI Emoji', 'Segoe UI Symbol', 'Noto Color Emoji';\">\u00bfPor qu\u00e9 elegir iOasis?<\/h3><\/div><p>Como socio de confianza, iOasis Premier Reseller se compromete a proporcionar a nuestros clientes no s\u00f3lo productos revolucionarios, sino tambi\u00e9n un servicio y una asistencia excepcionales. Nuestro equipo est\u00e1 preparado para ayudarle a explorar todo el potencial de Apple Vision Pro y a integrar esta tecnolog\u00eda de vanguardia en su vida.<\/p><h3 style=\"caret-color: #000000; color: #1d1d1f; white-space: pre-wrap; border: 0px solid #d9d9e3; font-size: 1.25em; font-weight: 600; margin: 1rem 0px 0.5rem; line-height: 1.6; font-family: S\u00f6hne, ui-sans-serif, system-ui, -apple-system, 'Segoe UI', Roboto, Ubuntu, Cantarell, 'Noto Sans', sans-serif, 'Helvetica Neue', Arial, 'Apple Color Emoji', 'Segoe UI Emoji', 'Segoe UI Symbol', 'Noto Color Emoji';\">El futuro ya est\u00e1 aqu\u00ed<\/h3><p>\u00danase a nosotros para dar la bienvenida a una nueva era de la inform\u00e1tica con Apple Vision Pro. Visite iOasis Premier Reseller para experimentar el futuro de primera mano.<\/p><h3 style=\"caret-color: #000000; color: #1d1d1f; white-space: pre-wrap; border: 0px solid #d9d9e3; font-size: 1.25em; font-weight: 600; margin: 1rem 0px 0.5rem; line-height: 1.6; font-family: S\u00f6hne, ui-sans-serif, system-ui, -apple-system, 'Segoe UI', Roboto, Ubuntu, Cantarell, 'Noto Sans', sans-serif, 'Helvetica Neue', Arial, 'Apple Color Emoji', 'Segoe UI Emoji', 'Segoe UI Symbol', 'Noto Color Emoji';\">Acerca de Apple<\/h3><p>L\u00edder en innovaci\u00f3n, Apple sigue revolucionando la tecnolog\u00eda personal desde la introducci\u00f3n del Macintosh en 1984. Con su gama de productos y servicios, Apple se dedica a crear lo mejor del planeta y a dejar el mundo mejor de lo que lo encontr\u00f3.<\/p><p><span style=\"text-decoration: underline;\"><a href=\"https:\/\/ioasis.eu\/es\/blog\/\">Volver<\/a><\/span><\/p>\t\t\t\t\t\t<\/div>\n\t\t\t\t<\/div>\n\t\t\t\t\t<\/div>\n\t\t\t\t<\/div>\n\t\t\t\t\t\t\t<\/div>","protected":false},"excerpt":{"rendered":"<p>Como distribuidor exclusivo de Apple Vision Pro en Europa, iOasis Premier Reseller est\u00e1 encantado de ofrecer este revolucionario ordenador espacial a nuestros clientes.<\/p>","protected":false},"author":1,"featured_media":221,"parent":415,"menu_order":0,"comment_status":"closed","ping_status":"closed","template":"","meta":{"footnotes":""},"class_list":["post-473","page","type-page","status-publish","has-post-thumbnail","hentry"],"jetpack_sharing_enabled":true,"_links":{"self":[{"href":"https:\/\/ioasis.eu\/es\/wp-json\/wp\/v2\/pages\/473","targetHints":{"allow":["GET"]}}],"collection":[{"href":"https:\/\/ioasis.eu\/es\/wp-json\/wp\/v2\/pages"}],"about":[{"href":"https:\/\/ioasis.eu\/es\/wp-json\/wp\/v2\/types\/page"}],"author":[{"embeddable":true,"href":"https:\/\/ioasis.eu\/es\/wp-json\/wp\/v2\/users\/1"}],"replies":[{"embeddable":true,"href":"https:\/\/ioasis.eu\/es\/wp-json\/wp\/v2\/comments?post=473"}],"version-history":[{"count":5,"href":"https:\/\/ioasis.eu\/es\/wp-json\/wp\/v2\/pages\/473\/revisions"}],"predecessor-version":[{"id":481,"href":"https:\/\/ioasis.eu\/es\/wp-json\/wp\/v2\/pages\/473\/revisions\/481"}],"up":[{"embeddable":true,"href":"https:\/\/ioasis.eu\/es\/wp-json\/wp\/v2\/pages\/415"}],"wp:featuredmedia":[{"embeddable":true,"href":"https:\/\/ioasis.eu\/es\/wp-json\/wp\/v2\/media\/221"}],"wp:attachment":[{"href":"https:\/\/ioasis.eu\/es\/wp-json\/wp\/v2\/media?parent=473"}],"curies":[{"name":"wp","href":"https:\/\/api.w.org\/{rel}","templated":true}]}}