{"id":710,"date":"2024-01-22T13:14:11","date_gmt":"2024-01-22T12:14:11","guid":{"rendered":"https:\/\/ioasis.eu\/?page_id=710"},"modified":"2024-01-22T13:18:31","modified_gmt":"2024-01-22T12:18:31","slug":"maximizing-your-apple-vision-pro-experience-a-comprehensive-guide","status":"publish","type":"page","link":"https:\/\/ioasis.eu\/es\/blog\/maximice-su-experiencia-apple-vision-pro-una-guia-completa\/","title":{"rendered":"C\u00f3mo maximizar su experiencia Apple Vision Pro: Gu\u00eda completa"},"content":{"rendered":"<div data-elementor-type=\"wp-page\" data-elementor-id=\"710\" class=\"elementor elementor-710\">\n\t\t\t\t\t\t\t<div class=\"elementor-element elementor-element-63a473c7 e-con-boxed e-flex e-con\" data-id=\"63a473c7\" data-element_type=\"container\" data-settings=\"{&quot;content_width&quot;:&quot;boxed&quot;}\">\n\t\t\t\t\t<div class=\"e-con-inner\">\n\t\t\t\t<div class=\"elementor-element elementor-element-6c95bfa3 elementor-widget elementor-widget-heading\" data-id=\"6c95bfa3\" data-element_type=\"widget\" data-widget_type=\"heading.default\">\n\t\t\t\t<div class=\"elementor-widget-container\">\n\t\t\t<style>\/*! elementor - v3.13.3 - 28-05-2023 *\/\n.elementor-heading-title{padding:0;margin:0;line-height:1}.elementor-widget-heading .elementor-heading-title[class*=elementor-size-]>a{color:inherit;font-size:inherit;line-height:inherit}.elementor-widget-heading .elementor-heading-title.elementor-size-small{font-size:15px}.elementor-widget-heading .elementor-heading-title.elementor-size-medium{font-size:19px}.elementor-widget-heading .elementor-heading-title.elementor-size-large{font-size:29px}.elementor-widget-heading .elementor-heading-title.elementor-size-xl{font-size:39px}.elementor-widget-heading .elementor-heading-title.elementor-size-xxl{font-size:59px}<\/style><h1 class=\"elementor-heading-title elementor-size-default\">C\u00f3mo maximizar su experiencia Apple Vision Pro: Gu\u00eda completa<\/h1>\t\t<\/div>\n\t\t\t\t<\/div>\n\t\t\t\t\t<\/div>\n\t\t\t\t<\/div>\n\t\t<div class=\"elementor-element elementor-element-fca48e9 e-con-boxed e-flex e-con\" data-id=\"fca48e9\" data-element_type=\"container\" data-settings=\"{&quot;content_width&quot;:&quot;boxed&quot;}\">\n\t\t\t\t\t<div class=\"e-con-inner\">\n\t\t\t\t<div class=\"elementor-element elementor-element-544c7803 elementor-widget elementor-widget-text-editor\" data-id=\"544c7803\" data-element_type=\"widget\" data-widget_type=\"text-editor.default\">\n\t\t\t\t<div class=\"elementor-widget-container\">\n\t\t\t<style>\/*! elementor - v3.13.3 - 28-05-2023 *\/\n.elementor-widget-text-editor.elementor-drop-cap-view-stacked .elementor-drop-cap{background-color:#69727d;color:#fff}.elementor-widget-text-editor.elementor-drop-cap-view-framed .elementor-drop-cap{color:#69727d;border:3px solid;background-color:transparent}.elementor-widget-text-editor:not(.elementor-drop-cap-view-default) .elementor-drop-cap{margin-top:8px}.elementor-widget-text-editor:not(.elementor-drop-cap-view-default) .elementor-drop-cap-letter{width:1em;height:1em}.elementor-widget-text-editor .elementor-drop-cap{float:left;text-align:center;line-height:1;font-size:50px}.elementor-widget-text-editor .elementor-drop-cap-letter{display:inline-block}<\/style>\t\t\t\t<p>Bienvenido a nuestra gu\u00eda detallada sobre c\u00f3mo sacar el m\u00e1ximo partido a tu Apple Vision Pro. Este dispositivo de \u00faltima generaci\u00f3n ofrece una gran cantidad de funciones y posibilidades, y estamos aqu\u00ed para ayudarte a navegar por ellas. Tanto si es un usuario nuevo como si desea profundizar en sus conocimientos, esta gu\u00eda le proporcionar\u00e1 informaci\u00f3n valiosa para disfrutar de una experiencia m\u00e1s segura, agradable y productiva.<\/p><p><strong>1. Descubrir el poder de las funciones<\/strong><\/p><p>El Apple Vision Pro es un tesoro de funcionalidades por explorar. Desde las funciones avanzadas de seguimiento ocular de EyeSight hasta la experiencia de realidad aumentada inmersiva de Encuentro con dinosaurios, cada funci\u00f3n abre nuevas posibilidades. T\u00f3mate tu tiempo para explorar cada una de ellas, ya que comprenderlas es el primer paso para liberar todo el potencial de tu Vision Pro.<\/p><p><strong>2. Aprendizaje mediante tutor\u00edas guiadas<\/strong><\/p><p>El v\u00eddeo \"Visita guiada\" del Apple es un recurso inestimable. Ofrece un completo recorrido por las funciones del Vision Pro, lo que lo convierte en un v\u00eddeo esencial para todos los usuarios. Estos tutoriales no s\u00f3lo ofrecen conocimientos operativos, sino tambi\u00e9n consejos y trucos para mejorar la experiencia.<\/p><p><strong>3. Crear un espacio seguro<\/strong><\/p><p>La seguridad es primordial, especialmente en las experiencias inmersivas de RV y RA. Aseg\u00farate de tener una zona despejada y segura por la que moverte. Reorganizar los muebles o despejar el espacio puede reducir significativamente el riesgo de accidentes, garantizando una experiencia m\u00e1s segura e inmersiva.<\/p><p><strong>4. Utilizaci\u00f3n de los modos de paso<\/strong><\/p><p>Los modos de paso ofrecen un equilibrio entre la inmersi\u00f3n virtual y la conciencia del mundo real. Esta funci\u00f3n es crucial para navegar con seguridad por el entorno f\u00edsico mientras se participa en el mundo virtual. Se trata de combinar la seguridad con la experiencia inmersiva del Vision Pro.<\/p><p><strong>5. La postura importa: \u00bfSentado o de pie?<\/strong><\/p><p>La decisi\u00f3n de estar sentado o de pie mientras se utiliza el Vision Pro debe ajustarse a los requisitos de la aplicaci\u00f3n. Para experiencias m\u00e1s pasivas, sentarse puede resultar m\u00e1s c\u00f3modo. Sin embargo, en el caso de experiencias interactivas y f\u00edsicas, estar de pie podr\u00eda mejorar la participaci\u00f3n. Ten siempre en cuenta la comodidad y la naturaleza de la aplicaci\u00f3n a la hora de decidir tu postura.<\/p><p><strong>6. Prioridad a la seguridad f\u00edsica<\/strong><\/p><p>Tu seguridad f\u00edsica debe ser siempre una prioridad absoluta. Recuerda las lecciones aprendidas en la \u00e9poca de los juegos activos con dispositivos como la Nintendo Wii. Antes de empezar, aseg\u00farate de que tu zona de juego est\u00e1 libre de peligros para evitar accidentes.<\/p><p><strong>7. Explorar el universo de las aplicaciones<\/strong><\/p><p>El Apple Vision Pro es compatible con una amplia gama de aplicaciones, cada una de las cuales ofrece experiencias \u00fanicas. Experimentar con distintas aplicaciones puede enriquecer considerablemente tu experiencia. Ya se trate de juegos, educaci\u00f3n o productividad, es probable que haya una aplicaci\u00f3n que se ajuste a tus intereses.<\/p><p><strong>8. Actualizaciones y accesorios<\/strong><\/p><p>Mant\u00e9ngase informado sobre las \u00faltimas actualizaciones y accesorios de Apple. Pueden ser desde accesorios que mejoran la comodidad hasta actualizaciones de software que introducen nuevas caracter\u00edsticas o mejoran las funcionalidades existentes. Mantenerte al d\u00eda de estas novedades te garantiza siempre la mejor experiencia posible.<\/p><p><strong>Conclusi\u00f3n<\/strong><\/p><p>El Apple Vision Pro es m\u00e1s que una pieza de tecnolog\u00eda; es una puerta a nuevas experiencias. Si conoce sus funciones, garantiza un entorno seguro y se mantiene al d\u00eda de los \u00faltimos avances, podr\u00e1 disfrutar al m\u00e1ximo y aumentar su productividad. Recuerde que el viaje con el Vision Pro es un viaje de exploraci\u00f3n y adaptaci\u00f3n continuas.<\/p><p>Feliz exploraci\u00f3n y \u00a1a liberar todo el potencial de tu Apple Vision Pro!<\/p><p>\u00a0<\/p><p><a href=\"https:\/\/ioasis.eu\/es\/blog\/\"><span style=\"text-decoration: underline;\">Volver<\/span><\/a><\/p><p>\u00a0<\/p>\t\t\t\t\t\t<\/div>\n\t\t\t\t<\/div>\n\t\t\t\t\t<\/div>\n\t\t\t\t<\/div>\n\t\t\t\t\t\t\t<\/div>","protected":false},"excerpt":{"rendered":"<p>Bienvenido a nuestra gu\u00eda detallada sobre c\u00f3mo sacar el m\u00e1ximo partido a su Apple Vision Pro. Tanto si eres un usuario nuevo como si quieres profundizar en tus conocimientos, esta gu\u00eda te proporcionar\u00e1 informaci\u00f3n valiosa para disfrutar de una experiencia m\u00e1s segura, agradable y productiva.<\/p>","protected":false},"author":1,"featured_media":435,"parent":415,"menu_order":0,"comment_status":"closed","ping_status":"closed","template":"","meta":{"footnotes":""},"class_list":["post-710","page","type-page","status-publish","has-post-thumbnail","hentry"],"jetpack_sharing_enabled":true,"_links":{"self":[{"href":"https:\/\/ioasis.eu\/es\/wp-json\/wp\/v2\/pages\/710","targetHints":{"allow":["GET"]}}],"collection":[{"href":"https:\/\/ioasis.eu\/es\/wp-json\/wp\/v2\/pages"}],"about":[{"href":"https:\/\/ioasis.eu\/es\/wp-json\/wp\/v2\/types\/page"}],"author":[{"embeddable":true,"href":"https:\/\/ioasis.eu\/es\/wp-json\/wp\/v2\/users\/1"}],"replies":[{"embeddable":true,"href":"https:\/\/ioasis.eu\/es\/wp-json\/wp\/v2\/comments?post=710"}],"version-history":[{"count":4,"href":"https:\/\/ioasis.eu\/es\/wp-json\/wp\/v2\/pages\/710\/revisions"}],"predecessor-version":[{"id":714,"href":"https:\/\/ioasis.eu\/es\/wp-json\/wp\/v2\/pages\/710\/revisions\/714"}],"up":[{"embeddable":true,"href":"https:\/\/ioasis.eu\/es\/wp-json\/wp\/v2\/pages\/415"}],"wp:featuredmedia":[{"embeddable":true,"href":"https:\/\/ioasis.eu\/es\/wp-json\/wp\/v2\/media\/435"}],"wp:attachment":[{"href":"https:\/\/ioasis.eu\/es\/wp-json\/wp\/v2\/media?parent=710"}],"curies":[{"name":"wp","href":"https:\/\/api.w.org\/{rel}","templated":true}]}}