{"id":715,"date":"2024-01-22T13:54:49","date_gmt":"2024-01-22T12:54:49","guid":{"rendered":"https:\/\/ioasis.eu\/?page_id=715"},"modified":"2024-01-22T13:57:08","modified_gmt":"2024-01-22T12:57:08","slug":"discover-visionos-revolutionizing-your-apple-vision-pro-experience","status":"publish","type":"page","link":"https:\/\/ioasis.eu\/es\/blog\/descubre-visionos-revoluciona-tu-experiencia-apple-vision-pro\/","title":{"rendered":"Descubra VisionOS: Revolucione su experiencia Apple Vision Pro"},"content":{"rendered":"<div data-elementor-type=\"wp-page\" data-elementor-id=\"715\" class=\"elementor elementor-715\">\n\t\t\t\t\t\t\t<div class=\"elementor-element elementor-element-4ce6fdf1 e-con-boxed e-flex e-con\" data-id=\"4ce6fdf1\" data-element_type=\"container\" data-settings=\"{&quot;content_width&quot;:&quot;boxed&quot;}\">\n\t\t\t\t\t<div class=\"e-con-inner\">\n\t\t\t\t<div class=\"elementor-element elementor-element-77815985 elementor-widget elementor-widget-heading\" data-id=\"77815985\" data-element_type=\"widget\" data-widget_type=\"heading.default\">\n\t\t\t\t<div class=\"elementor-widget-container\">\n\t\t\t<style>\/*! elementor - v3.13.3 - 28-05-2023 *\/\n.elementor-heading-title{padding:0;margin:0;line-height:1}.elementor-widget-heading .elementor-heading-title[class*=elementor-size-]>a{color:inherit;font-size:inherit;line-height:inherit}.elementor-widget-heading .elementor-heading-title.elementor-size-small{font-size:15px}.elementor-widget-heading .elementor-heading-title.elementor-size-medium{font-size:19px}.elementor-widget-heading .elementor-heading-title.elementor-size-large{font-size:29px}.elementor-widget-heading .elementor-heading-title.elementor-size-xl{font-size:39px}.elementor-widget-heading .elementor-heading-title.elementor-size-xxl{font-size:59px}<\/style><h1 class=\"elementor-heading-title elementor-size-default\">\nDescubra VisionOS: Revolucione su experiencia Apple Vision Pro<\/h1>\t\t<\/div>\n\t\t\t\t<\/div>\n\t\t\t\t<div class=\"elementor-element elementor-element-2c8475f elementor-skin-carousel elementor-arrows-yes elementor-pagination-type-bullets elementor-pagination-position-outside elementor-widget elementor-widget-media-carousel\" data-id=\"2c8475f\" data-element_type=\"widget\" data-settings=\"{&quot;skin&quot;:&quot;carousel&quot;,&quot;effect&quot;:&quot;slide&quot;,&quot;show_arrows&quot;:&quot;yes&quot;,&quot;pagination&quot;:&quot;bullets&quot;,&quot;speed&quot;:500,&quot;autoplay&quot;:&quot;yes&quot;,&quot;autoplay_speed&quot;:5000,&quot;loop&quot;:&quot;yes&quot;,&quot;pause_on_hover&quot;:&quot;yes&quot;,&quot;pause_on_interaction&quot;:&quot;yes&quot;,&quot;space_between&quot;:{&quot;unit&quot;:&quot;px&quot;,&quot;size&quot;:10,&quot;sizes&quot;:[]},&quot;space_between_tablet&quot;:{&quot;unit&quot;:&quot;px&quot;,&quot;size&quot;:10,&quot;sizes&quot;:[]},&quot;space_between_mobile&quot;:{&quot;unit&quot;:&quot;px&quot;,&quot;size&quot;:10,&quot;sizes&quot;:[]}}\" data-widget_type=\"media-carousel.default\">\n\t\t\t\t<div class=\"elementor-widget-container\">\n\t\t\t<link rel=\"stylesheet\" href=\"https:\/\/ioasis.eu\/wp-content\/plugins\/elementor-pro\/assets\/css\/widget-carousel.min.css\">\t\t<div class=\"elementor-swiper\">\n\t\t\t<div class=\"elementor-main-swiper swiper\">\n\t\t\t\t<div class=\"swiper-wrapper\">\n\t\t\t\t\t\t\t\t\t\t\t<div class=\"swiper-slide\">\n\t\t\t\t\t\t\t\t\t<div class=\"elementor-carousel-image\" role=\"img\" aria-label=\"Apple Vision Pro Europa - VisionOS - hola\" style=\"background-image: url(&#039;https:\/\/ioasis.eu\/wp-content\/uploads\/2024\/01\/Apple-Vision-Pro-Europe-VisionOS-2.jpg&#039;)\">\n\n\t\t\t\n\t\t\t\t\t<\/div>\n\t\t\t\t\t\t\t\t<\/div>\n\t\t\t\t\t\t\t\t\t\t\t<div class=\"swiper-slide\">\n\t\t\t\t\t\t\t\t\t<div class=\"elementor-carousel-image\" role=\"img\" aria-label=\"Descubra VisionOS - Apple Vision Pro en Europa\" style=\"background-image: url(&#039;https:\/\/ioasis.eu\/wp-content\/uploads\/2024\/01\/session3_2x.jpg&#039;)\">\n\n\t\t\t\n\t\t\t\t\t<\/div>\n\t\t\t\t\t\t\t\t<\/div>\n\t\t\t\t\t\t\t\t\t\t\t<div class=\"swiper-slide\">\n\t\t\t\t\t\t\t\t\t<div class=\"elementor-carousel-image\" role=\"img\" aria-label=\"Apple Vision Pro Europa - Centro de control VisionOS\" style=\"background-image: url(&#039;https:\/\/ioasis.eu\/wp-content\/uploads\/2024\/01\/Apple-Vision-Pro-Europe-VisionOS-4.jpg&#039;)\">\n\n\t\t\t\n\t\t\t\t\t<\/div>\n\t\t\t\t\t\t\t\t<\/div>\n\t\t\t\t\t\t\t\t\t\t\t<div class=\"swiper-slide\">\n\t\t\t\t\t\t\t\t\t<div class=\"elementor-carousel-image\" role=\"img\" aria-label=\"Apple Vision Pro Europa - VisionOS demostraci\u00f3n espacial\" style=\"background-image: url(&#039;https:\/\/ioasis.eu\/wp-content\/uploads\/2024\/01\/Apple-Vision-Pro-Europe-VisionOS-3.jpg&#039;)\">\n\n\t\t\t\n\t\t\t\t\t<\/div>\n\t\t\t\t\t\t\t\t<\/div>\n\t\t\t\t\t\t\t\t\t\t\t<div class=\"swiper-slide\">\n\t\t\t\t\t\t\t\t\t<div class=\"elementor-carousel-image\" role=\"img\" aria-label=\"Apple Vision Pro Europa - VisionOS agrandar foto\" style=\"background-image: url(&#039;https:\/\/ioasis.eu\/wp-content\/uploads\/2024\/01\/Apple-Vision-Pro-Europe-VisionOS-5.jpg&#039;)\">\n\n\t\t\t\n\t\t\t\t\t<\/div>\n\t\t\t\t\t\t\t\t<\/div>\n\t\t\t\t\t\t\t\t\t<\/div>\n\t\t\t\t\t\t\t\t\t\t\t\t\t\t\t<div class=\"swiper-pagination\"><\/div>\n\t\t\t\t\t\t\t\t\t\t\t\t\t\t\t\t<div class=\"elementor-swiper-button elementor-swiper-button-prev\" role=\"button\" tabindex=\"0\">\n\t\t\t\t\t\t\t<i aria-hidden=\"true\" class=\"eicon-chevron-left\"><\/i>\t\t\t\t\t\t\t<span class=\"elementor-screen-only\">Anterior<\/span>\n\t\t\t\t\t\t<\/div>\n\t\t\t\t\t\t<div class=\"elementor-swiper-button elementor-swiper-button-next\" role=\"button\" tabindex=\"0\">\n\t\t\t\t\t\t\t<i aria-hidden=\"true\" class=\"eicon-chevron-right\"><\/i>\t\t\t\t\t\t\t<span class=\"elementor-screen-only\">Siguiente<\/span>\n\t\t\t\t\t\t<\/div>\n\t\t\t\t\t\t\t\t\t\t\t\t<\/div>\n\t\t<\/div>\n\t\t\t\t<\/div>\n\t\t\t\t<\/div>\n\t\t\t\t\t<\/div>\n\t\t\t\t<\/div>\n\t\t<div class=\"elementor-element elementor-element-5e683ed1 e-con-boxed e-flex e-con\" data-id=\"5e683ed1\" data-element_type=\"container\" data-settings=\"{&quot;content_width&quot;:&quot;boxed&quot;}\">\n\t\t\t\t\t<div class=\"e-con-inner\">\n\t\t\t\t<div class=\"elementor-element elementor-element-5a81c8c4 elementor-widget elementor-widget-text-editor\" data-id=\"5a81c8c4\" data-element_type=\"widget\" data-widget_type=\"text-editor.default\">\n\t\t\t\t<div class=\"elementor-widget-container\">\n\t\t\t<style>\/*! elementor - v3.13.3 - 28-05-2023 *\/\n.elementor-widget-text-editor.elementor-drop-cap-view-stacked .elementor-drop-cap{background-color:#69727d;color:#fff}.elementor-widget-text-editor.elementor-drop-cap-view-framed .elementor-drop-cap{color:#69727d;border:3px solid;background-color:transparent}.elementor-widget-text-editor:not(.elementor-drop-cap-view-default) .elementor-drop-cap{margin-top:8px}.elementor-widget-text-editor:not(.elementor-drop-cap-view-default) .elementor-drop-cap-letter{width:1em;height:1em}.elementor-widget-text-editor .elementor-drop-cap{float:left;text-align:center;line-height:1;font-size:50px}.elementor-widget-text-editor .elementor-drop-cap-letter{display:inline-block}<\/style>\t\t\t\t<p>Bienvenido al mundo de VisionOS, el innovador sistema operativo del Apple Vision Pro. Como futuros propietarios o entusiastas de este innovador dispositivo, est\u00e1s entrando en un reino en el que los mundos digital y f\u00edsico se fusionan a la perfecci\u00f3n. VisionOS es algo m\u00e1s que un sistema operativo: es una puerta a experiencias e interacciones que redefinen nuestra percepci\u00f3n de la realidad. Veamos qu\u00e9 hace que VisionOS cambie las reglas del juego para los usuarios habituales.<\/p><h2>\u00bfQu\u00e9 es VisionOS?<\/h2><p>VisionOS es el motor de las capacidades de computaci\u00f3n espacial de Apple Vision Pro. Est\u00e1 dise\u00f1ado para transformar la forma en que interactuamos con los contenidos digitales, integr\u00e1ndolos en nuestro entorno f\u00edsico. Imagine aplicaciones y juegos que no se limiten a una pantalla, sino que formen parte de su sal\u00f3n, oficina o espacios al aire libre. \u00c9sa es la magia de VisionOS: crear un \"lienzo infinito\" en el que se difuminan las fronteras entre el mundo digital y el f\u00edsico.<\/p><h3>Una nueva dimensi\u00f3n de la interactividad<\/h3><p>Con VisionOS, tus interacciones no se limitan a las interfaces 2D tradicionales. En su lugar, interactuar\u00e1 con aplicaciones y contenidos en un espacio 3D a su alrededor. Esto significa que las ventanas y las aplicaciones pueden aparecer como si estuvieran flotando en su habitaci\u00f3n, o que puede caminar alrededor de un objeto digital para verlo desde diferentes \u00e1ngulos. El nivel de inmersi\u00f3n e interacci\u00f3n es incomparable.<\/p><h3>Espacio completo: La experiencia inmersiva definitiva<\/h3><p>Una de las caracter\u00edsticas m\u00e1s interesantes de VisionOS es la experiencia \"Full Space\". Cuando una aplicaci\u00f3n utiliza Full Space, puede invadir todo tu entorno y transformarlo en un mundo completamente distinto. Tanto si se trata de un juego que te transporta a un reino de fantas\u00eda como de una aplicaci\u00f3n educativa que te lleva de visita virtual por ciudades antiguas, Full Space hace que estas experiencias sean completas e incre\u00edblemente reales.<\/p><h2>La experiencia del usuario en VisionOS<\/h2><p>Como usuario del Apple Vision Pro, el VisionOS ofrece una interfaz intuitiva y f\u00e1cil de usar. Est\u00e1 dise\u00f1ada para garantizar una experiencia fluida y envolvente, ya sea jugando, utilizando aplicaciones de productividad o explorando nuevos contenidos educativos.<\/p><h3>Interacciones intuitivas<\/h3><p>Interactuar con VisionOS resulta natural e intuitivo. Tanto si est\u00e1s redimensionando ventanas en tu espacio compartido, explorando objetos 3D o navegando por entornos inmersivos, VisionOS est\u00e1 dise\u00f1ado para ser f\u00e1cil de usar. No necesitas ser un experto en tecnolog\u00eda para navegar y disfrutar de las maravillas de la inform\u00e1tica espacial.<\/p><h3>Accesibilidad e inclusi\u00f3n<\/h3><p>VisionOS se ha desarrollado teniendo en cuenta la accesibilidad. Garantiza que las maravillas de la inform\u00e1tica espacial est\u00e9n al alcance de todos, independientemente de sus capacidades f\u00edsicas. Este compromiso con la inclusi\u00f3n significa que m\u00e1s personas pueden disfrutar, interactuar y beneficiarse de las experiencias inmersivas que ofrece VisionOS.<\/p><h2>Preparados para el futuro<\/h2><p>Mientras nos encontramos al borde de esta nueva era de la tecnolog\u00eda, VisionOS es su billete a un mundo en el que las experiencias digitales ya no se limitan a las pantallas. Es un momento emocionante para formar parte de esta revoluci\u00f3n tecnol\u00f3gica, y el Apple Vision Pro, impulsado por VisionOS, est\u00e1 a la vanguardia.<\/p><h2>Conclusi\u00f3n<\/h2><p>VisionOS en el Apple Vision Pro no es s\u00f3lo un avance tecnol\u00f3gico; es una nueva forma de experimentar el mundo que nos rodea. Promete cambiar nuestra forma de interactuar con los contenidos digitales, haci\u00e9ndolos m\u00e1s envolventes, intuitivos y accesibles. A medida que avanzamos, las posibilidades son infinitas, y estamos impacientes por ver c\u00f3mo VisionOS seguir\u00e1 evolucionando y revolucionando nuestras experiencias digitales.<\/p><p>Est\u00e9 atento a m\u00e1s actualizaciones y novedades sobre el Apple Vision Pro y el VisionOS. El futuro ya est\u00e1 aqu\u00ed, \u00a1y es m\u00e1s emocionante que nunca!<\/p><p>&#8212;<\/p><p>Si eres un entusiasta de la tecnolog\u00eda, un jugador, un educador o simplemente sientes curiosidad por el futuro de la tecnolog\u00eda, el VisionOS es algo que te entusiasmar\u00e1. Mant\u00e9ngase atento a este espacio para obtener m\u00e1s informaci\u00f3n mientras seguimos explorando las incre\u00edbles capacidades del Apple Vision Pro y el VisionOS.<\/p><p><a href=\"https:\/\/ioasis.eu\/es\/blog\/\"><span style=\"text-decoration: underline;\">Volver<\/span><\/a><\/p>\t\t\t\t\t\t<\/div>\n\t\t\t\t<\/div>\n\t\t\t\t\t<\/div>\n\t\t\t\t<\/div>\n\t\t\t\t\t\t\t<\/div>","protected":false},"excerpt":{"rendered":"<p>Bienvenido al mundo de VisionOS, el innovador sistema operativo del Apple Vision Pro. Como futuros propietarios o entusiastas de este innovador dispositivo, est\u00e1s entrando en un reino en el que los mundos digital y f\u00edsico se fusionan a la perfecci\u00f3n.<\/p>","protected":false},"author":1,"featured_media":724,"parent":415,"menu_order":0,"comment_status":"closed","ping_status":"closed","template":"","meta":{"footnotes":""},"class_list":["post-715","page","type-page","status-publish","has-post-thumbnail","hentry"],"jetpack_sharing_enabled":true,"_links":{"self":[{"href":"https:\/\/ioasis.eu\/es\/wp-json\/wp\/v2\/pages\/715","targetHints":{"allow":["GET"]}}],"collection":[{"href":"https:\/\/ioasis.eu\/es\/wp-json\/wp\/v2\/pages"}],"about":[{"href":"https:\/\/ioasis.eu\/es\/wp-json\/wp\/v2\/types\/page"}],"author":[{"embeddable":true,"href":"https:\/\/ioasis.eu\/es\/wp-json\/wp\/v2\/users\/1"}],"replies":[{"embeddable":true,"href":"https:\/\/ioasis.eu\/es\/wp-json\/wp\/v2\/comments?post=715"}],"version-history":[{"count":13,"href":"https:\/\/ioasis.eu\/es\/wp-json\/wp\/v2\/pages\/715\/revisions"}],"predecessor-version":[{"id":734,"href":"https:\/\/ioasis.eu\/es\/wp-json\/wp\/v2\/pages\/715\/revisions\/734"}],"up":[{"embeddable":true,"href":"https:\/\/ioasis.eu\/es\/wp-json\/wp\/v2\/pages\/415"}],"wp:featuredmedia":[{"embeddable":true,"href":"https:\/\/ioasis.eu\/es\/wp-json\/wp\/v2\/media\/724"}],"wp:attachment":[{"href":"https:\/\/ioasis.eu\/es\/wp-json\/wp\/v2\/media?parent=715"}],"curies":[{"name":"wp","href":"https:\/\/api.w.org\/{rel}","templated":true}]}}