{"id":47,"date":"2023-06-09T13:57:59","date_gmt":"2023-06-09T11:57:59","guid":{"rendered":"http:\/\/ioasis.eu\/?post_type=product&#038;p=47"},"modified":"2024-03-25T09:48:36","modified_gmt":"2024-03-25T08:48:36","slug":"apple-vision-pro","status":"publish","type":"product","link":"https:\/\/ioasis.eu\/es\/producto\/apple-vision-pro\/","title":{"rendered":"Apple Vision Pro"},"content":{"rendered":"<h4><strong>Visi\u00f3n general<\/strong><\/h4>\n<p>Bienvenido a la era de la inform\u00e1tica espacial con el Apple Vision Pro. Este revolucionario dispositivo combina a la perfecci\u00f3n el contenido digital con su espacio f\u00edsico, permiti\u00e9ndole navegar simplemente con los ojos, las manos y la voz. El Apple Vision Pro transforma su forma de utilizar las aplicaciones que m\u00e1s le gustan, haciendo realidad el espacio de trabajo de sus sue\u00f1os, todo ello sin dejar de estar presente en el mundo que le rodea. Es una experiencia sin precedentes que hay que ver para creer.<\/p>\n<h3><\/h3>\n<p>&nbsp;<\/p>\n<h4><strong>Destacados<\/strong><\/h4>\n<p><strong>Inform\u00e1tica espacial<\/strong>: Apple Vision Pro introduce una nueva era de computaci\u00f3n espacial, en la que los contenidos digitales se fusionan con tu espacio f\u00edsico. Puedes navegar con los ojos, las manos y la voz, lo que te permite hacer las cosas que te gustan de formas nunca antes posibles.<\/p>\n<p><strong>Aplicaciones:<\/strong> Tus aplicaciones viven en tu espacio. Con Vision Pro, dispones de un lienzo infinito que transforma la forma en que utilizas tus aplicaciones favoritas. Puedes colocar las aplicaciones en cualquier lugar y ajustarlas al tama\u00f1o perfecto para crear el espacio de trabajo de tus sue\u00f1os sin perder de vista el mundo que te rodea.<\/p>\n<p><strong>Entretenimiento:<\/strong> Vision Pro puede transformar cualquier habitaci\u00f3n en su cine personal. Ampl\u00ede sus pel\u00edculas, programas y juegos hasta el tama\u00f1o perfecto mientras se siente parte de la acci\u00f3n con Spatial Audio. Y con m\u00e1s p\u00edxeles que un televisor 4K para cada ojo, podr\u00e1s disfrutar de contenidos impresionantes est\u00e9s donde est\u00e9s.<\/p>\n<p><strong>Fotos y v\u00eddeos:<\/strong> Vision Pro es la primera c\u00e1mara 3D de Apple. Puede capturar m\u00e1gicas fotos espaciales y v\u00eddeos espaciales en 3D, y luego revivir esos momentos preciados como nunca antes con Audio Espacial envolvente. Su biblioteca actual de fotos y v\u00eddeos luce incre\u00edble a una escala extraordinaria.<\/p>\n<p><strong>Conexi\u00f3n:<\/strong> Vision Pro facilita la colaboraci\u00f3n y la conexi\u00f3n est\u00e9s donde est\u00e9s. Los mosaicos de v\u00eddeo de FaceTime son de tama\u00f1o real y, a medida que se unen nuevas personas, la llamada simplemente se ampl\u00eda en tu sala. Dentro de FaceTime, tambi\u00e9n puedes utilizar aplicaciones para colaborar con tus compa\u00f1eros en los mismos documentos simult\u00e1neamente.<\/p>\n<p><strong>Dise\u00f1o:<\/strong> Apple Vision Pro es el resultado de d\u00e9cadas de experiencia en el dise\u00f1o de dispositivos m\u00f3viles y wearables de alto rendimiento. Integra una tecnolog\u00eda incre\u00edblemente avanzada en una forma elegante y compacta, lo que se traduce en una experiencia incre\u00edble cada vez que te lo pones.<\/p>\n<p><strong>VisionOS:<\/strong> Construido sobre la base de macOS, iOS y iPadOS, visionOS permite potentes experiencias espaciales. Controla Vision Pro con los ojos, las manos y la voz: las interacciones son intuitivas y m\u00e1gicas.<\/p>\n<p><strong>Tecnolog\u00eda:<\/strong> Las experiencias espaciales en Vision Pro s\u00f3lo son posibles gracias a la revolucionaria tecnolog\u00eda Apple. Las pantallas del tama\u00f1o de un sello de correos ofrecen m\u00e1s p\u00edxeles que un televisor 4K a cada ojo. Incre\u00edbles avances en audio espacial. Un revolucionario dise\u00f1o de doble chip con silicio Apple personalizado. Un sofisticado conjunto de c\u00e1maras y sensores.<\/p>\n<p><strong>Privacidad y seguridad:<\/strong> Como todos los productos y servicios Apple, Vision Pro se ha dise\u00f1ado para ayudarle a proteger su intimidad y mantener el control de sus datos. Se basa en las funciones de privacidad y seguridad de Apple con nuevas tecnolog\u00edas como Optic ID, un sistema de autenticaci\u00f3n seguro que utiliza la singularidad de su iris.<\/p>","protected":false},"excerpt":{"rendered":"<p>El Apple Vision Pro es un revolucionario dispositivo de computaci\u00f3n espacial que combina a la perfecci\u00f3n los contenidos digitales con el espacio f\u00edsico. Ofrece una experiencia de entretenimiento envolvente, c\u00e1mara 3D para fotos y v\u00eddeos espaciales, y facilita conexiones significativas a trav\u00e9s de mosaicos de v\u00eddeo FaceTime a tama\u00f1o real. Su dise\u00f1o integra tecnolog\u00eda avanzada en una forma compacta, y est\u00e1 impulsado por un dise\u00f1o \u00fanico de doble chip para gr\u00e1ficos impresionantes y vistas en tiempo real.<\/p>","protected":false},"featured_media":221,"template":"","meta":[],"product_cat":[31],"product_tag":[18,27,25,29,17,26,28,19],"class_list":["post-47","product","type-product","status-publish","has-post-thumbnail","hentry","product_cat-apple-vision-pro","product_tag-apple","product_tag-apple-ar","product_tag-apple-headset","product_tag-apple-vision","product_tag-apple-vision-pro","product_tag-apple-vr","product_tag-vision","product_tag-vision-pro"],"jetpack_sharing_enabled":true,"_links":{"self":[{"href":"https:\/\/ioasis.eu\/es\/wp-json\/wp\/v2\/product\/47","targetHints":{"allow":["GET"]}}],"collection":[{"href":"https:\/\/ioasis.eu\/es\/wp-json\/wp\/v2\/product"}],"about":[{"href":"https:\/\/ioasis.eu\/es\/wp-json\/wp\/v2\/types\/product"}],"wp:featuredmedia":[{"embeddable":true,"href":"https:\/\/ioasis.eu\/es\/wp-json\/wp\/v2\/media\/221"}],"wp:attachment":[{"href":"https:\/\/ioasis.eu\/es\/wp-json\/wp\/v2\/media?parent=47"}],"wp:term":[{"taxonomy":"product_cat","embeddable":true,"href":"https:\/\/ioasis.eu\/es\/wp-json\/wp\/v2\/product_cat?post=47"},{"taxonomy":"product_tag","embeddable":true,"href":"https:\/\/ioasis.eu\/es\/wp-json\/wp\/v2\/product_tag?post=47"}],"curies":[{"name":"wp","href":"https:\/\/api.w.org\/{rel}","templated":true}]}}