{"id":927,"date":"2024-02-03T01:25:27","date_gmt":"2024-02-03T00:25:27","guid":{"rendered":"https:\/\/ioasis.eu\/?post_type=product&#038;p=927"},"modified":"2024-03-25T09:44:49","modified_gmt":"2024-03-25T08:44:49","slug":"apple-vision-pro-battery","status":"publish","type":"product","link":"https:\/\/ioasis.eu\/es\/producto\/bateria-apple-vision-pro\/","title":{"rendered":"Bater\u00eda Apple Vision Pro"},"content":{"rendered":"<p>La bater\u00eda Apple Vision Pro de alto rendimiento est\u00e1 fabricada en aluminio mecanizado liso y se conecta a tu Apple Vision Pro mediante un cable USB-C entretejido. Puede deslizarse en el bolsillo para obtener energ\u00eda port\u00e1til y admite hasta dos horas de uso general, 2,5 horas de reproducci\u00f3n de v\u00eddeo y todo el d\u00eda de uso cuando est\u00e1 enchufada.<\/p>\n<p>&nbsp;<\/p>\n<div class=\"rc-pdsection-sidepanel column large-3 small-12\">\n<h3 class=\"rc-pdsection-title\" data-autom=\"sectionTitle\">Destacados<\/h3>\n<\/div>\n<div class=\"rc-pdsection-mainpanel column large-9 small-12\">\n<div class=\"para-list\">\n<p>Puerto USB-C para carga<\/p>\n<\/div>\n<div class=\"para-list as-pdp-lastparalist\">\n<p>Proporciona hasta dos horas de uso general<\/p>\n<div class=\"rc-pdsection-sidepanel column large-3 small-12\">\n<h3 class=\"rc-pdsection-title\" data-autom=\"sectionTitle\">Contenido de la caja<\/h3>\n<\/div>\n<div class=\"rc-pdsection-mainpanel column large-9 small-12\">\n<div class=\"para-list as-pdp-lastparalist\">\n<p>Bater\u00eda Apple Vision Pro<\/p>\n<\/div>\n<\/div>\n<\/div>\n<\/div>","protected":false},"excerpt":{"rendered":"<p>La bater\u00eda Apple Vision Pro de alto rendimiento est\u00e1 fabricada en aluminio mecanizado liso y se conecta a tu Apple Vision Pro mediante un cable USB-C entretejido. Puede deslizarse en el bolsillo para obtener energ\u00eda port\u00e1til y admite hasta dos horas de uso general, 2,5 horas de reproducci\u00f3n de v\u00eddeo y todo el d\u00eda de uso cuando est\u00e1 enchufada.<\/p>","protected":false},"featured_media":929,"template":"","meta":[],"product_cat":[43,31],"product_tag":[48,46,47,49],"class_list":["post-927","product","type-product","status-publish","has-post-thumbnail","hentry","product_cat-accessories","product_cat-apple-vision-pro","product_tag-apple-battery","product_tag-apple-vision-pro-battery","product_tag-battery","product_tag-vision-pro-battery"],"jetpack_sharing_enabled":true,"_links":{"self":[{"href":"https:\/\/ioasis.eu\/es\/wp-json\/wp\/v2\/product\/927","targetHints":{"allow":["GET"]}}],"collection":[{"href":"https:\/\/ioasis.eu\/es\/wp-json\/wp\/v2\/product"}],"about":[{"href":"https:\/\/ioasis.eu\/es\/wp-json\/wp\/v2\/types\/product"}],"wp:featuredmedia":[{"embeddable":true,"href":"https:\/\/ioasis.eu\/es\/wp-json\/wp\/v2\/media\/929"}],"wp:attachment":[{"href":"https:\/\/ioasis.eu\/es\/wp-json\/wp\/v2\/media?parent=927"}],"wp:term":[{"taxonomy":"product_cat","embeddable":true,"href":"https:\/\/ioasis.eu\/es\/wp-json\/wp\/v2\/product_cat?post=927"},{"taxonomy":"product_tag","embeddable":true,"href":"https:\/\/ioasis.eu\/es\/wp-json\/wp\/v2\/product_tag?post=927"}],"curies":[{"name":"wp","href":"https:\/\/api.w.org\/{rel}","templated":true}]}}