{"id":930,"date":"2024-02-03T01:48:12","date_gmt":"2024-02-03T00:48:12","guid":{"rendered":"https:\/\/ioasis.eu\/?post_type=product&#038;p=930"},"modified":"2024-02-18T22:32:07","modified_gmt":"2024-02-18T21:32:07","slug":"zeiss-optical-inserts-apple-vision-pro","status":"publish","type":"product","link":"https:\/\/ioasis.eu\/es\/producto\/insertos-opticos-zeiss-apple-vision-pro\/","title":{"rendered":"Insertos \u00f3pticos ZEISS para Apple Vision Pro"},"content":{"rendered":"<div class=\"para-list as-pdp-lastparalist\">\n<p>Existen dos tipos de Insertos \u00d3pticos ZEISS: Graduadas y Lectoras. Y cada tipo se vende como un par dise\u00f1ado para funcionar con Apple Vision Pro.<\/p>\n<\/div>\n<h4 class=\"h4-para-title\">ZEISS Optical Inserts y Apple Vision Pro Light Seal est\u00e1n dise\u00f1ados para trabajar juntos.<\/h4>\n<div class=\"rc-pdsection-sidepanel column large-3 small-12\">\n<h3 data-autom=\"sectionTitle\"><\/h3>\n<h3 class=\"rc-pdsection-title\" data-autom=\"sectionTitle\">Destacados<\/h3>\n<\/div>\n<div class=\"rc-pdsection-mainpanel column large-9 small-12\">\n<div class=\"para-list\">\n<p><strong>Insertos \u00f3pticos ZEISS - Gafas graduadas<\/strong><\/p>\n<\/div>\n<div class=\"para-list\">\n<p>Fabricados a medida seg\u00fan su prescripci\u00f3n. Solo tiene que facilitarnos los datos de su prescripci\u00f3n en el momento de la compra.<\/p>\n<\/div>\n<div class=\"para-list\">\n<p>\u00danico para cada ojo<\/p>\n<\/div>\n<div class=\"para-list\">\n<p>Mecanismo de fijaci\u00f3n magn\u00e9tica<\/p>\n<\/div>\n<div class=\"para-list\">\n<p>Grabado opcional<\/p>\n<\/div>\n<div class=\"para-list\">\n<p>&nbsp;<\/p>\n<\/div>\n<div class=\"para-list\">\n<p><strong>ZEISS Optical Inserts - Gafas de lectura<\/strong><\/p>\n<\/div>\n<div class=\"para-list\">\n<p>Tres puntos fuertes de los lectores disponibles<\/p>\n<\/div>\n<div class=\"para-list as-pdp-lastparalist\">\n<p>Mecanismo de fijaci\u00f3n magn\u00e9tica<\/p>\n<p>&nbsp;<\/p>\n<\/div>\n<div class=\"rc-pdsection-sidepanel column large-3 small-12\">\n<h3 class=\"rc-pdsection-title\" data-autom=\"sectionTitle\">Contenido de la caja<\/h3>\n<\/div>\n<div class=\"rc-pdsection-mainpanel column large-9 small-12\">\n<div class=\"para-list as-pdp-lastparalist\">\n<p>Insertos \u00f3pticos ZEISS (graduados o lectores)<\/p>\n<\/div>\n<\/div>\n<\/div>","protected":false},"excerpt":{"rendered":"<p>Existen dos tipos de Insertos \u00d3pticos ZEISS: Graduadas y Lectoras. Y cada tipo se vende como un par dise\u00f1ado para funcionar con Apple Vision Pro.<\/p>","protected":false},"featured_media":937,"template":"","meta":[],"product_cat":[43,31],"product_tag":[53,51,52,54,50],"class_list":["post-930","product","type-product","status-publish","has-post-thumbnail","hentry","product_cat-accessories","product_cat-apple-vision-pro","product_tag-apple-vision-pro-glasses","product_tag-apple-vision-pro-inserts","product_tag-apple-vision-pro-optical-inserts","product_tag-glasses","product_tag-zeiss-optical-inserts"],"jetpack_sharing_enabled":true,"_links":{"self":[{"href":"https:\/\/ioasis.eu\/es\/wp-json\/wp\/v2\/product\/930","targetHints":{"allow":["GET"]}}],"collection":[{"href":"https:\/\/ioasis.eu\/es\/wp-json\/wp\/v2\/product"}],"about":[{"href":"https:\/\/ioasis.eu\/es\/wp-json\/wp\/v2\/types\/product"}],"wp:featuredmedia":[{"embeddable":true,"href":"https:\/\/ioasis.eu\/es\/wp-json\/wp\/v2\/media\/937"}],"wp:attachment":[{"href":"https:\/\/ioasis.eu\/es\/wp-json\/wp\/v2\/media?parent=930"}],"wp:term":[{"taxonomy":"product_cat","embeddable":true,"href":"https:\/\/ioasis.eu\/es\/wp-json\/wp\/v2\/product_cat?post=930"},{"taxonomy":"product_tag","embeddable":true,"href":"https:\/\/ioasis.eu\/es\/wp-json\/wp\/v2\/product_tag?post=930"}],"curies":[{"name":"wp","href":"https:\/\/api.w.org\/{rel}","templated":true}]}}