{"id":942,"date":"2024-02-03T02:06:25","date_gmt":"2024-02-03T01:06:25","guid":{"rendered":"https:\/\/ioasis.eu\/?post_type=product&#038;p=942"},"modified":"2024-02-03T02:06:26","modified_gmt":"2024-02-03T01:06:26","slug":"apple-vision-pro-solo-knit-band","status":"publish","type":"product","link":"https:\/\/ioasis.eu\/es\/producto\/apple-vision-pro-solo-banda-de-punto\/","title":{"rendered":"Apple Vision Pro Solo Knit Banda"},"content":{"rendered":"<p>Dise\u00f1ada para Apple Vision Pro, la banda Solo Knit est\u00e1 tejida en 3D como una sola pieza para crear una estructura \u00fanica que proporciona amortiguaci\u00f3n, transpirabilidad y elasticidad. Dispone de un dial de ajuste de f\u00e1cil acceso que permite ajustar el Apple Vision Pro a la cabeza y realizar microajustes durante el uso. La banda Solo Knit se sujeta a las cintas de audio con un mecanismo sencillo y seguro, y las leng\u00fcetas de liberaci\u00f3n le permiten separarla cuando sea necesario.<\/p>\n<p>&nbsp;<\/p>\n<div class=\"rc-pdsection-sidepanel column large-3 small-12\">\n<h3 class=\"rc-pdsection-title\" data-autom=\"sectionTitle\">Contenido de la caja<\/h3>\n<\/div>\n<div class=\"rc-pdsection-mainpanel column large-9 small-12\">\n<div class=\"para-list as-pdp-lastparalist\">\n<p>Apple Vision Pro Solo Knit Banda<\/p>\n<\/div>\n<\/div>","protected":false},"excerpt":{"rendered":"<p>Dise\u00f1ada para Apple Vision Pro, la banda Solo Knit est\u00e1 tejida en 3D como una sola pieza para crear una estructura de canal\u00e9 \u00fanica que proporciona amortiguaci\u00f3n, transpirabilidad y elasticidad.<\/p>","protected":false},"featured_media":945,"template":"","meta":[],"product_cat":[43,31],"product_tag":[59,62,63,61,60],"class_list":["post-942","product","type-product","status-publish","has-post-thumbnail","hentry","product_cat-accessories","product_cat-apple-vision-pro","product_tag-apple-vision-pro-solo-knit-band","product_tag-band","product_tag-headband","product_tag-knit-band","product_tag-solo-knit-band"],"jetpack_sharing_enabled":true,"_links":{"self":[{"href":"https:\/\/ioasis.eu\/es\/wp-json\/wp\/v2\/product\/942","targetHints":{"allow":["GET"]}}],"collection":[{"href":"https:\/\/ioasis.eu\/es\/wp-json\/wp\/v2\/product"}],"about":[{"href":"https:\/\/ioasis.eu\/es\/wp-json\/wp\/v2\/types\/product"}],"wp:featuredmedia":[{"embeddable":true,"href":"https:\/\/ioasis.eu\/es\/wp-json\/wp\/v2\/media\/945"}],"wp:attachment":[{"href":"https:\/\/ioasis.eu\/es\/wp-json\/wp\/v2\/media?parent=942"}],"wp:term":[{"taxonomy":"product_cat","embeddable":true,"href":"https:\/\/ioasis.eu\/es\/wp-json\/wp\/v2\/product_cat?post=942"},{"taxonomy":"product_tag","embeddable":true,"href":"https:\/\/ioasis.eu\/es\/wp-json\/wp\/v2\/product_tag?post=942"}],"curies":[{"name":"wp","href":"https:\/\/api.w.org\/{rel}","templated":true}]}}