{"id":342,"date":"2023-06-10T18:25:04","date_gmt":"2023-06-10T16:25:04","guid":{"rendered":"http:\/\/ioasis.eu\/?page_id=342"},"modified":"2024-01-18T17:45:12","modified_gmt":"2024-01-18T16:45:12","slug":"privacy-policy","status":"publish","type":"page","link":"https:\/\/ioasis.eu\/fi\/tietosuojakaytanto\/","title":{"rendered":"Tietosuojak\u00e4yt\u00e4nt\u00f6"},"content":{"rendered":"<div data-elementor-type=\"wp-page\" data-elementor-id=\"342\" class=\"elementor elementor-342\">\n\t\t\t\t\t\t\t<div class=\"elementor-element elementor-element-98f76c5 e-con-boxed e-flex e-con\" data-id=\"98f76c5\" data-element_type=\"container\" data-settings=\"{&quot;content_width&quot;:&quot;boxed&quot;}\">\n\t\t\t\t\t<div class=\"e-con-inner\">\n\t\t\t\t<div class=\"elementor-element elementor-element-17fc843 elementor-widget elementor-widget-heading\" data-id=\"17fc843\" data-element_type=\"widget\" data-widget_type=\"heading.default\">\n\t\t\t\t<div class=\"elementor-widget-container\">\n\t\t\t<style>\/*! elementor - v3.13.3 - 28-05-2023 *\/\n.elementor-heading-title{padding:0;margin:0;line-height:1}.elementor-widget-heading .elementor-heading-title[class*=elementor-size-]>a{color:inherit;font-size:inherit;line-height:inherit}.elementor-widget-heading .elementor-heading-title.elementor-size-small{font-size:15px}.elementor-widget-heading .elementor-heading-title.elementor-size-medium{font-size:19px}.elementor-widget-heading .elementor-heading-title.elementor-size-large{font-size:29px}.elementor-widget-heading .elementor-heading-title.elementor-size-xl{font-size:39px}.elementor-widget-heading .elementor-heading-title.elementor-size-xxl{font-size:59px}<\/style><h1 class=\"elementor-heading-title elementor-size-default\">Tietosuojak\u00e4yt\u00e4nt\u00f6<\/h1>\t\t<\/div>\n\t\t\t\t<\/div>\n\t\t\t\t<div class=\"elementor-element elementor-element-7ed18c3 elementor-widget elementor-widget-text-editor\" data-id=\"7ed18c3\" data-element_type=\"widget\" data-widget_type=\"text-editor.default\">\n\t\t\t\t<div class=\"elementor-widget-container\">\n\t\t\t<style>\/*! elementor - v3.13.3 - 28-05-2023 *\/\n.elementor-widget-text-editor.elementor-drop-cap-view-stacked .elementor-drop-cap{background-color:#69727d;color:#fff}.elementor-widget-text-editor.elementor-drop-cap-view-framed .elementor-drop-cap{color:#69727d;border:3px solid;background-color:transparent}.elementor-widget-text-editor:not(.elementor-drop-cap-view-default) .elementor-drop-cap{margin-top:8px}.elementor-widget-text-editor:not(.elementor-drop-cap-view-default) .elementor-drop-cap-letter{width:1em;height:1em}.elementor-widget-text-editor .elementor-drop-cap{float:left;text-align:center;line-height:1;font-size:50px}.elementor-widget-text-editor .elementor-drop-cap-letter{display:inline-block}<\/style>\t\t\t\t<p><strong>Johdanto<\/strong><\/p><p>iOasis (\"me\", \"meit\u00e4\", \"meid\u00e4n\") kunnioittaa yksityisyytt\u00e4si ja on sitoutunut suojelemaan henkil\u00f6tietojasi. T\u00e4ss\u00e4 tietosuojak\u00e4yt\u00e4nn\u00f6ss\u00e4 kerrotaan, miten k\u00e4sittelemme henkil\u00f6tietojasi, yksityisyydensuojaa koskevat oikeutesi ja miten laki suojaa sinua.<\/p><p><strong>Mit\u00e4 tietoja ker\u00e4\u00e4mme<\/strong><\/p><p>Voimme ker\u00e4t\u00e4, k\u00e4ytt\u00e4\u00e4, tallentaa ja siirt\u00e4\u00e4 erilaisia henkil\u00f6tietoja sinusta, mukaan lukien:<\/p><ul><li>Identiteettitiedot: Sis\u00e4lt\u00e4\u00e4 etunimen, sukunimen, k\u00e4ytt\u00e4j\u00e4tunnuksen tai vastaavan tunnisteen.<\/li><li>Yhteystiedot: Sis\u00e4lt\u00e4\u00e4 laskutusosoitteen, toimitusosoitteen, s\u00e4hk\u00f6postiosoitteen ja puhelinnumerot.<\/li><li>Taloudelliset tiedot: Sis\u00e4lt\u00e4\u00e4 pankkitilin ja maksukortin tiedot.<\/li><li>Tapahtumatiedot: Sis\u00e4lt\u00e4\u00e4 tiedot sinulle ja sinulta suoritetuista maksuista ja muut tiedot tuotteista, joita olet ostanut meilt\u00e4.<\/li><\/ul><p><strong>Miten k\u00e4yt\u00e4mme tietojasi<\/strong><\/p><p>K\u00e4yt\u00e4mme henkil\u00f6tietojasi vain silloin, kun laki sallii sen. Yleisimmin k\u00e4yt\u00e4mme henkil\u00f6tietojasi seuraavissa tilanteissa:<\/p><ul><li>Tilauksesi k\u00e4sittelemiseksi ja toimittamiseksi.<\/li><li>Hoidamme suhdettamme sinuun.<\/li><li>Yrityksemme ja sivustomme hallinnoimiseksi ja suojaamiseksi.<\/li><\/ul><p><strong>Tietoturva<\/strong><\/p><p>Olemme ottaneet k\u00e4ytt\u00f6\u00f6n asianmukaiset turvatoimet, joilla est\u00e4mme henkil\u00f6tietojesi vahingossa tapahtuvan katoamisen, k\u00e4yt\u00f6n tai luvattoman k\u00e4yt\u00f6n, muuttamisen tai paljastamisen.<\/p><p><strong>Tietojen s\u00e4ilytt\u00e4minen<\/strong><\/p><p>S\u00e4ilyt\u00e4mme henkil\u00f6tietojasi vain niin kauan kuin on tarpeen niiden tarkoitusten t\u00e4ytt\u00e4miseksi, joita varten olemme ne ker\u00e4nneet, mukaan lukien oikeudellisten, kirjanpito- tai raportointivaatimusten t\u00e4ytt\u00e4minen.<\/p><p><strong>Lailliset oikeutesi<\/strong><\/p><p>Tietyiss\u00e4 olosuhteissa sinulla on tietosuojalains\u00e4\u00e4d\u00e4nn\u00f6n nojalla henkil\u00f6tietojasi koskevia oikeuksia, kuten oikeus pyyt\u00e4\u00e4 p\u00e4\u00e4sy\u00e4 henkil\u00f6tietoihisi, pyyt\u00e4\u00e4 henkil\u00f6tietojesi oikaisemista, pyyt\u00e4\u00e4 henkil\u00f6tietojesi poistamista jne.<\/p><p><strong>Ota yhteytt\u00e4<\/strong><\/p><p>Jos sinulla on kysytt\u00e4v\u00e4\u00e4 t\u00e4st\u00e4 tietosuojak\u00e4yt\u00e4nn\u00f6st\u00e4 tai tietosuojak\u00e4yt\u00e4nn\u00f6ist\u00e4mme, ota meihin yhteytt\u00e4 osoitteeseen <a href=\"mailto:shop@ioasis.eu\">shop@ioasis.eu<\/a>.<\/p><p><strong>Vastuuvapauslauseke liittym\u00e4tt\u00f6myydest\u00e4<\/strong><\/p><p>iOasis on itsen\u00e4inen v\u00e4hitt\u00e4ismyyntiyksikk\u00f6, eik\u00e4 se ole sidoksissa, hyv\u00e4ksynyt tai etuyhteydess\u00e4 Apple Inc:iin.<\/p><p>Kaikki sivustollamme myyt\u00e4v\u00e4t Apple-tuotteet ovat 100% alkuper\u00e4isi\u00e4 ja aitoja, jotka on hankittu laillisia kanavia pitkin.<\/p><p>Kaikki tavaramerkit, mukaan lukien Apple:n tavaramerkit, ovat omistajiensa omaisuutta, ja niit\u00e4 k\u00e4ytet\u00e4\u00e4n vain tunnistamistarkoituksessa.<\/p><p>Liiketoimintamme on kulutuselektroniikan myynti\u00e4 koskevien paikallisten ja alueellisten lakien ja m\u00e4\u00e4r\u00e4ysten mukaista.<\/p><p>Apple Inc. ei ole sidoksissa, sponsoroi, suosittele tai ole kumppani Apple Inc:n kanssa.<\/p>\t\t\t\t\t\t<\/div>\n\t\t\t\t<\/div>\n\t\t\t\t\t<\/div>\n\t\t\t\t<\/div>\n\t\t\t\t\t\t\t<\/div>","protected":false},"excerpt":{"rendered":"<p>Yksityisyydensuoja Johdanto iOasis (\"me\", \"meit\u00e4\", \"meid\u00e4n\") kunnioittaa yksityisyytt\u00e4si ja on sitoutunut suojelemaan henkil\u00f6tietojasi. T\u00e4ss\u00e4 tietosuojak\u00e4yt\u00e4nn\u00f6ss\u00e4 kerrotaan, miten k\u00e4sittelemme henkil\u00f6tietojasi, yksityisyydensuojaa koskevat oikeutesi ja miten laki suojaa sinua. Mit\u00e4 tietoja ker\u00e4\u00e4mme Voimme ker\u00e4t\u00e4, k\u00e4ytt\u00e4\u00e4, tallentaa ja siirt\u00e4\u00e4 erilaisia henkil\u00f6kohtaisia [...]<\/p>","protected":false},"author":1,"featured_media":0,"parent":0,"menu_order":0,"comment_status":"closed","ping_status":"closed","template":"","meta":{"footnotes":""},"class_list":["post-342","page","type-page","status-publish","hentry"],"jetpack_sharing_enabled":true,"_links":{"self":[{"href":"https:\/\/ioasis.eu\/fi\/wp-json\/wp\/v2\/pages\/342","targetHints":{"allow":["GET"]}}],"collection":[{"href":"https:\/\/ioasis.eu\/fi\/wp-json\/wp\/v2\/pages"}],"about":[{"href":"https:\/\/ioasis.eu\/fi\/wp-json\/wp\/v2\/types\/page"}],"author":[{"embeddable":true,"href":"https:\/\/ioasis.eu\/fi\/wp-json\/wp\/v2\/users\/1"}],"replies":[{"embeddable":true,"href":"https:\/\/ioasis.eu\/fi\/wp-json\/wp\/v2\/comments?post=342"}],"version-history":[{"count":13,"href":"https:\/\/ioasis.eu\/fi\/wp-json\/wp\/v2\/pages\/342\/revisions"}],"predecessor-version":[{"id":540,"href":"https:\/\/ioasis.eu\/fi\/wp-json\/wp\/v2\/pages\/342\/revisions\/540"}],"wp:attachment":[{"href":"https:\/\/ioasis.eu\/fi\/wp-json\/wp\/v2\/media?parent=342"}],"curies":[{"name":"wp","href":"https:\/\/api.w.org\/{rel}","templated":true}]}}