{"id":350,"date":"2023-06-10T18:29:16","date_gmt":"2023-06-10T16:29:16","guid":{"rendered":"http:\/\/ioasis.eu\/?page_id=350"},"modified":"2024-02-06T01:29:59","modified_gmt":"2024-02-06T00:29:59","slug":"terms-and-conditions","status":"publish","type":"page","link":"https:\/\/ioasis.eu\/fi\/ehdot-ja-edellytykset\/","title":{"rendered":"Ehdot ja edellytykset"},"content":{"rendered":"<div data-elementor-type=\"wp-page\" data-elementor-id=\"350\" class=\"elementor elementor-350\">\n\t\t\t\t\t\t\t<div class=\"elementor-element elementor-element-2d035d5f e-con-boxed e-flex e-con\" data-id=\"2d035d5f\" data-element_type=\"container\" data-settings=\"{&quot;content_width&quot;:&quot;boxed&quot;}\">\n\t\t\t\t\t<div class=\"e-con-inner\">\n\t\t\t\t<div class=\"elementor-element elementor-element-2f13b706 elementor-widget elementor-widget-heading\" data-id=\"2f13b706\" data-element_type=\"widget\" data-widget_type=\"heading.default\">\n\t\t\t\t<div class=\"elementor-widget-container\">\n\t\t\t<style>\/*! elementor - v3.13.3 - 28-05-2023 *\/\n.elementor-heading-title{padding:0;margin:0;line-height:1}.elementor-widget-heading .elementor-heading-title[class*=elementor-size-]>a{color:inherit;font-size:inherit;line-height:inherit}.elementor-widget-heading .elementor-heading-title.elementor-size-small{font-size:15px}.elementor-widget-heading .elementor-heading-title.elementor-size-medium{font-size:19px}.elementor-widget-heading .elementor-heading-title.elementor-size-large{font-size:29px}.elementor-widget-heading .elementor-heading-title.elementor-size-xl{font-size:39px}.elementor-widget-heading .elementor-heading-title.elementor-size-xxl{font-size:59px}<\/style><h1 class=\"elementor-heading-title elementor-size-default\">Ehdot ja edellytykset<\/h1>\t\t<\/div>\n\t\t\t\t<\/div>\n\t\t\t\t<div class=\"elementor-element elementor-element-6c040661 elementor-widget elementor-widget-text-editor\" data-id=\"6c040661\" data-element_type=\"widget\" data-widget_type=\"text-editor.default\">\n\t\t\t\t<div class=\"elementor-widget-container\">\n\t\t\t<style>\/*! elementor - v3.13.3 - 28-05-2023 *\/\n.elementor-widget-text-editor.elementor-drop-cap-view-stacked .elementor-drop-cap{background-color:#69727d;color:#fff}.elementor-widget-text-editor.elementor-drop-cap-view-framed .elementor-drop-cap{color:#69727d;border:3px solid;background-color:transparent}.elementor-widget-text-editor:not(.elementor-drop-cap-view-default) .elementor-drop-cap{margin-top:8px}.elementor-widget-text-editor:not(.elementor-drop-cap-view-default) .elementor-drop-cap-letter{width:1em;height:1em}.elementor-widget-text-editor .elementor-drop-cap{float:left;text-align:center;line-height:1;font-size:50px}.elementor-widget-text-editor .elementor-drop-cap-letter{display:inline-block}<\/style>\t\t\t\t<div class=\"min-h-[20px] text-message flex flex-col items-start gap-3 whitespace-pre-wrap break-words [.text-message+&amp;]:mt-5 overflow-x-auto\" data-message-author-role=\"assistant\" data-message-id=\"644c2756-10ae-4c58-8c65-c1dff9fb542c\"><div class=\"markdown prose w-full break-words dark:prose-invert light\"><p>Tervetuloa iOasis:hen, aitojen Apple-tuotteiden ensisijaiseen m\u00e4\u00e4r\u00e4np\u00e4\u00e4h\u00e4n. Hampurissa, Saksassa sijaitseva verkkokauppamme on omistautunut tarjoamaan poikkeuksellista asiakaspalvelua. K\u00e4ytt\u00e4m\u00e4ll\u00e4 verkkosivustoamme ja tekem\u00e4ll\u00e4 ostoksia sitoudut noudattamaan seuraavia yksityiskohtaisia ehtoja.<\/p><h6>1. Ehtojen hyv\u00e4ksyminen<\/h6><p>K\u00e4ytt\u00e4m\u00e4ll\u00e4 iOasis:n verkkosivustoa ja k\u00e4ytt\u00e4m\u00e4ll\u00e4 sit\u00e4 hyv\u00e4ksyt n\u00e4m\u00e4 k\u00e4ytt\u00f6ehdot ja sitoudut noudattamaan niit\u00e4. N\u00e4it\u00e4 ehtoja sovelletaan kaikkiin k\u00e4vij\u00f6ihin, k\u00e4ytt\u00e4jiin ja muihin, jotka k\u00e4ytt\u00e4v\u00e4t palvelua.<\/p><h6>2. Tuotetiedot<\/h6><p>iOasis on ylpe\u00e4 voidessaan tarjota monipuolisen valikoiman aitoja Apple-tuotteita, mukaan lukien uusimmat mallit ja lis\u00e4varusteet. Pyrimme tarjoamaan tarkat tuotekuvaukset ja tekniset tiedot. Pid\u00e4t\u00e4mme kuitenkin oikeuden tehd\u00e4 muutoksia, mukaan lukien muutoksia tuotespesifikaatioihin, malleihin ja saatavuuteen, ilman ennakkoilmoitusta ajantasaisen tiedon varmistamiseksi.<\/p><h6>3. Maantieteellinen kattavuus<\/h6><p>Palvelumme ja tuotetoimituksemme ovat saatavilla kaikissa EU-maissa. Huomaa, ett\u00e4 toimitusajat ja -kustannukset voivat vaihdella sijaintisi ja kyseiselle alueelle saatavilla olevien toimitusvaihtoehtojen mukaan.<\/p><h6>4. Toimituskustannukset<\/h6><ul><li>Tarjoamme ilmaisen toimituksen kaikille yli 300 euron tilauksille EU:n sis\u00e4ll\u00e4.<\/li><li>T\u00e4m\u00e4n kynnysarvon alittaville tilauksille lasketaan toimituskulut ja ne n\u00e4ytet\u00e4\u00e4n ostoskorissa toimituspaikan perusteella.<\/li><\/ul><h6>5. Toimitusaikataulu<\/h6><div class=\"min-h-[20px] text-message flex flex-col items-start gap-3 whitespace-pre-wrap break-words [.text-message+&amp;]:mt-5 overflow-x-auto\" data-message-author-role=\"assistant\" data-message-id=\"644c2756-10ae-4c58-8c65-c1dff9fb542c\"><div class=\"markdown prose w-full break-words dark:prose-invert light\"><p>a. Yleinen toimitusk\u00e4yt\u00e4nt\u00f6:<\/p><ul><li>Tavoitteenamme on l\u00e4hett\u00e4\u00e4 varastossa olevat tuotteet 24 tunnin kuluessa tilausvahvistuksesta.<\/li><li>K\u00e4yt\u00e4mme maineikkaita kuriiripalveluja, kuten DHL, UPS, GLS ja FedEx, tarjotaksemme tehokkaan ja nopean toimituksen, joka on r\u00e4\u00e4t\u00e4l\u00f6ity sijaintisi mukaan.<\/li><li>Erityisesti asiakastilauksen perusteella tuotujen tuotteiden osalta tai suuren kysynn\u00e4n aikana (esim. tuotteiden lanseeraukset) k\u00e4sittelyajat voivat pidenty\u00e4.<\/li><li>Asiakkaat saavat s\u00e4hk\u00f6postiviestin, jossa on seurantalinkki heti, kun tilaus on l\u00e4hetetty.<\/li><\/ul><p>b. Apple Vision Pro:n erityisehdot:<\/p><ul><li>Kun Apple Vision Pro on saapunut varastoon, sitoudumme l\u00e4hett\u00e4m\u00e4\u00e4n sen asiakkaalle 48 ty\u00f6tunnin kuluessa ja pyrimme nopeuttamaan t\u00e4t\u00e4 prosessia mahdollisimman paljon.<\/li><\/ul><p>c. Toimitusaika-arviot Apple Vision Pro:n osalta:<\/p><ul><li>Koska Apple Vision Pro:n kysynt\u00e4 on suurta ja toimitusketju on ainutlaatuinen, toimitusajat voivat vaihdella huomattavasti.<\/li><li>Emme pysty ennustamaan tarkasti Apple:n toimitusaikaa, joka voi olla viikon tai kuukauden kuluessa tilauksen tekemisest\u00e4.<\/li><li>Siksi kaikki Apple Vision Pro:lle ilmoitetut toimitusajat ovat arvioita, eik\u00e4 niihin pid\u00e4 luottaa taattuina toimitusp\u00e4ivin\u00e4.<\/li><\/ul><p>d. Vastuun rajoittaminen toimituksen viiv\u00e4stymisest\u00e4:<\/p><ul><li>iOasis ei ole vastuussa mist\u00e4\u00e4n suorista, ep\u00e4suorista, satunnaisista tai v\u00e4lillisist\u00e4 vahingoista, jotka aiheutuvat Apple Vision Pro:n tai muiden tuotteiden toimituksen viiv\u00e4stymisest\u00e4.<\/li><li>T\u00e4m\u00e4 vastuunrajoitus koskee toimittajiemme, kuriiripalveluiden, tullien k\u00e4sittelyn tai muiden olosuhteiden aiheuttamia viiv\u00e4styksi\u00e4, jotka eiv\u00e4t ole suoranaisesti meid\u00e4n hallinnassamme.<\/li><\/ul><p>e. Viestint\u00e4 ja avoimuus:<\/p><ul><li>Olemme sitoutuneet pit\u00e4m\u00e4\u00e4n asiakkaamme ajan tasalla heid\u00e4n tilaustensa, my\u00f6s Apple Vision Pro:n, tilasta.<\/li><li>Jos viiv\u00e4stykset ovat merkitt\u00e4vi\u00e4, p\u00e4ivitykset toimitetaan ajoissa s\u00e4hk\u00f6postitse tai verkkosivustomme kautta.<\/li><li>Asiakaspalvelutiimimme on k\u00e4ytett\u00e4viss\u00e4 kaikissa tilauksen tilaa ja toimitusaikoja koskevissa tiedusteluissa.<\/li><\/ul><p>f. Asiakkaan kuittaus:<\/p><ul><li>Ostamalla iOasis:lt\u00e4 asiakkaat hyv\u00e4ksyv\u00e4t ja hyv\u00e4ksyv\u00e4t toimitusaikojen mahdollisen vaihtelun erityisesti Apple Vision Pro:n kaltaisten tuotteiden osalta.<\/li><li>Asiakkaat hyv\u00e4ksyv\u00e4t sen, ett\u00e4 arvioidut toimitusp\u00e4iv\u00e4t eiv\u00e4t ole taattuja ja ett\u00e4 iOasis ei ole vastuussa viiv\u00e4styksist\u00e4, jotka eiv\u00e4t ole hallinnassamme.<\/li><\/ul><h6>6. Tilauksen k\u00e4sittely ja peruutus<\/h6><\/div><\/div><div class=\"min-h-[20px] text-message flex flex-col items-start gap-3 whitespace-pre-wrap break-words [.text-message+&amp;]:mt-5 overflow-x-auto\" data-message-author-role=\"assistant\" data-message-id=\"537f0676-6c24-4768-9737-f707a8edac15\"><div class=\"markdown prose w-full break-words dark:prose-invert light\"><ul><li>Kun tilaus on tehty, se k\u00e4sitell\u00e4\u00e4n v\u00e4litt\u00f6m\u00e4sti nopean toimituksen varmistamiseksi. N\u00e4in ollen tilausta ei ole mahdollista peruuttaa sen j\u00e4lkeen, kun k\u00e4sittely on alkanut. Kehotamme asiakkaita tarkistamaan tilauksensa huolellisesti ennen vahvistamista.<\/li><li>Kun olet tehnyt tilauksen, sinulle l\u00e4hetet\u00e4\u00e4n vahvistuss\u00e4hk\u00f6posti, jossa kuitataan tilauksesi vastaanottaminen.<\/li><\/ul><\/div><\/div><\/div><\/div><div class=\"min-h-[20px] text-message flex flex-col items-start gap-3 whitespace-pre-wrap break-words [.text-message+&amp;]:mt-5 overflow-x-auto\" data-message-author-role=\"assistant\" data-message-id=\"537f0676-6c24-4768-9737-f707a8edac15\"><div class=\"markdown prose w-full break-words dark:prose-invert light\"><h6>7. Palautusoikeus<\/h6><ul><li>iOasis tarjoaa 14 p\u00e4iv\u00e4n palautusoikeuden useimmille tuotteille, jos ne palautetaan alkuper\u00e4isess\u00e4, avaamattomassa ja vahingoittumattomassa kunnossa. T\u00e4m\u00e4 k\u00e4yt\u00e4nt\u00f6 ei koske EU:n ulkopuolelta tuotuja tuotteita, mukaan lukien erikoistilaustuotteet.<\/li><li>Palautustapauksissa asiakas vastaa tuotteen palauttamisesta aiheutuvista kuljetuskustannuksista, ellei palautus johdu tuotteen virheest\u00e4 tai meid\u00e4n virheest\u00e4mme.<\/li><li>Jos haluat aloittaa palautuksen, ole hyv\u00e4 ja <a href=\"https:\/\/ioasis.eu\/fi\/ota-yhteytta\/\">ota yhteytt\u00e4 asiakaspalvelutiimiimme<\/a> saadaksesi ohjeita palautusprosessista ja -osoitteesta.<\/li><\/ul><h6>8. Takuu ja vastuu<\/h6><ul><li>Kaikilla iOasis:n myymill\u00e4 tuotteilla on valmistajan vakiotakuu. T\u00e4m\u00e4 takuu kattaa materiaali- ja valmistusvirheet normaalissa k\u00e4yt\u00f6ss\u00e4.<\/li><li>iOasis ei my\u00f6nn\u00e4 mit\u00e4\u00e4n muita takuita, ei nimenomaisia eik\u00e4 ep\u00e4suoria, mukaan lukien takuut myyntikelpoisuudesta tai soveltuvuudesta tiettyyn tarkoitukseen.<\/li><li>Emme ole lain sallimissa rajoissa vastuussa palveluiden tai tuotteiden k\u00e4yt\u00f6st\u00e4 aiheutuvista ep\u00e4suorista, satunnaisista tai v\u00e4lillisist\u00e4 vahingoista.<\/li><\/ul><h6>9. Yksityisyys ja tietosuoja<\/h6><ul><li>Sitoumuksemme yksityisyytt\u00e4si kohtaan on ensiarvoisen t\u00e4rke\u00e4\u00e4. iOasis <a href=\"https:\/\/ioasis.eu\/fi\/tietosuojakaytanto\/\">Tietosuojak\u00e4yt\u00e4nt\u00f6<\/a>, joka on yksityiskohtaisesti esitetty verkkosivuillamme, selitt\u00e4\u00e4, miten ker\u00e4\u00e4mme, k\u00e4yt\u00e4mme, suojaamme ja k\u00e4sittelemme henkil\u00f6tietojasi.<\/li><li>Varmistamme, ett\u00e4 noudatamme GDPR:\u00e4\u00e4 ja muita asiaankuuluvia tietosuojas\u00e4\u00e4nn\u00f6ksi\u00e4 henkil\u00f6tietojesi suojaamiseksi.<\/li><\/ul><h6>10. Sovellettava laki ja toimivalta<\/h6><ul><li>N\u00e4ihin ehtoihin sovelletaan Saksan lakeja ja niit\u00e4 tulkitaan Saksan lakien mukaisesti.<\/li><li>N\u00e4ist\u00e4 ehdoista johtuvat tai niihin liittyv\u00e4t riidat kuuluvat Hampurin, Saksa, toimivaltaisten tuomioistuinten yksinomaiseen toimivaltaan.<\/li><\/ul><h6>11. Ehtojen ja edellytysten muutokset<\/h6><ul><li>iOasis pid\u00e4tt\u00e4\u00e4 oikeuden muuttaa, muokata tai p\u00e4ivitt\u00e4\u00e4 n\u00e4it\u00e4 k\u00e4ytt\u00f6ehtoja milloin tahansa ilman ennakkoilmoitusta. Muutokset astuvat voimaan v\u00e4litt\u00f6m\u00e4sti, kun ne julkaistaan verkkosivustollamme.<\/li><li>Sinun vastuullasi on tarkistaa n\u00e4m\u00e4 k\u00e4ytt\u00f6ehdot s\u00e4\u00e4nn\u00f6llisesti pysy\u00e4ksesi ajan tasalla mahdollisista muutoksista.<\/li><\/ul><h6>12. Yhteystiedot ja asiakaspalvelu<\/h6><ul><li>Asiakaspalvelutiimimme on k\u00e4ytett\u00e4viss\u00e4 kaikissa tiedusteluissa, tukipalveluissa ja avustusteht\u00e4viss\u00e4. Ole hyv\u00e4 ja l\u00e4het\u00e4 <a href=\"https:\/\/ioasis.eu\/fi\/ota-yhteytta\/\">Ota yhteytt\u00e4 verkkosivujemme kautta<\/a> nopeasta ja avuliaasta palvelusta.<\/li><\/ul><h6>13. Hinnoittelu, maksaminen ja arvonlis\u00e4vero<\/h6><ul><li>Kaikki iOasis:n tuotteiden hinnat ilmoitetaan n\u00e4kyv\u00e4sti euroina (\u20ac), ja ne sis\u00e4lt\u00e4v\u00e4t EU:n alueelta hankittujen tuotteiden lakis\u00e4\u00e4teisen arvonlis\u00e4veron.<\/li><li>EU:n ulkopuolelta tuotujen tuotteiden, kuten tiettyjen erikoisvalmisteisten tuotteiden, arvonlis\u00e4vero ei v\u00e4ltt\u00e4m\u00e4tt\u00e4 sis\u00e4lly hintaan, vaan asiakas vastaa siit\u00e4 toimituksen yhteydess\u00e4.<\/li><li>Toimituskulut ovat lis\u00e4maksullisia, ja niiden laskeminen perustuu toimituspaikkaan ja tilauksen kokoon.<\/li><li>Hyv\u00e4ksymme maksut yleisill\u00e4 luotto- ja pankkikorteilla, kuten Visa- ja MasterCardilla, mik\u00e4 takaa turvalliset ja k\u00e4tev\u00e4t maksutapahtumat.<\/li><\/ul><h6>14. Erityisehdot Apple Vision Pro-kuulokkeille<\/h6><ul><li>Tuonti ja merenkulku: Apple Vision Pro on Yhdysvalloista tuotu erikoistilaustuote.<\/li><li>Tulli- ja arvonlis\u00e4verot: Asiakkaat ovat vastuussa kaikista sovellettavista tulli- ja arvonlis\u00e4veroista, jotka voivat aiheutua tuotteen toimituksen yhteydess\u00e4.<\/li><li>Palautusoikeus: Koska Apple Vision Pro-kuulokkeet ovat tuontitavaraa, niit\u00e4 ei koske vakiopalautusehtomme, eik\u00e4 niit\u00e4 voi palauttaa.<\/li><\/ul><h6>15. Ep\u00e4onnistuneet toimitukset<\/h6><p>Jos toimitus ep\u00e4onnistuu, iOasis on sitoutunut toteuttamaan seuraavat toimenpiteet varmistaakseen, ett\u00e4 tilauksesi saapuu perille:<\/p><ul><li>Osoitteen vahvistus: Kun toimitusyritys ep\u00e4onnistuu, tarkistamme ensin toimitusosoitteen, jonka annoit tilausta tehdess\u00e4si. On eritt\u00e4in t\u00e4rke\u00e4\u00e4, ett\u00e4 annetut osoitetiedot ovat tarkkoja ja t\u00e4ydellisi\u00e4, jotta v\u00e4ltyt\u00e4\u00e4n toimitusongelmilta.<\/li><li>Koordinointi varustamon kanssa: Teemme tiivist\u00e4 yhteisty\u00f6t\u00e4 kuljetusyhti\u00f6n kanssa toisen toimitusyrityksen j\u00e4rjest\u00e4miseksi. T\u00e4h\u00e4n prosessiin kuuluu koordinointi kuriiripalvelujen kanssa parhaan mahdollisen ratkaisun l\u00f6yt\u00e4miseksi uudelleentoimitusta varten.<\/li><li>Palautus- ja varastointimaksut: Jos uudelleen toimitusyritys ep\u00e4onnistuu tai on mahdoton ja tuote palautetaan meille, pid\u00e4t\u00e4mme oikeuden veloittaa palautusl\u00e4hetys- ja varastointikulut. Varastointimaksut m\u00e4\u00e4r\u00e4ytyv\u00e4t tuotteen hinnan perusteella ja niit\u00e4 sovelletaan seuraavasti:<ul><li>Alle 1 000 euron hintaiset tuotteet: Varastointimaksu on 20 euroa p\u00e4iv\u00e4ss\u00e4.<\/li><li>Tuotteiden hinnat vaihtelevat 1 000 euron ja 2 000 euron v\u00e4lill\u00e4: Varastointimaksu on 50 euroa p\u00e4iv\u00e4ss\u00e4.<\/li><li>Tuotteiden hinnat vaihtelevat 2 000 euron ja 3 000 euron v\u00e4lill\u00e4: Varastointimaksu on 80 euroa p\u00e4iv\u00e4ss\u00e4.<\/li><li>Tuotteiden hinnat vaihtelevat 3000 ja 5000 euron v\u00e4lill\u00e4: Varastointimaksu on 100 euroa p\u00e4iv\u00e4ss\u00e4.<\/li><\/ul><\/li><\/ul><p>N\u00e4it\u00e4 maksuja perit\u00e4\u00e4n toimittamattomien tuotteiden varastointiin, turvallisuuteen ja hallinnointiin liittyvien kustannusten kattamiseksi. Suosittelemme varmistamaan, ett\u00e4 toimitusosoite on oikea ja ett\u00e4 olet k\u00e4ytett\u00e4viss\u00e4 vastaanottamaan toimituksen aikataulun mukaisesti, jotta v\u00e4lt\u00e4t n\u00e4m\u00e4 lis\u00e4maksut.<\/p><p>Kehotamme asiakkaitamme olemaan helposti saatavilla tai tekem\u00e4\u00e4n tarvittavat j\u00e4rjestelyt, jotta he voivat vastaanottaa tilauksensa ennakoituina toimitusp\u00e4ivin\u00e4. Yhteisty\u00f6nne t\u00e4ss\u00e4 suhteessa auttaa meit\u00e4 tarjoamaan tehokkaita ja oikea-aikaisia toimituspalveluja.<\/p><h6><strong>16. Apple Vision Pro-erityisehdot<\/strong><\/h6><p>a. Reseptilinssej\u00e4 koskeva vastuuvapauslauseke:<\/p><ul><li>Apple Vision Pro myyd\u00e4\u00e4n t\u00e4ll\u00e4 hetkell\u00e4 ilman reseptilinssej\u00e4.<\/li><li>Reseptilinssej\u00e4 tarvitsevien asiakkaiden on oltava tietoisia siit\u00e4, ett\u00e4 optimaalinen k\u00e4ytt\u00f6 edellytt\u00e4\u00e4 lis\u00e4linssej\u00e4.<\/li><li>Reseptilinssej\u00e4, jotka ovat yhteensopivia Apple Vision Pro:n kanssa, on saatavilla erikseen myym\u00e4l\u00e4ss\u00e4mme my\u00f6hemmin. Ilmoitamme asiakkaillemme, kun ne tulevat saataville.<\/li><\/ul><p>b. Kevyet tiivisteet ja otsanauhat Mitoitustiedot:<\/p><ul><li>T\u00e4ll\u00e4 hetkell\u00e4 ei ole mahdollista valita erityisi\u00e4 kokoja Apple Vision Pro:n valotiivisteille ja p\u00e4\u00e4hihnoille.<\/li><li>T\u00e4m\u00e4n vuoksi saattaa olla tapauksia, joissa n\u00e4iden osien istuvuus ei ole ihanteellinen jokaiselle k\u00e4ytt\u00e4j\u00e4lle.<\/li><li>Yksitt\u00e4isi\u00e4 valotiivisteit\u00e4 ja p\u00e4\u00e4hihnoja useissa eri koossa on saatavana erikseen kaupastamme, mik\u00e4 mahdollistaa r\u00e4\u00e4t\u00e4l\u00f6idymm\u00e4n ja mukavamman istuvuuden.<\/li><\/ul><p>c. Asiakkaan kuittaus:<\/p><ul><li>Ostamalla Apple Vision Pro:n iOasis:st\u00e4 asiakkaat hyv\u00e4ksyv\u00e4t edell\u00e4 mainitut ehdot, jotka koskevat reseptilinssej\u00e4 sek\u00e4 valotiivisteiden ja p\u00e4\u00e4hihnojen kokoa.<\/li><li>Kehotamme asiakkaita ottamaan n\u00e4m\u00e4 tekij\u00e4t huomioon ennen ostop\u00e4\u00e4t\u00f6ksen tekemist\u00e4.<\/li><\/ul><h6><strong>17. <\/strong>Ennakkotilaus Talletus ja peruutusehdot<\/h6><p>Tiettyjen ennakkotilattavissa olevien, eritt\u00e4in kysyttyjen tuotteiden osalta iOasis voi vaatia ennakkotilauksen yhteydess\u00e4 talletuksen. Ennakkotilaustalletuksiin sovelletaan seuraavia ehtoja:<\/p><p>a. Peruutus ja palautus: Asiakkailla on oikeus peruuttaa ennakkotilauksensa ja pyyt\u00e4\u00e4 talletuksen t\u00e4ytt\u00e4 palautusta 7 p\u00e4iv\u00e4n kuluessa ennakkotilauksen tekemisest\u00e4.<\/p><p>b. Takaisinmaksamaton takuumaksu: Jos asiakas p\u00e4\u00e4tt\u00e4\u00e4 peruuttaa ennakkotilauksensa 7 p\u00e4iv\u00e4n j\u00e4lkeen, takuumaksua ei palauteta. Asiakkaalta ei kuitenkaan laskuteta tilauksen j\u00e4ljell\u00e4 olevaa m\u00e4\u00e4r\u00e4\u00e4.<\/p><p>c. K\u00e4sittelyvaihe: Kun ennakkotilaus on siirtynyt k\u00e4sittelyvaiheeseen, mik\u00e4 tarkoittaa, ett\u00e4 l\u00e4hetyksen tai r\u00e4\u00e4t\u00e4l\u00f6innin valmistelu on alkanut, talletusta ei palauteta miss\u00e4\u00e4n olosuhteissa.<\/p><p>Tekem\u00e4ll\u00e4 ennakkotilauksen ja maksamalla ennakkomaksun iOasis:ss\u00e4 asiakas hyv\u00e4ksyy n\u00e4m\u00e4 ehdot. T\u00e4ll\u00e4 k\u00e4yt\u00e4nn\u00f6ll\u00e4 varmistetaan avoimuus ja oikeudenmukaisuus suuren kysynn\u00e4n tuotteiden k\u00e4sittelyss\u00e4, jotta asiakkaat voivat varmistaa haluamansa tuotteet ymm\u00e4rt\u00e4en samalla ennakkotilaukseen liittyv\u00e4t sitoumukset.<\/p><h6><strong>18. <\/strong>Riitojen ratkaiseminen ja oikeudelliset seuraamukset<\/h6><p>K\u00e4ytt\u00e4m\u00e4ll\u00e4 verkkokauppamme palveluita asiakas hyv\u00e4ksyy n\u00e4m\u00e4 ehdot, jotka sis\u00e4lt\u00e4v\u00e4t muun muassa riitojen ratkaisua koskevat m\u00e4\u00e4r\u00e4ykset ja seuraamukset sopimuksen ehtojen vastaisista toimista. Yrityksemme pit\u00e4\u00e4 eritt\u00e4in t\u00e4rke\u00e4n\u00e4 liiketoimien rehellisyytt\u00e4 ja l\u00e4pin\u00e4kyvyytt\u00e4, mink\u00e4 vuoksi otamme k\u00e4ytt\u00f6\u00f6n mekanismeja, joiden tarkoituksena on varmistaa mahdollisimman hyv\u00e4 suoja ep\u00e4rehellisi\u00e4 toimia vastaan.<\/p><p>V\u00e4limiesmenettely<\/p><p>a. V\u00e4limiesmenettely: Jos yrityksemme ja yritysasiakkaan v\u00e4lill\u00e4 syntyy riita, osapuolet sopivat pyrkiv\u00e4ns\u00e4 ratkaisemaan asian sovinnollisesti. Jos t\u00e4llainen ratkaisu ei ole mahdollinen, riidat ratkaistaan v\u00e4limiesmenettelyll\u00e4.<\/p><p>b. V\u00e4limiesmenettely: V\u00e4limiesmenettely: V\u00e4limiesmenettelyn suorittaa riippumaton v\u00e4limies, joka nimitet\u00e4\u00e4n riidan molempien osapuolten suostumuksella. Jos v\u00e4limiehen valinnasta ei ole sovittu, h\u00e4net nimitt\u00e4\u00e4 asianomainen kauppakamari tai muu tunnustettu v\u00e4lityslaitos. Molemmat osapuolet sitoutuvat kunnioittamaan ja panemaan t\u00e4yt\u00e4nt\u00f6\u00f6n v\u00e4limiehen lopullisen tuomion.<\/p><p>c. Lain noudattaminen: T\u00e4m\u00e4 lauseke on muotoiltu Euroopan unionin lains\u00e4\u00e4d\u00e4nn\u00f6n sovellettavien periaatteiden mukaisesti, mukaan lukien kuluttajariitojen vaihtoehtoisesta riidanratkaisusta annettu direktiivi 2013\/11\/EU, jossa kannustetaan tuomioistuinten ulkopuolisten riidanratkaisumenetelmien k\u00e4ytt\u00f6\u00f6n, ja ottaen huomioon siviiliprosessilain v\u00e4limiesmenettely\u00e4 koskevat s\u00e4\u00e4nn\u00f6kset.<\/p><p>d. Asiakas, joka on yritys, suostuu siihen, ett\u00e4 kaikki tilauksen toteuttamisesta, vastaanotetuista tuotteista tai maksuista johtuvat riidat ratkaistaan v\u00e4limiesmenettelyss\u00e4 sovellettavien Euroopan unionin s\u00e4\u00e4nn\u00f6sten mukaisesti.<br \/>e. V\u00e4limiesmenettelyn suorittaa yrityksemme nime\u00e4m\u00e4 riippumaton v\u00e4limies, ja molemmat osapuolet sitoutuvat kunnioittamaan v\u00e4limiehen lopullista p\u00e4\u00e4t\u00f6st\u00e4.<\/p><p>Takaisinperint\u00e4vaateiden seuraamukset<br \/>a. Asiakas hyv\u00e4ksyy sen, ett\u00e4 jos veloitusten palautusvaatimus j\u00e4tet\u00e4\u00e4n, yrityksemme ryhtyy kaikkiin asianmukaisiin toimiin tilanteen ratkaisemiseksi sovellettavien lakis\u00e4\u00e4teisten s\u00e4\u00e4nn\u00f6sten mukaisesti, mukaan lukien yhteydenotto asiakkaaseen ja rahoituslaitokseen olosuhteiden selvitt\u00e4miseksi.<br \/>b. Jos todetaan, ett\u00e4 veloitusvaatimus on tehty ilman perusteltua syyt\u00e4 ja ett\u00e4 se rikkoo sopimusehtoja, pid\u00e4t\u00e4mme oikeuden ryhty\u00e4 asianmukaisiin oikeustoimiin saadaksemme korvauksen aiheutuneista tappioista aina sovellettavan lains\u00e4\u00e4d\u00e4nn\u00f6n mukaisesti ja k\u00e4ytetty\u00e4mme kaikki mahdollisuudet sovintoratkaisuun.<\/p><p>Korvaukset ja seuraamukset<br \/>a. Jos asiakas rikkoo sopimusehtoja, mukaan lukien perusteettoman veloitusvaatimuksen esitt\u00e4minen, yhti\u00f6mme hakee t\u00e4ytt\u00e4 korvausta kaikista t\u00e4llaisista toimista aiheutuneista vahingoista sovellettavan lain mukaisesti.<br \/>b. \u00c4\u00e4rimm\u00e4isiss\u00e4 tilanteissa yhti\u00f6mme voi lis\u00e4ksi vaatia enimm\u00e4isoikeudellisia seuraamuksia, mukaan lukien vankeusrangaistus, jos asiakkaan toiminta on rikos.<\/p><p>Loppus\u00e4\u00e4nn\u00f6kset<br \/>a. N\u00e4iden m\u00e4\u00e4r\u00e4ysten tarkoituksena on suojella sek\u00e4 asiakkaita ett\u00e4 yrityst\u00e4mme ep\u00e4rehellisilt\u00e4 toimilta, ja niit\u00e4 sovelletaan kaikkiin verkkokaupassamme tehtyihin liiketoimiin.<br \/>b. Kaikki yhti\u00f6mme korvausten tai seuraamusten hakemiseksi toteuttamat toimet toteutetaan korkeimpien eettisten standardien ja sovellettavan lains\u00e4\u00e4d\u00e4nn\u00f6n mukaisesti.<br \/>c. Kehotamme ottamaan yhteytt\u00e4 asiakaspalveluumme, jos sinulla on tilauksen toteuttamiseen liittyvi\u00e4 ep\u00e4ilyksi\u00e4 tai ongelmia. Ensisijaisena tavoitteenamme on ratkaista kaikki ongelmat molempia osapuolia tyydytt\u00e4v\u00e4ll\u00e4 tavalla ja aina sovellettavia lakis\u00e4\u00e4teisi\u00e4 s\u00e4\u00e4nn\u00f6ksi\u00e4 noudattaen.<\/p><h6><strong>19. Irrotettavuus<\/strong><\/h6><p>a. Jos toimivaltainen viranomainen tai tuomioistuin katsoo, ett\u00e4 jokin n\u00e4iden ehtojen m\u00e4\u00e4r\u00e4ys on p\u00e4tem\u00e4t\u00f6n, t\u00e4yt\u00e4nt\u00f6\u00f6npanokelvoton tai ei ole sovellettavan lain mukainen, se ei vaikuta ehtojen muiden m\u00e4\u00e4r\u00e4ysten p\u00e4tevyyteen ja t\u00e4yt\u00e4nt\u00f6\u00f6npanokelpoisuuteen.<br \/>b. Jos jokin n\u00e4iden ehtojen m\u00e4\u00e4r\u00e4ys on p\u00e4tem\u00e4t\u00f6n, t\u00e4yt\u00e4nt\u00f6\u00f6npanokelvoton tai lain vastainen, osapuolet sopivat ryhtyv\u00e4ns\u00e4 v\u00e4litt\u00f6m\u00e4sti toimenpiteisiin korvatakseen t\u00e4llaisen m\u00e4\u00e4r\u00e4yksen uudella, p\u00e4tev\u00e4ll\u00e4 ja t\u00e4yt\u00e4nt\u00f6\u00f6npanokelpoisella m\u00e4\u00e4r\u00e4yksell\u00e4, joka mahdollisimman pitk\u00e4lle vastaa osapuolten alkuper\u00e4isi\u00e4 aikomuksia ja taloudellisia tavoitteita, jotka ne aikoivat saavuttaa hyv\u00e4ksytyll\u00e4 m\u00e4\u00e4r\u00e4yksell\u00e4.<br \/>c. Jokainen n\u00e4iden ehtojen m\u00e4\u00e4r\u00e4ys katsotaan erilliseksi ja riippumattomaksi muista, eik\u00e4 sen p\u00e4tem\u00e4tt\u00f6myys tai t\u00e4yt\u00e4nt\u00f6\u00f6npanokelvottomuus vaikuta n\u00e4iden ehtojen muiden m\u00e4\u00e4r\u00e4ysten p\u00e4tevyyteen tai t\u00e4yt\u00e4nt\u00f6\u00f6npanokelpoisuuteen.<\/p><h6><strong>20. P\u00e4ivitykset ja muutokset<\/strong>:<\/h6><ul><li>iOasis pid\u00e4tt\u00e4\u00e4 oikeuden p\u00e4ivitt\u00e4\u00e4 ja muuttaa n\u00e4it\u00e4 Apple Vision Pro:hen ja muihin tuotteisiin liittyvi\u00e4 erityisehtoja ilman ennakkoilmoitusta.<\/li><\/ul><\/div><\/div>\t\t\t\t\t\t<\/div>\n\t\t\t\t<\/div>\n\t\t\t\t\t<\/div>\n\t\t\t\t<\/div>\n\t\t\t\t\t\t\t<\/div>","protected":false},"excerpt":{"rendered":"<p>Ehdot Tervetuloa iOasis:hen, joka on aitojen Apple-tuotteiden ensisijainen kohde. Hampurissa, Saksassa sijaitseva verkkokauppamme on omistautunut tarjoamaan poikkeuksellista asiakaspalvelua. K\u00e4ytt\u00e4m\u00e4ll\u00e4 verkkosivustoamme ja tekem\u00e4ll\u00e4 ostoksia sitoudut noudattamaan seuraavia yksityiskohtaisia ehtoja. 1. Ehtojen hyv\u00e4ksyminen K\u00e4ym\u00e4ll\u00e4 ja k\u00e4ytt\u00e4m\u00e4ll\u00e4 iOasis [...]<\/p>","protected":false},"author":1,"featured_media":0,"parent":0,"menu_order":0,"comment_status":"closed","ping_status":"closed","template":"","meta":{"footnotes":""},"class_list":["post-350","page","type-page","status-publish","hentry"],"jetpack_sharing_enabled":true,"_links":{"self":[{"href":"https:\/\/ioasis.eu\/fi\/wp-json\/wp\/v2\/pages\/350","targetHints":{"allow":["GET"]}}],"collection":[{"href":"https:\/\/ioasis.eu\/fi\/wp-json\/wp\/v2\/pages"}],"about":[{"href":"https:\/\/ioasis.eu\/fi\/wp-json\/wp\/v2\/types\/page"}],"author":[{"embeddable":true,"href":"https:\/\/ioasis.eu\/fi\/wp-json\/wp\/v2\/users\/1"}],"replies":[{"embeddable":true,"href":"https:\/\/ioasis.eu\/fi\/wp-json\/wp\/v2\/comments?post=350"}],"version-history":[{"count":34,"href":"https:\/\/ioasis.eu\/fi\/wp-json\/wp\/v2\/pages\/350\/revisions"}],"predecessor-version":[{"id":1219,"href":"https:\/\/ioasis.eu\/fi\/wp-json\/wp\/v2\/pages\/350\/revisions\/1219"}],"wp:attachment":[{"href":"https:\/\/ioasis.eu\/fi\/wp-json\/wp\/v2\/media?parent=350"}],"curies":[{"name":"wp","href":"https:\/\/api.w.org\/{rel}","templated":true}]}}