{"id":415,"date":"2023-06-11T01:14:12","date_gmt":"2023-06-10T23:14:12","guid":{"rendered":"https:\/\/ioasis.eu\/?page_id=415"},"modified":"2024-01-22T14:19:17","modified_gmt":"2024-01-22T13:19:17","slug":"blog","status":"publish","type":"page","link":"https:\/\/ioasis.eu\/fi\/blogi\/","title":{"rendered":"Blogi"},"content":{"rendered":"<div data-elementor-type=\"wp-page\" data-elementor-id=\"415\" class=\"elementor elementor-415\">\n\t\t\t\t\t\t\t<div class=\"elementor-element elementor-element-c5f914f e-con-boxed e-flex e-con\" data-id=\"c5f914f\" data-element_type=\"container\" data-settings=\"{&quot;content_width&quot;:&quot;boxed&quot;}\">\n\t\t\t\t\t<div class=\"e-con-inner\">\n\t\t\t\t<div class=\"elementor-element elementor-element-a9c7d34 elementor-widget elementor-widget-heading\" data-id=\"a9c7d34\" data-element_type=\"widget\" data-widget_type=\"heading.default\">\n\t\t\t\t<div class=\"elementor-widget-container\">\n\t\t\t<style>\/*! elementor - v3.13.3 - 28-05-2023 *\/\n.elementor-heading-title{padding:0;margin:0;line-height:1}.elementor-widget-heading .elementor-heading-title[class*=elementor-size-]>a{color:inherit;font-size:inherit;line-height:inherit}.elementor-widget-heading .elementor-heading-title.elementor-size-small{font-size:15px}.elementor-widget-heading .elementor-heading-title.elementor-size-medium{font-size:19px}.elementor-widget-heading .elementor-heading-title.elementor-size-large{font-size:29px}.elementor-widget-heading .elementor-heading-title.elementor-size-xl{font-size:39px}.elementor-widget-heading .elementor-heading-title.elementor-size-xxl{font-size:59px}<\/style><h1 class=\"elementor-heading-title elementor-size-default\">Blogi<\/h1>\t\t<\/div>\n\t\t\t\t<\/div>\n\t\t\t\t\t<\/div>\n\t\t\t\t<\/div>\n\t\t<div class=\"elementor-element elementor-element-72e31ca e-con-boxed e-flex e-con\" data-id=\"72e31ca\" data-element_type=\"container\" data-settings=\"{&quot;content_width&quot;:&quot;boxed&quot;}\">\n\t\t\t\t\t<div class=\"e-con-inner\">\n\t\t\t\t<div class=\"elementor-element elementor-element-41219eb elementor-widget elementor-widget-heading\" data-id=\"41219eb\" data-element_type=\"widget\" data-widget_type=\"heading.default\">\n\t\t\t\t<div class=\"elementor-widget-container\">\n\t\t\t<h2 class=\"elementor-heading-title elementor-size-default\">Apple Vision Pro:n k\u00e4ynnistyshetkell\u00e4 saatavilla olevat sovellukset<\/h2>\t\t<\/div>\n\t\t\t\t<\/div>\n\t\t\t\t<div class=\"elementor-element elementor-element-9c643ab elementor-widget elementor-widget-text-editor\" data-id=\"9c643ab\" data-element_type=\"widget\" data-widget_type=\"text-editor.default\">\n\t\t\t\t<div class=\"elementor-widget-container\">\n\t\t\t<style>\/*! elementor - v3.13.3 - 28-05-2023 *\/\n.elementor-widget-text-editor.elementor-drop-cap-view-stacked .elementor-drop-cap{background-color:#69727d;color:#fff}.elementor-widget-text-editor.elementor-drop-cap-view-framed .elementor-drop-cap{color:#69727d;border:3px solid;background-color:transparent}.elementor-widget-text-editor:not(.elementor-drop-cap-view-default) .elementor-drop-cap{margin-top:8px}.elementor-widget-text-editor:not(.elementor-drop-cap-view-default) .elementor-drop-cap-letter{width:1em;height:1em}.elementor-widget-text-editor .elementor-drop-cap{float:left;text-align:center;line-height:1;font-size:50px}.elementor-widget-text-editor .elementor-drop-cap-letter{display:inline-block}<\/style>\t\t\t\t<p>Kun astumme Apple Vision Pro:n aikakauteen, sovellusten ja viihdekokemusten uusi horisontti on avautumassa. T\u00e4m\u00e4 vallankumouksellinen sekatodellisuuskuuloke, jonka voimanl\u00e4hteen\u00e4 toimii VisionOS, tulee muuttamaan vuorovaikutustamme digitaalisen maailman kanssa. T\u00e4ss\u00e4 blogikirjoituksessa tutustumme monipuoliseen valikoimaan sovelluksia ja kokemuksia, jotka ovat saatavilla Apple Vision Pro:n lanseerauksen yhteydess\u00e4.<\/p><p><a href=\"https:\/\/ioasis.eu\/fi\/blogi\/sovellukset-saatavilla-apple-vision-pro-ohjelmiston-kaynnistyksen-yhteydessa\/\"><span style=\"text-decoration: underline;\">Jatka lukemista<\/span><\/a><\/p>\t\t\t\t\t\t<\/div>\n\t\t\t\t<\/div>\n\t\t\t\t\t<\/div>\n\t\t\t\t<\/div>\n\t\t<div class=\"elementor-element elementor-element-d25ce20 e-con-boxed e-flex e-con\" data-id=\"d25ce20\" data-element_type=\"container\" data-settings=\"{&quot;content_width&quot;:&quot;boxed&quot;}\">\n\t\t\t\t\t<div class=\"e-con-inner\">\n\t\t\t\t<div class=\"elementor-element elementor-element-0300716 elementor-widget elementor-widget-heading\" data-id=\"0300716\" data-element_type=\"widget\" data-widget_type=\"heading.default\">\n\t\t\t\t<div class=\"elementor-widget-container\">\n\t\t\t<h2 class=\"elementor-heading-title elementor-size-default\">Tutustu VisionOS:hen: Apple Vision Pro-kokemuksesi mullistaminen<\/h2>\t\t<\/div>\n\t\t\t\t<\/div>\n\t\t\t\t<div class=\"elementor-element elementor-element-12670de elementor-widget elementor-widget-text-editor\" data-id=\"12670de\" data-element_type=\"widget\" data-widget_type=\"text-editor.default\">\n\t\t\t\t<div class=\"elementor-widget-container\">\n\t\t\t\t\t\t\t<p>Tervetuloa VisionOS:n maailmaan, joka on uraauurtava k\u00e4ytt\u00f6j\u00e4rjestelm\u00e4, joka toimii Apple Vision Pro:n voimanl\u00e4hteen\u00e4. T\u00e4m\u00e4n innovatiivisen laitteen tulevina omistajina tai harrastajina astut valtakuntaan, jossa digitaalinen ja fyysinen maailma yhdistyv\u00e4t saumattomasti. VisionOS on enemm\u00e4n kuin pelkk\u00e4 k\u00e4ytt\u00f6j\u00e4rjestelm\u00e4; se on portti kokemuksiin ja vuorovaikutukseen, jotka m\u00e4\u00e4rittelev\u00e4t k\u00e4sityksemme todellisuudesta uudelleen. Tutustutaanpa siihen, mik\u00e4 tekee VisionOS:st\u00e4 mullistavan laitteen tavallisille k\u00e4ytt\u00e4jille.<\/p><p><a href=\"https:\/\/ioasis.eu\/fi\/blogi\/loyda-visionos-mullistaa-apple-vision-pro-kokemuksesi\/\"><span style=\"text-decoration: underline;\">Jatka lukemista<\/span><\/a><\/p>\t\t\t\t\t\t<\/div>\n\t\t\t\t<\/div>\n\t\t\t\t\t<\/div>\n\t\t\t\t<\/div>\n\t\t<div class=\"elementor-element elementor-element-55a549d e-con-boxed e-flex e-con\" data-id=\"55a549d\" data-element_type=\"container\" data-settings=\"{&quot;content_width&quot;:&quot;boxed&quot;}\">\n\t\t\t\t\t<div class=\"e-con-inner\">\n\t\t\t\t<div class=\"elementor-element elementor-element-5e8c879 elementor-widget elementor-widget-heading\" data-id=\"5e8c879\" data-element_type=\"widget\" data-widget_type=\"heading.default\">\n\t\t\t\t<div class=\"elementor-widget-container\">\n\t\t\t<h2 class=\"elementor-heading-title elementor-size-default\">Apple Vision Pro-kokemuksen maksimointi: Kattava opas<\/h2>\t\t<\/div>\n\t\t\t\t<\/div>\n\t\t\t\t<div class=\"elementor-element elementor-element-d7841a8 elementor-widget elementor-widget-text-editor\" data-id=\"d7841a8\" data-element_type=\"widget\" data-widget_type=\"text-editor.default\">\n\t\t\t\t<div class=\"elementor-widget-container\">\n\t\t\t\t\t\t\t<p>Tervetuloa tutustumaan perusteelliseen oppaaseemme siit\u00e4, miten saat kaiken irti Apple Vision Pro-laitteestasi. T\u00e4m\u00e4 huippuluokan laite tarjoaa runsaasti ominaisuuksia ja mahdollisuuksia, ja me autamme sinua navigoimaan niiss\u00e4. Olitpa sitten uusi k\u00e4ytt\u00e4j\u00e4 tai halusitpa syvent\u00e4\u00e4 tiet\u00e4myst\u00e4si, t\u00e4m\u00e4 opas tarjoaa arvokkaita tietoja turvallisemman, miellytt\u00e4v\u00e4mm\u00e4n ja tuottavamman k\u00e4ytt\u00f6kokemuksen saamiseksi.<\/p><p><a href=\"https:\/\/ioasis.eu\/fi\/blogi\/apple-vision-pro-kokemuksen-maksimointi-kattava-opas\/\"><span style=\"text-decoration: underline;\">Jatka lukemista<\/span><\/a><\/p>\t\t\t\t\t\t<\/div>\n\t\t\t\t<\/div>\n\t\t\t\t\t<\/div>\n\t\t\t\t<\/div>\n\t\t<div class=\"elementor-element elementor-element-9760114 e-con-boxed e-flex e-con\" data-id=\"9760114\" data-element_type=\"container\" data-settings=\"{&quot;content_width&quot;:&quot;boxed&quot;}\">\n\t\t\t\t\t<div class=\"e-con-inner\">\n\t\t\t\t<div class=\"elementor-element elementor-element-c5f48db elementor-widget elementor-widget-heading\" data-id=\"c5f48db\" data-element_type=\"widget\" data-widget_type=\"heading.default\">\n\t\t\t\t<div class=\"elementor-widget-container\">\n\t\t\t<h2 class=\"elementor-heading-title elementor-size-default\">\nApple Vision Pro: Paikkatietotekniikan tulevaisuus saapuu Eurooppaan iOasis:n my\u00f6t\u00e4.<\/h2>\t\t<\/div>\n\t\t\t\t<\/div>\n\t\t\t\t<div class=\"elementor-element elementor-element-1c7a04d elementor-widget elementor-widget-text-editor\" data-id=\"1c7a04d\" data-element_type=\"widget\" data-widget_type=\"text-editor.default\">\n\t\t\t\t<div class=\"elementor-widget-container\">\n\t\t\t\t\t\t\t<p>Tekniikan harrastajia ja ammattilaisia kaikkialla Euroopassa kiinnostava Apple on ilmoittanut, ett\u00e4 sen uraauurtava Apple Vision Pro on pian saatavilla 2. helmikuuta 2024 alkaen. Euroopan yksinomaisena j\u00e4lleenmyyj\u00e4n\u00e4 iOasis Premier Reseller on innoissaan voidessaan tuoda t\u00e4m\u00e4n vallankumouksellisen tilatietokoneen asiakkaidemme ulottuville.<\/p><p><a href=\"https:\/\/ioasis.eu\/fi\/blogi\/apple-vision-pro-nyt-saatavilla-euroopassa-ioasiksen-kanssa\/\"><span style=\"text-decoration: underline;\">Jatka lukemista<\/span><\/a><\/p>\t\t\t\t\t\t<\/div>\n\t\t\t\t<\/div>\n\t\t\t\t\t<\/div>\n\t\t\t\t<\/div>\n\t\t<div class=\"elementor-element elementor-element-e7e5509 e-con-boxed e-flex e-con\" data-id=\"e7e5509\" data-element_type=\"container\" data-settings=\"{&quot;content_width&quot;:&quot;boxed&quot;}\">\n\t\t\t\t\t<div class=\"e-con-inner\">\n\t\t\t\t<div class=\"elementor-element elementor-element-bdc239c elementor-widget elementor-widget-heading\" data-id=\"bdc239c\" data-element_type=\"widget\" data-widget_type=\"heading.default\">\n\t\t\t\t<div class=\"elementor-widget-container\">\n\t\t\t<h2 class=\"elementor-heading-title elementor-size-default\">\nApple Vision Pro: Vallankumouksellinen harppaus paikkatietotekniikassa<\/h2>\t\t<\/div>\n\t\t\t\t<\/div>\n\t\t\t\t<div class=\"elementor-element elementor-element-a8fffbb elementor-widget elementor-widget-text-editor\" data-id=\"a8fffbb\" data-element_type=\"widget\" data-widget_type=\"text-editor.default\">\n\t\t\t\t<div class=\"elementor-widget-container\">\n\t\t\t\t\t\t\t<p>Apple on aina ollut teknisten innovaatioiden eturintamassa, eik\u00e4 heid\u00e4n uusin tuotteensa, Apple Vision Pro, ole poikkeus. T\u00e4m\u00e4 uraauurtava laite tulee m\u00e4\u00e4rittelem\u00e4\u00e4n uudelleen tavan, jolla olemme vuorovaikutuksessa digitaalisen sis\u00e4ll\u00f6n kanssa, ja tarjoaa saumattoman sekoituksen digitaalista ja fyysist\u00e4 maailmaa. T\u00e4ss\u00e4 blogikirjoituksessa perehdymme Apple Vision Pro:n ominaisuuksiin ja mahdollisuuksiin ja tutkimme, miksi se on mullistava tekij\u00e4 tilatietokoneiden alalla.<\/p><p><a href=\"https:\/\/ioasis.eu\/fi\/blogi\/apple-vision-pro-on-vallankumouksellinen-harppaus-paikkatietotekniikassa\/\"><span style=\"text-decoration: underline;\">Jatka lukemista<\/span><\/a><\/p>\t\t\t\t\t\t<\/div>\n\t\t\t\t<\/div>\n\t\t\t\t\t<\/div>\n\t\t\t\t<\/div>\n\t\t<div class=\"elementor-element elementor-element-b59809f e-con-boxed e-flex e-con\" data-id=\"b59809f\" data-element_type=\"container\" data-settings=\"{&quot;content_width&quot;:&quot;boxed&quot;}\">\n\t\t\t\t\t<div class=\"e-con-inner\">\n\t\t\t\t<div class=\"elementor-element elementor-element-b7ccb56 elementor-widget elementor-widget-heading\" data-id=\"b7ccb56\" data-element_type=\"widget\" data-widget_type=\"heading.default\">\n\t\t\t\t<div class=\"elementor-widget-container\">\n\t\t\t<h2 class=\"elementor-heading-title elementor-size-default\">Apple Vision Pro: Maailman muuttaminen yksi n\u00e4kemys kerrallaan<\/h2>\t\t<\/div>\n\t\t\t\t<\/div>\n\t\t\t\t<div class=\"elementor-element elementor-element-cc9cdec elementor-widget elementor-widget-text-editor\" data-id=\"cc9cdec\" data-element_type=\"widget\" data-widget_type=\"text-editor.default\">\n\t\t\t\t<div class=\"elementor-widget-container\">\n\t\t\t\t\t\t\t<p>Apple on jatkuvasti kehittyv\u00e4ss\u00e4 teknologiamaailmassa ollut edell\u00e4k\u00e4vij\u00e4, joka on pident\u00e4nyt mahdollisuuksien rajoja ja m\u00e4\u00e4ritellyt uudelleen vuorovaikutuksen digitaalisen sis\u00e4ll\u00f6n kanssa. Uusin lis\u00e4ys heid\u00e4n innovatiiviseen mallistoonsa, Apple Vision Pro, mullistaa teknologiamaiseman j\u00e4lleen kerran. T\u00e4ss\u00e4 blogikirjoituksessa kerrotaan, miten Apple Vision Pro on valmis muuttamaan maailmaa ja miten voit olla ensimm\u00e4isten joukossa kokemassa t\u00e4m\u00e4n uraauurtavan laitteen.<\/p><p><a href=\"https:\/\/ioasis.eu\/fi\/blogi\/apple-vision-pro-muuttaa-maailmaa-yksi-nakyma-kerrallaan\/\"><span style=\"text-decoration: underline;\">Jatka lukemista<\/span><\/a><\/p>\t\t\t\t\t\t<\/div>\n\t\t\t\t<\/div>\n\t\t\t\t\t<\/div>\n\t\t\t\t<\/div>\n\t\t<div class=\"elementor-element elementor-element-d9f1a67 e-con-boxed e-flex e-con\" data-id=\"d9f1a67\" data-element_type=\"container\" data-settings=\"{&quot;content_width&quot;:&quot;boxed&quot;}\">\n\t\t\t\t\t<div class=\"e-con-inner\">\n\t\t\t\t<div class=\"elementor-element elementor-element-e19d2f2 elementor-widget elementor-widget-spacer\" data-id=\"e19d2f2\" data-element_type=\"widget\" data-widget_type=\"spacer.default\">\n\t\t\t\t<div class=\"elementor-widget-container\">\n\t\t\t<style>\/*! elementor - v3.13.3 - 28-05-2023 *\/\n.elementor-column .elementor-spacer-inner{height:var(--spacer-size)}.e-con{--container-widget-width:100%}.e-con-inner>.elementor-widget-spacer,.e-con>.elementor-widget-spacer{width:var(--container-widget-width,var(--spacer-size));--align-self:var(--container-widget-align-self,initial);--flex-shrink:0}.e-con-inner>.elementor-widget-spacer>.elementor-widget-container,.e-con-inner>.elementor-widget-spacer>.elementor-widget-container>.elementor-spacer,.e-con>.elementor-widget-spacer>.elementor-widget-container,.e-con>.elementor-widget-spacer>.elementor-widget-container>.elementor-spacer{height:100%}.e-con-inner>.elementor-widget-spacer>.elementor-widget-container>.elementor-spacer>.elementor-spacer-inner,.e-con>.elementor-widget-spacer>.elementor-widget-container>.elementor-spacer>.elementor-spacer-inner{height:var(--container-widget-height,var(--spacer-size))}<\/style>\t\t<div class=\"elementor-spacer\">\n\t\t\t<div class=\"elementor-spacer-inner\"><\/div>\n\t\t<\/div>\n\t\t\t\t<\/div>\n\t\t\t\t<\/div>\n\t\t\t\t\t<\/div>\n\t\t\t\t<\/div>\n\t\t\t\t\t\t\t<\/div>","protected":false},"excerpt":{"rendered":"<p>Blogisovellukset saatavilla Apple Vision Pro:ll\u00e4 Apple Vision Pro:n aikakauden kynnyksell\u00e4 sovellusten ja viihdekokemusten uusi horisontti on avautumassa. T\u00e4m\u00e4 vallankumouksellinen sekatodellisuuskuuloke, jonka voimanl\u00e4hteen\u00e4 toimii VisionOS, tulee muuttamaan vuorovaikutustamme digitaalisen maailman kanssa. T\u00e4ss\u00e4 blogikirjoituksessa tutkimme [...]<\/p>","protected":false},"author":1,"featured_media":223,"parent":0,"menu_order":0,"comment_status":"closed","ping_status":"closed","template":"","meta":{"footnotes":""},"class_list":["post-415","page","type-page","status-publish","has-post-thumbnail","hentry"],"jetpack_sharing_enabled":true,"_links":{"self":[{"href":"https:\/\/ioasis.eu\/fi\/wp-json\/wp\/v2\/pages\/415","targetHints":{"allow":["GET"]}}],"collection":[{"href":"https:\/\/ioasis.eu\/fi\/wp-json\/wp\/v2\/pages"}],"about":[{"href":"https:\/\/ioasis.eu\/fi\/wp-json\/wp\/v2\/types\/page"}],"author":[{"embeddable":true,"href":"https:\/\/ioasis.eu\/fi\/wp-json\/wp\/v2\/users\/1"}],"replies":[{"embeddable":true,"href":"https:\/\/ioasis.eu\/fi\/wp-json\/wp\/v2\/comments?post=415"}],"version-history":[{"count":16,"href":"https:\/\/ioasis.eu\/fi\/wp-json\/wp\/v2\/pages\/415\/revisions"}],"predecessor-version":[{"id":748,"href":"https:\/\/ioasis.eu\/fi\/wp-json\/wp\/v2\/pages\/415\/revisions\/748"}],"wp:featuredmedia":[{"embeddable":true,"href":"https:\/\/ioasis.eu\/fi\/wp-json\/wp\/v2\/media\/223"}],"wp:attachment":[{"href":"https:\/\/ioasis.eu\/fi\/wp-json\/wp\/v2\/media?parent=415"}],"curies":[{"name":"wp","href":"https:\/\/api.w.org\/{rel}","templated":true}]}}