{"id":428,"date":"2023-06-11T12:24:25","date_gmt":"2023-06-11T10:24:25","guid":{"rendered":"https:\/\/ioasis.eu\/?page_id=428"},"modified":"2023-06-11T12:30:38","modified_gmt":"2023-06-11T10:30:38","slug":"about-us","status":"publish","type":"page","link":"https:\/\/ioasis.eu\/fi\/meista\/","title":{"rendered":"Tietoa meist\u00e4"},"content":{"rendered":"<div data-elementor-type=\"wp-page\" data-elementor-id=\"428\" class=\"elementor elementor-428\">\n\t\t\t\t\t\t\t<div class=\"elementor-element elementor-element-1b91b5a9 e-con-boxed e-flex e-con\" data-id=\"1b91b5a9\" data-element_type=\"container\" data-settings=\"{&quot;background_background&quot;:&quot;classic&quot;,&quot;content_width&quot;:&quot;boxed&quot;}\">\n\t\t\t\t\t<div class=\"e-con-inner\">\n\t\t\t\t\t<\/div>\n\t\t\t\t<\/div>\n\t\t<div class=\"elementor-element elementor-element-af282b4 e-con-boxed e-flex e-con\" data-id=\"af282b4\" data-element_type=\"container\" data-settings=\"{&quot;background_background&quot;:&quot;classic&quot;,&quot;content_width&quot;:&quot;boxed&quot;}\">\n\t\t\t\t\t<div class=\"e-con-inner\">\n\t\t\t\t<div class=\"elementor-element elementor-element-2ee83fa elementor-widget elementor-widget-heading\" data-id=\"2ee83fa\" data-element_type=\"widget\" data-widget_type=\"heading.default\">\n\t\t\t\t<div class=\"elementor-widget-container\">\n\t\t\t<style>\/*! elementor - v3.13.3 - 28-05-2023 *\/\n.elementor-heading-title{padding:0;margin:0;line-height:1}.elementor-widget-heading .elementor-heading-title[class*=elementor-size-]>a{color:inherit;font-size:inherit;line-height:inherit}.elementor-widget-heading .elementor-heading-title.elementor-size-small{font-size:15px}.elementor-widget-heading .elementor-heading-title.elementor-size-medium{font-size:19px}.elementor-widget-heading .elementor-heading-title.elementor-size-large{font-size:29px}.elementor-widget-heading .elementor-heading-title.elementor-size-xl{font-size:39px}.elementor-widget-heading .elementor-heading-title.elementor-size-xxl{font-size:59px}<\/style><h1 class=\"elementor-heading-title elementor-size-default\">Tietoa meist\u00e4<\/h1>\t\t<\/div>\n\t\t\t\t<\/div>\n\t\t\t\t\t<\/div>\n\t\t\t\t<\/div>\n\t\t<div class=\"elementor-element elementor-element-7b79ea19 e-con-boxed e-flex e-con\" data-id=\"7b79ea19\" data-element_type=\"container\" data-settings=\"{&quot;content_width&quot;:&quot;boxed&quot;}\">\n\t\t\t\t\t<div class=\"e-con-inner\">\n\t\t\t\t<div class=\"elementor-element elementor-element-5f8cc052 elementor-widget elementor-widget-text-editor\" data-id=\"5f8cc052\" data-element_type=\"widget\" data-widget_type=\"text-editor.default\">\n\t\t\t\t<div class=\"elementor-widget-container\">\n\t\t\t<style>\/*! elementor - v3.13.3 - 28-05-2023 *\/\n.elementor-widget-text-editor.elementor-drop-cap-view-stacked .elementor-drop-cap{background-color:#69727d;color:#fff}.elementor-widget-text-editor.elementor-drop-cap-view-framed .elementor-drop-cap{color:#69727d;border:3px solid;background-color:transparent}.elementor-widget-text-editor:not(.elementor-drop-cap-view-default) .elementor-drop-cap{margin-top:8px}.elementor-widget-text-editor:not(.elementor-drop-cap-view-default) .elementor-drop-cap-letter{width:1em;height:1em}.elementor-widget-text-editor .elementor-drop-cap{float:left;text-align:center;line-height:1;font-size:50px}.elementor-widget-text-editor .elementor-drop-cap-letter{display:inline-block}<\/style>\t\t\t\t<p>Tervetuloa iOasis:hen, joka on uusimpien ja parhaiden Apple-tuotteiden ensisijainen kohde. Olemme enemm\u00e4n kuin pelkk\u00e4 j\u00e4lleenmyyj\u00e4; olemme Apple-harrastajien yhteis\u00f6, joka on sitoutunut tuomaan sinulle innovatiivisimman teknologian heti, kun se tulee markkinoille.<\/p><p>Vuonna 2007 Hampurissa, Saksassa, perustettu iOasis syntyi Apple:n uraauurtavista tuotteista ja halusta tuoda ne kaikkien saataville kaikkialla. Perustajamme, pitk\u00e4aikainen Apple:n harrastaja, n\u00e4ki, ett\u00e4 markkinoilla oli aukko omistautuneelle, asiakaskeskeiselle Apple-j\u00e4lleenmyyj\u00e4lle Euroopassa. Visiona oli kuroa umpeen t\u00e4m\u00e4 aukko, ja iOasis perustettiin.<\/p><p>Vuosien varrella olemme kasvaneet pienest\u00e4 startup-yrityksest\u00e4 luotetuksi nimeksi Apple-yhteis\u00f6ss\u00e4. Sitoutumisemme asiakaspalveluun sek\u00e4 kykymme toimittaa Apple-tuotteita ennen niiden paikallista lanseerausta ovat erottaneet meid\u00e4t kilpailijoista. Olemme aiemmin nopeuttaneet menestyksekk\u00e4\u00e4sti Apple-tuotteiden, kuten alkuper\u00e4isen iPhonen, iPadin ja Apple-kellon, saatavuutta, ja olemme innoissamme voidessamme tehd\u00e4 saman vallankumouksellisen Apple Vision Pro:n kanssa.<\/p><p>Me iOasis:ss\u00e4 uskomme teknologian muutosvoimaan. N\u00e4emme, miten Apple-tuotteet muuttavat ihmisten tapaa ty\u00f6skennell\u00e4, oppia, luoda ja olla yhteydess\u00e4 toisiinsa. Teht\u00e4v\u00e4mme on tuoda n\u00e4m\u00e4 mullistavat tuotteet sinulle heti, kun ne ovat saatavilla, jotta voit alkaa kokea tulevaisuuden jo t\u00e4n\u00e4\u00e4n.<\/p><p>Emme kuitenkaan myy vain tuotteita. Kyse on saumattoman asiakaskokemuksen luomisesta. Siit\u00e4 hetkest\u00e4, kun ennakkotilaat Apple Vision Pro:n, siihen hetkeen, kun se saapuu kotiovellesi, olemme kanssasi joka vaiheessa. Omistautunut Apple-asiantuntijatiimimme on aina valmis auttamaan sinua kaikissa kysymyksiss\u00e4 tai ongelmissa.<\/p><p>Kyse on my\u00f6s yhteis\u00f6n rakentamisesta. Rakastamme olla yhteydess\u00e4 asiakkaisiimme ja kuulla heid\u00e4n tarinoitaan. Olitpa sitten tekniikan harrastaja, luova ammattilainen tai joku, joka yksinkertaisesti rakastaa Apple-tuotteita, kutsumme sinut liittym\u00e4\u00e4n yhteis\u00f6\u00f6n ja jakamaan kokemuksiasi.<\/p><p>Kiitos, ett\u00e4 valitsit iOasis:n. Olemme innoissamme p\u00e4\u00e4stess\u00e4mme aloittamaan t\u00e4m\u00e4n teknologisen matkan kanssasi.<\/p>\t\t\t\t\t\t<\/div>\n\t\t\t\t<\/div>\n\t\t\t\t\t<\/div>\n\t\t\t\t<\/div>\n\t\t<div class=\"elementor-element elementor-element-298bdba9 e-con-boxed e-flex e-con\" data-id=\"298bdba9\" data-element_type=\"container\" data-settings=\"{&quot;content_width&quot;:&quot;boxed&quot;}\">\n\t\t\t\t\t<div class=\"e-con-inner\">\n\t\t\t\t<div class=\"elementor-element elementor-element-3ffab340 elementor-widget elementor-widget-spacer\" data-id=\"3ffab340\" data-element_type=\"widget\" data-widget_type=\"spacer.default\">\n\t\t\t\t<div class=\"elementor-widget-container\">\n\t\t\t<style>\/*! elementor - v3.13.3 - 28-05-2023 *\/\n.elementor-column .elementor-spacer-inner{height:var(--spacer-size)}.e-con{--container-widget-width:100%}.e-con-inner>.elementor-widget-spacer,.e-con>.elementor-widget-spacer{width:var(--container-widget-width,var(--spacer-size));--align-self:var(--container-widget-align-self,initial);--flex-shrink:0}.e-con-inner>.elementor-widget-spacer>.elementor-widget-container,.e-con-inner>.elementor-widget-spacer>.elementor-widget-container>.elementor-spacer,.e-con>.elementor-widget-spacer>.elementor-widget-container,.e-con>.elementor-widget-spacer>.elementor-widget-container>.elementor-spacer{height:100%}.e-con-inner>.elementor-widget-spacer>.elementor-widget-container>.elementor-spacer>.elementor-spacer-inner,.e-con>.elementor-widget-spacer>.elementor-widget-container>.elementor-spacer>.elementor-spacer-inner{height:var(--container-widget-height,var(--spacer-size))}<\/style>\t\t<div class=\"elementor-spacer\">\n\t\t\t<div class=\"elementor-spacer-inner\"><\/div>\n\t\t<\/div>\n\t\t\t\t<\/div>\n\t\t\t\t<\/div>\n\t\t\t\t\t<\/div>\n\t\t\t\t<\/div>\n\t\t\t\t\t\t\t<\/div>","protected":false},"excerpt":{"rendered":"<p>Tervetuloa iOasis:hen, joka on uusimpien ja parhaiden Apple-tuotteiden ensisijainen kohde. Olemme enemm\u00e4n kuin pelkk\u00e4 j\u00e4lleenmyyj\u00e4; olemme Apple-harrastajien yhteis\u00f6, joka on sitoutunut tuomaan sinulle innovatiivisimman teknologian heti, kun se tulee markkinoille.<\/p>","protected":false},"author":1,"featured_media":442,"parent":0,"menu_order":0,"comment_status":"closed","ping_status":"closed","template":"","meta":{"footnotes":""},"class_list":["post-428","page","type-page","status-publish","has-post-thumbnail","hentry"],"jetpack_sharing_enabled":true,"_links":{"self":[{"href":"https:\/\/ioasis.eu\/fi\/wp-json\/wp\/v2\/pages\/428","targetHints":{"allow":["GET"]}}],"collection":[{"href":"https:\/\/ioasis.eu\/fi\/wp-json\/wp\/v2\/pages"}],"about":[{"href":"https:\/\/ioasis.eu\/fi\/wp-json\/wp\/v2\/types\/page"}],"author":[{"embeddable":true,"href":"https:\/\/ioasis.eu\/fi\/wp-json\/wp\/v2\/users\/1"}],"replies":[{"embeddable":true,"href":"https:\/\/ioasis.eu\/fi\/wp-json\/wp\/v2\/comments?post=428"}],"version-history":[{"count":4,"href":"https:\/\/ioasis.eu\/fi\/wp-json\/wp\/v2\/pages\/428\/revisions"}],"predecessor-version":[{"id":445,"href":"https:\/\/ioasis.eu\/fi\/wp-json\/wp\/v2\/pages\/428\/revisions\/445"}],"wp:featuredmedia":[{"embeddable":true,"href":"https:\/\/ioasis.eu\/fi\/wp-json\/wp\/v2\/media\/442"}],"wp:attachment":[{"href":"https:\/\/ioasis.eu\/fi\/wp-json\/wp\/v2\/media?parent=428"}],"curies":[{"name":"wp","href":"https:\/\/api.w.org\/{rel}","templated":true}]}}