{"id":433,"date":"2023-06-11T12:11:27","date_gmt":"2023-06-11T10:11:27","guid":{"rendered":"https:\/\/ioasis.eu\/?page_id=433"},"modified":"2023-06-11T12:16:07","modified_gmt":"2023-06-11T10:16:07","slug":"apple-vision-pro-transforming-the-world-one-view-at-a-time","status":"publish","type":"page","link":"https:\/\/ioasis.eu\/fi\/blogi\/apple-vision-pro-muuttaa-maailmaa-yksi-nakyma-kerrallaan\/","title":{"rendered":"Apple Vision Pro: Maailman muuttaminen yksi n\u00e4kemys kerrallaan"},"content":{"rendered":"<div data-elementor-type=\"wp-page\" data-elementor-id=\"433\" class=\"elementor elementor-433\">\n\t\t\t\t\t\t\t<div class=\"elementor-element elementor-element-31d2be9 e-con-boxed e-flex e-con\" data-id=\"31d2be9\" data-element_type=\"container\" data-settings=\"{&quot;content_width&quot;:&quot;boxed&quot;}\">\n\t\t\t\t\t<div class=\"e-con-inner\">\n\t\t\t\t<div class=\"elementor-element elementor-element-184e767b elementor-widget elementor-widget-heading\" data-id=\"184e767b\" data-element_type=\"widget\" data-widget_type=\"heading.default\">\n\t\t\t\t<div class=\"elementor-widget-container\">\n\t\t\t<style>\/*! elementor - v3.13.3 - 28-05-2023 *\/\n.elementor-heading-title{padding:0;margin:0;line-height:1}.elementor-widget-heading .elementor-heading-title[class*=elementor-size-]>a{color:inherit;font-size:inherit;line-height:inherit}.elementor-widget-heading .elementor-heading-title.elementor-size-small{font-size:15px}.elementor-widget-heading .elementor-heading-title.elementor-size-medium{font-size:19px}.elementor-widget-heading .elementor-heading-title.elementor-size-large{font-size:29px}.elementor-widget-heading .elementor-heading-title.elementor-size-xl{font-size:39px}.elementor-widget-heading .elementor-heading-title.elementor-size-xxl{font-size:59px}<\/style><h1 class=\"elementor-heading-title elementor-size-default\">Apple Vision Pro: Maailman muuttaminen yksi n\u00e4kemys kerrallaan<\/h1>\t\t<\/div>\n\t\t\t\t<\/div>\n\t\t\t\t\t<\/div>\n\t\t\t\t<\/div>\n\t\t<div class=\"elementor-element elementor-element-56c124cc e-con-boxed e-flex e-con\" data-id=\"56c124cc\" data-element_type=\"container\" data-settings=\"{&quot;content_width&quot;:&quot;boxed&quot;}\">\n\t\t\t\t\t<div class=\"e-con-inner\">\n\t\t\t\t<div class=\"elementor-element elementor-element-96bf314 elementor-widget elementor-widget-text-editor\" data-id=\"96bf314\" data-element_type=\"widget\" data-widget_type=\"text-editor.default\">\n\t\t\t\t<div class=\"elementor-widget-container\">\n\t\t\t<style>\/*! elementor - v3.13.3 - 28-05-2023 *\/\n.elementor-widget-text-editor.elementor-drop-cap-view-stacked .elementor-drop-cap{background-color:#69727d;color:#fff}.elementor-widget-text-editor.elementor-drop-cap-view-framed .elementor-drop-cap{color:#69727d;border:3px solid;background-color:transparent}.elementor-widget-text-editor:not(.elementor-drop-cap-view-default) .elementor-drop-cap{margin-top:8px}.elementor-widget-text-editor:not(.elementor-drop-cap-view-default) .elementor-drop-cap-letter{width:1em;height:1em}.elementor-widget-text-editor .elementor-drop-cap{float:left;text-align:center;line-height:1;font-size:50px}.elementor-widget-text-editor .elementor-drop-cap-letter{display:inline-block}<\/style>\t\t\t\t<p>Apple on jatkuvasti kehittyv\u00e4ss\u00e4 teknologiamaailmassa ollut edell\u00e4k\u00e4vij\u00e4, joka on pident\u00e4nyt mahdollisuuksien rajoja ja m\u00e4\u00e4ritellyt uudelleen vuorovaikutuksen digitaalisen sis\u00e4ll\u00f6n kanssa. Uusin lis\u00e4ys heid\u00e4n innovatiiviseen mallistoonsa, Apple Vision Pro, mullistaa teknologiamaiseman j\u00e4lleen kerran. T\u00e4ss\u00e4 blogikirjoituksessa kerrotaan, miten Apple Vision Pro on valmis muuttamaan maailmaa ja miten voit olla ensimm\u00e4isten joukossa kokemassa t\u00e4m\u00e4n uraauurtavan laitteen.<\/p><p>\u00a0<\/p><h6>Paikkatietotekniikan uusi aikakausi<\/h6><p>Apple Vision Pro merkitsee uuden aikakauden alkua paikkatietotekniikassa. T\u00e4m\u00e4 laite yhdist\u00e4\u00e4 saumattomasti digitaalisen sis\u00e4ll\u00f6n fyysiseen tilaan, jolloin voit navigoida digitaalisessa maailmassa silmiesi, k\u00e4tesi ja \u00e4\u00e4nesi avulla. T\u00e4m\u00e4 intuitiivinen vuorovaikutusj\u00e4rjestelm\u00e4 tulee mullistamaan digitaalisen sis\u00e4ll\u00f6n k\u00e4yt\u00f6n ja antaa meille mahdollisuuden tehd\u00e4 asioita tavoilla, jotka eiv\u00e4t ole koskaan ennen olleet mahdollisia.<\/p><p>\u00a0<\/p><p><strong>Viihteen muuttaminen<\/strong><\/p><p>Apple Vision Pro ei ole pelkk\u00e4 ty\u00f6kalu, se on viihdett\u00e4 tuottava voimanpes\u00e4. Se voi muuttaa mink\u00e4 tahansa huoneen henkil\u00f6kohtaiseksi teatteriksesi ja laajentaa elokuvat, ohjelmat ja pelit t\u00e4ydellisen kokoisiksi samalla, kun tunnet olevasi osa toimintaa Spatial Audion avulla. Koska jokaisessa silm\u00e4ss\u00e4 on enemm\u00e4n pikseleit\u00e4 kuin 4K-televisiossa, voit nauttia upeasta sis\u00e4ll\u00f6st\u00e4 miss\u00e4 tahansa. T\u00e4m\u00e4 mukaansatempaava viihdekokemus tulee m\u00e4\u00e4rittelem\u00e4\u00e4n uudelleen tavan, jolla kulutamme digitaalista sis\u00e4lt\u00f6\u00e4.<\/p><p>\u00a0<\/p><h6>Muistojen tallentaminen ja uudelleen el\u00e4minen<\/h6><p>Vision Pro on Apple:n ensimm\u00e4inen laite, jossa on 3D-kamera. Sen avulla voit ottaa tilallisia valokuvia ja videoita 3D:n\u00e4 ja el\u00e4\u00e4 sitten n\u00e4m\u00e4 rakkaat hetket uudelleen upean Spatial Audio -\u00e4\u00e4nentoiston avulla. Olemassa oleva valokuva- ja videokirjastosi n\u00e4ytt\u00e4\u00e4 uskomattomalta huomattavassa mittakaavassa, ja panoraamakuvat kietoutuvat ymp\u00e4rillesi, jolloin sinusta tuntuu kuin seisoisit juuri siin\u00e4 paikassa, miss\u00e4 otit ne. T\u00e4m\u00e4 tulee muuttamaan tapamme tallentaa ja el\u00e4\u00e4 muistoja uudelleen.<\/p><p>\u00a0<\/p><h6>Yhteisty\u00f6n ja yhteyksien parantaminen<\/h6><p>Vision Pro parantaa yhteisty\u00f6kyky\u00e4si ja yhteydenpitoa miss\u00e4 tahansa oletkin. FaceTime-videolaatat ovat el\u00e4v\u00e4nkokoisia, ja kun uusia henkil\u00f6it\u00e4 liittyy, puhelu yksinkertaisesti laajenee huoneessasi. FaceTimess\u00e4 voit my\u00f6s k\u00e4ytt\u00e4\u00e4 sovelluksia, joiden avulla voit tehd\u00e4 yhteisty\u00f6t\u00e4 kollegoiden kanssa samojen asiakirjojen parissa samanaikaisesti. T\u00e4m\u00e4 tulee mullistamaan et\u00e4ty\u00f6n ja digitaalisen yhteisty\u00f6n.<\/p><p>\u00a0<\/p><h6>Hypp\u00e4ys suunnittelussa ja teknologiassa<\/h6><p>Apple Vision Pro on tulosta vuosikymmenten kokemuksesta huipputehokkaiden, mobiililaitteiden ja puettavien laitteiden suunnittelussa. Se yhdist\u00e4\u00e4 uskomattoman edistyksellist\u00e4 teknologiaa tyylikk\u00e4\u00e4seen ja kompaktiin muotoon, mik\u00e4 tarjoaa h\u00e4mm\u00e4stytt\u00e4v\u00e4n kokemuksen joka kerta, kun laitat sen p\u00e4\u00e4h\u00e4si. Laitteessa on ainutlaatuinen pala kolmiulotteisesti muotoiltua laminoitua lasia, joka sulautuu alumiiniseoskehykseen ja kaartuu kasvojen ymp\u00e4rille. T\u00e4m\u00e4 hypp\u00e4ys muotoilussa ja teknologiassa tulee m\u00e4\u00e4rittelem\u00e4\u00e4n uudelleen puettavan teknologian standardit.<\/p><p>\u00a0<\/p><h6>P\u00e4\u00e4telm\u00e4<\/h6><p>Apple Vision Pro on enemm\u00e4n kuin pelkk\u00e4 laite; se on vallankumous paikkatietotekniikassa. Se tarjoaa mukaansatempaavan, intuitiivisen ja vuorovaikutteisen kokemuksen, jossa digitaalinen sis\u00e4lt\u00f6 yhdistyy saumattomasti fyysiseen tilaan. Etsitp\u00e4 sitten uutta tapaa ty\u00f6skennell\u00e4, leikki\u00e4 tai pit\u00e4\u00e4 yhteytt\u00e4, Apple Vision Pro muuttaa digitaalisen el\u00e4m\u00e4si.<\/p><p>Uraauurtavien ominaisuuksiensa ja ominaisuuksiensa ansiosta Apple Vision Pro on valmis muuttamaan maailmaa. Kyse ei ole vain siit\u00e4, mit\u00e4 laite voi tehd\u00e4, vaan my\u00f6s siit\u00e4, mit\u00e4 se antaa meille mahdollisuuden tehd\u00e4. Kyse on siit\u00e4, miten se muuttaa vuorovaikutustamme digitaalisen sis\u00e4ll\u00f6n kanssa, miten se parantaa kyky\u00e4mme luoda yhteyksi\u00e4 ja tehd\u00e4 yhteisty\u00f6t\u00e4 ja miten se m\u00e4\u00e4rittelee uudelleen viihdekokemuksemme.<\/p><p>\u00a0<\/p><h6>Ennakkotilaa nyt<\/h6><p>Tulevaisuus on t\u00e4\u00e4ll\u00e4, ja se on <a href=\"https:\/\/ioasis.eu\/fi\/tuote\/apple-vision-pro\/\">ennakkotilattavissa<\/a>. Apple Vision Pro:n toimitukset alkavat Euroopassa samaan aikaan kuin sen lanseeraus Yhdysvalloissa, yksinomaan iOasis:n kautta. \u00c4l\u00e4 missaa mahdollisuutta kokea t\u00e4t\u00e4 vallankumouksellista laitetta ensimm\u00e4isten joukossa. Ennakkotilaa Apple Vision Pro jo t\u00e4n\u00e4\u00e4n ja astu tulevaisuuteen Apple:n kanssa.<\/p><p>\u00a0<\/p><p><a href=\"https:\/\/ioasis.eu\/fi\/blogi\/\"><span style=\"text-decoration: underline;\">Takaisin<\/span><\/a><\/p>\t\t\t\t\t\t<\/div>\n\t\t\t\t<\/div>\n\t\t\t\t\t<\/div>\n\t\t\t\t<\/div>\n\t\t\t\t\t\t\t<\/div>","protected":false},"excerpt":{"rendered":"<p>Apple on jatkuvasti kehittyv\u00e4ss\u00e4 teknologiamaailmassa ollut edell\u00e4k\u00e4vij\u00e4, joka on pident\u00e4nyt mahdollisuuksien rajoja ja m\u00e4\u00e4ritellyt uudelleen vuorovaikutuksen digitaalisen sis\u00e4ll\u00f6n kanssa. Uusin lis\u00e4ys heid\u00e4n innovatiiviseen mallistoonsa, Apple Vision Pro, mullistaa teknologiamaiseman j\u00e4lleen kerran.<\/p>","protected":false},"author":1,"featured_media":435,"parent":415,"menu_order":0,"comment_status":"closed","ping_status":"closed","template":"","meta":{"footnotes":""},"class_list":["post-433","page","type-page","status-publish","has-post-thumbnail","hentry"],"jetpack_sharing_enabled":true,"_links":{"self":[{"href":"https:\/\/ioasis.eu\/fi\/wp-json\/wp\/v2\/pages\/433","targetHints":{"allow":["GET"]}}],"collection":[{"href":"https:\/\/ioasis.eu\/fi\/wp-json\/wp\/v2\/pages"}],"about":[{"href":"https:\/\/ioasis.eu\/fi\/wp-json\/wp\/v2\/types\/page"}],"author":[{"embeddable":true,"href":"https:\/\/ioasis.eu\/fi\/wp-json\/wp\/v2\/users\/1"}],"replies":[{"embeddable":true,"href":"https:\/\/ioasis.eu\/fi\/wp-json\/wp\/v2\/comments?post=433"}],"version-history":[{"count":4,"href":"https:\/\/ioasis.eu\/fi\/wp-json\/wp\/v2\/pages\/433\/revisions"}],"predecessor-version":[{"id":438,"href":"https:\/\/ioasis.eu\/fi\/wp-json\/wp\/v2\/pages\/433\/revisions\/438"}],"up":[{"embeddable":true,"href":"https:\/\/ioasis.eu\/fi\/wp-json\/wp\/v2\/pages\/415"}],"wp:featuredmedia":[{"embeddable":true,"href":"https:\/\/ioasis.eu\/fi\/wp-json\/wp\/v2\/media\/435"}],"wp:attachment":[{"href":"https:\/\/ioasis.eu\/fi\/wp-json\/wp\/v2\/media?parent=433"}],"curies":[{"name":"wp","href":"https:\/\/api.w.org\/{rel}","templated":true}]}}