{"id":473,"date":"2024-01-08T22:36:36","date_gmt":"2024-01-08T21:36:36","guid":{"rendered":"https:\/\/ioasis.eu\/?page_id=473"},"modified":"2024-01-08T22:39:38","modified_gmt":"2024-01-08T21:39:38","slug":"apple-vision-pro-now-available-in-europe-with-ioasis","status":"publish","type":"page","link":"https:\/\/ioasis.eu\/fi\/blogi\/apple-vision-pro-nyt-saatavilla-euroopassa-ioasiksen-kanssa\/","title":{"rendered":"Apple Vision Pro: Paikkatietotekniikan tulevaisuus saapuu Eurooppaan iOasis:n my\u00f6t\u00e4."},"content":{"rendered":"<div data-elementor-type=\"wp-page\" data-elementor-id=\"473\" class=\"elementor elementor-473\">\n\t\t\t\t\t\t\t<div class=\"elementor-element elementor-element-26544050 e-con-boxed e-flex e-con\" data-id=\"26544050\" data-element_type=\"container\" data-settings=\"{&quot;content_width&quot;:&quot;boxed&quot;}\">\n\t\t\t\t\t<div class=\"e-con-inner\">\n\t\t\t\t<div class=\"elementor-element elementor-element-1f4eafaf elementor-widget elementor-widget-heading\" data-id=\"1f4eafaf\" data-element_type=\"widget\" data-widget_type=\"heading.default\">\n\t\t\t\t<div class=\"elementor-widget-container\">\n\t\t\t<style>\/*! elementor - v3.13.3 - 28-05-2023 *\/\n.elementor-heading-title{padding:0;margin:0;line-height:1}.elementor-widget-heading .elementor-heading-title[class*=elementor-size-]>a{color:inherit;font-size:inherit;line-height:inherit}.elementor-widget-heading .elementor-heading-title.elementor-size-small{font-size:15px}.elementor-widget-heading .elementor-heading-title.elementor-size-medium{font-size:19px}.elementor-widget-heading .elementor-heading-title.elementor-size-large{font-size:29px}.elementor-widget-heading .elementor-heading-title.elementor-size-xl{font-size:39px}.elementor-widget-heading .elementor-heading-title.elementor-size-xxl{font-size:59px}<\/style><h1 class=\"elementor-heading-title elementor-size-default\">Apple Vision Pro: Paikkatietotekniikan tulevaisuus saapuu Eurooppaan iOasis:n my\u00f6t\u00e4.<\/h1>\t\t<\/div>\n\t\t\t\t<\/div>\n\t\t\t\t\t<\/div>\n\t\t\t\t<\/div>\n\t\t<div class=\"elementor-element elementor-element-4d86fff7 e-con-boxed e-flex e-con\" data-id=\"4d86fff7\" data-element_type=\"container\" data-settings=\"{&quot;content_width&quot;:&quot;boxed&quot;}\">\n\t\t\t\t\t<div class=\"e-con-inner\">\n\t\t\t\t<div class=\"elementor-element elementor-element-d12e1c9 elementor-widget elementor-widget-text-editor\" data-id=\"d12e1c9\" data-element_type=\"widget\" data-widget_type=\"text-editor.default\">\n\t\t\t\t<div class=\"elementor-widget-container\">\n\t\t\t<style>\/*! elementor - v3.13.3 - 28-05-2023 *\/\n.elementor-widget-text-editor.elementor-drop-cap-view-stacked .elementor-drop-cap{background-color:#69727d;color:#fff}.elementor-widget-text-editor.elementor-drop-cap-view-framed .elementor-drop-cap{color:#69727d;border:3px solid;background-color:transparent}.elementor-widget-text-editor:not(.elementor-drop-cap-view-default) .elementor-drop-cap{margin-top:8px}.elementor-widget-text-editor:not(.elementor-drop-cap-view-default) .elementor-drop-cap-letter{width:1em;height:1em}.elementor-widget-text-editor .elementor-drop-cap{float:left;text-align:center;line-height:1;font-size:50px}.elementor-widget-text-editor .elementor-drop-cap-letter{display:inline-block}<\/style>\t\t\t\t<p>tammikuu 8, 2024<\/p>\t\t\t\t\t\t<\/div>\n\t\t\t\t<\/div>\n\t\t\t\t<div class=\"elementor-element elementor-element-7563d79 elementor-widget elementor-widget-heading\" data-id=\"7563d79\" data-element_type=\"widget\" data-widget_type=\"heading.default\">\n\t\t\t\t<div class=\"elementor-widget-container\">\n\t\t\t<h2 class=\"elementor-heading-title elementor-size-default\">Uusi aikakausi alkaa 2. helmikuuta 2024.<\/h2>\t\t<\/div>\n\t\t\t\t<\/div>\n\t\t\t\t<div class=\"elementor-element elementor-element-fe7f68d elementor-widget elementor-widget-text-editor\" data-id=\"fe7f68d\" data-element_type=\"widget\" data-widget_type=\"text-editor.default\">\n\t\t\t\t<div class=\"elementor-widget-container\">\n\t\t\t\t\t\t\t<p>Tekniikan harrastajia ja ammattilaisia kaikkialla Euroopassa kiinnostava Apple on ilmoittanut, ett\u00e4 sen uraauurtava Apple Vision Pro on pian saatavilla 2. helmikuuta 2024 alkaen. Euroopan yksinomaisena j\u00e4lleenmyyj\u00e4n\u00e4 iOasis Premier Reseller on innoissaan voidessaan tuoda t\u00e4m\u00e4n vallankumouksellisen tilatietokoneen asiakkaidemme ulottuville.<\/p><h3 style=\"caret-color: #000000; color: #1d1d1f; white-space: pre-wrap; border: 0px solid #d9d9e3; font-size: 1.25em; font-weight: 600; margin: 1rem 0px 0.5rem; line-height: 1.6; font-family: S\u00f6hne, ui-sans-serif, system-ui, -apple-system, 'Segoe UI', Roboto, Ubuntu, Cantarell, 'Noto Sans', sans-serif, 'Helvetica Neue', Arial, 'Apple Color Emoji', 'Segoe UI Emoji', 'Segoe UI Symbol', 'Noto Color Emoji';\">Mik\u00e4 on Apple Vision Pro?<\/h3><p style=\"white-space: pre-wrap; border: 0px solid #d9d9e3; margin-right: 0px; margin-bottom: 1.25em; margin-left: 0px; caret-color: #d1d5db; color: ##1d1d1f; font-family: S\u00f6hne, ui-sans-serif, system-ui, -apple-system, 'Segoe UI', Roboto, Ubuntu, Cantarell, 'Noto Sans', sans-serif, 'Helvetica Neue', Arial, 'Apple Color Emoji', 'Segoe UI Emoji', 'Segoe UI Symbol', 'Noto Color Emoji';\">Apple Vision Pro on muutakin kuin uusi laite, sill\u00e4 se m\u00e4\u00e4rittelee t\u00e4ysin uudelleen sen, miten olemme vuorovaikutuksessa digitaalisen sis\u00e4ll\u00f6n kanssa. Fyysisen ja digitaalisen maailman yhdist\u00e4v\u00e4 Vision Pro tarjoaa immersiivisen kokemuksen, joka muuttaa jokap\u00e4iv\u00e4iset teht\u00e4v\u00e4t, viihteen ja viestinn\u00e4n. visionOS:n kehittyneiden paikkatieto-ominaisuuksien ansiosta k\u00e4ytt\u00e4j\u00e4t voivat ohjata laitetta silmill\u00e4\u00e4n, k\u00e4sill\u00e4\u00e4n ja \u00e4\u00e4nell\u00e4\u00e4n, jolloin vuorovaikutus tuntuu luonnollisemmalta ja intuitiivisemmalta kuin koskaan aiemmin.<\/p><h3 style=\"caret-color: #000000; color: #1d1d1f; white-space: pre-wrap; border: 0px solid #d9d9e3; font-size: 1.25em; font-weight: 600; margin: 1rem 0px 0.5rem; line-height: 1.6; font-family: S\u00f6hne, ui-sans-serif, system-ui, -apple-system, 'Segoe UI', Roboto, Ubuntu, Cantarell, 'Noto Sans', sans-serif, 'Helvetica Neue', Arial, 'Apple Color Emoji', 'Segoe UI Emoji', 'Segoe UI Symbol', 'Noto Color Emoji';\">Apple Vision Pro:n t\u00e4rkeimm\u00e4t ominaisuudet<\/h3><ul><li><strong>Vallankumouksellinen k\u00e4ytt\u00f6j\u00e4rjestelm\u00e4<\/strong>: visionOS on rakennettu macOS:n, iOS:n ja iPadOS:n vankalle perustalle, ja se tuo uuden ulottuvuuden k\u00e4ytt\u00f6liittymiin ja sy\u00f6tt\u00f6j\u00e4rjestelmiin.<\/li><li><strong>Intuitiivinen navigointi<\/strong>: Silm\u00e4-, k\u00e4si- ja \u00e4\u00e4niohjaus tekev\u00e4t navigoinnista saumatonta ja maagista.<\/li><li><strong>Dynaamiset ymp\u00e4rist\u00f6t<\/strong>: K\u00e4ytt\u00e4j\u00e4t voivat uppoutua upeisiin maisemiin tai jopa kuun pintaan, mik\u00e4 parantaa keskittymist\u00e4 ja v\u00e4hent\u00e4\u00e4 h\u00e4iri\u00f6tekij\u00f6it\u00e4.<\/li><li><strong>Poikkeuksellinen ty\u00f6tila<\/strong>: Kolmiulotteinen k\u00e4ytt\u00f6liittym\u00e4 mahdollistaa \u00e4\u00e4rett\u00f6m\u00e4n kankaan, joka on t\u00e4ydellinen monitoimity\u00f6skentelyyn ja yhteisty\u00f6h\u00f6n.<\/li><li><strong>Yhteensopivuus ja uudet sovellukset<\/strong>: Saatavilla on yli miljoona tuttua iOS- ja iPadOS-sovellusta sek\u00e4 uusia paikkatietokokemuksia.<\/li><li><strong>Perimm\u00e4inen viihde ja pelaaminen<\/strong>: Korkean resoluution n\u00e4yt\u00f6t, 3D-nimikkeet ja uudet pelikokemukset m\u00e4\u00e4rittelev\u00e4t kotiviihteen uudelleen.<\/li><li><strong>Tilalliset muistot ja FaceTime<\/strong>: El\u00e4 muistoja uudella tavalla ja nauti FaceTime-puheluista el\u00e4m\u00e4nkokoisina.<\/li><li><strong>L\u00e4pimurtosuunnittelu<\/strong>: Modulaarinen j\u00e4rjestelm\u00e4, jossa on mukava, yksil\u00f6llinen istuvuus.<\/li><li><strong>Verraton innovaatio<\/strong>: Tehokas silmien seuranta ja kehittynyt n\u00e4ytt\u00f6tekniikka tarjoavat vertaansa vailla olevan kokemuksen.<\/li><li><strong>Yksityisyys ja turvallisuus<\/strong>: Optinen ID turvalliseen, yksityiseen k\u00e4ytt\u00f6\u00f6n.<\/li><li><strong>Esteett\u00f6myysominaisuudet<\/strong>: Osallistava muotoilu, jossa on useita sy\u00f6tt\u00f6vaihtoehtoja kaikille k\u00e4ytt\u00e4jille.<\/li><li><strong>Ymp\u00e4rist\u00f6sitoumus<\/strong>: Ymp\u00e4rist\u00f6yst\u00e4v\u00e4llinen muotoilu, joka vastaa Apple:n kest\u00e4v\u00e4n kehityksen tavoitteita.<\/li><\/ul><h3 style=\"caret-color: #000000; color: #1d1d1f; white-space: pre-wrap; border: 0px solid #d9d9e3; font-size: 1.25em; font-weight: 600; margin: 1rem 0px 0.5rem; line-height: 1.6; font-family: S\u00f6hne, ui-sans-serif, system-ui, -apple-system, 'Segoe UI', Roboto, Ubuntu, Cantarell, 'Noto Sans', sans-serif, 'Helvetica Neue', Arial, 'Apple Color Emoji', 'Segoe UI Emoji', 'Segoe UI Symbol', 'Noto Color Emoji';\">Hinnoittelu ja saatavuus<\/h3><h3 style=\"caret-color: #000000; color: #1d1d1f; white-space: pre-wrap; border: 0px solid #d9d9e3; font-size: 1.25em; font-weight: 600; margin: 1rem 0px 0.5rem; line-height: 1.6; font-family: S\u00f6hne, ui-sans-serif, system-ui, -apple-system, 'Segoe UI', Roboto, Ubuntu, Cantarell, 'Noto Sans', sans-serif, 'Helvetica Neue', Arial, 'Apple Color Emoji', 'Segoe UI Emoji', 'Segoe UI Symbol', 'Noto Color Emoji';\"><span style=\"font-family: Roboto, sans-serif; font-weight: 400; text-align: var(--text-align); font-size: 1rem;\">Yksinomaisesti iOasis Premier -j\u00e4lleenmyyj\u00e4n kautta myyt\u00e4v\u00e4 Apple Vision Pro maksaa 4 499 euroa 256 Gt:n tallennustilalla. Ennakkotilaukset ovat alkaneet 100 euron k\u00e4sirahalla, ja toimitukset alkavat 2. helmikuuta.<\/span><\/h3><div><h3 style=\"caret-color: #000000; color: #1d1d1f; white-space: pre-wrap; border: 0px solid #d9d9e3; font-size: 1.25em; font-weight: 600; margin: 1rem 0px 0.5rem; line-height: 1.6; font-family: S\u00f6hne, ui-sans-serif, system-ui, -apple-system, 'Segoe UI', Roboto, Ubuntu, Cantarell, 'Noto Sans', sans-serif, 'Helvetica Neue', Arial, 'Apple Color Emoji', 'Segoe UI Emoji', 'Segoe UI Symbol', 'Noto Color Emoji';\">Miksi valita iOasis?<\/h3><\/div><p>Luotettuna kumppanina iOasis Premier Reseller on sitoutunut tarjoamaan asiakkaillemme vallankumouksellisten tuotteiden lis\u00e4ksi my\u00f6s poikkeuksellista palvelua ja tukea. Tiimimme on valmis auttamaan sinua tutkimaan Apple Vision Pro:n kaikkia mahdollisuuksia ja integroimaan t\u00e4m\u00e4n huipputeknologian el\u00e4m\u00e4\u00e4si.<\/p><h3 style=\"caret-color: #000000; color: #1d1d1f; white-space: pre-wrap; border: 0px solid #d9d9e3; font-size: 1.25em; font-weight: 600; margin: 1rem 0px 0.5rem; line-height: 1.6; font-family: S\u00f6hne, ui-sans-serif, system-ui, -apple-system, 'Segoe UI', Roboto, Ubuntu, Cantarell, 'Noto Sans', sans-serif, 'Helvetica Neue', Arial, 'Apple Color Emoji', 'Segoe UI Emoji', 'Segoe UI Symbol', 'Noto Color Emoji';\">Tulevaisuus on t\u00e4\u00e4ll\u00e4<\/h3><p>Tule mukaan toivottamaan tervetulleeksi uusi tietotekniikan aikakausi Apple Vision Pro:n kanssa. Vieraile iOasis Premier Reseller -j\u00e4lleenmyyj\u00e4ll\u00e4 ja koe tulevaisuus omakohtaisesti.<\/p><h3 style=\"caret-color: #000000; color: #1d1d1f; white-space: pre-wrap; border: 0px solid #d9d9e3; font-size: 1.25em; font-weight: 600; margin: 1rem 0px 0.5rem; line-height: 1.6; font-family: S\u00f6hne, ui-sans-serif, system-ui, -apple-system, 'Segoe UI', Roboto, Ubuntu, Cantarell, 'Noto Sans', sans-serif, 'Helvetica Neue', Arial, 'Apple Color Emoji', 'Segoe UI Emoji', 'Segoe UI Symbol', 'Noto Color Emoji';\">Tietoja Apple:st\u00e4<\/h3><p>Apple on johtava innovaatioyritys, joka on mullistanut henkil\u00f6kohtaista teknologiaa Macintosh-tietokoneen k\u00e4ytt\u00f6\u00f6notosta l\u00e4htien vuonna 1984. Tuotevalikoimallaan ja palveluillaan Apple on omistautunut luomaan maailman parasta ja j\u00e4tt\u00e4m\u00e4\u00e4n maailman paremmaksi kuin se oli.<\/p><p><span style=\"text-decoration: underline;\"><a href=\"https:\/\/ioasis.eu\/fi\/blogi\/\">Takaisin<\/a><\/span><\/p>\t\t\t\t\t\t<\/div>\n\t\t\t\t<\/div>\n\t\t\t\t\t<\/div>\n\t\t\t\t<\/div>\n\t\t\t\t\t\t\t<\/div>","protected":false},"excerpt":{"rendered":"<p>iOasis Premier Reseller on Apple Vision Pro:n yksinoikeudella toimiva j\u00e4lleenmyyj\u00e4 Euroopassa, ja se on innoissaan voidessaan tuoda t\u00e4m\u00e4n vallankumouksellisen tilatietokoneen asiakkailleen.<\/p>","protected":false},"author":1,"featured_media":221,"parent":415,"menu_order":0,"comment_status":"closed","ping_status":"closed","template":"","meta":{"footnotes":""},"class_list":["post-473","page","type-page","status-publish","has-post-thumbnail","hentry"],"jetpack_sharing_enabled":true,"_links":{"self":[{"href":"https:\/\/ioasis.eu\/fi\/wp-json\/wp\/v2\/pages\/473","targetHints":{"allow":["GET"]}}],"collection":[{"href":"https:\/\/ioasis.eu\/fi\/wp-json\/wp\/v2\/pages"}],"about":[{"href":"https:\/\/ioasis.eu\/fi\/wp-json\/wp\/v2\/types\/page"}],"author":[{"embeddable":true,"href":"https:\/\/ioasis.eu\/fi\/wp-json\/wp\/v2\/users\/1"}],"replies":[{"embeddable":true,"href":"https:\/\/ioasis.eu\/fi\/wp-json\/wp\/v2\/comments?post=473"}],"version-history":[{"count":5,"href":"https:\/\/ioasis.eu\/fi\/wp-json\/wp\/v2\/pages\/473\/revisions"}],"predecessor-version":[{"id":481,"href":"https:\/\/ioasis.eu\/fi\/wp-json\/wp\/v2\/pages\/473\/revisions\/481"}],"up":[{"embeddable":true,"href":"https:\/\/ioasis.eu\/fi\/wp-json\/wp\/v2\/pages\/415"}],"wp:featuredmedia":[{"embeddable":true,"href":"https:\/\/ioasis.eu\/fi\/wp-json\/wp\/v2\/media\/221"}],"wp:attachment":[{"href":"https:\/\/ioasis.eu\/fi\/wp-json\/wp\/v2\/media?parent=473"}],"curies":[{"name":"wp","href":"https:\/\/api.w.org\/{rel}","templated":true}]}}