{"id":710,"date":"2024-01-22T13:14:11","date_gmt":"2024-01-22T12:14:11","guid":{"rendered":"https:\/\/ioasis.eu\/?page_id=710"},"modified":"2024-01-22T13:18:31","modified_gmt":"2024-01-22T12:18:31","slug":"maximizing-your-apple-vision-pro-experience-a-comprehensive-guide","status":"publish","type":"page","link":"https:\/\/ioasis.eu\/fi\/blogi\/apple-vision-pro-kokemuksen-maksimointi-kattava-opas\/","title":{"rendered":"Apple Vision Pro-kokemuksen maksimointi: Kattava opas"},"content":{"rendered":"<div data-elementor-type=\"wp-page\" data-elementor-id=\"710\" class=\"elementor elementor-710\">\n\t\t\t\t\t\t\t<div class=\"elementor-element elementor-element-63a473c7 e-con-boxed e-flex e-con\" data-id=\"63a473c7\" data-element_type=\"container\" data-settings=\"{&quot;content_width&quot;:&quot;boxed&quot;}\">\n\t\t\t\t\t<div class=\"e-con-inner\">\n\t\t\t\t<div class=\"elementor-element elementor-element-6c95bfa3 elementor-widget elementor-widget-heading\" data-id=\"6c95bfa3\" data-element_type=\"widget\" data-widget_type=\"heading.default\">\n\t\t\t\t<div class=\"elementor-widget-container\">\n\t\t\t<style>\/*! elementor - v3.13.3 - 28-05-2023 *\/\n.elementor-heading-title{padding:0;margin:0;line-height:1}.elementor-widget-heading .elementor-heading-title[class*=elementor-size-]>a{color:inherit;font-size:inherit;line-height:inherit}.elementor-widget-heading .elementor-heading-title.elementor-size-small{font-size:15px}.elementor-widget-heading .elementor-heading-title.elementor-size-medium{font-size:19px}.elementor-widget-heading .elementor-heading-title.elementor-size-large{font-size:29px}.elementor-widget-heading .elementor-heading-title.elementor-size-xl{font-size:39px}.elementor-widget-heading .elementor-heading-title.elementor-size-xxl{font-size:59px}<\/style><h1 class=\"elementor-heading-title elementor-size-default\">Apple Vision Pro-kokemuksen maksimointi: Kattava opas<\/h1>\t\t<\/div>\n\t\t\t\t<\/div>\n\t\t\t\t\t<\/div>\n\t\t\t\t<\/div>\n\t\t<div class=\"elementor-element elementor-element-fca48e9 e-con-boxed e-flex e-con\" data-id=\"fca48e9\" data-element_type=\"container\" data-settings=\"{&quot;content_width&quot;:&quot;boxed&quot;}\">\n\t\t\t\t\t<div class=\"e-con-inner\">\n\t\t\t\t<div class=\"elementor-element elementor-element-544c7803 elementor-widget elementor-widget-text-editor\" data-id=\"544c7803\" data-element_type=\"widget\" data-widget_type=\"text-editor.default\">\n\t\t\t\t<div class=\"elementor-widget-container\">\n\t\t\t<style>\/*! elementor - v3.13.3 - 28-05-2023 *\/\n.elementor-widget-text-editor.elementor-drop-cap-view-stacked .elementor-drop-cap{background-color:#69727d;color:#fff}.elementor-widget-text-editor.elementor-drop-cap-view-framed .elementor-drop-cap{color:#69727d;border:3px solid;background-color:transparent}.elementor-widget-text-editor:not(.elementor-drop-cap-view-default) .elementor-drop-cap{margin-top:8px}.elementor-widget-text-editor:not(.elementor-drop-cap-view-default) .elementor-drop-cap-letter{width:1em;height:1em}.elementor-widget-text-editor .elementor-drop-cap{float:left;text-align:center;line-height:1;font-size:50px}.elementor-widget-text-editor .elementor-drop-cap-letter{display:inline-block}<\/style>\t\t\t\t<p>Tervetuloa tutustumaan perusteelliseen oppaaseemme siit\u00e4, miten saat kaiken irti Apple Vision Pro-laitteestasi. T\u00e4m\u00e4 huippuluokan laite tarjoaa runsaasti ominaisuuksia ja mahdollisuuksia, ja me autamme sinua navigoimaan niiss\u00e4. Olitpa sitten uusi k\u00e4ytt\u00e4j\u00e4 tai halusitpa syvent\u00e4\u00e4 tiet\u00e4myst\u00e4si, t\u00e4m\u00e4 opas tarjoaa arvokkaita tietoja turvallisemman, miellytt\u00e4v\u00e4mm\u00e4n ja tuottavamman k\u00e4ytt\u00f6kokemuksen saamiseksi.<\/p><p><strong>1. Ominaisuuksien voiman l\u00f6yt\u00e4minen<\/strong><\/p><p>Apple Vision Pro on toiminnallisuuksien aarreaitta, joka odottaa tutkimista. EyeSight:n kehittyneist\u00e4 silmienseurantaominaisuuksista Encounter Dinosaursin upottavaan AR-kokemukseen jokainen ominaisuus avaa uusia mahdollisuuksia. Tutustu jokaiseen niist\u00e4, sill\u00e4 n\u00e4iden ominaisuuksien ymm\u00e4rt\u00e4minen on ensimm\u00e4inen askel Vision Pro:n t\u00e4yden potentiaalin vapauttamiseen.<\/p><p><strong>2. Oppiminen ohjattujen opetusohjelmien avulla<\/strong><\/p><p>Apple:n opastusvideo on korvaamaton apuv\u00e4line. Se tarjoaa kattavan l\u00e4pik\u00e4ynnin Vision Pro:n ominaisuuksista, joten se on v\u00e4ltt\u00e4m\u00e4t\u00f6n katsottava kaikille k\u00e4ytt\u00e4jille. N\u00e4m\u00e4 opetusohjelmat eiv\u00e4t tarjoa vain toimintatietoa, vaan my\u00f6s vinkkej\u00e4 ja temppuja, jotka parantavat k\u00e4ytt\u00f6kokemusta.<\/p><p><strong>3. Turvallisen tilan luominen<\/strong><\/p><p>Turvallisuus on ensiarvoisen t\u00e4rke\u00e4\u00e4, erityisesti immersiivisiss\u00e4 VR- ja AR-kokemuksissa. Varmista, ett\u00e4 sinulla on selke\u00e4 ja turvallinen alue, jossa voit liikkua. Huonekalujen uudelleenj\u00e4rjestely tai tilan tyhjent\u00e4minen voi v\u00e4hent\u00e4\u00e4 onnettomuusriski\u00e4 merkitt\u00e4v\u00e4sti ja varmistaa turvallisemman ja immersiivisemm\u00e4n kokemuksen.<\/p><p><strong>4. L\u00e4pivientitilojen hy\u00f6dynt\u00e4minen<\/strong><\/p><p>L\u00e4pikulkutilat tuovat tasapainon virtuaalisen uppoutumisen ja reaalimaailman tietoisuuden v\u00e4lille. T\u00e4m\u00e4 ominaisuus on ratkaisevan t\u00e4rke\u00e4, jotta voit liikkua turvallisesti fyysisess\u00e4 ymp\u00e4rist\u00f6ss\u00e4si virtuaalimaailmassa ollessasi. Kyse on turvallisuuden ja Vision Pro:n immersiivisen kokemuksen yhdist\u00e4misest\u00e4.<\/p><p><strong>5. Asennolla on v\u00e4li\u00e4: Istu vai seiso?<\/strong><\/p><p>P\u00e4\u00e4t\u00f6ksen istumisesta tai seisomisesta Vision Pro:t\u00e4 k\u00e4ytett\u00e4ess\u00e4 on oltava sovelluksen vaatimusten mukainen. Passiivisemmissa kokemuksissa istuminen voi olla mukavampaa. Vuorovaikutteisissa ja fyysisiss\u00e4 kokemuksissa seisominen voi kuitenkin lis\u00e4t\u00e4 sitoutumista. Ota aina huomioon mukavuus ja sovelluksen luonne, kun p\u00e4\u00e4t\u00e4t asennostasi.<\/p><p><strong>6. Fyysisen turvallisuuden priorisointi<\/strong><\/p><p>Fyysisen turvallisuutesi on aina oltava etusijalla. Muista opetukset, jotka opittiin aktiivisen pelaamisen ajoilta Nintendo Wiin kaltaisilla laitteilla. Varmista ennen aloittamista, ett\u00e4 leikkialueella ei ole vaaratekij\u00f6it\u00e4 onnettomuuksien v\u00e4ltt\u00e4miseksi.<\/p><p><strong>7. Sovellusuniversumin tutkiminen<\/strong><\/p><p>Apple Vision Pro tukee monenlaisia sovelluksia, joista jokainen tarjoaa ainutlaatuisia kokemuksia. Eri sovellusten kokeileminen voi rikastuttaa k\u00e4ytt\u00f6kokemustasi merkitt\u00e4v\u00e4sti. Olipa kyse sitten pelaamisesta, koulutuksesta tai tuottavuudesta, l\u00f6ytyy todenn\u00e4k\u00f6isesti sovellus, joka vastaa kiinnostuksen kohteitasi.<\/p><p><strong>8. P\u00e4ivitysten ja lis\u00e4varusteiden ajan tasalla pysyminen<\/strong><\/p><p>Pysy ajan tasalla Apple:n uusimmista p\u00e4ivityksist\u00e4 ja tarvikkeista. Ne voivat olla mukavuutta lis\u00e4\u00e4vist\u00e4 lis\u00e4varusteista ohjelmistop\u00e4ivityksiin, jotka tuovat uusia ominaisuuksia tai parantavat nykyisi\u00e4 toimintoja. Kun pysyt ajan tasalla n\u00e4ist\u00e4 kehityskohteista, saat aina parhaan mahdollisen k\u00e4ytt\u00f6kokemuksen.<\/p><p><strong>P\u00e4\u00e4telm\u00e4<\/strong><\/p><p>Apple Vision Pro on enemm\u00e4n kuin pelkk\u00e4 teknologia, se on portti uusiin kokemuksiin. Kun ymm\u00e4rr\u00e4t sen ominaisuudet, varmistat turvallisen ymp\u00e4rist\u00f6n ja pysyt ajan tasalla viimeisimm\u00e4st\u00e4 kehityksest\u00e4, voit todella maksimoida nautintosi ja tuottavuutesi. Muista, ett\u00e4 matka Vision Pro:n kanssa on jatkuvaa tutkimista ja sopeutumista.<\/p><p>Hyv\u00e4\u00e4 tutkimusmatkailua ja Apple Vision Pro:n t\u00e4yden potentiaalin vapauttamista!<\/p><p>\u00a0<\/p><p><a href=\"https:\/\/ioasis.eu\/fi\/blogi\/\"><span style=\"text-decoration: underline;\">Takaisin<\/span><\/a><\/p><p>\u00a0<\/p>\t\t\t\t\t\t<\/div>\n\t\t\t\t<\/div>\n\t\t\t\t\t<\/div>\n\t\t\t\t<\/div>\n\t\t\t\t\t\t\t<\/div>","protected":false},"excerpt":{"rendered":"<p>Tervetuloa tutustumaan perusteelliseen oppaaseemme siit\u00e4, miten saat kaiken irti Apple Vision Pro-laitteestasi. Olitpa sitten uusi k\u00e4ytt\u00e4j\u00e4 tai halusitpa syvent\u00e4\u00e4 tiet\u00e4myst\u00e4si, t\u00e4m\u00e4 opas tarjoaa arvokkaita tietoja turvallisemman, miellytt\u00e4v\u00e4mm\u00e4n ja tuottavamman k\u00e4ytt\u00f6kokemuksen saamiseksi.<\/p>","protected":false},"author":1,"featured_media":435,"parent":415,"menu_order":0,"comment_status":"closed","ping_status":"closed","template":"","meta":{"footnotes":""},"class_list":["post-710","page","type-page","status-publish","has-post-thumbnail","hentry"],"jetpack_sharing_enabled":true,"_links":{"self":[{"href":"https:\/\/ioasis.eu\/fi\/wp-json\/wp\/v2\/pages\/710","targetHints":{"allow":["GET"]}}],"collection":[{"href":"https:\/\/ioasis.eu\/fi\/wp-json\/wp\/v2\/pages"}],"about":[{"href":"https:\/\/ioasis.eu\/fi\/wp-json\/wp\/v2\/types\/page"}],"author":[{"embeddable":true,"href":"https:\/\/ioasis.eu\/fi\/wp-json\/wp\/v2\/users\/1"}],"replies":[{"embeddable":true,"href":"https:\/\/ioasis.eu\/fi\/wp-json\/wp\/v2\/comments?post=710"}],"version-history":[{"count":4,"href":"https:\/\/ioasis.eu\/fi\/wp-json\/wp\/v2\/pages\/710\/revisions"}],"predecessor-version":[{"id":714,"href":"https:\/\/ioasis.eu\/fi\/wp-json\/wp\/v2\/pages\/710\/revisions\/714"}],"up":[{"embeddable":true,"href":"https:\/\/ioasis.eu\/fi\/wp-json\/wp\/v2\/pages\/415"}],"wp:featuredmedia":[{"embeddable":true,"href":"https:\/\/ioasis.eu\/fi\/wp-json\/wp\/v2\/media\/435"}],"wp:attachment":[{"href":"https:\/\/ioasis.eu\/fi\/wp-json\/wp\/v2\/media?parent=710"}],"curies":[{"name":"wp","href":"https:\/\/api.w.org\/{rel}","templated":true}]}}