{"id":715,"date":"2024-01-22T13:54:49","date_gmt":"2024-01-22T12:54:49","guid":{"rendered":"https:\/\/ioasis.eu\/?page_id=715"},"modified":"2024-01-22T13:57:08","modified_gmt":"2024-01-22T12:57:08","slug":"discover-visionos-revolutionizing-your-apple-vision-pro-experience","status":"publish","type":"page","link":"https:\/\/ioasis.eu\/fi\/blogi\/loyda-visionos-mullistaa-apple-vision-pro-kokemuksesi\/","title":{"rendered":"Tutustu VisionOS:hen: Apple Vision Pro-kokemuksesi mullistaminen"},"content":{"rendered":"<div data-elementor-type=\"wp-page\" data-elementor-id=\"715\" class=\"elementor elementor-715\">\n\t\t\t\t\t\t\t<div class=\"elementor-element elementor-element-4ce6fdf1 e-con-boxed e-flex e-con\" data-id=\"4ce6fdf1\" data-element_type=\"container\" data-settings=\"{&quot;content_width&quot;:&quot;boxed&quot;}\">\n\t\t\t\t\t<div class=\"e-con-inner\">\n\t\t\t\t<div class=\"elementor-element elementor-element-77815985 elementor-widget elementor-widget-heading\" data-id=\"77815985\" data-element_type=\"widget\" data-widget_type=\"heading.default\">\n\t\t\t\t<div class=\"elementor-widget-container\">\n\t\t\t<style>\/*! elementor - v3.13.3 - 28-05-2023 *\/\n.elementor-heading-title{padding:0;margin:0;line-height:1}.elementor-widget-heading .elementor-heading-title[class*=elementor-size-]>a{color:inherit;font-size:inherit;line-height:inherit}.elementor-widget-heading .elementor-heading-title.elementor-size-small{font-size:15px}.elementor-widget-heading .elementor-heading-title.elementor-size-medium{font-size:19px}.elementor-widget-heading .elementor-heading-title.elementor-size-large{font-size:29px}.elementor-widget-heading .elementor-heading-title.elementor-size-xl{font-size:39px}.elementor-widget-heading .elementor-heading-title.elementor-size-xxl{font-size:59px}<\/style><h1 class=\"elementor-heading-title elementor-size-default\">\nTutustu VisionOS:hen: Apple Vision Pro-kokemuksesi mullistaminen<\/h1>\t\t<\/div>\n\t\t\t\t<\/div>\n\t\t\t\t<div class=\"elementor-element elementor-element-2c8475f elementor-skin-carousel elementor-arrows-yes elementor-pagination-type-bullets elementor-pagination-position-outside elementor-widget elementor-widget-media-carousel\" data-id=\"2c8475f\" data-element_type=\"widget\" data-settings=\"{&quot;skin&quot;:&quot;carousel&quot;,&quot;effect&quot;:&quot;slide&quot;,&quot;show_arrows&quot;:&quot;yes&quot;,&quot;pagination&quot;:&quot;bullets&quot;,&quot;speed&quot;:500,&quot;autoplay&quot;:&quot;yes&quot;,&quot;autoplay_speed&quot;:5000,&quot;loop&quot;:&quot;yes&quot;,&quot;pause_on_hover&quot;:&quot;yes&quot;,&quot;pause_on_interaction&quot;:&quot;yes&quot;,&quot;space_between&quot;:{&quot;unit&quot;:&quot;px&quot;,&quot;size&quot;:10,&quot;sizes&quot;:[]},&quot;space_between_tablet&quot;:{&quot;unit&quot;:&quot;px&quot;,&quot;size&quot;:10,&quot;sizes&quot;:[]},&quot;space_between_mobile&quot;:{&quot;unit&quot;:&quot;px&quot;,&quot;size&quot;:10,&quot;sizes&quot;:[]}}\" data-widget_type=\"media-carousel.default\">\n\t\t\t\t<div class=\"elementor-widget-container\">\n\t\t\t<link rel=\"stylesheet\" href=\"https:\/\/ioasis.eu\/wp-content\/plugins\/elementor-pro\/assets\/css\/widget-carousel.min.css\">\t\t<div class=\"elementor-swiper\">\n\t\t\t<div class=\"elementor-main-swiper swiper\">\n\t\t\t\t<div class=\"swiper-wrapper\">\n\t\t\t\t\t\t\t\t\t\t\t<div class=\"swiper-slide\">\n\t\t\t\t\t\t\t\t\t<div class=\"elementor-carousel-image\" role=\"img\" aria-label=\"Apple Vision Pro Eurooppa - VisionOS - hei!\" style=\"background-image: url(&#039;https:\/\/ioasis.eu\/wp-content\/uploads\/2024\/01\/Apple-Vision-Pro-Europe-VisionOS-2.jpg&#039;)\">\n\n\t\t\t\n\t\t\t\t\t<\/div>\n\t\t\t\t\t\t\t\t<\/div>\n\t\t\t\t\t\t\t\t\t\t\t<div class=\"swiper-slide\">\n\t\t\t\t\t\t\t\t\t<div class=\"elementor-carousel-image\" role=\"img\" aria-label=\"Tutustu VisionOS - Apple Vision Pro:hen Euroopassa\" style=\"background-image: url(&#039;https:\/\/ioasis.eu\/wp-content\/uploads\/2024\/01\/session3_2x.jpg&#039;)\">\n\n\t\t\t\n\t\t\t\t\t<\/div>\n\t\t\t\t\t\t\t\t<\/div>\n\t\t\t\t\t\t\t\t\t\t\t<div class=\"swiper-slide\">\n\t\t\t\t\t\t\t\t\t<div class=\"elementor-carousel-image\" role=\"img\" aria-label=\"Apple Vision Pro Eurooppa - VisionOS-valvontakeskus\" style=\"background-image: url(&#039;https:\/\/ioasis.eu\/wp-content\/uploads\/2024\/01\/Apple-Vision-Pro-Europe-VisionOS-4.jpg&#039;)\">\n\n\t\t\t\n\t\t\t\t\t<\/div>\n\t\t\t\t\t\t\t\t<\/div>\n\t\t\t\t\t\t\t\t\t\t\t<div class=\"swiper-slide\">\n\t\t\t\t\t\t\t\t\t<div class=\"elementor-carousel-image\" role=\"img\" aria-label=\"Apple Vision Pro Eurooppa - VisionOS-paikkademo\" style=\"background-image: url(&#039;https:\/\/ioasis.eu\/wp-content\/uploads\/2024\/01\/Apple-Vision-Pro-Europe-VisionOS-3.jpg&#039;)\">\n\n\t\t\t\n\t\t\t\t\t<\/div>\n\t\t\t\t\t\t\t\t<\/div>\n\t\t\t\t\t\t\t\t\t\t\t<div class=\"swiper-slide\">\n\t\t\t\t\t\t\t\t\t<div class=\"elementor-carousel-image\" role=\"img\" aria-label=\"Apple Vision Pro Eurooppa - VisionOS nipist\u00e4 zoomiin\" style=\"background-image: url(&#039;https:\/\/ioasis.eu\/wp-content\/uploads\/2024\/01\/Apple-Vision-Pro-Europe-VisionOS-5.jpg&#039;)\">\n\n\t\t\t\n\t\t\t\t\t<\/div>\n\t\t\t\t\t\t\t\t<\/div>\n\t\t\t\t\t\t\t\t\t<\/div>\n\t\t\t\t\t\t\t\t\t\t\t\t\t\t\t<div class=\"swiper-pagination\"><\/div>\n\t\t\t\t\t\t\t\t\t\t\t\t\t\t\t\t<div class=\"elementor-swiper-button elementor-swiper-button-prev\" role=\"button\" tabindex=\"0\">\n\t\t\t\t\t\t\t<i aria-hidden=\"true\" class=\"eicon-chevron-left\"><\/i>\t\t\t\t\t\t\t<span class=\"elementor-screen-only\">Edellinen<\/span>\n\t\t\t\t\t\t<\/div>\n\t\t\t\t\t\t<div class=\"elementor-swiper-button elementor-swiper-button-next\" role=\"button\" tabindex=\"0\">\n\t\t\t\t\t\t\t<i aria-hidden=\"true\" class=\"eicon-chevron-right\"><\/i>\t\t\t\t\t\t\t<span class=\"elementor-screen-only\">Seuraava<\/span>\n\t\t\t\t\t\t<\/div>\n\t\t\t\t\t\t\t\t\t\t\t\t<\/div>\n\t\t<\/div>\n\t\t\t\t<\/div>\n\t\t\t\t<\/div>\n\t\t\t\t\t<\/div>\n\t\t\t\t<\/div>\n\t\t<div class=\"elementor-element elementor-element-5e683ed1 e-con-boxed e-flex e-con\" data-id=\"5e683ed1\" data-element_type=\"container\" data-settings=\"{&quot;content_width&quot;:&quot;boxed&quot;}\">\n\t\t\t\t\t<div class=\"e-con-inner\">\n\t\t\t\t<div class=\"elementor-element elementor-element-5a81c8c4 elementor-widget elementor-widget-text-editor\" data-id=\"5a81c8c4\" data-element_type=\"widget\" data-widget_type=\"text-editor.default\">\n\t\t\t\t<div class=\"elementor-widget-container\">\n\t\t\t<style>\/*! elementor - v3.13.3 - 28-05-2023 *\/\n.elementor-widget-text-editor.elementor-drop-cap-view-stacked .elementor-drop-cap{background-color:#69727d;color:#fff}.elementor-widget-text-editor.elementor-drop-cap-view-framed .elementor-drop-cap{color:#69727d;border:3px solid;background-color:transparent}.elementor-widget-text-editor:not(.elementor-drop-cap-view-default) .elementor-drop-cap{margin-top:8px}.elementor-widget-text-editor:not(.elementor-drop-cap-view-default) .elementor-drop-cap-letter{width:1em;height:1em}.elementor-widget-text-editor .elementor-drop-cap{float:left;text-align:center;line-height:1;font-size:50px}.elementor-widget-text-editor .elementor-drop-cap-letter{display:inline-block}<\/style>\t\t\t\t<p>Tervetuloa VisionOS:n maailmaan, joka on uraauurtava k\u00e4ytt\u00f6j\u00e4rjestelm\u00e4, joka toimii Apple Vision Pro:n voimanl\u00e4hteen\u00e4. T\u00e4m\u00e4n innovatiivisen laitteen tulevina omistajina tai harrastajina astut valtakuntaan, jossa digitaalinen ja fyysinen maailma yhdistyv\u00e4t saumattomasti. VisionOS on enemm\u00e4n kuin pelkk\u00e4 k\u00e4ytt\u00f6j\u00e4rjestelm\u00e4; se on portti kokemuksiin ja vuorovaikutukseen, jotka m\u00e4\u00e4rittelev\u00e4t k\u00e4sityksemme todellisuudesta uudelleen. Tutustutaanpa siihen, mik\u00e4 tekee VisionOS:st\u00e4 mullistavan laitteen tavallisille k\u00e4ytt\u00e4jille.<\/p><h2>Mik\u00e4 on VisionOS?<\/h2><p>VisionOS on moottori Apple Vision Pro:n paikkatietolaskentatoimintojen taustalla. Se on suunniteltu muuttamaan tapamme olla vuorovaikutuksessa digitaalisen sis\u00e4ll\u00f6n kanssa ja sulauttamaan se fyysiseen ymp\u00e4rist\u00f6\u00f6n. Kuvittele sovelluksia ja pelej\u00e4, jotka eiv\u00e4t vain istu n\u00e4yt\u00f6ll\u00e4 vaan ovat osa olohuoneesi, toimistosi tai ulkotilojesi ymp\u00e4rist\u00f6\u00e4. T\u00e4m\u00e4 on VisionOS:n taika - se luo \"\u00e4\u00e4rett\u00f6m\u00e4n kankaan\", jossa digitaalisen ja fyysisen maailman v\u00e4liset rajat h\u00e4m\u00e4rtyv\u00e4t.<\/p><h3>Vuorovaikutteisuuden uusi ulottuvuus<\/h3><p>VisionOS:n avulla vuorovaikutus ei rajoitu perinteisiin 2D-k\u00e4ytt\u00f6liittymiin. Sen sijaan voit olla yhteydess\u00e4 sovelluksiin ja sis\u00e4lt\u00f6\u00f6n 3D-tilassa ymp\u00e4rill\u00e4si. T\u00e4m\u00e4 tarkoittaa, ett\u00e4 ikkunat ja sovellukset voivat n\u00e4ytt\u00e4\u00e4 silt\u00e4 kuin ne leijuisivat huoneessasi, tai voit k\u00e4vell\u00e4 digitaalisen kohteen ymp\u00e4rill\u00e4 n\u00e4hd\u00e4ksesi sen eri n\u00e4k\u00f6kulmista. Uppoutumisen ja vuorovaikutuksen taso on vertaansa vailla.<\/p><h3>T\u00e4ysi tila: Ultimate Immersive Experience<\/h3><p>Yksi VisionOS:n j\u00e4nnitt\u00e4vimmist\u00e4 ominaisuuksista on Full Space -kokemus. Kun sovellus k\u00e4ytt\u00e4\u00e4 Full Space -tilaa, se voi ottaa haltuunsa koko ymp\u00e4rist\u00f6si ja muuttaa sen t\u00e4ysin erilaiseksi maailmaksi. Olipa kyseess\u00e4 sitten peli, joka vie sinut fantasiamaailmaan, tai opetussovellus, joka vie sinut virtuaalikierrokselle muinaisiin kaupunkeihin, Full Space tekee n\u00e4ist\u00e4 kokemuksista kaiken kattavia ja uskomattoman todellisia.<\/p><h2>K\u00e4ytt\u00e4j\u00e4kokemus VisionOS:ss\u00e4<\/h2><p>Apple Vision Pro:n k\u00e4ytt\u00e4j\u00e4n\u00e4 VisionOS tarjoaa k\u00e4ytt\u00e4j\u00e4yst\u00e4v\u00e4llisen ja intuitiivisen k\u00e4ytt\u00f6liittym\u00e4n. Se on rakennettu varmistamaan, ett\u00e4 pelaatpa sitten pelej\u00e4, k\u00e4yt\u00e4t tuottavuussovelluksia tai tutustut uuteen opetussis\u00e4lt\u00f6\u00f6n, k\u00e4ytt\u00f6kokemus on saumaton ja mukaansatempaava.<\/p><h3>Intuitiiviset vuorovaikutukset<\/h3><p>Vuorovaikutus VisionOS:n kanssa tuntuu luonnolliselta ja intuitiiviselta. VisionOS on suunniteltu k\u00e4ytt\u00e4j\u00e4yst\u00e4v\u00e4lliseksi riippumatta siit\u00e4, muutatko jaetun tilan ikkunoiden kokoa, tutkitko 3D-objekteja vai navigoitko immersiivisiss\u00e4 ymp\u00e4rist\u00f6iss\u00e4. Sinun ei tarvitse olla tekniikan asiantuntija navigoidaksesi ja nauttiaksesi paikkatietokoneiden ihmeist\u00e4.<\/p><h3>Saavutettavuus ja osallisuus<\/h3><p>VisionOS on kehitetty siten, ett\u00e4 saavutettavuus on sen ytimess\u00e4. Se varmistaa, ett\u00e4 paikkatietotekniikan ihmeet ovat kaikkien saatavilla fyysisist\u00e4 kyvyist\u00e4 riippumatta. T\u00e4m\u00e4 sitoutuminen osallisuuteen tarkoittaa, ett\u00e4 yh\u00e4 useammat ihmiset voivat nauttia VisionOS:n tarjoamista immersiivisist\u00e4 kokemuksista, olla vuorovaikutuksessa niiden kanssa ja hy\u00f6ty\u00e4 niist\u00e4.<\/p><h2>Valmiina tulevaisuuteen<\/h2><p>Koska olemme uuden teknologia-aikakauden kynnyksell\u00e4, VisionOS on lippusi maailmaan, jossa digitaaliset kokemukset eiv\u00e4t en\u00e4\u00e4 rajoitu vain n\u00e4ytt\u00f6ihin. On j\u00e4nnitt\u00e4v\u00e4\u00e4 olla osa t\u00e4t\u00e4 teknologista vallankumousta, ja Apple Vision Pro, jonka voimanl\u00e4hteen\u00e4 on VisionOS, on eturintamassa.<\/p><h2>P\u00e4\u00e4telm\u00e4<\/h2><p>VisionOS Apple Vision Pro:ss\u00e4 ei ole vain tekniikan edistysaskel, vaan uusi tapa kokea ymp\u00e4r\u00f6iv\u00e4 maailma. Se lupaa muuttaa tapaa, jolla olemme vuorovaikutuksessa digitaalisen sis\u00e4ll\u00f6n kanssa, tehden siit\u00e4 vaikuttavampaa, intuitiivisempaa ja helpommin l\u00e4hestytt\u00e4v\u00e4\u00e4. Mahdollisuudet ovat loputtomat, emmek\u00e4 malta odottaa, miten VisionOS jatkaa kehittymist\u00e4\u00e4n ja mullistaa digitaalisia kokemuksiamme.<\/p><p>Pysy kuulolla, kun saat lis\u00e4\u00e4 p\u00e4ivityksi\u00e4 ja n\u00e4kemyksi\u00e4 Apple Vision Pro:st\u00e4 ja VisionOS:st\u00e4. Tulevaisuus on t\u00e4\u00e4ll\u00e4, ja se on j\u00e4nnitt\u00e4v\u00e4mpi kuin koskaan!<\/p><p>&#8212;<\/p><p>Olitpa sitten tekniikan harrastaja, pelaaja, kouluttaja tai vain utelias teknologian tulevaisuudesta, VisionOS:st\u00e4 kannattaa olla innoissasi. Pid\u00e4 t\u00e4t\u00e4 tilaa silm\u00e4ll\u00e4, kun jatkamme Apple Vision Pro:n ja VisionOS:n uskomattomien ominaisuuksien tutkimista.<\/p><p><a href=\"https:\/\/ioasis.eu\/fi\/blogi\/\"><span style=\"text-decoration: underline;\">Takaisin<\/span><\/a><\/p>\t\t\t\t\t\t<\/div>\n\t\t\t\t<\/div>\n\t\t\t\t\t<\/div>\n\t\t\t\t<\/div>\n\t\t\t\t\t\t\t<\/div>","protected":false},"excerpt":{"rendered":"<p>Tervetuloa VisionOS:n maailmaan, joka on uraauurtava k\u00e4ytt\u00f6j\u00e4rjestelm\u00e4, joka toimii Apple Vision Pro:n voimanl\u00e4hteen\u00e4. T\u00e4m\u00e4n innovatiivisen laitteen tulevina omistajina tai harrastajina astut valtakuntaan, jossa digitaalinen ja fyysinen maailma yhdistyv\u00e4t saumattomasti.<\/p>","protected":false},"author":1,"featured_media":724,"parent":415,"menu_order":0,"comment_status":"closed","ping_status":"closed","template":"","meta":{"footnotes":""},"class_list":["post-715","page","type-page","status-publish","has-post-thumbnail","hentry"],"jetpack_sharing_enabled":true,"_links":{"self":[{"href":"https:\/\/ioasis.eu\/fi\/wp-json\/wp\/v2\/pages\/715","targetHints":{"allow":["GET"]}}],"collection":[{"href":"https:\/\/ioasis.eu\/fi\/wp-json\/wp\/v2\/pages"}],"about":[{"href":"https:\/\/ioasis.eu\/fi\/wp-json\/wp\/v2\/types\/page"}],"author":[{"embeddable":true,"href":"https:\/\/ioasis.eu\/fi\/wp-json\/wp\/v2\/users\/1"}],"replies":[{"embeddable":true,"href":"https:\/\/ioasis.eu\/fi\/wp-json\/wp\/v2\/comments?post=715"}],"version-history":[{"count":13,"href":"https:\/\/ioasis.eu\/fi\/wp-json\/wp\/v2\/pages\/715\/revisions"}],"predecessor-version":[{"id":734,"href":"https:\/\/ioasis.eu\/fi\/wp-json\/wp\/v2\/pages\/715\/revisions\/734"}],"up":[{"embeddable":true,"href":"https:\/\/ioasis.eu\/fi\/wp-json\/wp\/v2\/pages\/415"}],"wp:featuredmedia":[{"embeddable":true,"href":"https:\/\/ioasis.eu\/fi\/wp-json\/wp\/v2\/media\/724"}],"wp:attachment":[{"href":"https:\/\/ioasis.eu\/fi\/wp-json\/wp\/v2\/media?parent=715"}],"curies":[{"name":"wp","href":"https:\/\/api.w.org\/{rel}","templated":true}]}}