{"id":735,"date":"2024-01-22T14:09:22","date_gmt":"2024-01-22T13:09:22","guid":{"rendered":"https:\/\/ioasis.eu\/?page_id=735"},"modified":"2024-01-22T14:13:24","modified_gmt":"2024-01-22T13:13:24","slug":"apps-available-at-launch-on-apple-vision-pro","status":"publish","type":"page","link":"https:\/\/ioasis.eu\/fi\/blogi\/sovellukset-saatavilla-apple-vision-pro-ohjelmiston-kaynnistyksen-yhteydessa\/","title":{"rendered":"Apple Vision Pro:n k\u00e4ynnistyshetkell\u00e4 saatavilla olevat sovellukset"},"content":{"rendered":"<div data-elementor-type=\"wp-page\" data-elementor-id=\"735\" class=\"elementor elementor-735\">\n\t\t\t\t\t\t\t<div class=\"elementor-element elementor-element-6985dd02 e-con-boxed e-flex e-con\" data-id=\"6985dd02\" data-element_type=\"container\" data-settings=\"{&quot;content_width&quot;:&quot;boxed&quot;}\">\n\t\t\t\t\t<div class=\"e-con-inner\">\n\t\t\t\t<div class=\"elementor-element elementor-element-7a8b5baa elementor-widget elementor-widget-heading\" data-id=\"7a8b5baa\" data-element_type=\"widget\" data-widget_type=\"heading.default\">\n\t\t\t\t<div class=\"elementor-widget-container\">\n\t\t\t<style>\/*! elementor - v3.13.3 - 28-05-2023 *\/\n.elementor-heading-title{padding:0;margin:0;line-height:1}.elementor-widget-heading .elementor-heading-title[class*=elementor-size-]>a{color:inherit;font-size:inherit;line-height:inherit}.elementor-widget-heading .elementor-heading-title.elementor-size-small{font-size:15px}.elementor-widget-heading .elementor-heading-title.elementor-size-medium{font-size:19px}.elementor-widget-heading .elementor-heading-title.elementor-size-large{font-size:29px}.elementor-widget-heading .elementor-heading-title.elementor-size-xl{font-size:39px}.elementor-widget-heading .elementor-heading-title.elementor-size-xxl{font-size:59px}<\/style><h1 class=\"elementor-heading-title elementor-size-default\">\nApple Vision Pro:n k\u00e4ynnistyshetkell\u00e4 saatavilla olevat sovellukset<\/h1>\t\t<\/div>\n\t\t\t\t<\/div>\n\t\t\t\t<div class=\"elementor-element elementor-element-3def60d8 elementor-skin-carousel elementor-arrows-yes elementor-pagination-type-bullets elementor-pagination-position-outside elementor-widget elementor-widget-media-carousel\" data-id=\"3def60d8\" data-element_type=\"widget\" data-settings=\"{&quot;skin&quot;:&quot;carousel&quot;,&quot;effect&quot;:&quot;slide&quot;,&quot;show_arrows&quot;:&quot;yes&quot;,&quot;pagination&quot;:&quot;bullets&quot;,&quot;speed&quot;:500,&quot;autoplay&quot;:&quot;yes&quot;,&quot;autoplay_speed&quot;:5000,&quot;loop&quot;:&quot;yes&quot;,&quot;pause_on_hover&quot;:&quot;yes&quot;,&quot;pause_on_interaction&quot;:&quot;yes&quot;,&quot;space_between&quot;:{&quot;unit&quot;:&quot;px&quot;,&quot;size&quot;:10,&quot;sizes&quot;:[]},&quot;space_between_tablet&quot;:{&quot;unit&quot;:&quot;px&quot;,&quot;size&quot;:10,&quot;sizes&quot;:[]},&quot;space_between_mobile&quot;:{&quot;unit&quot;:&quot;px&quot;,&quot;size&quot;:10,&quot;sizes&quot;:[]}}\" data-widget_type=\"media-carousel.default\">\n\t\t\t\t<div class=\"elementor-widget-container\">\n\t\t\t<link rel=\"stylesheet\" href=\"https:\/\/ioasis.eu\/wp-content\/plugins\/elementor-pro\/assets\/css\/widget-carousel.min.css\">\t\t<div class=\"elementor-swiper\">\n\t\t\t<div class=\"elementor-main-swiper swiper\">\n\t\t\t\t<div class=\"swiper-wrapper\">\n\t\t\t\t\t\t\t\t\t\t\t<div class=\"swiper-slide\">\n\t\t\t\t\t\t\t\t\t<div class=\"elementor-carousel-image\" role=\"img\" aria-label=\"Apple-Vision-Pro-Europe-viihde-sovelluskauppa-ymp\u00e4rist\u00f6t-kiinnityshuppu_big.jpg.large_2x\" style=\"background-image: url(&#039;https:\/\/ioasis.eu\/wp-content\/uploads\/2024\/01\/Apple-Vision-Pro-Europe-entertainment-App-Store-Environments-Mount-Hood_big.jpg.large_2x.jpg&#039;)\">\n\n\t\t\t\n\t\t\t\t\t<\/div>\n\t\t\t\t\t\t\t\t<\/div>\n\t\t\t\t\t\t\t\t\t\t\t<div class=\"swiper-slide\">\n\t\t\t\t\t\t\t\t\t<div class=\"elementor-carousel-image\" role=\"img\" aria-label=\"Apple-Vision-Pro-Europe-entertainment-Apple-Immersive-Video-Adventure_big.jpg.large_2x\" style=\"background-image: url(&#039;https:\/\/ioasis.eu\/wp-content\/uploads\/2024\/01\/Apple-Vision-Pro-Europe-entertainment-Apple-Immersive-Video-Adventure_big.jpg.large_2x.jpg&#039;)\">\n\n\t\t\t\n\t\t\t\t\t<\/div>\n\t\t\t\t\t\t\t\t<\/div>\n\t\t\t\t\t\t\t\t\t\t\t<div class=\"swiper-slide\">\n\t\t\t\t\t\t\t\t\t<div class=\"elementor-carousel-image\" role=\"img\" aria-label=\"Apple-Vision-Pro-Europe-entertainment-3D-elokuvat-Dune_big.jpg.large_2x\" style=\"background-image: url(&#039;https:\/\/ioasis.eu\/wp-content\/uploads\/2024\/01\/Apple-Vision-Pro-Europe-entertainment-3D-movies-Dune_big.jpg.large_2x.jpg&#039;)\">\n\n\t\t\t\n\t\t\t\t\t<\/div>\n\t\t\t\t\t\t\t\t<\/div>\n\t\t\t\t\t\t\t\t\t\t\t<div class=\"swiper-slide\">\n\t\t\t\t\t\t\t\t\t<div class=\"elementor-carousel-image\" role=\"img\" aria-label=\"Apple-Vision-Pro-Europe-entertainment-Disney-Plus_big.jpg.large_2x\" style=\"background-image: url(&#039;https:\/\/ioasis.eu\/wp-content\/uploads\/2024\/01\/Apple-Vision-Pro-Europe-entertainment-Disney-Plus_big.jpg.large_2x.jpg&#039;)\">\n\n\t\t\t\n\t\t\t\t\t<\/div>\n\t\t\t\t\t\t\t\t<\/div>\n\t\t\t\t\t\t\t\t\t\t\t<div class=\"swiper-slide\">\n\t\t\t\t\t\t\t\t\t<div class=\"elementor-carousel-image\" role=\"img\" aria-label=\"Apple-Vision-Pro-Europe-viihde-Apple-TV-Plus-Aamushow_big.jpg.large_2x\" style=\"background-image: url(&#039;https:\/\/ioasis.eu\/wp-content\/uploads\/2024\/01\/Apple-Vision-Pro-Europe-entertainment-Apple-TV-Plus-The-Morning-Show_big.jpg.large_2x.jpg&#039;)\">\n\n\t\t\t\n\t\t\t\t\t<\/div>\n\t\t\t\t\t\t\t\t<\/div>\n\t\t\t\t\t\t\t\t\t\t\t<div class=\"swiper-slide\">\n\t\t\t\t\t\t\t\t\t<div class=\"elementor-carousel-image\" role=\"img\" aria-label=\"Apple-Vision-Pro-Europe-entertainment-MLS-Season-Pass_big.jpg.large_2x\" style=\"background-image: url(&#039;https:\/\/ioasis.eu\/wp-content\/uploads\/2024\/01\/Apple-Vision-Pro-Europe-entertainment-MLS-Season-Pass_big.jpg.large_2x.jpg&#039;)\">\n\n\t\t\t\n\t\t\t\t\t<\/div>\n\t\t\t\t\t\t\t\t<\/div>\n\t\t\t\t\t\t\t\t\t<\/div>\n\t\t\t\t\t\t\t\t\t\t\t\t\t\t\t<div class=\"swiper-pagination\"><\/div>\n\t\t\t\t\t\t\t\t\t\t\t\t\t\t\t\t<div class=\"elementor-swiper-button elementor-swiper-button-prev\" role=\"button\" tabindex=\"0\">\n\t\t\t\t\t\t\t<i aria-hidden=\"true\" class=\"eicon-chevron-left\"><\/i>\t\t\t\t\t\t\t<span class=\"elementor-screen-only\">Edellinen<\/span>\n\t\t\t\t\t\t<\/div>\n\t\t\t\t\t\t<div class=\"elementor-swiper-button elementor-swiper-button-next\" role=\"button\" tabindex=\"0\">\n\t\t\t\t\t\t\t<i aria-hidden=\"true\" class=\"eicon-chevron-right\"><\/i>\t\t\t\t\t\t\t<span class=\"elementor-screen-only\">Seuraava<\/span>\n\t\t\t\t\t\t<\/div>\n\t\t\t\t\t\t\t\t\t\t\t\t<\/div>\n\t\t<\/div>\n\t\t\t\t<\/div>\n\t\t\t\t<\/div>\n\t\t\t\t\t<\/div>\n\t\t\t\t<\/div>\n\t\t<div class=\"elementor-element elementor-element-79660a15 e-con-boxed e-flex e-con\" data-id=\"79660a15\" data-element_type=\"container\" data-settings=\"{&quot;content_width&quot;:&quot;boxed&quot;}\">\n\t\t\t\t\t<div class=\"e-con-inner\">\n\t\t\t\t<div class=\"elementor-element elementor-element-13c8bc7d elementor-widget elementor-widget-text-editor\" data-id=\"13c8bc7d\" data-element_type=\"widget\" data-widget_type=\"text-editor.default\">\n\t\t\t\t<div class=\"elementor-widget-container\">\n\t\t\t<style>\/*! elementor - v3.13.3 - 28-05-2023 *\/\n.elementor-widget-text-editor.elementor-drop-cap-view-stacked .elementor-drop-cap{background-color:#69727d;color:#fff}.elementor-widget-text-editor.elementor-drop-cap-view-framed .elementor-drop-cap{color:#69727d;border:3px solid;background-color:transparent}.elementor-widget-text-editor:not(.elementor-drop-cap-view-default) .elementor-drop-cap{margin-top:8px}.elementor-widget-text-editor:not(.elementor-drop-cap-view-default) .elementor-drop-cap-letter{width:1em;height:1em}.elementor-widget-text-editor .elementor-drop-cap{float:left;text-align:center;line-height:1;font-size:50px}.elementor-widget-text-editor .elementor-drop-cap-letter{display:inline-block}<\/style>\t\t\t\t<p>Kun astumme Apple Vision Pro:n aikakauteen, sovellusten ja viihdekokemusten uusi horisontti on avautumassa. T\u00e4m\u00e4 vallankumouksellinen sekatodellisuuskuuloke, jonka voimanl\u00e4hteen\u00e4 toimii VisionOS, tulee muuttamaan vuorovaikutustamme digitaalisen maailman kanssa. T\u00e4ss\u00e4 blogikirjoituksessa tutustumme monipuoliseen valikoimaan sovelluksia ja kokemuksia, jotka ovat saatavilla Apple Vision Pro:n lanseerauksen yhteydess\u00e4.<\/p><h2>Immersiiviset viihdekokemukset<\/h2><h3>Apple Immersiivinen video<\/h3><p>Apple Vision Pro esittelee uuden viihdeformaatin nimelt\u00e4 Apple Immersive Video. T\u00e4ss\u00e4 formaatissa on 180 asteen 3D 8K -tallenteita Spatial Audio -\u00e4\u00e4nell\u00e4, joka vie katsojat tarinoiden ja el\u00e4mysten ytimeen. K\u00e4ynnistyksen yhteydess\u00e4 k\u00e4ytt\u00e4j\u00e4t voivat nauttia Apple TV -sovelluksessa kuratoidusta valikoimasta immersiivisi\u00e4 elokuvia ja sarjoja, kuten Alicia Keys: Rehearsal Room, Adventure, Wild Life ja Prehistoric Planet Immersive.<\/p><h3>Disney+ 3D:n\u00e4<\/h3><p>Disney+ tarjoaa Apple Vision Pro:ss\u00e4 koko elokuvaluettelonsa upeassa 3D-muodossa. K\u00e4ytt\u00e4j\u00e4t voivat uppoutua Disneyn inspiroimiin ymp\u00e4rist\u00f6ihin, kuten Disney+-teatteriin, Pixarin Monsters Inc. -elokuvan Scare Flooriin, Marvelin Avengers Toweriin ja Star Wars -elokuvasta tutun Luke Skywalkerin kiit\u00e4j\u00e4n ohjaamoon. N\u00e4iss\u00e4 ymp\u00e4rist\u00f6iss\u00e4 on animaatioita, \u00e4\u00e4ni\u00e4 ja p\u00e4\u00e4si\u00e4ismunia, jotka parantavat katselukokemusta.<\/p><h3>Dinosaurusten kohtaaminen<\/h3><p>Apple Vision Pro:n mukana toimitetaan Encounter Dinosaurs -sovellus, jonka avulla k\u00e4ytt\u00e4j\u00e4t voivat olla vuorovaikutuksessa j\u00e4ttim\u00e4isten, kolmiulotteisten dinosaurusten kanssa. T\u00e4m\u00e4 Jon Favreaun Prehistoric Planet -elokuvan innoittama sovellus her\u00e4tt\u00e4\u00e4 n\u00e4m\u00e4 muinaiset olennot henkiin k\u00e4ytt\u00e4j\u00e4n omassa tilassa.<\/p><h2>3D-elokuvat ja teatteriel\u00e4mykset<\/h2><p>Apple Vision Pro-k\u00e4ytt\u00e4j\u00e4t p\u00e4\u00e4sev\u00e4t katsomaan yli 150 3D-elokuvaa huippustudioilta, mukaan lukien viimeaikaiset hitit kuten Avatar: Veden tie, Dyyni ja Spider-Man: Into the Spider-Verse. N\u00e4m\u00e4 elokuvat ovat vuokrattavissa tai ostettavissa Apple TV -sovelluksesta, ja k\u00e4ytt\u00e4j\u00e4t voivat katsoa niit\u00e4 huomattavan syv\u00e4llisesti ja kirkkaasti Dolby Visionin ja Multiview High Efficiency Codingin (MV-HEVC) avulla.<\/p><h2>Apple Arcade ja App Store<\/h2><p>Apple Vision Pro:n upouudessa App Storessa on yli miljoona sovellusta ja Apple Arcadessa yli 250 peli\u00e4, jotka tarjoavat laajan valikoiman interaktiivista viihdett\u00e4 ja tilakokemuksia, jotka on rakennettu VisionOS:lle. K\u00e4ytt\u00e4j\u00e4t voivat odottaa viihdett\u00e4, joka on r\u00e4\u00e4t\u00e4l\u00f6ity Apple Vision Pro:n paikkatietokoneominaisuuksia varten.<\/p><h2>P\u00e4\u00e4telm\u00e4<\/h2><p>Apple Vision Pro:n lanseeraus ei ole vain virstanpylv\u00e4s laitteistoinnovaatiossa, vaan se on hyppy tulevaisuuteen, jossa viihde ja sovellukset ovat entist\u00e4 vaikuttavampia, vuorovaikutteisempia ja el\u00e4v\u00e4mpi\u00e4. Elokuvista, jotka ymp\u00e4r\u00f6iv\u00e4t sinua, dinosauruksiin, jotka vaeltavat olohuoneessasi, Apple Vision Pro tulee m\u00e4\u00e4rittelem\u00e4\u00e4n viihdekokemuksemme uudelleen. Julkaisup\u00e4iv\u00e4n l\u00e4hestyess\u00e4 j\u00e4nnitys on k\u00e4sin kosketeltavissa, ja mahdollisuudet tuntuvat loputtomilta.<\/p><p>Pysy kuulolla, kun kuulet lis\u00e4\u00e4 p\u00e4ivityksi\u00e4 Apple Vision Pro:st\u00e4 ja sen tarjoamista j\u00e4nnitt\u00e4vist\u00e4 sovelluksista ja kokemuksista. Immersiivisen viihteen tulevaisuus on aivan nurkan takana, ja se on kirkkaampi kuin koskaan!<\/p><p>&#8212;<\/p><p>Lis\u00e4tietoja Apple Vision Pro:n sovelluksista ja kokemuksista saat Apple-sivustolta tai seuraamalla tekniikkauutisia uusimpien p\u00e4ivitysten ja arvostelujen saamiseksi.<\/p><p>\u00a0<\/p><p><a href=\"https:\/\/ioasis.eu\/fi\/blogi\/\"><span style=\"text-decoration: underline;\">Takaisin<\/span><\/a><\/p>\t\t\t\t\t\t<\/div>\n\t\t\t\t<\/div>\n\t\t\t\t\t<\/div>\n\t\t\t\t<\/div>\n\t\t\t\t\t\t\t<\/div>","protected":false},"excerpt":{"rendered":"<p>Kun astumme Apple Vision Pro:n aikakauteen, sovellusten ja viihdekokemusten uusi horisontti on avautumassa. T\u00e4ss\u00e4 blogikirjoituksessa tutustumme monipuoliseen valikoimaan sovelluksia ja kokemuksia, jotka ovat saatavilla Apple Vision Pro:n lanseerauksen yhteydess\u00e4.<\/p>","protected":false},"author":1,"featured_media":737,"parent":415,"menu_order":0,"comment_status":"closed","ping_status":"closed","template":"","meta":{"footnotes":""},"class_list":["post-735","page","type-page","status-publish","has-post-thumbnail","hentry"],"jetpack_sharing_enabled":true,"_links":{"self":[{"href":"https:\/\/ioasis.eu\/fi\/wp-json\/wp\/v2\/pages\/735","targetHints":{"allow":["GET"]}}],"collection":[{"href":"https:\/\/ioasis.eu\/fi\/wp-json\/wp\/v2\/pages"}],"about":[{"href":"https:\/\/ioasis.eu\/fi\/wp-json\/wp\/v2\/types\/page"}],"author":[{"embeddable":true,"href":"https:\/\/ioasis.eu\/fi\/wp-json\/wp\/v2\/users\/1"}],"replies":[{"embeddable":true,"href":"https:\/\/ioasis.eu\/fi\/wp-json\/wp\/v2\/comments?post=735"}],"version-history":[{"count":4,"href":"https:\/\/ioasis.eu\/fi\/wp-json\/wp\/v2\/pages\/735\/revisions"}],"predecessor-version":[{"id":745,"href":"https:\/\/ioasis.eu\/fi\/wp-json\/wp\/v2\/pages\/735\/revisions\/745"}],"up":[{"embeddable":true,"href":"https:\/\/ioasis.eu\/fi\/wp-json\/wp\/v2\/pages\/415"}],"wp:featuredmedia":[{"embeddable":true,"href":"https:\/\/ioasis.eu\/fi\/wp-json\/wp\/v2\/media\/737"}],"wp:attachment":[{"href":"https:\/\/ioasis.eu\/fi\/wp-json\/wp\/v2\/media?parent=735"}],"curies":[{"name":"wp","href":"https:\/\/api.w.org\/{rel}","templated":true}]}}