{"id":47,"date":"2023-06-09T13:57:59","date_gmt":"2023-06-09T11:57:59","guid":{"rendered":"http:\/\/ioasis.eu\/?post_type=product&#038;p=47"},"modified":"2024-03-25T09:48:36","modified_gmt":"2024-03-25T08:48:36","slug":"apple-vision-pro","status":"publish","type":"product","link":"https:\/\/ioasis.eu\/fi\/tuote\/apple-vision-pro\/","title":{"rendered":"Apple Vision Pro"},"content":{"rendered":"<h4><strong>Yleiskatsaus<\/strong><\/h4>\n<p>Tervetuloa paikkatietotekniikan aikakauteen Apple Vision Pro:n avulla. T\u00e4m\u00e4 vallankumouksellinen laite yhdist\u00e4\u00e4 digitaalisen sis\u00e4ll\u00f6n saumattomasti fyysiseen tilaan, jolloin voit navigoida yksinkertaisesti k\u00e4ytt\u00e4m\u00e4ll\u00e4 silmi\u00e4si, k\u00e4si\u00e4si ja \u00e4\u00e4nt\u00e4si. Apple Vision Pro muuttaa tapasi k\u00e4ytt\u00e4\u00e4 rakastamiasi sovelluksia ja tekee unelmiesi ty\u00f6tilasta todellisuutta - samalla kun pysyt l\u00e4sn\u00e4 ymp\u00e4r\u00f6iv\u00e4ss\u00e4 maailmassa. Se on ennenn\u00e4kem\u00e4t\u00f6n kokemus, joka sinun on n\u00e4ht\u00e4v\u00e4 uskoaksesi.<\/p>\n<h3><\/h3>\n<p>&nbsp;<\/p>\n<h4><strong>Kohokohdat<\/strong><\/h4>\n<p><strong>Paikkatietotekniikka<\/strong>: Apple Vision Pro esittelee uuden aikakauden, jossa digitaalinen sis\u00e4lt\u00f6 sulautuu fyysiseen tilaan. Voit navigoida silmiesi, k\u00e4tesi ja \u00e4\u00e4nesi avulla, jolloin voit tehd\u00e4 rakastamiasi asioita tavoilla, jotka eiv\u00e4t ole koskaan ennen olleet mahdollisia.<\/p>\n<p><strong>Sovellukset:<\/strong> Sovelluksesi asuvat tilassasi. Vision Pro:n avulla sinulla on \u00e4\u00e4ret\u00f6n kanvaasi, joka muuttaa suosikkisovellustesi k\u00e4ytt\u00f6tapoja. Voit j\u00e4rjest\u00e4\u00e4 sovellukset mihin tahansa ja skaalata ne t\u00e4ydellisen kokoisiksi ja luoda unelmiesi ty\u00f6tilan samalla, kun pysyt l\u00e4sn\u00e4 ymp\u00e4r\u00f6iv\u00e4ss\u00e4 maailmassa.<\/p>\n<p><strong>Viihde:<\/strong> Vision Pro voi muuttaa mink\u00e4 tahansa huoneen henkil\u00f6kohtaiseksi teatteriksi. Laajenna elokuvasi, ohjelmasi ja pelisi t\u00e4ydellisen kokoisiksi ja tunne samalla, ett\u00e4 olet osa toimintaa Spatial Audio -j\u00e4rjestelm\u00e4n avulla. Ja koska jokaisessa silm\u00e4ss\u00e4 on enemm\u00e4n pikseleit\u00e4 kuin 4K-televisiossa, voit nauttia upeasta sis\u00e4ll\u00f6st\u00e4 miss\u00e4 ikin\u00e4 oletkin.<\/p>\n<p><strong>Kuvia ja videoita:<\/strong> Vision Pro on Apple:n ensimm\u00e4inen 3D-kamera. Voit ottaa maagisia avaruudellisia valokuvia ja avaruudellisia videoita 3D:n\u00e4 ja kokea n\u00e4m\u00e4 rakkaat hetket uudelleen kuin koskaan ennen upean Spatial Audio -\u00e4\u00e4nen avulla. Olemassa oleva valokuva- ja videokirjastosi n\u00e4ytt\u00e4\u00e4 uskomattomalta merkitt\u00e4v\u00e4ss\u00e4 mittakaavassa.<\/p>\n<p><strong>Yhteys:<\/strong> Vision Pro helpottaa yhteisty\u00f6t\u00e4 ja yhteydenpitoa kaikkialla. FaceTime-videolaatat ovat el\u00e4v\u00e4nkokoisia, ja kun uusia ihmisi\u00e4 liittyy mukaan, puhelu yksinkertaisesti laajenee huoneessasi. FaceTimen sis\u00e4ll\u00e4 voit my\u00f6s k\u00e4ytt\u00e4\u00e4 sovelluksia, joilla voit tehd\u00e4 yhteisty\u00f6t\u00e4 kollegoiden kanssa samojen asiakirjojen parissa samanaikaisesti.<\/p>\n<p><strong>Suunnittelu:<\/strong> Apple Vision Pro on tulosta vuosikymmenten kokemuksesta huipputehokkaiden, mobiililaitteiden ja puettavien laitteiden suunnittelussa. Se yhdist\u00e4\u00e4 uskomattoman edistyksellist\u00e4 teknologiaa tyylikk\u00e4\u00e4seen ja kompaktiin muotoon, mik\u00e4 tarjoaa h\u00e4mm\u00e4stytt\u00e4v\u00e4n kokemuksen joka kerta, kun laitat sen p\u00e4\u00e4h\u00e4si.<\/p>\n<p><strong>VisionOS:<\/strong> visionOS on rakennettu macOS-, iOS- ja iPadOS-k\u00e4ytt\u00f6j\u00e4rjestelmien perustalle, ja se mahdollistaa tehokkaat tilakokemukset. Ohjaa Vision Pro:t\u00e4 silmill\u00e4si, k\u00e4sill\u00e4si ja \u00e4\u00e4nell\u00e4si - vuorovaikutus tuntuu intuitiiviselta ja maagiselta.<\/p>\n<p><strong>Teknologia:<\/strong> Vision Pro:n tilakokemukset ovat mahdollisia vain uraauurtavan Apple-teknologian avulla. Postimerkin kokoiset n\u00e4yt\u00f6t tuottavat jokaiseen silm\u00e4\u00e4n enemm\u00e4n pikseleit\u00e4 kuin 4K-televisio. Uskomattomia edistysaskeleita spatiaalisessa \u00e4\u00e4nentoistossa. Vallankumouksellinen kaksoissirumalli, jossa on r\u00e4\u00e4t\u00e4l\u00f6ity\u00e4 Apple-piit\u00e4. Hienostunut joukko kameroita ja antureita.<\/p>\n<p><strong>Yksityisyys ja turvallisuus:<\/strong> Kuten kaikki Apple-tuotteet ja -palvelut, my\u00f6s Vision Pro on suunniteltu suojaamaan yksityisyytt\u00e4si ja pit\u00e4m\u00e4\u00e4n tietosi hallinnassa. Se perustuu nykyisten Apple:n tietosuoja- ja tietoturvaominaisuuksien perustalle ja sis\u00e4lt\u00e4\u00e4 uusia tekniikoita, kuten Optic ID:n, turvallisen tunnistusj\u00e4rjestelm\u00e4n, joka k\u00e4ytt\u00e4\u00e4 iiriksen ainutlaatuisuutta.<\/p>","protected":false},"excerpt":{"rendered":"<p>Apple Vision Pro on vallankumouksellinen tilatietokone, joka yhdist\u00e4\u00e4 digitaalisen sis\u00e4ll\u00f6n saumattomasti fyysiseen tilaan. Se tarjoaa mukaansatempaavan viihdekokemuksen, 3D-kameran tilallisia valokuvia ja videoita varten ja helpottaa mielekk\u00e4it\u00e4 yhteyksi\u00e4 el\u00e4m\u00e4nkokoisten FaceTime-videolaattojen avulla. Sen muotoilu integroi edistyksellist\u00e4 teknologiaa kompaktiin muotoon, ja sen voimanl\u00e4hteen\u00e4 on ainutlaatuinen kaksoissirusuunnittelu, joka tarjoaa upeaa grafiikkaa ja reaaliaikaisia n\u00e4kymi\u00e4.<\/p>","protected":false},"featured_media":221,"template":"","meta":[],"product_cat":[31],"product_tag":[18,27,25,29,17,26,28,19],"class_list":["post-47","product","type-product","status-publish","has-post-thumbnail","hentry","product_cat-apple-vision-pro","product_tag-apple","product_tag-apple-ar","product_tag-apple-headset","product_tag-apple-vision","product_tag-apple-vision-pro","product_tag-apple-vr","product_tag-vision","product_tag-vision-pro"],"jetpack_sharing_enabled":true,"_links":{"self":[{"href":"https:\/\/ioasis.eu\/fi\/wp-json\/wp\/v2\/product\/47","targetHints":{"allow":["GET"]}}],"collection":[{"href":"https:\/\/ioasis.eu\/fi\/wp-json\/wp\/v2\/product"}],"about":[{"href":"https:\/\/ioasis.eu\/fi\/wp-json\/wp\/v2\/types\/product"}],"wp:featuredmedia":[{"embeddable":true,"href":"https:\/\/ioasis.eu\/fi\/wp-json\/wp\/v2\/media\/221"}],"wp:attachment":[{"href":"https:\/\/ioasis.eu\/fi\/wp-json\/wp\/v2\/media?parent=47"}],"wp:term":[{"taxonomy":"product_cat","embeddable":true,"href":"https:\/\/ioasis.eu\/fi\/wp-json\/wp\/v2\/product_cat?post=47"},{"taxonomy":"product_tag","embeddable":true,"href":"https:\/\/ioasis.eu\/fi\/wp-json\/wp\/v2\/product_tag?post=47"}],"curies":[{"name":"wp","href":"https:\/\/api.w.org\/{rel}","templated":true}]}}