{"id":923,"date":"2024-02-03T01:20:32","date_gmt":"2024-02-03T00:20:32","guid":{"rendered":"https:\/\/ioasis.eu\/?post_type=product&#038;p=923"},"modified":"2024-02-03T01:20:33","modified_gmt":"2024-02-03T00:20:33","slug":"belkin-battery-holder-for-apple-vision-pro","status":"publish","type":"product","link":"https:\/\/ioasis.eu\/fi\/tuote\/belkin-akun-pidike-apple-vision-prolle\/","title":{"rendered":"Belkin Paristokotelo Apple Vision Pro:lle"},"content":{"rendered":"<p>Akunpidin on suunniteltu pit\u00e4m\u00e4\u00e4n Apple Vision Pro-akku turvassa ja varmistaa, ett\u00e4 se on k\u00e4tev\u00e4 ja monipuolinen handsfree-kokemus. Battery Holder tarjoaa nopean ja helpon tavan kiinnitt\u00e4\u00e4 akku vy\u00f6h\u00f6n tai housuihin, kun taas ristivartalohihna antaa niille, joilla ei ole p\u00e4\u00e4sy\u00e4 klipsiin, loistavan tavan olla k\u00e4det vapaana Apple Vision Pro:n kokemuksen aikana.<\/p>\n<p>&nbsp;<\/p>\n<h3 class=\"rc-pdsection-title\" data-autom=\"sectionTitle\">Kohokohdat<\/h3>\n<div class=\"para-list\">\n<p>Ristivartalohihna monipuolisia k\u00e4ytt\u00f6mahdollisuuksia varten<\/p>\n<\/div>\n<div class=\"para-list as-pdp-lastparalist\">\n<p>Kaapeliklipsi k\u00e4tev\u00e4\u00e4 kaapelinhallintaa varten<\/p>\n<\/div>\n<p>&nbsp;<\/p>\n<div class=\"rc-pdsection-sidepanel column large-3 small-12\">\n<h3 class=\"rc-pdsection-title\" data-autom=\"sectionTitle\">Mit\u00e4 laatikossa on<\/h3>\n<\/div>\n<div class=\"rc-pdsection-mainpanel column large-9 small-12\">\n<div>\n<ul class=\"bulleted\">\n<li>Paristokotelo Apple Vision Pro -laitteelle<\/li>\n<li>Ristivartalohihna<\/li>\n<li>Kaapeliklipsi<\/li>\n<li>Pika-asennusopas<\/li>\n<\/ul>\n<\/div>\n<\/div>","protected":false},"excerpt":{"rendered":"<p>Akunpidin on suunniteltu pit\u00e4m\u00e4\u00e4n Apple Vision Pro-akku turvassa ja varmistaa, ett\u00e4 se on k\u00e4tev\u00e4 ja monipuolinen handsfree-kokemus. Battery Holder tarjoaa nopean ja helpon tavan kiinnitt\u00e4\u00e4 akku vy\u00f6h\u00f6n tai housuihin, kun taas ristivartalohihna antaa niille, joilla ei ole p\u00e4\u00e4sy\u00e4 klipsiin, loistavan tavan olla k\u00e4det vapaana Apple Vision Pro:n kokemuksen aikana.<\/p>","protected":false},"featured_media":926,"template":"","meta":[],"product_cat":[43,31],"product_tag":[45,44],"class_list":["post-923","product","type-product","status-publish","has-post-thumbnail","hentry","product_cat-accessories","product_cat-apple-vision-pro","product_tag-battery-holder-for-apple-vision-pro","product_tag-belkin-battery-holder-for-apple-vision-pro"],"jetpack_sharing_enabled":true,"_links":{"self":[{"href":"https:\/\/ioasis.eu\/fi\/wp-json\/wp\/v2\/product\/923","targetHints":{"allow":["GET"]}}],"collection":[{"href":"https:\/\/ioasis.eu\/fi\/wp-json\/wp\/v2\/product"}],"about":[{"href":"https:\/\/ioasis.eu\/fi\/wp-json\/wp\/v2\/types\/product"}],"wp:featuredmedia":[{"embeddable":true,"href":"https:\/\/ioasis.eu\/fi\/wp-json\/wp\/v2\/media\/926"}],"wp:attachment":[{"href":"https:\/\/ioasis.eu\/fi\/wp-json\/wp\/v2\/media?parent=923"}],"wp:term":[{"taxonomy":"product_cat","embeddable":true,"href":"https:\/\/ioasis.eu\/fi\/wp-json\/wp\/v2\/product_cat?post=923"},{"taxonomy":"product_tag","embeddable":true,"href":"https:\/\/ioasis.eu\/fi\/wp-json\/wp\/v2\/product_tag?post=923"}],"curies":[{"name":"wp","href":"https:\/\/api.w.org\/{rel}","templated":true}]}}