{"id":927,"date":"2024-02-03T01:25:27","date_gmt":"2024-02-03T00:25:27","guid":{"rendered":"https:\/\/ioasis.eu\/?post_type=product&#038;p=927"},"modified":"2024-03-25T09:44:49","modified_gmt":"2024-03-25T08:44:49","slug":"apple-vision-pro-battery","status":"publish","type":"product","link":"https:\/\/ioasis.eu\/fi\/tuote\/apple-vision-pro-akku\/","title":{"rendered":"Apple Vision Pro Akku"},"content":{"rendered":"<p>Suorituskykyinen Apple Vision Pro-akku on valmistettu sile\u00e4st\u00e4, ty\u00f6stetyst\u00e4 alumiinista, ja se liitet\u00e4\u00e4n Apple Vision Pro-laitteeseen kudotulla USB-C-kaapelilla. Se voidaan sujauttaa taskuusi kannettavaa virtaa varten, ja se tukee jopa kahden tunnin yleisk\u00e4ytt\u00f6\u00e4, 2,5 tunnin videotoistoa ja koko p\u00e4iv\u00e4n k\u00e4ytt\u00f6\u00e4, kun se on kytkettyn\u00e4.<\/p>\n<p>&nbsp;<\/p>\n<div class=\"rc-pdsection-sidepanel column large-3 small-12\">\n<h3 class=\"rc-pdsection-title\" data-autom=\"sectionTitle\">Kohokohdat<\/h3>\n<\/div>\n<div class=\"rc-pdsection-mainpanel column large-9 small-12\">\n<div class=\"para-list\">\n<p>USB-C-portti latausta varten<\/p>\n<\/div>\n<div class=\"para-list as-pdp-lastparalist\">\n<p>Kest\u00e4\u00e4 jopa kaksi tuntia yleisk\u00e4ytt\u00f6\u00e4<\/p>\n<div class=\"rc-pdsection-sidepanel column large-3 small-12\">\n<h3 class=\"rc-pdsection-title\" data-autom=\"sectionTitle\">Mit\u00e4 laatikossa on<\/h3>\n<\/div>\n<div class=\"rc-pdsection-mainpanel column large-9 small-12\">\n<div class=\"para-list as-pdp-lastparalist\">\n<p>Apple Vision Pro Akku<\/p>\n<\/div>\n<\/div>\n<\/div>\n<\/div>","protected":false},"excerpt":{"rendered":"<p>Suorituskykyinen Apple Vision Pro-akku on valmistettu sile\u00e4st\u00e4, ty\u00f6stetyst\u00e4 alumiinista, ja se liitet\u00e4\u00e4n Apple Vision Pro-laitteeseen kudotulla USB-C-kaapelilla. Se voidaan sujauttaa taskuusi kannettavaa virtaa varten, ja se tukee jopa kahden tunnin yleisk\u00e4ytt\u00f6\u00e4, 2,5 tunnin videotoistoa ja koko p\u00e4iv\u00e4n k\u00e4ytt\u00f6\u00e4, kun se on kytkettyn\u00e4.<\/p>","protected":false},"featured_media":929,"template":"","meta":[],"product_cat":[43,31],"product_tag":[48,46,47,49],"class_list":["post-927","product","type-product","status-publish","has-post-thumbnail","hentry","product_cat-accessories","product_cat-apple-vision-pro","product_tag-apple-battery","product_tag-apple-vision-pro-battery","product_tag-battery","product_tag-vision-pro-battery"],"jetpack_sharing_enabled":true,"_links":{"self":[{"href":"https:\/\/ioasis.eu\/fi\/wp-json\/wp\/v2\/product\/927","targetHints":{"allow":["GET"]}}],"collection":[{"href":"https:\/\/ioasis.eu\/fi\/wp-json\/wp\/v2\/product"}],"about":[{"href":"https:\/\/ioasis.eu\/fi\/wp-json\/wp\/v2\/types\/product"}],"wp:featuredmedia":[{"embeddable":true,"href":"https:\/\/ioasis.eu\/fi\/wp-json\/wp\/v2\/media\/929"}],"wp:attachment":[{"href":"https:\/\/ioasis.eu\/fi\/wp-json\/wp\/v2\/media?parent=927"}],"wp:term":[{"taxonomy":"product_cat","embeddable":true,"href":"https:\/\/ioasis.eu\/fi\/wp-json\/wp\/v2\/product_cat?post=927"},{"taxonomy":"product_tag","embeddable":true,"href":"https:\/\/ioasis.eu\/fi\/wp-json\/wp\/v2\/product_tag?post=927"}],"curies":[{"name":"wp","href":"https:\/\/api.w.org\/{rel}","templated":true}]}}