{"id":930,"date":"2024-02-03T01:48:12","date_gmt":"2024-02-03T00:48:12","guid":{"rendered":"https:\/\/ioasis.eu\/?post_type=product&#038;p=930"},"modified":"2024-02-18T22:32:07","modified_gmt":"2024-02-18T21:32:07","slug":"zeiss-optical-inserts-apple-vision-pro","status":"publish","type":"product","link":"https:\/\/ioasis.eu\/fi\/tuote\/zeiss-optiset-insertit-apple-vision-pro\/","title":{"rendered":"ZEISSin optiset insertit Apple Vision Pro:hen"},"content":{"rendered":"<div class=\"para-list as-pdp-lastparalist\">\n<p>ZEISSin optisia inserttej\u00e4 on kahta eri tyyppi\u00e4: Resepti- ja lukulaitteet. Kumpikin tyyppi myyd\u00e4\u00e4n parina, joka on suunniteltu toimimaan Apple Vision Pro:n kanssa.<\/p>\n<\/div>\n<h4 class=\"h4-para-title\">ZEISS Optiset insertit ja Apple Vision Pro Light Seal on suunniteltu toimimaan yhdess\u00e4.<\/h4>\n<div class=\"rc-pdsection-sidepanel column large-3 small-12\">\n<h3 data-autom=\"sectionTitle\"><\/h3>\n<h3 class=\"rc-pdsection-title\" data-autom=\"sectionTitle\">Kohokohdat<\/h3>\n<\/div>\n<div class=\"rc-pdsection-mainpanel column large-9 small-12\">\n<div class=\"para-list\">\n<p><strong>ZEISS Optiset lis\u00e4osat - Reseptilasit<\/strong><\/p>\n<\/div>\n<div class=\"para-list\">\n<p>R\u00e4\u00e4t\u00e4l\u00f6ity reseptisi mukaan. Ilmoita meille reseptisi tiedot oston yhteydess\u00e4.<\/p>\n<\/div>\n<div class=\"para-list\">\n<p>Ainutlaatuinen jokaiselle silm\u00e4lle<\/p>\n<\/div>\n<div class=\"para-list\">\n<p>Magneettinen kiinnitysmekanismi<\/p>\n<\/div>\n<div class=\"para-list\">\n<p>Valinnainen kaiverrus<\/p>\n<\/div>\n<div class=\"para-list\">\n<p>&nbsp;<\/p>\n<\/div>\n<div class=\"para-list\">\n<p><strong>ZEISS Optiset lis\u00e4osat - Lukulasit<\/strong><\/p>\n<\/div>\n<div class=\"para-list\">\n<p>Kolme saatavilla olevaa lukijan vahvuutta<\/p>\n<\/div>\n<div class=\"para-list as-pdp-lastparalist\">\n<p>Magneettinen kiinnitysmekanismi<\/p>\n<p>&nbsp;<\/p>\n<\/div>\n<div class=\"rc-pdsection-sidepanel column large-3 small-12\">\n<h3 class=\"rc-pdsection-title\" data-autom=\"sectionTitle\">Mit\u00e4 laatikossa on<\/h3>\n<\/div>\n<div class=\"rc-pdsection-mainpanel column large-9 small-12\">\n<div class=\"para-list as-pdp-lastparalist\">\n<p>ZEISS optiset lis\u00e4osat (resepti tai lukijat)<\/p>\n<\/div>\n<\/div>\n<\/div>","protected":false},"excerpt":{"rendered":"<p>ZEISSin optisia inserttej\u00e4 on kahta eri tyyppi\u00e4: Resepti- ja lukulaitteet. Kumpikin tyyppi myyd\u00e4\u00e4n parina, joka on suunniteltu toimimaan Apple Vision Pro:n kanssa.<\/p>","protected":false},"featured_media":937,"template":"","meta":[],"product_cat":[43,31],"product_tag":[53,51,52,54,50],"class_list":["post-930","product","type-product","status-publish","has-post-thumbnail","hentry","product_cat-accessories","product_cat-apple-vision-pro","product_tag-apple-vision-pro-glasses","product_tag-apple-vision-pro-inserts","product_tag-apple-vision-pro-optical-inserts","product_tag-glasses","product_tag-zeiss-optical-inserts"],"jetpack_sharing_enabled":true,"_links":{"self":[{"href":"https:\/\/ioasis.eu\/fi\/wp-json\/wp\/v2\/product\/930","targetHints":{"allow":["GET"]}}],"collection":[{"href":"https:\/\/ioasis.eu\/fi\/wp-json\/wp\/v2\/product"}],"about":[{"href":"https:\/\/ioasis.eu\/fi\/wp-json\/wp\/v2\/types\/product"}],"wp:featuredmedia":[{"embeddable":true,"href":"https:\/\/ioasis.eu\/fi\/wp-json\/wp\/v2\/media\/937"}],"wp:attachment":[{"href":"https:\/\/ioasis.eu\/fi\/wp-json\/wp\/v2\/media?parent=930"}],"wp:term":[{"taxonomy":"product_cat","embeddable":true,"href":"https:\/\/ioasis.eu\/fi\/wp-json\/wp\/v2\/product_cat?post=930"},{"taxonomy":"product_tag","embeddable":true,"href":"https:\/\/ioasis.eu\/fi\/wp-json\/wp\/v2\/product_tag?post=930"}],"curies":[{"name":"wp","href":"https:\/\/api.w.org\/{rel}","templated":true}]}}