{"id":942,"date":"2024-02-03T02:06:25","date_gmt":"2024-02-03T01:06:25","guid":{"rendered":"https:\/\/ioasis.eu\/?post_type=product&#038;p=942"},"modified":"2024-02-03T02:06:26","modified_gmt":"2024-02-03T01:06:26","slug":"apple-vision-pro-solo-knit-band","status":"publish","type":"product","link":"https:\/\/ioasis.eu\/fi\/tuote\/apple-vision-pro-solo-knit-band\/","title":{"rendered":"Apple Vision Pro Solo Knit Kaista"},"content":{"rendered":"<p>Apple Vision Pro:t\u00e4 varten suunniteltu Solo Knit-nauha on 3D-neulottu yhdest\u00e4 kappaleesta ainutlaatuisen kylkirakenteen luomiseksi, joka tarjoaa pehmustusta, hengitt\u00e4vyytt\u00e4 ja venyvyytt\u00e4. Siin\u00e4 on helposti saavutettava Fit Dial -s\u00e4\u00e4din, jonka avulla voit s\u00e4\u00e4t\u00e4\u00e4 Apple Vision Pro:n p\u00e4\u00e4h\u00e4si sopivaksi, ja se mahdollistaa mikros\u00e4\u00e4d\u00f6t k\u00e4yt\u00f6n aikana. Solo Knit-nauha kiinnittyy \u00e4\u00e4nihihnoihin yksinkertaisella ja turvallisella mekanismilla, ja irrotuskielekkeiden avulla voit irrottaa sen tarvittaessa.<\/p>\n<p>&nbsp;<\/p>\n<div class=\"rc-pdsection-sidepanel column large-3 small-12\">\n<h3 class=\"rc-pdsection-title\" data-autom=\"sectionTitle\">Mit\u00e4 laatikossa on<\/h3>\n<\/div>\n<div class=\"rc-pdsection-mainpanel column large-9 small-12\">\n<div class=\"para-list as-pdp-lastparalist\">\n<p>Apple Vision Pro Solo Knit Kaista<\/p>\n<\/div>\n<\/div>","protected":false},"excerpt":{"rendered":"<p>Apple Vision Pro:t\u00e4 varten suunniteltu Solo Knit-nauha on 3D-neulottu yhdest\u00e4 kappaleesta ainutlaatuisen kylkirakenteen luomiseksi, joka tarjoaa pehmustusta, hengitt\u00e4vyytt\u00e4 ja venyvyytt\u00e4.<\/p>","protected":false},"featured_media":945,"template":"","meta":[],"product_cat":[43,31],"product_tag":[59,62,63,61,60],"class_list":["post-942","product","type-product","status-publish","has-post-thumbnail","hentry","product_cat-accessories","product_cat-apple-vision-pro","product_tag-apple-vision-pro-solo-knit-band","product_tag-band","product_tag-headband","product_tag-knit-band","product_tag-solo-knit-band"],"jetpack_sharing_enabled":true,"_links":{"self":[{"href":"https:\/\/ioasis.eu\/fi\/wp-json\/wp\/v2\/product\/942","targetHints":{"allow":["GET"]}}],"collection":[{"href":"https:\/\/ioasis.eu\/fi\/wp-json\/wp\/v2\/product"}],"about":[{"href":"https:\/\/ioasis.eu\/fi\/wp-json\/wp\/v2\/types\/product"}],"wp:featuredmedia":[{"embeddable":true,"href":"https:\/\/ioasis.eu\/fi\/wp-json\/wp\/v2\/media\/945"}],"wp:attachment":[{"href":"https:\/\/ioasis.eu\/fi\/wp-json\/wp\/v2\/media?parent=942"}],"wp:term":[{"taxonomy":"product_cat","embeddable":true,"href":"https:\/\/ioasis.eu\/fi\/wp-json\/wp\/v2\/product_cat?post=942"},{"taxonomy":"product_tag","embeddable":true,"href":"https:\/\/ioasis.eu\/fi\/wp-json\/wp\/v2\/product_tag?post=942"}],"curies":[{"name":"wp","href":"https:\/\/api.w.org\/{rel}","templated":true}]}}