{"id":342,"date":"2023-06-10T18:25:04","date_gmt":"2023-06-10T16:25:04","guid":{"rendered":"http:\/\/ioasis.eu\/?page_id=342"},"modified":"2024-01-18T17:45:12","modified_gmt":"2024-01-18T16:45:12","slug":"privacy-policy","status":"publish","type":"page","link":"https:\/\/ioasis.eu\/fr\/politique-de-confidentialite\/","title":{"rendered":"Politique de confidentialit\u00e9"},"content":{"rendered":"<div data-elementor-type=\"wp-page\" data-elementor-id=\"342\" class=\"elementor elementor-342\">\n\t\t\t\t\t\t\t<div class=\"elementor-element elementor-element-98f76c5 e-con-boxed e-flex e-con\" data-id=\"98f76c5\" data-element_type=\"container\" data-settings=\"{&quot;content_width&quot;:&quot;boxed&quot;}\">\n\t\t\t\t\t<div class=\"e-con-inner\">\n\t\t\t\t<div class=\"elementor-element elementor-element-17fc843 elementor-widget elementor-widget-heading\" data-id=\"17fc843\" data-element_type=\"widget\" data-widget_type=\"heading.default\">\n\t\t\t\t<div class=\"elementor-widget-container\">\n\t\t\t<style>\/*! elementor - v3.13.3 - 28-05-2023 *\/\n.elementor-heading-title{padding:0;margin:0;line-height:1}.elementor-widget-heading .elementor-heading-title[class*=elementor-size-]>a{color:inherit;font-size:inherit;line-height:inherit}.elementor-widget-heading .elementor-heading-title.elementor-size-small{font-size:15px}.elementor-widget-heading .elementor-heading-title.elementor-size-medium{font-size:19px}.elementor-widget-heading .elementor-heading-title.elementor-size-large{font-size:29px}.elementor-widget-heading .elementor-heading-title.elementor-size-xl{font-size:39px}.elementor-widget-heading .elementor-heading-title.elementor-size-xxl{font-size:59px}<\/style><h1 class=\"elementor-heading-title elementor-size-default\">Politique de confidentialit\u00e9<\/h1>\t\t<\/div>\n\t\t\t\t<\/div>\n\t\t\t\t<div class=\"elementor-element elementor-element-7ed18c3 elementor-widget elementor-widget-text-editor\" data-id=\"7ed18c3\" data-element_type=\"widget\" data-widget_type=\"text-editor.default\">\n\t\t\t\t<div class=\"elementor-widget-container\">\n\t\t\t<style>\/*! elementor - v3.13.3 - 28-05-2023 *\/\n.elementor-widget-text-editor.elementor-drop-cap-view-stacked .elementor-drop-cap{background-color:#69727d;color:#fff}.elementor-widget-text-editor.elementor-drop-cap-view-framed .elementor-drop-cap{color:#69727d;border:3px solid;background-color:transparent}.elementor-widget-text-editor:not(.elementor-drop-cap-view-default) .elementor-drop-cap{margin-top:8px}.elementor-widget-text-editor:not(.elementor-drop-cap-view-default) .elementor-drop-cap-letter{width:1em;height:1em}.elementor-widget-text-editor .elementor-drop-cap{float:left;text-align:center;line-height:1;font-size:50px}.elementor-widget-text-editor .elementor-drop-cap-letter{display:inline-block}<\/style>\t\t\t\t<p><strong>Introduction<\/strong><\/p><p>iOasis (\"nous\", \"notre\", \"nos\") respecte votre vie priv\u00e9e et s'engage \u00e0 prot\u00e9ger vos donn\u00e9es \u00e0 caract\u00e8re personnel. Cette politique de confidentialit\u00e9 vous informera sur la mani\u00e8re dont nous traitons vos donn\u00e9es personnelles, sur vos droits en mati\u00e8re de confidentialit\u00e9 et sur la mani\u00e8re dont la loi vous prot\u00e8ge.<\/p><p><strong>Quelles sont les donn\u00e9es que nous recueillons ?<\/strong><\/p><p>Nous pouvons collecter, utiliser, stocker et transf\u00e9rer diff\u00e9rents types de donn\u00e9es \u00e0 caract\u00e8re personnel vous concernant, y compris :<\/p><ul><li>Donn\u00e9es d'identit\u00e9 : Comprend le pr\u00e9nom, le nom de famille, le nom d'utilisateur ou tout autre identifiant similaire.<\/li><li>Donn\u00e9es de contact : Comprend l'adresse de facturation, l'adresse de livraison, l'adresse \u00e9lectronique et les num\u00e9ros de t\u00e9l\u00e9phone.<\/li><li>Donn\u00e9es financi\u00e8res : Comprend les d\u00e9tails du compte bancaire et de la carte de paiement.<\/li><li>Donn\u00e9es de transaction : Elles comprennent les d\u00e9tails des paiements effectu\u00e9s en votre faveur et par vous, ainsi que d'autres d\u00e9tails sur les produits que vous avez achet\u00e9s chez nous.<\/li><\/ul><p><strong>Comment nous utilisons vos donn\u00e9es<\/strong><\/p><p>Nous n'utiliserons vos donn\u00e9es personnelles que si la loi nous y autorise. Le plus souvent, nous utiliserons vos donn\u00e9es personnelles dans les circonstances suivantes :<\/p><ul><li>Pour traiter et livrer votre commande.<\/li><li>Pour g\u00e9rer notre relation avec vous.<\/li><li>Pour administrer et prot\u00e9ger notre entreprise et notre site.<\/li><\/ul><p><strong>S\u00e9curit\u00e9 des donn\u00e9es<\/strong><\/p><p>Nous avons mis en place des mesures de s\u00e9curit\u00e9 appropri\u00e9es pour \u00e9viter que vos donn\u00e9es personnelles ne soient accidentellement perdues, utilis\u00e9es ou consult\u00e9es de mani\u00e8re non autoris\u00e9e, modifi\u00e9es ou divulgu\u00e9es.<\/p><p><strong>Conservation des donn\u00e9es<\/strong><\/p><p>Nous ne conserverons vos donn\u00e9es personnelles qu'aussi longtemps que n\u00e9cessaire pour atteindre les objectifs pour lesquels nous les avons collect\u00e9es, y compris pour satisfaire aux exigences l\u00e9gales, comptables ou de reporting.<\/p><p><strong>Vos droits l\u00e9gaux<\/strong><\/p><p>Dans certaines circonstances, vous disposez de droits en vertu des lois sur la protection des donn\u00e9es en ce qui concerne vos donn\u00e9es \u00e0 caract\u00e8re personnel, y compris le droit de demander l'acc\u00e8s \u00e0 vos donn\u00e9es \u00e0 caract\u00e8re personnel, de demander la correction de vos donn\u00e9es \u00e0 caract\u00e8re personnel, de demander l'effacement de vos donn\u00e9es \u00e0 caract\u00e8re personnel, et plus encore.<\/p><p><strong>Nous contacter<\/strong><\/p><p>Si vous avez des questions concernant la pr\u00e9sente politique de confidentialit\u00e9 ou nos pratiques en mati\u00e8re de confidentialit\u00e9, veuillez nous contacter \u00e0 l'adresse suivante <a href=\"mailto:shop@ioasis.eu\">shop@ioasis.eu<\/a>.<\/p><p><strong>Clause de non-affiliation<\/strong><\/p><p>iOasis est une entit\u00e9 de vente au d\u00e9tail ind\u00e9pendante et n'est pas affili\u00e9e, approuv\u00e9e ou associ\u00e9e \u00e0 Apple Inc.<\/p><p>Tous les produits Apple vendus sur notre site sont 100% originaux et authentiques, acquis par des voies l\u00e9gales.<\/p><p>Toutes les marques, y compris, mais sans s'y limiter, les marques de Apple, sont la propri\u00e9t\u00e9 de leurs d\u00e9tenteurs respectifs et ne sont utilis\u00e9es qu'\u00e0 des fins d'identification.<\/p><p>Nos activit\u00e9s commerciales sont conformes aux lois et r\u00e9glementations locales et r\u00e9gionales concernant la vente d'\u00e9lectronique grand public.<\/p><p>Il n'y a pas d'affiliation, de parrainage, d'approbation ou de partenariat implicite avec Apple Inc.<\/p>\t\t\t\t\t\t<\/div>\n\t\t\t\t<\/div>\n\t\t\t\t\t<\/div>\n\t\t\t\t<\/div>\n\t\t\t\t\t\t\t<\/div>","protected":false},"excerpt":{"rendered":"<p>Politique de confidentialit\u00e9 Introduction iOasis (\"nous\", \"notre\", \"nos\") respecte votre vie priv\u00e9e et s'engage \u00e0 prot\u00e9ger vos donn\u00e9es personnelles. Cette politique de confidentialit\u00e9 vous informera sur la mani\u00e8re dont nous traitons vos donn\u00e9es personnelles, sur vos droits en mati\u00e8re de confidentialit\u00e9 et sur la mani\u00e8re dont la loi vous prot\u00e8ge. Les donn\u00e9es que nous collectons Nous pouvons collecter, utiliser, stocker et transf\u00e9rer diff\u00e9rents types de donn\u00e9es personnelles [...]<\/p>","protected":false},"author":1,"featured_media":0,"parent":0,"menu_order":0,"comment_status":"closed","ping_status":"closed","template":"","meta":{"footnotes":""},"class_list":["post-342","page","type-page","status-publish","hentry"],"jetpack_sharing_enabled":true,"_links":{"self":[{"href":"https:\/\/ioasis.eu\/fr\/wp-json\/wp\/v2\/pages\/342","targetHints":{"allow":["GET"]}}],"collection":[{"href":"https:\/\/ioasis.eu\/fr\/wp-json\/wp\/v2\/pages"}],"about":[{"href":"https:\/\/ioasis.eu\/fr\/wp-json\/wp\/v2\/types\/page"}],"author":[{"embeddable":true,"href":"https:\/\/ioasis.eu\/fr\/wp-json\/wp\/v2\/users\/1"}],"replies":[{"embeddable":true,"href":"https:\/\/ioasis.eu\/fr\/wp-json\/wp\/v2\/comments?post=342"}],"version-history":[{"count":13,"href":"https:\/\/ioasis.eu\/fr\/wp-json\/wp\/v2\/pages\/342\/revisions"}],"predecessor-version":[{"id":540,"href":"https:\/\/ioasis.eu\/fr\/wp-json\/wp\/v2\/pages\/342\/revisions\/540"}],"wp:attachment":[{"href":"https:\/\/ioasis.eu\/fr\/wp-json\/wp\/v2\/media?parent=342"}],"curies":[{"name":"wp","href":"https:\/\/api.w.org\/{rel}","templated":true}]}}