{"id":415,"date":"2023-06-11T01:14:12","date_gmt":"2023-06-10T23:14:12","guid":{"rendered":"https:\/\/ioasis.eu\/?page_id=415"},"modified":"2024-01-22T14:19:17","modified_gmt":"2024-01-22T13:19:17","slug":"blog","status":"publish","type":"page","link":"https:\/\/ioasis.eu\/fr\/blog\/","title":{"rendered":"Blog"},"content":{"rendered":"<div data-elementor-type=\"wp-page\" data-elementor-id=\"415\" class=\"elementor elementor-415\">\n\t\t\t\t\t\t\t<div class=\"elementor-element elementor-element-c5f914f e-con-boxed e-flex e-con\" data-id=\"c5f914f\" data-element_type=\"container\" data-settings=\"{&quot;content_width&quot;:&quot;boxed&quot;}\">\n\t\t\t\t\t<div class=\"e-con-inner\">\n\t\t\t\t<div class=\"elementor-element elementor-element-a9c7d34 elementor-widget elementor-widget-heading\" data-id=\"a9c7d34\" data-element_type=\"widget\" data-widget_type=\"heading.default\">\n\t\t\t\t<div class=\"elementor-widget-container\">\n\t\t\t<style>\/*! elementor - v3.13.3 - 28-05-2023 *\/\n.elementor-heading-title{padding:0;margin:0;line-height:1}.elementor-widget-heading .elementor-heading-title[class*=elementor-size-]>a{color:inherit;font-size:inherit;line-height:inherit}.elementor-widget-heading .elementor-heading-title.elementor-size-small{font-size:15px}.elementor-widget-heading .elementor-heading-title.elementor-size-medium{font-size:19px}.elementor-widget-heading .elementor-heading-title.elementor-size-large{font-size:29px}.elementor-widget-heading .elementor-heading-title.elementor-size-xl{font-size:39px}.elementor-widget-heading .elementor-heading-title.elementor-size-xxl{font-size:59px}<\/style><h1 class=\"elementor-heading-title elementor-size-default\">Blog<\/h1>\t\t<\/div>\n\t\t\t\t<\/div>\n\t\t\t\t\t<\/div>\n\t\t\t\t<\/div>\n\t\t<div class=\"elementor-element elementor-element-72e31ca e-con-boxed e-flex e-con\" data-id=\"72e31ca\" data-element_type=\"container\" data-settings=\"{&quot;content_width&quot;:&quot;boxed&quot;}\">\n\t\t\t\t\t<div class=\"e-con-inner\">\n\t\t\t\t<div class=\"elementor-element elementor-element-41219eb elementor-widget elementor-widget-heading\" data-id=\"41219eb\" data-element_type=\"widget\" data-widget_type=\"heading.default\">\n\t\t\t\t<div class=\"elementor-widget-container\">\n\t\t\t<h2 class=\"elementor-heading-title elementor-size-default\">Applications disponibles au lancement sur Apple Vision Pro<\/h2>\t\t<\/div>\n\t\t\t\t<\/div>\n\t\t\t\t<div class=\"elementor-element elementor-element-9c643ab elementor-widget elementor-widget-text-editor\" data-id=\"9c643ab\" data-element_type=\"widget\" data-widget_type=\"text-editor.default\">\n\t\t\t\t<div class=\"elementor-widget-container\">\n\t\t\t<style>\/*! elementor - v3.13.3 - 28-05-2023 *\/\n.elementor-widget-text-editor.elementor-drop-cap-view-stacked .elementor-drop-cap{background-color:#69727d;color:#fff}.elementor-widget-text-editor.elementor-drop-cap-view-framed .elementor-drop-cap{color:#69727d;border:3px solid;background-color:transparent}.elementor-widget-text-editor:not(.elementor-drop-cap-view-default) .elementor-drop-cap{margin-top:8px}.elementor-widget-text-editor:not(.elementor-drop-cap-view-default) .elementor-drop-cap-letter{width:1em;height:1em}.elementor-widget-text-editor .elementor-drop-cap{float:left;text-align:center;line-height:1;font-size:50px}.elementor-widget-text-editor .elementor-drop-cap-letter{display:inline-block}<\/style>\t\t\t\t<p>Alors que nous entrons dans l'\u00e8re du Apple Vision Pro, un nouvel horizon d'applications et d'exp\u00e9riences de divertissement s'ouvre \u00e0 nous. Ce casque de r\u00e9alit\u00e9 mixte r\u00e9volutionnaire, aliment\u00e9 par le VisionOS, est pr\u00eat \u00e0 transformer notre interaction avec le monde num\u00e9rique. Dans cet article de blog, nous allons explorer la gamme vari\u00e9e d'applications et d'exp\u00e9riences qui seront disponibles lors du lancement du Apple Vision Pro.<\/p><p><a href=\"https:\/\/ioasis.eu\/fr\/blog\/applications-disponibles-des-le-lancement-sur-apple-vision-pro\/\"><span style=\"text-decoration: underline;\">Poursuivre la lecture<\/span><\/a><\/p>\t\t\t\t\t\t<\/div>\n\t\t\t\t<\/div>\n\t\t\t\t\t<\/div>\n\t\t\t\t<\/div>\n\t\t<div class=\"elementor-element elementor-element-d25ce20 e-con-boxed e-flex e-con\" data-id=\"d25ce20\" data-element_type=\"container\" data-settings=\"{&quot;content_width&quot;:&quot;boxed&quot;}\">\n\t\t\t\t\t<div class=\"e-con-inner\">\n\t\t\t\t<div class=\"elementor-element elementor-element-0300716 elementor-widget elementor-widget-heading\" data-id=\"0300716\" data-element_type=\"widget\" data-widget_type=\"heading.default\">\n\t\t\t\t<div class=\"elementor-widget-container\">\n\t\t\t<h2 class=\"elementor-heading-title elementor-size-default\">D\u00e9couvrez VisionOS : R\u00e9volutionnez votre exp\u00e9rience Apple Vision Pro<\/h2>\t\t<\/div>\n\t\t\t\t<\/div>\n\t\t\t\t<div class=\"elementor-element elementor-element-12670de elementor-widget elementor-widget-text-editor\" data-id=\"12670de\" data-element_type=\"widget\" data-widget_type=\"text-editor.default\">\n\t\t\t\t<div class=\"elementor-widget-container\">\n\t\t\t\t\t\t\t<p>Bienvenue dans le monde de VisionOS, le syst\u00e8me d'exploitation r\u00e9volutionnaire qui \u00e9quipe le Apple Vision Pro. En tant que futurs propri\u00e9taires ou enthousiastes de cet appareil innovant, vous entrez dans un monde o\u00f9 les mondes num\u00e9rique et physique fusionnent de mani\u00e8re transparente. Le VisionOS est plus qu'un simple syst\u00e8me d'exploitation ; c'est une passerelle vers des exp\u00e9riences et des interactions qui red\u00e9finissent notre perception de la r\u00e9alit\u00e9. Voyons ensemble ce qui fait de VisionOS un outil qui change la donne pour les utilisateurs r\u00e9guliers.<\/p><p><a href=\"https:\/\/ioasis.eu\/fr\/blog\/decouvrez-visionos-qui-revolutionne-votre-experience-de-lapple-vision-pro\/\"><span style=\"text-decoration: underline;\">Poursuivre la lecture<\/span><\/a><\/p>\t\t\t\t\t\t<\/div>\n\t\t\t\t<\/div>\n\t\t\t\t\t<\/div>\n\t\t\t\t<\/div>\n\t\t<div class=\"elementor-element elementor-element-55a549d e-con-boxed e-flex e-con\" data-id=\"55a549d\" data-element_type=\"container\" data-settings=\"{&quot;content_width&quot;:&quot;boxed&quot;}\">\n\t\t\t\t\t<div class=\"e-con-inner\">\n\t\t\t\t<div class=\"elementor-element elementor-element-5e8c879 elementor-widget elementor-widget-heading\" data-id=\"5e8c879\" data-element_type=\"widget\" data-widget_type=\"heading.default\">\n\t\t\t\t<div class=\"elementor-widget-container\">\n\t\t\t<h2 class=\"elementor-heading-title elementor-size-default\">Maximiser votre exp\u00e9rience Apple Vision Pro : Un guide complet<\/h2>\t\t<\/div>\n\t\t\t\t<\/div>\n\t\t\t\t<div class=\"elementor-element elementor-element-d7841a8 elementor-widget elementor-widget-text-editor\" data-id=\"d7841a8\" data-element_type=\"widget\" data-widget_type=\"text-editor.default\">\n\t\t\t\t<div class=\"elementor-widget-container\">\n\t\t\t\t\t\t\t<p>Bienvenue dans notre guide d\u00e9taill\u00e9 sur la mani\u00e8re de tirer le meilleur parti de votre Apple Vision Pro. Cet appareil de pointe offre une multitude de fonctions et de possibilit\u00e9s, et nous sommes l\u00e0 pour vous aider \u00e0 vous y retrouver. Que vous soyez un nouvel utilisateur ou que vous cherchiez \u00e0 approfondir vos connaissances, ce guide vous fournira des informations pr\u00e9cieuses pour une exp\u00e9rience plus s\u00fbre, plus agr\u00e9able et plus productive.<\/p><p><a href=\"https:\/\/ioasis.eu\/fr\/blog\/maximiser-votre-experience-apple-vision-pro-un-guide-complet\/\"><span style=\"text-decoration: underline;\">Poursuivre la lecture<\/span><\/a><\/p>\t\t\t\t\t\t<\/div>\n\t\t\t\t<\/div>\n\t\t\t\t\t<\/div>\n\t\t\t\t<\/div>\n\t\t<div class=\"elementor-element elementor-element-9760114 e-con-boxed e-flex e-con\" data-id=\"9760114\" data-element_type=\"container\" data-settings=\"{&quot;content_width&quot;:&quot;boxed&quot;}\">\n\t\t\t\t\t<div class=\"e-con-inner\">\n\t\t\t\t<div class=\"elementor-element elementor-element-c5f48db elementor-widget elementor-widget-heading\" data-id=\"c5f48db\" data-element_type=\"widget\" data-widget_type=\"heading.default\">\n\t\t\t\t<div class=\"elementor-widget-container\">\n\t\t\t<h2 class=\"elementor-heading-title elementor-size-default\">\nApple Vision Pro : L'avenir du calcul spatial arrive en Europe avec iOasis<\/h2>\t\t<\/div>\n\t\t\t\t<\/div>\n\t\t\t\t<div class=\"elementor-element elementor-element-1c7a04d elementor-widget elementor-widget-text-editor\" data-id=\"1c7a04d\" data-element_type=\"widget\" data-widget_type=\"text-editor.default\">\n\t\t\t\t<div class=\"elementor-widget-container\">\n\t\t\t\t\t\t\t<p>Dans un d\u00e9veloppement passionnant pour les passionn\u00e9s de technologie et les professionnels \u00e0 travers l'Europe, Apple a annonc\u00e9 la disponibilit\u00e9 prochaine de son r\u00e9volutionnaire Apple Vision Pro, \u00e0 partir du 2 f\u00e9vrier 2024. En tant que revendeur exclusif en Europe, iOasis Premier Reseller est ravi de proposer cet ordinateur spatial r\u00e9volutionnaire \u00e0 ses clients.<\/p><p><a href=\"https:\/\/ioasis.eu\/fr\/blog\/apple-vision-pro-maintenant-disponible-en-europe-avec-ioasis\/\"><span style=\"text-decoration: underline;\">Poursuivre la lecture<\/span><\/a><\/p>\t\t\t\t\t\t<\/div>\n\t\t\t\t<\/div>\n\t\t\t\t\t<\/div>\n\t\t\t\t<\/div>\n\t\t<div class=\"elementor-element elementor-element-e7e5509 e-con-boxed e-flex e-con\" data-id=\"e7e5509\" data-element_type=\"container\" data-settings=\"{&quot;content_width&quot;:&quot;boxed&quot;}\">\n\t\t\t\t\t<div class=\"e-con-inner\">\n\t\t\t\t<div class=\"elementor-element elementor-element-bdc239c elementor-widget elementor-widget-heading\" data-id=\"bdc239c\" data-element_type=\"widget\" data-widget_type=\"heading.default\">\n\t\t\t\t<div class=\"elementor-widget-container\">\n\t\t\t<h2 class=\"elementor-heading-title elementor-size-default\">\nApple Vision Pro : un saut r\u00e9volutionnaire dans le calcul spatial<\/h2>\t\t<\/div>\n\t\t\t\t<\/div>\n\t\t\t\t<div class=\"elementor-element elementor-element-a8fffbb elementor-widget elementor-widget-text-editor\" data-id=\"a8fffbb\" data-element_type=\"widget\" data-widget_type=\"text-editor.default\">\n\t\t\t\t<div class=\"elementor-widget-container\">\n\t\t\t\t\t\t\t<p>Apple a toujours \u00e9t\u00e9 \u00e0 la pointe de l'innovation technologique, et son dernier produit, le Apple Vision Pro, ne fait pas exception. Cet appareil r\u00e9volutionnaire devrait red\u00e9finir la mani\u00e8re dont nous interagissons avec le contenu num\u00e9rique, en offrant un m\u00e9lange transparent des mondes num\u00e9rique et physique. Dans cet article de blog, nous nous penchons sur les caract\u00e9ristiques et les capacit\u00e9s du Apple Vision Pro, en explorant les raisons pour lesquelles il change la donne dans le domaine de l'informatique spatiale.<\/p><p><a href=\"https:\/\/ioasis.eu\/fr\/blog\/apple-vision-pro-un-saut-revolutionnaire-dans-linformatique-spatiale\/\"><span style=\"text-decoration: underline;\">Poursuivre la lecture<\/span><\/a><\/p>\t\t\t\t\t\t<\/div>\n\t\t\t\t<\/div>\n\t\t\t\t\t<\/div>\n\t\t\t\t<\/div>\n\t\t<div class=\"elementor-element elementor-element-b59809f e-con-boxed e-flex e-con\" data-id=\"b59809f\" data-element_type=\"container\" data-settings=\"{&quot;content_width&quot;:&quot;boxed&quot;}\">\n\t\t\t\t\t<div class=\"e-con-inner\">\n\t\t\t\t<div class=\"elementor-element elementor-element-b7ccb56 elementor-widget elementor-widget-heading\" data-id=\"b7ccb56\" data-element_type=\"widget\" data-widget_type=\"heading.default\">\n\t\t\t\t<div class=\"elementor-widget-container\">\n\t\t\t<h2 class=\"elementor-heading-title elementor-size-default\">Apple Vision Pro : Transformer le monde, une vision \u00e0 la fois<\/h2>\t\t<\/div>\n\t\t\t\t<\/div>\n\t\t\t\t<div class=\"elementor-element elementor-element-cc9cdec elementor-widget elementor-widget-text-editor\" data-id=\"cc9cdec\" data-element_type=\"widget\" data-widget_type=\"text-editor.default\">\n\t\t\t\t<div class=\"elementor-widget-container\">\n\t\t\t\t\t\t\t<p>Dans le monde en constante \u00e9volution de la technologie, Apple a toujours \u00e9t\u00e9 un pr\u00e9curseur, repoussant les limites du possible et red\u00e9finissant notre interaction avec le contenu num\u00e9rique. Le dernier-n\u00e9 de sa gamme innovante, le Apple Vision Pro, est pr\u00eat \u00e0 r\u00e9volutionner une fois de plus le paysage technologique. Cet article de blog explique comment le Apple Vision Pro est sur le point de transformer le monde et comment vous pouvez \u00eatre parmi les premiers \u00e0 d\u00e9couvrir cet appareil r\u00e9volutionnaire.<\/p><p><a href=\"https:\/\/ioasis.eu\/fr\/blog\/apple-vision-pro-transformer-le-monde-une-vue-a-la-fois\/\"><span style=\"text-decoration: underline;\">Poursuivre la lecture<\/span><\/a><\/p>\t\t\t\t\t\t<\/div>\n\t\t\t\t<\/div>\n\t\t\t\t\t<\/div>\n\t\t\t\t<\/div>\n\t\t<div class=\"elementor-element elementor-element-d9f1a67 e-con-boxed e-flex e-con\" data-id=\"d9f1a67\" data-element_type=\"container\" data-settings=\"{&quot;content_width&quot;:&quot;boxed&quot;}\">\n\t\t\t\t\t<div class=\"e-con-inner\">\n\t\t\t\t<div class=\"elementor-element elementor-element-e19d2f2 elementor-widget elementor-widget-spacer\" data-id=\"e19d2f2\" data-element_type=\"widget\" data-widget_type=\"spacer.default\">\n\t\t\t\t<div class=\"elementor-widget-container\">\n\t\t\t<style>\/*! elementor - v3.13.3 - 28-05-2023 *\/\n.elementor-column .elementor-spacer-inner{height:var(--spacer-size)}.e-con{--container-widget-width:100%}.e-con-inner>.elementor-widget-spacer,.e-con>.elementor-widget-spacer{width:var(--container-widget-width,var(--spacer-size));--align-self:var(--container-widget-align-self,initial);--flex-shrink:0}.e-con-inner>.elementor-widget-spacer>.elementor-widget-container,.e-con-inner>.elementor-widget-spacer>.elementor-widget-container>.elementor-spacer,.e-con>.elementor-widget-spacer>.elementor-widget-container,.e-con>.elementor-widget-spacer>.elementor-widget-container>.elementor-spacer{height:100%}.e-con-inner>.elementor-widget-spacer>.elementor-widget-container>.elementor-spacer>.elementor-spacer-inner,.e-con>.elementor-widget-spacer>.elementor-widget-container>.elementor-spacer>.elementor-spacer-inner{height:var(--container-widget-height,var(--spacer-size))}<\/style>\t\t<div class=\"elementor-spacer\">\n\t\t\t<div class=\"elementor-spacer-inner\"><\/div>\n\t\t<\/div>\n\t\t\t\t<\/div>\n\t\t\t\t<\/div>\n\t\t\t\t\t<\/div>\n\t\t\t\t<\/div>\n\t\t\t\t\t\t\t<\/div>","protected":false},"excerpt":{"rendered":"<p>Blog Apps disponibles d\u00e8s le lancement sur le Apple Vision Pro Alors que nous entrons dans l'\u00e8re du Apple Vision Pro, un nouvel horizon d'applications et d'exp\u00e9riences de divertissement s'ouvre \u00e0 nous. Ce casque de r\u00e9alit\u00e9 mixte r\u00e9volutionnaire, aliment\u00e9 par VisionOS, est pr\u00eat \u00e0 transformer notre interaction avec le monde num\u00e9rique. Dans cet article de blog, nous allons explorer [...]<\/p>","protected":false},"author":1,"featured_media":223,"parent":0,"menu_order":0,"comment_status":"closed","ping_status":"closed","template":"","meta":{"footnotes":""},"class_list":["post-415","page","type-page","status-publish","has-post-thumbnail","hentry"],"jetpack_sharing_enabled":true,"_links":{"self":[{"href":"https:\/\/ioasis.eu\/fr\/wp-json\/wp\/v2\/pages\/415","targetHints":{"allow":["GET"]}}],"collection":[{"href":"https:\/\/ioasis.eu\/fr\/wp-json\/wp\/v2\/pages"}],"about":[{"href":"https:\/\/ioasis.eu\/fr\/wp-json\/wp\/v2\/types\/page"}],"author":[{"embeddable":true,"href":"https:\/\/ioasis.eu\/fr\/wp-json\/wp\/v2\/users\/1"}],"replies":[{"embeddable":true,"href":"https:\/\/ioasis.eu\/fr\/wp-json\/wp\/v2\/comments?post=415"}],"version-history":[{"count":16,"href":"https:\/\/ioasis.eu\/fr\/wp-json\/wp\/v2\/pages\/415\/revisions"}],"predecessor-version":[{"id":748,"href":"https:\/\/ioasis.eu\/fr\/wp-json\/wp\/v2\/pages\/415\/revisions\/748"}],"wp:featuredmedia":[{"embeddable":true,"href":"https:\/\/ioasis.eu\/fr\/wp-json\/wp\/v2\/media\/223"}],"wp:attachment":[{"href":"https:\/\/ioasis.eu\/fr\/wp-json\/wp\/v2\/media?parent=415"}],"curies":[{"name":"wp","href":"https:\/\/api.w.org\/{rel}","templated":true}]}}