{"id":423,"date":"2023-06-11T01:21:47","date_gmt":"2023-06-10T23:21:47","guid":{"rendered":"https:\/\/ioasis.eu\/?page_id=423"},"modified":"2023-06-11T01:29:19","modified_gmt":"2023-06-10T23:29:19","slug":"apple-vision-pro-a-revolutionary-leap-in-spatial-computing","status":"publish","type":"page","link":"https:\/\/ioasis.eu\/fr\/blog\/apple-vision-pro-un-saut-revolutionnaire-dans-linformatique-spatiale\/","title":{"rendered":"Apple Vision Pro : un saut r\u00e9volutionnaire dans le calcul spatial"},"content":{"rendered":"<div data-elementor-type=\"wp-page\" data-elementor-id=\"423\" class=\"elementor elementor-423\">\n\t\t\t\t\t\t\t<div class=\"elementor-element elementor-element-ed8a82d e-con-boxed e-flex e-con\" data-id=\"ed8a82d\" data-element_type=\"container\" data-settings=\"{&quot;content_width&quot;:&quot;boxed&quot;}\">\n\t\t\t\t\t<div class=\"e-con-inner\">\n\t\t\t\t<div class=\"elementor-element elementor-element-12c54b24 elementor-widget elementor-widget-heading\" data-id=\"12c54b24\" data-element_type=\"widget\" data-widget_type=\"heading.default\">\n\t\t\t\t<div class=\"elementor-widget-container\">\n\t\t\t<style>\/*! elementor - v3.13.3 - 28-05-2023 *\/\n.elementor-heading-title{padding:0;margin:0;line-height:1}.elementor-widget-heading .elementor-heading-title[class*=elementor-size-]>a{color:inherit;font-size:inherit;line-height:inherit}.elementor-widget-heading .elementor-heading-title.elementor-size-small{font-size:15px}.elementor-widget-heading .elementor-heading-title.elementor-size-medium{font-size:19px}.elementor-widget-heading .elementor-heading-title.elementor-size-large{font-size:29px}.elementor-widget-heading .elementor-heading-title.elementor-size-xl{font-size:39px}.elementor-widget-heading .elementor-heading-title.elementor-size-xxl{font-size:59px}<\/style><h1 class=\"elementor-heading-title elementor-size-default\">Apple Vision Pro : un saut r\u00e9volutionnaire dans le calcul spatial<\/h1>\t\t<\/div>\n\t\t\t\t<\/div>\n\t\t\t\t\t<\/div>\n\t\t\t\t<\/div>\n\t\t<div class=\"elementor-element elementor-element-3aacda91 e-con-boxed e-flex e-con\" data-id=\"3aacda91\" data-element_type=\"container\" data-settings=\"{&quot;content_width&quot;:&quot;boxed&quot;}\">\n\t\t\t\t\t<div class=\"e-con-inner\">\n\t\t\t\t<div class=\"elementor-element elementor-element-25fe96a elementor-widget elementor-widget-text-editor\" data-id=\"25fe96a\" data-element_type=\"widget\" data-widget_type=\"text-editor.default\">\n\t\t\t\t<div class=\"elementor-widget-container\">\n\t\t\t<style>\/*! elementor - v3.13.3 - 28-05-2023 *\/\n.elementor-widget-text-editor.elementor-drop-cap-view-stacked .elementor-drop-cap{background-color:#69727d;color:#fff}.elementor-widget-text-editor.elementor-drop-cap-view-framed .elementor-drop-cap{color:#69727d;border:3px solid;background-color:transparent}.elementor-widget-text-editor:not(.elementor-drop-cap-view-default) .elementor-drop-cap{margin-top:8px}.elementor-widget-text-editor:not(.elementor-drop-cap-view-default) .elementor-drop-cap-letter{width:1em;height:1em}.elementor-widget-text-editor .elementor-drop-cap{float:left;text-align:center;line-height:1;font-size:50px}.elementor-widget-text-editor .elementor-drop-cap-letter{display:inline-block}<\/style>\t\t\t\t<p>Apple a toujours \u00e9t\u00e9 \u00e0 la pointe de l'innovation technologique, et son dernier produit, le Apple Vision Pro, ne fait pas exception. Cet appareil r\u00e9volutionnaire devrait red\u00e9finir la mani\u00e8re dont nous interagissons avec le contenu num\u00e9rique, en offrant un m\u00e9lange transparent des mondes num\u00e9rique et physique. Dans cet article de blog, nous nous penchons sur les caract\u00e9ristiques et les capacit\u00e9s du Apple Vision Pro, en explorant les raisons pour lesquelles il change la donne dans le domaine de l'informatique spatiale.<\/p><h6>Red\u00e9finition de l'informatique spatiale<\/h6><p>Le Apple Vision Pro marque l'av\u00e8nement d'une nouvelle \u00e8re dans le domaine de l'informatique spatiale. Il permet aux utilisateurs de naviguer dans le monde num\u00e9rique en utilisant simplement leurs yeux, leurs mains et leur voix. Ce syst\u00e8me d'interaction intuitif transforme notre fa\u00e7on de faire les choses, nous permettant d'interagir avec le contenu num\u00e9rique d'une mani\u00e8re jamais vue auparavant.<\/p><h2>\u00a0<\/h2><h6>Une exp\u00e9rience de divertissement immersive<\/h6><p>Le Apple Vision Pro n'est pas seulement un outil, c'est une centrale de divertissement. Il peut transformer n'importe quelle pi\u00e8ce en salle de cin\u00e9ma personnelle, en agrandissant vos films, \u00e9missions et jeux \u00e0 la taille id\u00e9ale tout en vous donnant l'impression de faire partie de l'action gr\u00e2ce \u00e0 l'Audio Spatial. Avec plus de pixels qu'un t\u00e9l\u00e9viseur 4K pour chaque \u0153il, vous pouvez profiter de contenus \u00e9poustouflants o\u00f9 que vous soyez.<\/p><h6>\u00a0<\/h6><h6>Immortaliser des souvenirs en 3D<\/h6><p>Le Vision Pro est le premier appareil de Apple dot\u00e9 d'un appareil photo 3D. Il vous permet de capturer des photos et des vid\u00e9os spatiales en 3D, puis de revivre ces moments pr\u00e9cieux gr\u00e2ce \u00e0 l'audio spatial immersif. Votre biblioth\u00e8que de photos et de vid\u00e9os sera incroyable \u00e0 une \u00e9chelle remarquable, et les panoramas s'enrouleront autour de vous, vous donnant l'impression de vous trouver \u00e0 l'endroit m\u00eame o\u00f9 vous les avez prises.<\/p><h6>\u00a0<\/h6><h6>Se connecter dans le m\u00eame espace<\/h6><p>Le Vision Pro am\u00e9liore votre capacit\u00e9 \u00e0 collaborer et \u00e0 vous connecter o\u00f9 que vous soyez. Les tuiles vid\u00e9o FaceTime sont de taille r\u00e9elle, et lorsque de nouvelles personnes se joignent \u00e0 l'appel, celui-ci s'\u00e9tend simplement dans votre pi\u00e8ce. Dans FaceTime, vous pouvez \u00e9galement utiliser des applications pour collaborer simultan\u00e9ment avec des coll\u00e8gues sur les m\u00eames documents.<\/p><h6>\u00a0<\/h6><h6>Design \u00e9l\u00e9gant et technologie avanc\u00e9e<\/h6><p>Le Apple Vision Pro est le r\u00e9sultat de d\u00e9cennies d'exp\u00e9rience dans la conception d'appareils mobiles et portables de haute performance. Il int\u00e8gre une technologie incroyablement avanc\u00e9e dans une forme \u00e9l\u00e9gante et compacte, ce qui se traduit par une exp\u00e9rience \u00e9tonnante \u00e0 chaque fois que vous le portez. L'appareil se compose d'une pi\u00e8ce unique de verre lamin\u00e9 tridimensionnel qui s'ins\u00e8re dans un cadre en alliage d'aluminium, se courbant pour s'enrouler autour de votre visage.<\/p><h6>\u00a0<\/h6><h6>Alimentation du Vision Pro<\/h6><p>Le Vision Pro est aliment\u00e9 par une conception unique \u00e0 double puce. La puissante puce M2 fait fonctionner simultan\u00e9ment le visionOS, ex\u00e9cute des algorithmes avanc\u00e9s de vision par ordinateur et produit des graphiques \u00e9poustouflants, le tout avec une efficacit\u00e9 incroyable. La toute nouvelle puce R1 est sp\u00e9cifiquement d\u00e9di\u00e9e au traitement des donn\u00e9es provenant des cam\u00e9ras, des capteurs et des microphones, et transmet les images aux \u00e9crans en moins de 12 millisecondes pour une vision du monde en temps r\u00e9el et pratiquement sans d\u00e9calage.<\/p><h6>\u00a0<\/h6><h6>Vie priv\u00e9e et s\u00e9curit\u00e9<\/h6><p>Comme tous les produits et services Apple, le Vision Pro a \u00e9t\u00e9 con\u00e7u pour prot\u00e9ger votre vie priv\u00e9e et vous permettre de garder le contr\u00f4le de vos donn\u00e9es. Il s'appuie sur les caract\u00e9ristiques de confidentialit\u00e9 et de s\u00e9curit\u00e9 existantes du Apple et sur de nouvelles technologies comme Optic ID, un syst\u00e8me d'authentification s\u00e9curis\u00e9 qui utilise le caract\u00e8re unique de votre iris.<\/p><h6>\u00a0<\/h6><h6>Conclusion<\/h6><p>Le Apple Vision Pro est plus qu'un simple appareil, c'est un saut r\u00e9volutionnaire dans le domaine de l'informatique spatiale. Il offre une exp\u00e9rience immersive, intuitive et interactive qui associe de mani\u00e8re transparente le contenu num\u00e9rique \u00e0 votre espace physique. Que vous cherchiez une nouvelle fa\u00e7on de travailler, de jouer ou de vous connecter, le Apple Vision Pro est pr\u00eat \u00e0 transformer votre vie num\u00e9rique.<\/p><p>Avec ses caract\u00e9ristiques et ses capacit\u00e9s r\u00e9volutionnaires, il n'est pas \u00e9tonnant que le Apple Vision Pro soit en passe de devenir la prochaine grande nouveaut\u00e9 dans le monde de la technologie. Alors, \u00eates-vous pr\u00eat \u00e0 entrer dans l'avenir avec le Apple Vision Pro ?<\/p><p><a href=\"https:\/\/ioasis.eu\/fr\/blog\/\"><span style=\"text-decoration: underline;\">Retour<\/span><\/a><\/p>\t\t\t\t\t\t<\/div>\n\t\t\t\t<\/div>\n\t\t\t\t\t<\/div>\n\t\t\t\t<\/div>\n\t\t\t\t\t\t\t<\/div>","protected":false},"excerpt":{"rendered":"<p>Apple a toujours \u00e9t\u00e9 \u00e0 la pointe de l'innovation technologique, et son dernier produit, le Apple Vision Pro, ne fait pas exception. Cet appareil r\u00e9volutionnaire devrait red\u00e9finir la mani\u00e8re dont nous interagissons avec le contenu num\u00e9rique, en offrant un m\u00e9lange transparent des mondes num\u00e9rique et physique. Dans cet article de blog, nous nous penchons sur les caract\u00e9ristiques et les capacit\u00e9s du Apple Vision Pro, en explorant les raisons pour lesquelles il change la donne dans le domaine de l'informatique spatiale.<\/p>","protected":false},"author":1,"featured_media":225,"parent":415,"menu_order":0,"comment_status":"closed","ping_status":"closed","template":"","meta":{"footnotes":""},"class_list":["post-423","page","type-page","status-publish","has-post-thumbnail","hentry"],"jetpack_sharing_enabled":true,"_links":{"self":[{"href":"https:\/\/ioasis.eu\/fr\/wp-json\/wp\/v2\/pages\/423","targetHints":{"allow":["GET"]}}],"collection":[{"href":"https:\/\/ioasis.eu\/fr\/wp-json\/wp\/v2\/pages"}],"about":[{"href":"https:\/\/ioasis.eu\/fr\/wp-json\/wp\/v2\/types\/page"}],"author":[{"embeddable":true,"href":"https:\/\/ioasis.eu\/fr\/wp-json\/wp\/v2\/users\/1"}],"replies":[{"embeddable":true,"href":"https:\/\/ioasis.eu\/fr\/wp-json\/wp\/v2\/comments?post=423"}],"version-history":[{"count":4,"href":"https:\/\/ioasis.eu\/fr\/wp-json\/wp\/v2\/pages\/423\/revisions"}],"predecessor-version":[{"id":427,"href":"https:\/\/ioasis.eu\/fr\/wp-json\/wp\/v2\/pages\/423\/revisions\/427"}],"up":[{"embeddable":true,"href":"https:\/\/ioasis.eu\/fr\/wp-json\/wp\/v2\/pages\/415"}],"wp:featuredmedia":[{"embeddable":true,"href":"https:\/\/ioasis.eu\/fr\/wp-json\/wp\/v2\/media\/225"}],"wp:attachment":[{"href":"https:\/\/ioasis.eu\/fr\/wp-json\/wp\/v2\/media?parent=423"}],"curies":[{"name":"wp","href":"https:\/\/api.w.org\/{rel}","templated":true}]}}