{"id":433,"date":"2023-06-11T12:11:27","date_gmt":"2023-06-11T10:11:27","guid":{"rendered":"https:\/\/ioasis.eu\/?page_id=433"},"modified":"2023-06-11T12:16:07","modified_gmt":"2023-06-11T10:16:07","slug":"apple-vision-pro-transforming-the-world-one-view-at-a-time","status":"publish","type":"page","link":"https:\/\/ioasis.eu\/fr\/blog\/apple-vision-pro-transformer-le-monde-une-vue-a-la-fois\/","title":{"rendered":"Apple Vision Pro : Transformer le monde, une vision \u00e0 la fois"},"content":{"rendered":"<div data-elementor-type=\"wp-page\" data-elementor-id=\"433\" class=\"elementor elementor-433\">\n\t\t\t\t\t\t\t<div class=\"elementor-element elementor-element-31d2be9 e-con-boxed e-flex e-con\" data-id=\"31d2be9\" data-element_type=\"container\" data-settings=\"{&quot;content_width&quot;:&quot;boxed&quot;}\">\n\t\t\t\t\t<div class=\"e-con-inner\">\n\t\t\t\t<div class=\"elementor-element elementor-element-184e767b elementor-widget elementor-widget-heading\" data-id=\"184e767b\" data-element_type=\"widget\" data-widget_type=\"heading.default\">\n\t\t\t\t<div class=\"elementor-widget-container\">\n\t\t\t<style>\/*! elementor - v3.13.3 - 28-05-2023 *\/\n.elementor-heading-title{padding:0;margin:0;line-height:1}.elementor-widget-heading .elementor-heading-title[class*=elementor-size-]>a{color:inherit;font-size:inherit;line-height:inherit}.elementor-widget-heading .elementor-heading-title.elementor-size-small{font-size:15px}.elementor-widget-heading .elementor-heading-title.elementor-size-medium{font-size:19px}.elementor-widget-heading .elementor-heading-title.elementor-size-large{font-size:29px}.elementor-widget-heading .elementor-heading-title.elementor-size-xl{font-size:39px}.elementor-widget-heading .elementor-heading-title.elementor-size-xxl{font-size:59px}<\/style><h1 class=\"elementor-heading-title elementor-size-default\">Apple Vision Pro : Transformer le monde, une vision \u00e0 la fois<\/h1>\t\t<\/div>\n\t\t\t\t<\/div>\n\t\t\t\t\t<\/div>\n\t\t\t\t<\/div>\n\t\t<div class=\"elementor-element elementor-element-56c124cc e-con-boxed e-flex e-con\" data-id=\"56c124cc\" data-element_type=\"container\" data-settings=\"{&quot;content_width&quot;:&quot;boxed&quot;}\">\n\t\t\t\t\t<div class=\"e-con-inner\">\n\t\t\t\t<div class=\"elementor-element elementor-element-96bf314 elementor-widget elementor-widget-text-editor\" data-id=\"96bf314\" data-element_type=\"widget\" data-widget_type=\"text-editor.default\">\n\t\t\t\t<div class=\"elementor-widget-container\">\n\t\t\t<style>\/*! elementor - v3.13.3 - 28-05-2023 *\/\n.elementor-widget-text-editor.elementor-drop-cap-view-stacked .elementor-drop-cap{background-color:#69727d;color:#fff}.elementor-widget-text-editor.elementor-drop-cap-view-framed .elementor-drop-cap{color:#69727d;border:3px solid;background-color:transparent}.elementor-widget-text-editor:not(.elementor-drop-cap-view-default) .elementor-drop-cap{margin-top:8px}.elementor-widget-text-editor:not(.elementor-drop-cap-view-default) .elementor-drop-cap-letter{width:1em;height:1em}.elementor-widget-text-editor .elementor-drop-cap{float:left;text-align:center;line-height:1;font-size:50px}.elementor-widget-text-editor .elementor-drop-cap-letter{display:inline-block}<\/style>\t\t\t\t<p>Dans le monde en constante \u00e9volution de la technologie, Apple a toujours \u00e9t\u00e9 un pr\u00e9curseur, repoussant les limites du possible et red\u00e9finissant notre interaction avec le contenu num\u00e9rique. Le dernier-n\u00e9 de sa gamme innovante, le Apple Vision Pro, est pr\u00eat \u00e0 r\u00e9volutionner une fois de plus le paysage technologique. Cet article de blog explique comment le Apple Vision Pro est sur le point de transformer le monde et comment vous pouvez \u00eatre parmi les premiers \u00e0 d\u00e9couvrir cet appareil r\u00e9volutionnaire.<\/p><p>\u00a0<\/p><h6>Une nouvelle \u00e8re pour le calcul spatial<\/h6><p>Le Apple Vision Pro marque l'av\u00e8nement d'une nouvelle \u00e8re dans le domaine de l'informatique spatiale. Cet appareil associe de mani\u00e8re transparente le contenu num\u00e9rique \u00e0 votre espace physique, vous permettant de naviguer dans le monde num\u00e9rique \u00e0 l'aide de vos yeux, de vos mains et de votre voix. Ce syst\u00e8me d'interaction intuitif va r\u00e9volutionner la mani\u00e8re dont nous nous engageons dans le contenu num\u00e9rique, en nous permettant de faire des choses d'une mani\u00e8re qui n'a jamais \u00e9t\u00e9 possible auparavant.<\/p><p>\u00a0<\/p><p><strong>Transformer le divertissement<\/strong><\/p><p>Le Apple Vision Pro n'est pas seulement un outil, c'est une centrale de divertissement. Il peut transformer n'importe quelle pi\u00e8ce en salle de cin\u00e9ma personnelle, en agrandissant vos films, \u00e9missions et jeux \u00e0 la taille id\u00e9ale tout en vous donnant l'impression de faire partie de l'action gr\u00e2ce \u00e0 l'Audio Spatial. Avec plus de pixels qu'un t\u00e9l\u00e9viseur 4K pour chaque \u0153il, vous pouvez profiter de contenus \u00e9poustouflants o\u00f9 que vous soyez. Cette exp\u00e9rience de divertissement immersive va red\u00e9finir la fa\u00e7on dont nous consommons le contenu num\u00e9rique.<\/p><p>\u00a0<\/p><h6>Capturer et revivre des souvenirs<\/h6><p>Le Vision Pro est le premier appareil de Apple dot\u00e9 d'un appareil photo 3D. Il vous permet de capturer des photos et des vid\u00e9os spatiales en 3D, puis de revivre ces moments pr\u00e9cieux gr\u00e2ce \u00e0 l'audio spatial immersif. Votre biblioth\u00e8que de photos et de vid\u00e9os aura l'air incroyable \u00e0 une \u00e9chelle remarquable, et les panoramas s'enrouleront autour de vous, vous donnant l'impression de vous trouver \u00e0 l'endroit m\u00eame o\u00f9 vous les avez prises. Cette technologie va transformer la fa\u00e7on dont nous capturons et revivons nos souvenirs.<\/p><p>\u00a0<\/p><h6>Am\u00e9liorer la collaboration et la connexion<\/h6><p>Le Vision Pro am\u00e9liore votre capacit\u00e9 \u00e0 collaborer et \u00e0 vous connecter o\u00f9 que vous soyez. Les tuiles vid\u00e9o FaceTime sont de taille r\u00e9elle, et lorsque de nouvelles personnes se joignent \u00e0 l'appel, celui-ci s'\u00e9tend simplement dans votre pi\u00e8ce. Dans FaceTime, vous pouvez \u00e9galement utiliser des applications pour collaborer simultan\u00e9ment avec des coll\u00e8gues sur les m\u00eames documents. Cela devrait r\u00e9volutionner le travail \u00e0 distance et la collaboration num\u00e9rique.<\/p><p>\u00a0<\/p><h6>Un bond en avant dans la conception et la technologie<\/h6><p>Le Apple Vision Pro est le r\u00e9sultat de d\u00e9cennies d'exp\u00e9rience dans la conception d'appareils mobiles et portables de haute performance. Il int\u00e8gre une technologie incroyablement avanc\u00e9e dans une forme \u00e9l\u00e9gante et compacte, ce qui se traduit par une exp\u00e9rience \u00e9tonnante \u00e0 chaque fois que vous le portez. L'appareil est constitu\u00e9 d'une pi\u00e8ce unique de verre feuillet\u00e9 form\u00e9e en trois dimensions qui s'ins\u00e8re dans un cadre en alliage d'aluminium, se courbant pour s'enrouler autour de votre visage. Ce bond en avant dans la conception et la technologie devrait red\u00e9finir les normes de la technologie portable.<\/p><p>\u00a0<\/p><h6>Conclusion<\/h6><p>Le Apple Vision Pro est plus qu'un simple appareil, c'est une r\u00e9volution dans le domaine de l'informatique spatiale. Il offre une exp\u00e9rience immersive, intuitive et interactive qui associe de mani\u00e8re transparente le contenu num\u00e9rique \u00e0 votre espace physique. Que vous cherchiez une nouvelle fa\u00e7on de travailler, de jouer ou de vous connecter, le Apple Vision Pro est pr\u00eat \u00e0 transformer votre vie num\u00e9rique.<\/p><p>Avec ses caract\u00e9ristiques et ses capacit\u00e9s r\u00e9volutionnaires, le Apple Vision Pro est pr\u00eat \u00e0 transformer le monde. Il ne s'agit pas seulement de ce que l'appareil peut faire, mais de ce qu'il nous permet de faire. Il s'agit de savoir comment il modifie notre interaction avec le contenu num\u00e9rique, comment il am\u00e9liore notre capacit\u00e9 \u00e0 nous connecter et \u00e0 collaborer, et comment il red\u00e9finit nos exp\u00e9riences de divertissement.<\/p><p>\u00a0<\/p><h6>Pr\u00e9-commande<\/h6><p>L'avenir est l\u00e0, et il est <a href=\"https:\/\/ioasis.eu\/fr\/produit\/apple-vision-pro\/\">disponible en pr\u00e9-commande<\/a>. Le Apple Vision Pro sera exp\u00e9di\u00e9 en Europe en m\u00eame temps que son lancement aux \u00c9tats-Unis, exclusivement par l'interm\u00e9diaire de iOasis. Ne manquez pas l'occasion d'\u00eatre parmi les premiers \u00e0 d\u00e9couvrir cet appareil r\u00e9volutionnaire. Pr\u00e9commandez votre Apple Vision Pro d\u00e8s aujourd'hui et entrez dans le futur avec Apple.<\/p><p>\u00a0<\/p><p><a href=\"https:\/\/ioasis.eu\/fr\/blog\/\"><span style=\"text-decoration: underline;\">Retour<\/span><\/a><\/p>\t\t\t\t\t\t<\/div>\n\t\t\t\t<\/div>\n\t\t\t\t\t<\/div>\n\t\t\t\t<\/div>\n\t\t\t\t\t\t\t<\/div>","protected":false},"excerpt":{"rendered":"<p>Dans le monde en constante \u00e9volution de la technologie, Apple a toujours \u00e9t\u00e9 un pr\u00e9curseur, repoussant les limites du possible et red\u00e9finissant notre interaction avec le contenu num\u00e9rique. Le dernier-n\u00e9 de sa gamme innovante, le Apple Vision Pro, est pr\u00eat \u00e0 r\u00e9volutionner une fois de plus le paysage technologique.<\/p>","protected":false},"author":1,"featured_media":435,"parent":415,"menu_order":0,"comment_status":"closed","ping_status":"closed","template":"","meta":{"footnotes":""},"class_list":["post-433","page","type-page","status-publish","has-post-thumbnail","hentry"],"jetpack_sharing_enabled":true,"_links":{"self":[{"href":"https:\/\/ioasis.eu\/fr\/wp-json\/wp\/v2\/pages\/433","targetHints":{"allow":["GET"]}}],"collection":[{"href":"https:\/\/ioasis.eu\/fr\/wp-json\/wp\/v2\/pages"}],"about":[{"href":"https:\/\/ioasis.eu\/fr\/wp-json\/wp\/v2\/types\/page"}],"author":[{"embeddable":true,"href":"https:\/\/ioasis.eu\/fr\/wp-json\/wp\/v2\/users\/1"}],"replies":[{"embeddable":true,"href":"https:\/\/ioasis.eu\/fr\/wp-json\/wp\/v2\/comments?post=433"}],"version-history":[{"count":4,"href":"https:\/\/ioasis.eu\/fr\/wp-json\/wp\/v2\/pages\/433\/revisions"}],"predecessor-version":[{"id":438,"href":"https:\/\/ioasis.eu\/fr\/wp-json\/wp\/v2\/pages\/433\/revisions\/438"}],"up":[{"embeddable":true,"href":"https:\/\/ioasis.eu\/fr\/wp-json\/wp\/v2\/pages\/415"}],"wp:featuredmedia":[{"embeddable":true,"href":"https:\/\/ioasis.eu\/fr\/wp-json\/wp\/v2\/media\/435"}],"wp:attachment":[{"href":"https:\/\/ioasis.eu\/fr\/wp-json\/wp\/v2\/media?parent=433"}],"curies":[{"name":"wp","href":"https:\/\/api.w.org\/{rel}","templated":true}]}}