{"id":473,"date":"2024-01-08T22:36:36","date_gmt":"2024-01-08T21:36:36","guid":{"rendered":"https:\/\/ioasis.eu\/?page_id=473"},"modified":"2024-01-08T22:39:38","modified_gmt":"2024-01-08T21:39:38","slug":"apple-vision-pro-now-available-in-europe-with-ioasis","status":"publish","type":"page","link":"https:\/\/ioasis.eu\/fr\/blog\/apple-vision-pro-maintenant-disponible-en-europe-avec-ioasis\/","title":{"rendered":"Apple Vision Pro : L'avenir du calcul spatial arrive en Europe avec iOasis"},"content":{"rendered":"<div data-elementor-type=\"wp-page\" data-elementor-id=\"473\" class=\"elementor elementor-473\">\n\t\t\t\t\t\t\t<div class=\"elementor-element elementor-element-26544050 e-con-boxed e-flex e-con\" data-id=\"26544050\" data-element_type=\"container\" data-settings=\"{&quot;content_width&quot;:&quot;boxed&quot;}\">\n\t\t\t\t\t<div class=\"e-con-inner\">\n\t\t\t\t<div class=\"elementor-element elementor-element-1f4eafaf elementor-widget elementor-widget-heading\" data-id=\"1f4eafaf\" data-element_type=\"widget\" data-widget_type=\"heading.default\">\n\t\t\t\t<div class=\"elementor-widget-container\">\n\t\t\t<style>\/*! elementor - v3.13.3 - 28-05-2023 *\/\n.elementor-heading-title{padding:0;margin:0;line-height:1}.elementor-widget-heading .elementor-heading-title[class*=elementor-size-]>a{color:inherit;font-size:inherit;line-height:inherit}.elementor-widget-heading .elementor-heading-title.elementor-size-small{font-size:15px}.elementor-widget-heading .elementor-heading-title.elementor-size-medium{font-size:19px}.elementor-widget-heading .elementor-heading-title.elementor-size-large{font-size:29px}.elementor-widget-heading .elementor-heading-title.elementor-size-xl{font-size:39px}.elementor-widget-heading .elementor-heading-title.elementor-size-xxl{font-size:59px}<\/style><h1 class=\"elementor-heading-title elementor-size-default\">Apple Vision Pro : L'avenir du calcul spatial arrive en Europe avec iOasis<\/h1>\t\t<\/div>\n\t\t\t\t<\/div>\n\t\t\t\t\t<\/div>\n\t\t\t\t<\/div>\n\t\t<div class=\"elementor-element elementor-element-4d86fff7 e-con-boxed e-flex e-con\" data-id=\"4d86fff7\" data-element_type=\"container\" data-settings=\"{&quot;content_width&quot;:&quot;boxed&quot;}\">\n\t\t\t\t\t<div class=\"e-con-inner\">\n\t\t\t\t<div class=\"elementor-element elementor-element-d12e1c9 elementor-widget elementor-widget-text-editor\" data-id=\"d12e1c9\" data-element_type=\"widget\" data-widget_type=\"text-editor.default\">\n\t\t\t\t<div class=\"elementor-widget-container\">\n\t\t\t<style>\/*! elementor - v3.13.3 - 28-05-2023 *\/\n.elementor-widget-text-editor.elementor-drop-cap-view-stacked .elementor-drop-cap{background-color:#69727d;color:#fff}.elementor-widget-text-editor.elementor-drop-cap-view-framed .elementor-drop-cap{color:#69727d;border:3px solid;background-color:transparent}.elementor-widget-text-editor:not(.elementor-drop-cap-view-default) .elementor-drop-cap{margin-top:8px}.elementor-widget-text-editor:not(.elementor-drop-cap-view-default) .elementor-drop-cap-letter{width:1em;height:1em}.elementor-widget-text-editor .elementor-drop-cap{float:left;text-align:center;line-height:1;font-size:50px}.elementor-widget-text-editor .elementor-drop-cap-letter{display:inline-block}<\/style>\t\t\t\t<p>8 janvier 2024<\/p>\t\t\t\t\t\t<\/div>\n\t\t\t\t<\/div>\n\t\t\t\t<div class=\"elementor-element elementor-element-7563d79 elementor-widget elementor-widget-heading\" data-id=\"7563d79\" data-element_type=\"widget\" data-widget_type=\"heading.default\">\n\t\t\t\t<div class=\"elementor-widget-container\">\n\t\t\t<h2 class=\"elementor-heading-title elementor-size-default\">Une nouvelle \u00e8re commence le 2 f\u00e9vrier 2024<\/h2>\t\t<\/div>\n\t\t\t\t<\/div>\n\t\t\t\t<div class=\"elementor-element elementor-element-fe7f68d elementor-widget elementor-widget-text-editor\" data-id=\"fe7f68d\" data-element_type=\"widget\" data-widget_type=\"text-editor.default\">\n\t\t\t\t<div class=\"elementor-widget-container\">\n\t\t\t\t\t\t\t<p>Dans un d\u00e9veloppement passionnant pour les passionn\u00e9s de technologie et les professionnels \u00e0 travers l'Europe, Apple a annonc\u00e9 la disponibilit\u00e9 prochaine de son r\u00e9volutionnaire Apple Vision Pro, \u00e0 partir du 2 f\u00e9vrier 2024. En tant que revendeur exclusif en Europe, iOasis Premier Reseller est ravi de proposer cet ordinateur spatial r\u00e9volutionnaire \u00e0 ses clients.<\/p><h3 style=\"caret-color: #000000; color: #1d1d1f; white-space: pre-wrap; border: 0px solid #d9d9e3; font-size: 1.25em; font-weight: 600; margin: 1rem 0px 0.5rem; line-height: 1.6; font-family: S\u00f6hne, ui-sans-serif, system-ui, -apple-system, 'Segoe UI', Roboto, Ubuntu, Cantarell, 'Noto Sans', sans-serif, 'Helvetica Neue', Arial, 'Apple Color Emoji', 'Segoe UI Emoji', 'Segoe UI Symbol', 'Noto Color Emoji';\">Qu'est-ce que Apple Vision Pro ?<\/h3><p style=\"white-space: pre-wrap; border: 0px solid #d9d9e3; margin-right: 0px; margin-bottom: 1.25em; margin-left: 0px; caret-color: #d1d5db; color: ##1d1d1f; font-family: S\u00f6hne, ui-sans-serif, system-ui, -apple-system, 'Segoe UI', Roboto, Ubuntu, Cantarell, 'Noto Sans', sans-serif, 'Helvetica Neue', Arial, 'Apple Color Emoji', 'Segoe UI Emoji', 'Segoe UI Symbol', 'Noto Color Emoji';\">Apple Vision Pro est plus qu'un nouveau gadget, c'est une red\u00e9finition compl\u00e8te de la fa\u00e7on dont nous interagissons avec le contenu num\u00e9rique. Fusionnant les mondes physique et num\u00e9rique, Vision Pro offre une exp\u00e9rience immersive qui transforme les t\u00e2ches quotidiennes, le divertissement et la communication. Gr\u00e2ce \u00e0 ses capacit\u00e9s avanc\u00e9es d'informatique spatiale, aliment\u00e9es par visionOS, les utilisateurs peuvent contr\u00f4ler l'appareil \u00e0 l'aide de leurs yeux, de leurs mains et de leur voix, ce qui rend les interactions plus naturelles et plus intuitives que jamais.<\/p><h3 style=\"caret-color: #000000; color: #1d1d1f; white-space: pre-wrap; border: 0px solid #d9d9e3; font-size: 1.25em; font-weight: 600; margin: 1rem 0px 0.5rem; line-height: 1.6; font-family: S\u00f6hne, ui-sans-serif, system-ui, -apple-system, 'Segoe UI', Roboto, Ubuntu, Cantarell, 'Noto Sans', sans-serif, 'Helvetica Neue', Arial, 'Apple Color Emoji', 'Segoe UI Emoji', 'Segoe UI Symbol', 'Noto Color Emoji';\">Caract\u00e9ristiques principales de Apple Vision Pro<\/h3><ul><li><strong>Un syst\u00e8me d'exploitation r\u00e9volutionnaire<\/strong>: Construit sur les bases solides de macOS, iOS et iPadOS, visionOS introduit une nouvelle dimension dans les interfaces utilisateur et les syst\u00e8mes de saisie.<\/li><li><strong>Navigation intuitive<\/strong>: Les commandes oculaires, manuelles et vocales rendent la navigation fluide et magique.<\/li><li><strong>Environnements dynamiques<\/strong>: Les utilisateurs peuvent s'immerger dans des paysages \u00e9poustouflants ou m\u00eame sur la surface de la lune, ce qui leur permet de mieux se concentrer et de r\u00e9duire les distractions.<\/li><li><strong>Un espace de travail extraordinaire<\/strong>: L'interface tridimensionnelle offre une toile infinie, parfaite pour le multit\u00e2che et la collaboration.<\/li><li><strong>Compatibilit\u00e9 et nouvelles applications<\/strong>: Plus d'un million d'applications iOS et iPadOS famili\u00e8res, ainsi que de nouvelles exp\u00e9riences d'informatique spatiale, sont disponibles.<\/li><li><strong>Divertissement et jeux ultimes<\/strong>: Les \u00e9crans haute r\u00e9solution, les titres en 3D et les nouvelles exp\u00e9riences de jeu red\u00e9finissent le divertissement \u00e0 domicile.<\/li><li><strong>M\u00e9moires spatiales et FaceTime<\/strong>: Revivez vos souvenirs d'une nouvelle mani\u00e8re et profitez d'appels FaceTime grandeur nature.<\/li><li><strong>Conception r\u00e9volutionnaire<\/strong>: Un syst\u00e8me modulaire avec un ajustement confortable et personnalis\u00e9.<\/li><li><strong>Une innovation in\u00e9gal\u00e9e<\/strong>: Suivi oculaire haute performance et technologie d'affichage avanc\u00e9e pour une exp\u00e9rience in\u00e9gal\u00e9e.<\/li><li><strong>Vie priv\u00e9e et s\u00e9curit\u00e9<\/strong>: Avec Optic ID pour une utilisation s\u00e9curis\u00e9e et priv\u00e9e.<\/li><li><strong>Caract\u00e9ristiques d'accessibilit\u00e9<\/strong>: Conception inclusive avec de multiples options d'entr\u00e9e pour tous les utilisateurs.<\/li><li><strong>Engagement environnemental<\/strong>: Conception \u00e9cologique conforme aux objectifs de d\u00e9veloppement durable de Apple.<\/li><\/ul><h3 style=\"caret-color: #000000; color: #1d1d1f; white-space: pre-wrap; border: 0px solid #d9d9e3; font-size: 1.25em; font-weight: 600; margin: 1rem 0px 0.5rem; line-height: 1.6; font-family: S\u00f6hne, ui-sans-serif, system-ui, -apple-system, 'Segoe UI', Roboto, Ubuntu, Cantarell, 'Noto Sans', sans-serif, 'Helvetica Neue', Arial, 'Apple Color Emoji', 'Segoe UI Emoji', 'Segoe UI Symbol', 'Noto Color Emoji';\">Prix et disponibilit\u00e9<\/h3><h3 style=\"caret-color: #000000; color: #1d1d1f; white-space: pre-wrap; border: 0px solid #d9d9e3; font-size: 1.25em; font-weight: 600; margin: 1rem 0px 0.5rem; line-height: 1.6; font-family: S\u00f6hne, ui-sans-serif, system-ui, -apple-system, 'Segoe UI', Roboto, Ubuntu, Cantarell, 'Noto Sans', sans-serif, 'Helvetica Neue', Arial, 'Apple Color Emoji', 'Segoe UI Emoji', 'Segoe UI Symbol', 'Noto Color Emoji';\"><span style=\"font-family: Roboto, sans-serif; font-weight: 400; text-align: var(--text-align); font-size: 1rem;\">Exclusivement distribu\u00e9 par iOasis Premier Reseller, le Apple Vision Pro sera vendu au prix de 4 499 euros avec 256 Go de stockage. Les pr\u00e9commandes ont commenc\u00e9 avec un acompte de 100 euros, et les exp\u00e9ditions d\u00e9buteront le 2 f\u00e9vrier.<\/span><\/h3><div><h3 style=\"caret-color: #000000; color: #1d1d1f; white-space: pre-wrap; border: 0px solid #d9d9e3; font-size: 1.25em; font-weight: 600; margin: 1rem 0px 0.5rem; line-height: 1.6; font-family: S\u00f6hne, ui-sans-serif, system-ui, -apple-system, 'Segoe UI', Roboto, Ubuntu, Cantarell, 'Noto Sans', sans-serif, 'Helvetica Neue', Arial, 'Apple Color Emoji', 'Segoe UI Emoji', 'Segoe UI Symbol', 'Noto Color Emoji';\">Pourquoi choisir iOasis ?<\/h3><\/div><p>En tant que partenaire de confiance, iOasis Premier Reseller s'engage \u00e0 fournir \u00e0 ses clients non seulement des produits r\u00e9volutionnaires, mais aussi un service et une assistance exceptionnels. Notre \u00e9quipe est pr\u00eate \u00e0 vous aider \u00e0 explorer tout le potentiel de Apple Vision Pro et \u00e0 int\u00e9grer cette technologie de pointe dans votre vie.<\/p><h3 style=\"caret-color: #000000; color: #1d1d1f; white-space: pre-wrap; border: 0px solid #d9d9e3; font-size: 1.25em; font-weight: 600; margin: 1rem 0px 0.5rem; line-height: 1.6; font-family: S\u00f6hne, ui-sans-serif, system-ui, -apple-system, 'Segoe UI', Roboto, Ubuntu, Cantarell, 'Noto Sans', sans-serif, 'Helvetica Neue', Arial, 'Apple Color Emoji', 'Segoe UI Emoji', 'Segoe UI Symbol', 'Noto Color Emoji';\">L'avenir est l\u00e0<\/h3><p>Rejoignez-nous pour accueillir une nouvelle \u00e8re informatique avec Apple Vision Pro. Visitez iOasis Premier Reseller pour d\u00e9couvrir l'avenir en direct.<\/p><h3 style=\"caret-color: #000000; color: #1d1d1f; white-space: pre-wrap; border: 0px solid #d9d9e3; font-size: 1.25em; font-weight: 600; margin: 1rem 0px 0.5rem; line-height: 1.6; font-family: S\u00f6hne, ui-sans-serif, system-ui, -apple-system, 'Segoe UI', Roboto, Ubuntu, Cantarell, 'Noto Sans', sans-serif, 'Helvetica Neue', Arial, 'Apple Color Emoji', 'Segoe UI Emoji', 'Segoe UI Symbol', 'Noto Color Emoji';\">\u00c0 propos de Apple<\/h3><p>Leader en mati\u00e8re d'innovation, Apple continue de r\u00e9volutionner la technologie personnelle depuis l'introduction du Macintosh en 1984. Avec sa gamme de produits et de services, Apple se consacre \u00e0 cr\u00e9er ce qu'il y a de mieux sur terre et \u00e0 laisser le monde meilleur qu'il ne l'a trouv\u00e9.<\/p><p><span style=\"text-decoration: underline;\"><a href=\"https:\/\/ioasis.eu\/fr\/blog\/\">Retour<\/a><\/span><\/p>\t\t\t\t\t\t<\/div>\n\t\t\t\t<\/div>\n\t\t\t\t\t<\/div>\n\t\t\t\t<\/div>\n\t\t\t\t\t\t\t<\/div>","protected":false},"excerpt":{"rendered":"<p>En tant que revendeur exclusif de Apple Vision Pro en Europe, iOasis Premier Reseller est ravi de proposer cet ordinateur spatial r\u00e9volutionnaire \u00e0 ses clients.<\/p>","protected":false},"author":1,"featured_media":221,"parent":415,"menu_order":0,"comment_status":"closed","ping_status":"closed","template":"","meta":{"footnotes":""},"class_list":["post-473","page","type-page","status-publish","has-post-thumbnail","hentry"],"jetpack_sharing_enabled":true,"_links":{"self":[{"href":"https:\/\/ioasis.eu\/fr\/wp-json\/wp\/v2\/pages\/473","targetHints":{"allow":["GET"]}}],"collection":[{"href":"https:\/\/ioasis.eu\/fr\/wp-json\/wp\/v2\/pages"}],"about":[{"href":"https:\/\/ioasis.eu\/fr\/wp-json\/wp\/v2\/types\/page"}],"author":[{"embeddable":true,"href":"https:\/\/ioasis.eu\/fr\/wp-json\/wp\/v2\/users\/1"}],"replies":[{"embeddable":true,"href":"https:\/\/ioasis.eu\/fr\/wp-json\/wp\/v2\/comments?post=473"}],"version-history":[{"count":5,"href":"https:\/\/ioasis.eu\/fr\/wp-json\/wp\/v2\/pages\/473\/revisions"}],"predecessor-version":[{"id":481,"href":"https:\/\/ioasis.eu\/fr\/wp-json\/wp\/v2\/pages\/473\/revisions\/481"}],"up":[{"embeddable":true,"href":"https:\/\/ioasis.eu\/fr\/wp-json\/wp\/v2\/pages\/415"}],"wp:featuredmedia":[{"embeddable":true,"href":"https:\/\/ioasis.eu\/fr\/wp-json\/wp\/v2\/media\/221"}],"wp:attachment":[{"href":"https:\/\/ioasis.eu\/fr\/wp-json\/wp\/v2\/media?parent=473"}],"curies":[{"name":"wp","href":"https:\/\/api.w.org\/{rel}","templated":true}]}}